{"id":90,"date":"2022-11-26T20:47:49","date_gmt":"2022-11-26T20:47:49","guid":{"rendered":"https:\/\/krishnamurtitextos.com.br\/?page_id=90"},"modified":"2022-12-23T18:27:28","modified_gmt":"2022-12-23T18:27:28","slug":"1960-2","status":"publish","type":"page","link":"https:\/\/krishnamurtitextos.com.br\/?page_id=90","title":{"rendered":"1960"},"content":{"rendered":"\t\t<div data-elementor-type=\"wp-page\" data-elementor-id=\"90\" class=\"elementor elementor-90\">\n\t\t\t\t\t\t<section class=\"elementor-section elementor-top-section elementor-element elementor-element-5b93adcf elementor-section-boxed elementor-section-height-default elementor-section-height-default\" data-id=\"5b93adcf\" data-element_type=\"section\" data-e-type=\"section\">\n\t\t\t\t\t\t<div class=\"elementor-container elementor-column-gap-default\">\n\t\t\t\t\t<div class=\"elementor-column elementor-col-100 elementor-top-column elementor-element elementor-element-7e0bf54e\" data-id=\"7e0bf54e\" data-element_type=\"column\" data-e-type=\"column\">\n\t\t\t<div class=\"elementor-widget-wrap elementor-element-populated\">\n\t\t\t\t\t\t<div class=\"elementor-element elementor-element-29e1df71 elementor-widget elementor-widget-text-editor\" data-id=\"29e1df71\" data-element_type=\"widget\" data-e-type=\"widget\" data-widget_type=\"text-editor.default\">\n\t\t\t\t<div class=\"elementor-widget-container\">\n\t\t\t\t\t\t\t\t\t<p>Nesta p\u00e1gina encontram-se os textos j\u00e1 traduzidos da d\u00e9cada de 60, organizados pela data do evento.Para acessar o conte\u00fado, basta clicar na data correspondente, sendo assim direcionado para o texto.Uma planilha com a totalidade dos textos originais da d\u00e9cada, disponibilizados pela KFT, poder\u00e3o ser acessados pelo bot\u00e3o abaixo.<\/p>\t\t\t\t\t\t\t\t<\/div>\n\t\t\t\t<\/div>\n\t\t\t\t<div class=\"elementor-element elementor-element-1ad3e442 elementor-align-center elementor-widget elementor-widget-button\" data-id=\"1ad3e442\" data-element_type=\"widget\" data-e-type=\"widget\" data-widget_type=\"button.default\">\n\t\t\t\t<div class=\"elementor-widget-container\">\n\t\t\t\t\t\t\t\t\t<div class=\"elementor-button-wrapper\">\n\t\t\t\t\t<a class=\"elementor-button elementor-button-link elementor-size-sm\" href=\"https:\/\/krishnamurtitextos.com.br\/?page_id=2517\" target=\"_blank\">\n\t\t\t\t\t\t<span class=\"elementor-button-content-wrapper\">\n\t\t\t\t\t\t\t\t\t<span class=\"elementor-button-text\">Textos originais<\/span>\n\t\t\t\t\t<\/span>\n\t\t\t\t\t<\/a>\n\t\t\t\t<\/div>\n\t\t\t\t\t\t\t\t<\/div>\n\t\t\t\t<\/div>\n\t\t\t\t\t<\/div>\n\t\t<\/div>\n\t\t\t\t\t<\/div>\n\t\t<\/section>\n\t\t\t\t<section class=\"elementor-section elementor-top-section elementor-element elementor-element-86fbc9a elementor-section-boxed elementor-section-height-default elementor-section-height-default\" data-id=\"86fbc9a\" data-element_type=\"section\" data-e-type=\"section\">\n\t\t\t\t\t\t<div class=\"elementor-container elementor-column-gap-default\">\n\t\t\t\t\t<div class=\"elementor-column elementor-col-25 elementor-top-column elementor-element elementor-element-19b29d3\" data-id=\"19b29d3\" data-element_type=\"column\" data-e-type=\"column\">\n\t\t\t<div class=\"elementor-widget-wrap elementor-element-populated\">\n\t\t\t\t\t\t<div class=\"elementor-element elementor-element-5338323d elementor-widget elementor-widget-heading\" data-id=\"5338323d\" data-element_type=\"widget\" data-e-type=\"widget\" data-widget_type=\"heading.default\">\n\t\t\t\t<div class=\"elementor-widget-container\">\n\t\t\t\t\t<h2 class=\"elementor-heading-title elementor-size-default\">Palestras em Saanen, Sui\u00e7a<\/h2>\t\t\t\t<\/div>\n\t\t\t\t<\/div>\n\t\t\t\t<div class=\"elementor-element elementor-element-5cfbf761 elementor-widget elementor-widget-text-editor\" data-id=\"5cfbf761\" data-element_type=\"widget\" data-e-type=\"widget\" data-widget_type=\"text-editor.default\">\n\t\t\t\t<div class=\"elementor-widget-container\">\n\t\t\t\t\t\t\t\t\t<ul><li><a href=\"https:\/\/krishnamurtitextos.com.br\/?page_id=1789\" target=\"_blank\" rel=\"noopener\"><span style=\"color: #0000ff;\">07\/07\/1963<\/span><\/a><\/li><li><a href=\"https:\/\/krishnamurtitextos.com.br\/?page_id=1800\" target=\"_blank\" rel=\"noopener\"><span style=\"color: #0000ff;\">09\/07\/1963<\/span><\/a><\/li><li><a href=\"https:\/\/krishnamurtitextos.com.br\/?page_id=1811\" target=\"_blank\" rel=\"noopener\"><span style=\"color: #0000ff;\">11\/07\/1963<\/span><\/a><\/li><li><a href=\"https:\/\/krishnamurtitextos.com.br\/?page_id=1822\" target=\"_blank\" rel=\"noopener\"><span style=\"color: #0000ff;\">14\/07\/1963<\/span><\/a><\/li><li><a href=\"https:\/\/krishnamurtitextos.com.br\/?page_id=1833\" target=\"_blank\" rel=\"noopener\"><span style=\"color: #0000ff;\">16\/07\/1963<\/span><\/a><\/li><li><a href=\"https:\/\/krishnamurtitextos.com.br\/?page_id=1844\" target=\"_blank\" rel=\"noopener\"><span style=\"color: #0000ff;\">18\/07\/1963<\/span><\/a><\/li><li><a href=\"https:\/\/krishnamurtitextos.com.br\/?page_id=1855\" target=\"_blank\" rel=\"noopener\"><span style=\"color: #0000ff;\">21\/07\/1963<\/span><\/a><\/li><li><a href=\"https:\/\/krishnamurtitextos.com.br\/?page_id=1866\" target=\"_blank\" rel=\"noopener\"><span style=\"color: #0000ff;\">23\/07\/1963<\/span><\/a><\/li><li><a href=\"https:\/\/krishnamurtitextos.com.br\/25-07-1963\/\" target=\"_blank\" rel=\"noopener\"><span style=\"color: #0000ff;\">25\/07\/1963<\/span><\/a><\/li><li><a href=\"https:\/\/krishnamurtitextos.com.br\/?page_id=1888\" target=\"_blank\" rel=\"noopener\"><span style=\"color: #0000ff;\">28\/07\/1963<\/span><\/a><\/li><\/ul>\t\t\t\t\t\t\t\t<\/div>\n\t\t\t\t<\/div>\n\t\t\t\t\t<\/div>\n\t\t<\/div>\n\t\t\t\t<div class=\"elementor-column elementor-col-25 elementor-top-column elementor-element elementor-element-1e75e73c\" data-id=\"1e75e73c\" data-element_type=\"column\" data-e-type=\"column\">\n\t\t\t<div class=\"elementor-widget-wrap\">\n\t\t\t\t\t\t\t<\/div>\n\t\t<\/div>\n\t\t\t\t<div class=\"elementor-column elementor-col-25 elementor-top-column elementor-element elementor-element-14ec1dc0\" data-id=\"14ec1dc0\" data-element_type=\"column\" data-e-type=\"column\">\n\t\t\t<div class=\"elementor-widget-wrap\">\n\t\t\t\t\t\t\t<\/div>\n\t\t<\/div>\n\t\t\t\t<div class=\"elementor-column elementor-col-25 elementor-top-column elementor-element elementor-element-2b341625\" data-id=\"2b341625\" data-element_type=\"column\" data-e-type=\"column\">\n\t\t\t<div class=\"elementor-widget-wrap\">\n\t\t\t\t\t\t\t<\/div>\n\t\t<\/div>\n\t\t\t\t\t<\/div>\n\t\t<\/section>\n\t\t\t\t<\/div>\n\t\t","protected":false},"excerpt":{"rendered":"<p>Nesta p\u00e1gina encontram-se os textos j\u00e1 traduzidos da d\u00e9cada de 60, organizados pela data do evento.Para acessar o conte\u00fado, basta clicar na data correspondente, sendo assim direcionado para o texto.Uma planilha com a totalidade dos textos originais da d\u00e9cada, disponibilizados pela KFT, poder\u00e3o ser acessados pelo bot\u00e3o abaixo. Textos originais Palestras em Saanen, Sui\u00e7a 07\/07\/1963 [&hellip;]<\/p>\n","protected":false},"author":1,"featured_media":0,"parent":0,"menu_order":0,"comment_status":"closed","ping_status":"closed","template":"elementor_canvas","meta":{"footnotes":""},"class_list":["post-90","page","type-page","status-publish","hentry","entry"],"_links":{"self":[{"href":"https:\/\/krishnamurtitextos.com.br\/index.php?rest_route=\/wp\/v2\/pages\/90","targetHints":{"allow":["GET"]}}],"collection":[{"href":"https:\/\/krishnamurtitextos.com.br\/index.php?rest_route=\/wp\/v2\/pages"}],"about":[{"href":"https:\/\/krishnamurtitextos.com.br\/index.php?rest_route=\/wp\/v2\/types\/page"}],"author":[{"embeddable":true,"href":"https:\/\/krishnamurtitextos.com.br\/index.php?rest_route=\/wp\/v2\/users\/1"}],"replies":[{"embeddable":true,"href":"https:\/\/krishnamurtitextos.com.br\/index.php?rest_route=%2Fwp%2Fv2%2Fcomments&post=90"}],"version-history":[{"count":46,"href":"https:\/\/krishnamurtitextos.com.br\/index.php?rest_route=\/wp\/v2\/pages\/90\/revisions"}],"predecessor-version":[{"id":2742,"href":"https:\/\/krishnamurtitextos.com.br\/index.php?rest_route=\/wp\/v2\/pages\/90\/revisions\/2742"}],"wp:attachment":[{"href":"https:\/\/krishnamurtitextos.com.br\/index.php?rest_route=%2Fwp%2Fv2%2Fmedia&parent=90"}],"curies":[{"name":"wp","href":"https:\/\/api.w.org\/{rel}","templated":true}]}}