{"id":853,"date":"2022-12-17T21:40:48","date_gmt":"2022-12-17T21:40:48","guid":{"rendered":"https:\/\/krishnamurtitextos.com.br\/?page_id=853"},"modified":"2022-12-17T21:42:14","modified_gmt":"2022-12-17T21:42:14","slug":"05-04-1936","status":"publish","type":"page","link":"https:\/\/krishnamurtitextos.com.br\/?page_id=853","title":{"rendered":"05\/04\/1936"},"content":{"rendered":"\t\t<div data-elementor-type=\"wp-page\" data-elementor-id=\"853\" class=\"elementor elementor-853\">\n\t\t\t\t\t\t<section class=\"elementor-section elementor-top-section elementor-element elementor-element-ce25af3 elementor-section-boxed elementor-section-height-default elementor-section-height-default\" data-id=\"ce25af3\" data-element_type=\"section\" data-e-type=\"section\">\n\t\t\t\t\t\t<div class=\"elementor-container elementor-column-gap-default\">\n\t\t\t\t\t<div class=\"elementor-column elementor-col-100 elementor-top-column elementor-element elementor-element-7152702b\" data-id=\"7152702b\" data-element_type=\"column\" data-e-type=\"column\">\n\t\t\t<div class=\"elementor-widget-wrap elementor-element-populated\">\n\t\t\t\t\t\t<div class=\"elementor-element elementor-element-3fe1dc3a elementor-widget elementor-widget-text-editor\" data-id=\"3fe1dc3a\" data-element_type=\"widget\" data-e-type=\"widget\" data-widget_type=\"text-editor.default\">\n\t\t\t\t<div class=\"elementor-widget-container\">\n\t\t\t\t\t\t\t\t\t<p style=\"text-align: center;\">\u00a0<\/p><p style=\"text-align: center;\"><strong>Primeira Palestra em Oak Grove, Ojai<\/strong><\/p><p>As pessoas v\u00eam a estas palestras com muitas expectativas e esperan\u00e7as e com muitas ideias peculiares; e em nome do esclarecimento, vamos examin\u00e1-las e ver seu verdadeiro valor. Talvez haja alguns de n\u00f3s cujas mentes n\u00e3o est\u00e3o sobrecarregadas com jarg\u00f5es, que n\u00e3o s\u00e3o nada al\u00e9m de tediosas repeti\u00e7\u00f5es verbais. Pode haver tamb\u00e9m outros que, tendo se libertado de cren\u00e7as e supersti\u00e7\u00f5es, est\u00e3o ansiosos para compreender o significado do que falo. Vendo a natureza ilus\u00f3ria da imita\u00e7\u00e3o, eles n\u00e3o podem mais buscar padr\u00f5es e modelos para sua conduta. Chegam com a esperan\u00e7a de despertar sua criatividade inata, de modo que possam viver profundamente no movimento da vida. Eles n\u00e3o procuram um novo jarg\u00e3o ou modelo de conduta, habilidade de ideias ou positividade emocional.<\/p><p>Agora, estou falando para aqueles que desejam despertar para a realidade da vida e criar para si mesmos o verdadeiro caminho de pensar e viver. Com isto n\u00e3o quero dizer que minhas palavras est\u00e3o restritas \u00e0queles poucos ou a alguma \u201cpanelinha\u201d imagin\u00e1ria de intelectuais auto-escolhidos.<\/p><p>O que falo pode n\u00e3o parecer vital para aqueles meramente curiosos, pois n\u00e3o tenho frases vazias ou afirma\u00e7\u00f5es audaciosas para excit\u00e1-los. O curioso, que deseja meramente estimula\u00e7\u00e3o emocional, n\u00e3o encontrar\u00e1 satisfa\u00e7\u00e3o em minhas palavras.<\/p><p>E h\u00e1 aqueles que v\u00eam aqui para comparar o que digo com as muitas escolas de irreflex\u00e3o (Riso). N\u00e3o, por favor, isto n\u00e3o \u00e9 um coment\u00e1rio espirituoso. De cartas que recebi e de pessoas com quem conversei, eu sei que h\u00e1 muitos que pensam que, por pertencerem a escolas de pensamento especiais, eles avan\u00e7ar\u00e3o e v\u00e3o estar a servi\u00e7o do mundo. Mas o que chamam de escolas de pensamento n\u00e3o s\u00e3o mais do que jarg\u00f5es que s\u00f3 criam divis\u00f5es e encorajam exclusividade e vaidade da mente. Estes sistemas de pensamento n\u00e3o t\u00eam realmente validade, se baseiam na ilus\u00e3o. Embora seus seguidores possam se tornar muito eruditos e defenderem-se com sua erudi\u00e7\u00e3o, eles s\u00e3o, na realidade, descuidados.<\/p><p>Novamente, existem muitos cujas mentes se tornaram complicadas pela busca de sistemas para a salva\u00e7\u00e3o humana. Eles buscam, ora pela economia, ora pela religi\u00e3o, ora pela ci\u00eancia, gerar ordem e verdadeira harmonia na vida humana. O fanatismo se torna o impulso para muitos que tentam, por declara\u00e7\u00f5es dogm\u00e1ticas, impor aos outros suas pr\u00f3prias imagina\u00e7\u00f5es e ilus\u00f5es, que escolhem chamar de verdade ou Deus.<\/p><p>Ent\u00e3o, voc\u00ea tem que descobrir por si mesmo por que est\u00e1 aqui, e sob que impulso veio ouvir esta palestra. Eu espero que estejamos aqui para descobrir juntos se podemos viver sensatamente, inteligentemente e em total compreens\u00e3o. Sinto que este deveria ser o trabalho do orador e da audi\u00eancia. N\u00f3s vamos iniciar uma jornada de profunda investiga\u00e7\u00e3o e experimenta\u00e7\u00e3o individual, n\u00e3o uma jornada de afirma\u00e7\u00f5es dogm\u00e1ticas, criando novos conjuntos de cren\u00e7as e ideais. Para descobrir a realidade do que eu digo, voc\u00ea deve experimentar com ela.<\/p><p>Muitos de n\u00f3s s\u00e3o levados pela ideia que descobrindo alguma causa \u00fanica para o sofrimento do homem, o conflito e a confus\u00e3o, seremos capazes de resolver os muitos problemas da vida. Tornou-se moda dizer: \u201cCurem os males econ\u00f4micos, e a felicidade e a realiza\u00e7\u00e3o humanas est\u00e3o asseguradas\u201d, ou \u201cAceitem alguma ideia religiosa ou filos\u00f3fica, ent\u00e3o a paz e a felicidade podem ser universais\u201d. Na busca por causas \u00fanicas n\u00e3o apenas encorajamos especialistas, mas tamb\u00e9m desenvolvemos peritos que est\u00e3o prontos para criar e expor sistemas l\u00f3gicos nos quais o homem descuidado \u00e9 apanhado. Voc\u00ea v\u00ea sistemas exclusivos ou ideias para a salva\u00e7\u00e3o do homem surgindo em todo lugar mundo afora. Somos facilmente apanhados neles, pensando que esta conveniente simplicidade l\u00f3gica de causas \u00fanicas nos ajudar\u00e1 a remover a mis\u00e9ria e a confus\u00e3o.<\/p><p>Um homem que se entrega a estes especialistas e \u00e0 causa \u00fanica encontra apenas mais confus\u00e3o e mis\u00e9ria. Ele se torna um instrumento nas m\u00e3os dos peritos ou um escravo pronto para aqueles que podem facilmente expor a simplicidade l\u00f3gica de uma \u00fanica causa.<\/p><p>Se voc\u00ea examinar profundamente o sofrimento e confus\u00e3o do homem, ver\u00e1 sem qualquer d\u00favida que h\u00e1 muitas causas, algumas complexas, algumas simples, que devemos compreender totalmente antes de podermos nos libertar do conflito e do sofrimento. Se desejarmos compreender as muitas causas e seus transtornos, devemos tratar a vida como um todo, n\u00e3o separ\u00e1-la em mental e emocional, econ\u00f4mica e religiosa, ou em hereditariedade e ambiente. Por esta raz\u00e3o n\u00e3o podemos nos entregar a especialistas, que, naturalmente, s\u00e3o treinados para ser exclusivos e para se concentrar em suas divis\u00f5es estreitas. \u00c9 essencial n\u00e3o fazer isto; contudo, inconscientemente nos entregamos ao outro para ser guiados, para que nos digam o que fazer, pensando que o perito religioso ou econ\u00f4mico, devido ao seu conhecimento especial e realiza\u00e7\u00f5es, pode dirigir nossas vidas individuais. A maior parte dos especialistas \u00e9 t\u00e3o treinada que n\u00e3o pode ter uma vis\u00e3o compreensiva da vida; e porque ajustamos nossas vidas, nossas a\u00e7\u00f5es, ao determinado pelos peritos, n\u00f3s simplesmente criamos maior confus\u00e3o e sofrimento. Assim, percebendo que n\u00e3o podemos ser escravos de peritos, professores, fil\u00f3sofos, de pessoas que dizem ter encontrado Deus e que, aparentemente, fazem a vida muito simples, dev\u00edamos ter cuidado com elas. Dev\u00edamos buscar simplicidade, mas nessa pr\u00f3pria busca dev\u00edamos estar conscientes das muitas ilus\u00f5es e desilus\u00f5es.<\/p><p>Estando conscientes de tudo isto, o que dev\u00edamos n\u00f3s, como indiv\u00edduos, fazer? Temos que perceber profundamente, n\u00e3o casualmente ou superficialmente, que nenhuma pessoa particular ou sistema vai, absolutamente, resolver para n\u00f3s nossos dolorosos problemas e esclarecer nossas rea\u00e7\u00f5es complexas e sutis. Se pudermos perceber que n\u00e3o existe ningu\u00e9m fora de n\u00f3s mesmos que vai elucidar o caos e a confus\u00e3o que existe dentro e fora de n\u00f3s, ent\u00e3o n\u00e3o seremos imitadores, n\u00e3o ansiaremos por identifica\u00e7\u00e3o. Come\u00e7aremos, ent\u00e3o, a liberar o poder criativo dentro de n\u00f3s. Isto significa que estamos come\u00e7ando a ficar conscientes da singularidade individual. Cada indiv\u00edduo \u00e9 \u00fanico, diferente, n\u00e3o semelhante a outro; mas com isto n\u00e3o quero dizer a express\u00e3o de desejos egoc\u00eantricos.<\/p><p>Devemos come\u00e7ar a ser autoconscientes, o que a maior parte de n\u00f3s n\u00e3o \u00e9; trazendo o oculto para fora, para a luz, descobrimos as v\u00e1rias causas da desarmonia, do sofrimento. S\u00f3 isto ajudar\u00e1 a produzir uma vida de realiza\u00e7\u00e3o e felicidade inteligente. Sem esta liberta\u00e7\u00e3o do oculto, do dissimulado, nossos esfor\u00e7os devem levar \u00e0 desilus\u00e3o.<\/p><p>At\u00e9 descobrirmos, pela experi\u00eancia, nossas limita\u00e7\u00f5es sutis e profundas, com suas rea\u00e7\u00f5es, e assim nos libertarmos delas, levaremos uma vida de confus\u00e3o e disputa. Pois estas limita\u00e7\u00f5es impedem a flexibilidade de mente-emo\u00e7\u00e3o, tornando-a incapaz do verdadeiro ajustamento aos movimentos da vida. Esta aus\u00eancia de flexibilidade \u00e9 a fonte de nossa competi\u00e7\u00e3o egoc\u00eantrica, medo e da busca de seguran\u00e7a, levando a muitas ilus\u00f5es confortantes.<\/p><p>Embora possamos pensar que encontramos a verdade, alegria, e objetivemos a ideia abstrata de Deus, enquanto permanecemos inconscientes das origens ocultas de todo o nosso ser, n\u00e3o pode haver a realiza\u00e7\u00e3o da verdade. Falar de \u201cboca pra fora\u201d palavras como verdade, Deus, perfei\u00e7\u00e3o, n\u00e3o pode ter significa\u00e7\u00e3o profunda e import\u00e2ncia.<\/p><p>A verdadeira busca s\u00f3 pode come\u00e7ar quando n\u00e3o separamos mente de emo\u00e7\u00e3o. Como temos sido treinados a considerar a vida n\u00e3o como um todo completo, mas separada como corpo, mente e esp\u00edrito, acharemos muito dif\u00edcil nos orientarmos para esta nova concep\u00e7\u00e3o e rea\u00e7\u00e3o em rela\u00e7\u00e3o \u00e0 vida. Educar a n\u00f3s mesmos neste modo de considerar a vida, e n\u00e3o cair novamente no velho h\u00e1bito do pensamento separativo, requer persist\u00eancia, vigil\u00e2ncia constante. Quando come\u00e7amos a nos libertar, pela experimenta\u00e7\u00e3o, destas falsas divis\u00f5es com seus significados especiais, objetivos e ideais, que causaram tanto preju\u00edzo e falsamente complicaram nossas vidas, ent\u00e3o n\u00f3s liberaremos energia criativa e descobriremos o movimento infinito da vida.<\/p><p>Pode a mente-cora\u00e7\u00e3o saber e apreciar profundamente este estado de eternidade, incessante tornar-se? O infinito tem uma profunda significa\u00e7\u00e3o apenas quando h\u00e1 libera\u00e7\u00e3o das limita\u00e7\u00f5es que criamos por meio de nossas falsas concep\u00e7\u00f5es e divis\u00f5es \u2013 como corpo, mente e esp\u00edrito, cada um com seus pr\u00f3prios ideias e objetivos distintos. Quando a mente-cora\u00e7\u00e3o se desliga das rea\u00e7\u00f5es prejudiciais e limitadoras e come\u00e7a a viver intensamente, com profunda consci\u00eancia, s\u00f3 ent\u00e3o existe a possibilidade de conhecer profundamente este incessante tornar-se. A mente-emo\u00e7\u00e3o deve estar totalmente livre da identifica\u00e7\u00e3o e limita\u00e7\u00e3o para conhecer esta ventura. Apenas o despertar desta intelig\u00eancia criativa vai produzir a humanidade do homem, seu equil\u00edbrio e profunda realiza\u00e7\u00e3o.<\/p><p>At\u00e9 voc\u00ea se tornar consciente tanto de seu ambiente como de seu passado e compreender o significado deles \u2013 n\u00e3o como dois elementos contrastantes, o que apenas produziria falsas rea\u00e7\u00f5es, mas como um todo coordenado \u2013 e at\u00e9 voc\u00ea ser capaz de reagir a este todo, profundamente, n\u00e3o pode haver a percep\u00e7\u00e3o do movimento infinito da vida.<\/p><p>A verdadeira busca s\u00f3 come\u00e7a quando h\u00e1 uma libera\u00e7\u00e3o daquelas rea\u00e7\u00f5es que s\u00e3o o resultado da divis\u00e3o. Sem a compreens\u00e3o da totalidade da vida, a busca pela verdade ou felicidade deve levar \u00e0 ilus\u00e3o. Na busca de uma ilus\u00e3o, a pessoa muitas vezes sente uma alegria, um emocionalismo; mas quando se examina esta estrutura emocional, ela n\u00e3o \u00e9 nada mais do que uma limita\u00e7\u00e3o, a constru\u00e7\u00e3o de muros de ref\u00fagio. \u00c9 uma pris\u00e3o, embora se possa viver nela e at\u00e9 apreci\u00e1-la. Ela \u00e9 uma fuga do conflito da vida pela limita\u00e7\u00e3o; e h\u00e1 muitas pessoas que o ajudar\u00e3o e encorajar\u00e3o neste voo.<\/p><p>Se estas palestras s\u00e3o para ter algum significado para voc\u00ea, voc\u00ea deve come\u00e7ar a experimentar com o que estou falando e viver novamente se tornando consciente de todas as suas rea\u00e7\u00f5es. Fique consciente delas, mas n\u00e3o descarte algumas como sendo m\u00e1s ou aceitando outras como sendo boas; pois a mente, sendo limitada, \u00e9 incapaz de discernir verdadeiramente. O importante \u00e9 estar consciente delas. Ent\u00e3o, por meio dessa constante conscientiza\u00e7\u00e3o, onde n\u00e3o h\u00e1 sentido de opostos nem divis\u00e3o como mente e emo\u00e7\u00e3o, chega a harmonia da a\u00e7\u00e3o, somente ela pode produzir realiza\u00e7\u00e3o.<\/p><p><strong>Interrogante<\/strong>: N\u00e3o existem muitos explicadores da verdade al\u00e9m de voc\u00ea mesmo? Deve-se deix\u00e1-los todos e escutar apenas a voc\u00ea?<\/p><p><strong>Krishnamurti<\/strong>: N\u00e3o pode haver explicadores da verdade. A verdade n\u00e3o pode ser explicada, n\u00e3o mais do que voc\u00ea pode explicar o amor para o homem que nunca amou. Tal express\u00e3o \u201cexplicadores da verdade\u201d n\u00e3o tem significado.<\/p><p>O que estamos tentando fazer aqui? N\u00e3o estou pedindo que voc\u00ea acredite no que digo, nem estou, sutilmente, fazendo voc\u00ea me seguir a fim de que possa ser explorado. Independentemente de mim, voc\u00ea pode experimentar com o que digo. Estou tentando lhe mostrar como se pode viver sensata e profundamente, com riqueza criativa, de modo que a vida seja uma realiza\u00e7\u00e3o e n\u00e3o uma cont\u00ednua frustra\u00e7\u00e3o. Isto pode ser feito quando a mente-cora\u00e7\u00e3o se liberta daquelas falsas rea\u00e7\u00f5es, concep\u00e7\u00f5es e ideias que ela herdou e adquiriu \u2013 as rea\u00e7\u00f5es nascidas dos medos ego\u00edstas e limita\u00e7\u00f5es, as rea\u00e7\u00f5es nascidas da divis\u00e3o e o conflito dos opostos. Essas limita\u00e7\u00f5es e rea\u00e7\u00f5es estreitas impedem a mente-cora\u00e7\u00e3o de se ajustar ao movimento da vida. Desta falta de flexibilidade surge confus\u00e3o, desilus\u00e3o e sofrimento. S\u00f3 por meio de sua pr\u00f3pria conscientiza\u00e7\u00e3o e esfor\u00e7o, e n\u00e3o pela autoridade e imita\u00e7\u00e3o, podem estas limita\u00e7\u00f5es ser varridas.<\/p><p><strong>Interrogante:<\/strong>\u00a0Qual \u00e9 sua ideia de infinito?<\/p><p><strong>Krishnamurti:<\/strong>\u00a0Existe um movimento, um processo de vida, sem fim, que pode ser chamado infinito. Por meio de autoridade, imita\u00e7\u00e3o, nascimento do medo, a mente cria por si mesma muitas falsas rea\u00e7\u00f5es e, por isso, se limita. Identificando-se com esta limita\u00e7\u00e3o, ela \u00e9 incapaz de acompanhar o veloz movimento da vida. Porque a mente, instigada pelo medo e em seu desejo de seguran\u00e7a e conforto, busca um fim, um absoluto com que possa se identificar, ela se torna incapaz de acompanhar o movimento sem fim da vida. At\u00e9 a mente-cora\u00e7\u00e3o poder se libertar destas limita\u00e7\u00f5es, em completa consci\u00eancia, n\u00e3o pode haver a compreens\u00e3o deste infind\u00e1vel processo de tornar-se. Ent\u00e3o n\u00e3o pergunte o que \u00e9 infinito, mas descubra por si mesmo as limita\u00e7\u00f5es que mant\u00e9m a mente-cora\u00e7\u00e3o escravizada, impedindo-a de viver neste movimento de vida.<\/p><p>5 de abril de 1936<\/p>\t\t\t\t\t\t\t\t<\/div>\n\t\t\t\t<\/div>\n\t\t\t\t\t<\/div>\n\t\t<\/div>\n\t\t\t\t\t<\/div>\n\t\t<\/section>\n\t\t\t\t<\/div>\n\t\t","protected":false},"excerpt":{"rendered":"<p>\u00a0 Primeira Palestra em Oak Grove, Ojai As pessoas v\u00eam a estas palestras com muitas expectativas e esperan\u00e7as e com muitas ideias peculiares; e em nome do esclarecimento, vamos examin\u00e1-las e ver seu verdadeiro valor. Talvez haja alguns de n\u00f3s cujas mentes n\u00e3o est\u00e3o sobrecarregadas com jarg\u00f5es, que n\u00e3o s\u00e3o nada al\u00e9m de tediosas repeti\u00e7\u00f5es [&hellip;]<\/p>\n","protected":false},"author":1,"featured_media":0,"parent":0,"menu_order":0,"comment_status":"closed","ping_status":"closed","template":"elementor_canvas","meta":{"footnotes":""},"class_list":["post-853","page","type-page","status-publish","hentry","entry"],"_links":{"self":[{"href":"https:\/\/krishnamurtitextos.com.br\/index.php?rest_route=\/wp\/v2\/pages\/853","targetHints":{"allow":["GET"]}}],"collection":[{"href":"https:\/\/krishnamurtitextos.com.br\/index.php?rest_route=\/wp\/v2\/pages"}],"about":[{"href":"https:\/\/krishnamurtitextos.com.br\/index.php?rest_route=\/wp\/v2\/types\/page"}],"author":[{"embeddable":true,"href":"https:\/\/krishnamurtitextos.com.br\/index.php?rest_route=\/wp\/v2\/users\/1"}],"replies":[{"embeddable":true,"href":"https:\/\/krishnamurtitextos.com.br\/index.php?rest_route=%2Fwp%2Fv2%2Fcomments&post=853"}],"version-history":[{"count":4,"href":"https:\/\/krishnamurtitextos.com.br\/index.php?rest_route=\/wp\/v2\/pages\/853\/revisions"}],"predecessor-version":[{"id":862,"href":"https:\/\/krishnamurtitextos.com.br\/index.php?rest_route=\/wp\/v2\/pages\/853\/revisions\/862"}],"wp:attachment":[{"href":"https:\/\/krishnamurtitextos.com.br\/index.php?rest_route=%2Fwp%2Fv2%2Fmedia&parent=853"}],"curies":[{"name":"wp","href":"https:\/\/api.w.org\/{rel}","templated":true}]}}