{"id":79,"date":"2022-11-26T20:46:24","date_gmt":"2022-11-26T20:46:24","guid":{"rendered":"https:\/\/krishnamurtitextos.com.br\/?page_id=79"},"modified":"2022-12-23T18:13:29","modified_gmt":"2022-12-23T18:13:29","slug":"1950-2","status":"publish","type":"page","link":"https:\/\/krishnamurtitextos.com.br\/?page_id=79","title":{"rendered":"1950"},"content":{"rendered":"\t\t<div data-elementor-type=\"wp-page\" data-elementor-id=\"79\" class=\"elementor elementor-79\">\n\t\t\t\t\t\t<section class=\"elementor-section elementor-top-section elementor-element elementor-element-b0d0a82 elementor-section-boxed elementor-section-height-default elementor-section-height-default\" data-id=\"b0d0a82\" data-element_type=\"section\" data-e-type=\"section\">\n\t\t\t\t\t\t<div class=\"elementor-container elementor-column-gap-default\">\n\t\t\t\t\t<div class=\"elementor-column elementor-col-100 elementor-top-column elementor-element elementor-element-7d474dad\" data-id=\"7d474dad\" data-element_type=\"column\" data-e-type=\"column\">\n\t\t\t<div class=\"elementor-widget-wrap elementor-element-populated\">\n\t\t\t\t\t\t<div class=\"elementor-element elementor-element-5e209e00 elementor-widget elementor-widget-text-editor\" data-id=\"5e209e00\" data-element_type=\"widget\" data-e-type=\"widget\" data-widget_type=\"text-editor.default\">\n\t\t\t\t<div class=\"elementor-widget-container\">\n\t\t\t\t\t\t\t\t\t<p>Nesta p\u00e1gina encontram-se os textos traduzidos da d\u00e9cada de 50, organizados pela data do evento.Para acessar o conte\u00fado, basta clicar na data correspondente, sendo assim direcionado para o texto.Uma planilha com a totalidade dos textos originais da d\u00e9cada, disponibilizados pela KFT, poder\u00e3o ser acessados pelo bot\u00e3o abaixo.<\/p>\t\t\t\t\t\t\t\t<\/div>\n\t\t\t\t<\/div>\n\t\t\t\t<div class=\"elementor-element elementor-element-632f3cdc elementor-align-center elementor-widget elementor-widget-button\" data-id=\"632f3cdc\" data-element_type=\"widget\" data-e-type=\"widget\" data-widget_type=\"button.default\">\n\t\t\t\t<div class=\"elementor-widget-container\">\n\t\t\t\t\t\t\t\t\t<div class=\"elementor-button-wrapper\">\n\t\t\t\t\t<a class=\"elementor-button elementor-button-link elementor-size-sm\" href=\"https:\/\/krishnamurtitextos.com.br\/?page_id=2508\" target=\"_blank\">\n\t\t\t\t\t\t<span class=\"elementor-button-content-wrapper\">\n\t\t\t\t\t\t\t\t\t<span class=\"elementor-button-text\">Textos originais<\/span>\n\t\t\t\t\t<\/span>\n\t\t\t\t\t<\/a>\n\t\t\t\t<\/div>\n\t\t\t\t\t\t\t\t<\/div>\n\t\t\t\t<\/div>\n\t\t\t\t\t<\/div>\n\t\t<\/div>\n\t\t\t\t\t<\/div>\n\t\t<\/section>\n\t\t\t\t<section class=\"elementor-section elementor-top-section elementor-element elementor-element-6ef90573 elementor-section-boxed elementor-section-height-default elementor-section-height-default\" data-id=\"6ef90573\" data-element_type=\"section\" data-e-type=\"section\">\n\t\t\t\t\t\t<div class=\"elementor-container elementor-column-gap-default\">\n\t\t\t\t\t<div class=\"elementor-column elementor-col-25 elementor-top-column elementor-element elementor-element-6aaedf13\" data-id=\"6aaedf13\" data-element_type=\"column\" data-e-type=\"column\">\n\t\t\t<div class=\"elementor-widget-wrap elementor-element-populated\">\n\t\t\t\t\t\t<div class=\"elementor-element elementor-element-766a4fd5 elementor-widget elementor-widget-heading\" data-id=\"766a4fd5\" data-element_type=\"widget\" data-e-type=\"widget\" data-widget_type=\"heading.default\">\n\t\t\t\t<div class=\"elementor-widget-container\">\n\t\t\t\t\t<h2 class=\"elementor-heading-title elementor-size-default\">Conversas com alunos em Rajghat, \u00cdndia<\/h2>\t\t\t\t<\/div>\n\t\t\t\t<\/div>\n\t\t\t\t<div class=\"elementor-element elementor-element-7137d264 elementor-widget elementor-widget-text-editor\" data-id=\"7137d264\" data-element_type=\"widget\" data-e-type=\"widget\" data-widget_type=\"text-editor.default\">\n\t\t\t\t<div class=\"elementor-widget-container\">\n\t\t\t\t\t\t\t\t\t<ul><li><a href=\"https:\/\/krishnamurtitextos.com.br\/?page_id=1679\" target=\"_blank\" rel=\"noopener\"><span style=\"color: #0000ff;\">04\/01\/1954<\/span><\/a><\/li><li><a href=\"https:\/\/krishnamurtitextos.com.br\/?page_id=1690\" target=\"_blank\" rel=\"noopener\"><span style=\"color: #0000ff;\">15\/01\/1954<\/span><\/a><\/li><li><a href=\"https:\/\/krishnamurtitextos.com.br\/?page_id=1701\" target=\"_blank\" rel=\"noopener\"><span style=\"color: #0000ff;\">18\/01\/1954<\/span><\/a><\/li><li><a href=\"https:\/\/krishnamurtitextos.com.br\/?page_id=1712\" target=\"_blank\" rel=\"noopener\"><span style=\"color: #0000ff;\">19\/01\/1954<\/span><\/a><\/li><\/ul>\t\t\t\t\t\t\t\t<\/div>\n\t\t\t\t<\/div>\n\t\t\t\t\t<\/div>\n\t\t<\/div>\n\t\t\t\t<div class=\"elementor-column elementor-col-25 elementor-top-column elementor-element elementor-element-47e45b7a\" data-id=\"47e45b7a\" data-element_type=\"column\" data-e-type=\"column\">\n\t\t\t<div class=\"elementor-widget-wrap elementor-element-populated\">\n\t\t\t\t\t\t<div class=\"elementor-element elementor-element-37330eb4 elementor-widget elementor-widget-heading\" data-id=\"37330eb4\" data-element_type=\"widget\" data-e-type=\"widget\" data-widget_type=\"heading.default\">\n\t\t\t\t<div class=\"elementor-widget-container\">\n\t\t\t\t\t<h2 class=\"elementor-heading-title elementor-size-default\">Palestras em Londres, Inglaterra<\/h2>\t\t\t\t<\/div>\n\t\t\t\t<\/div>\n\t\t\t\t<div class=\"elementor-element elementor-element-7d4504b0 elementor-widget elementor-widget-text-editor\" data-id=\"7d4504b0\" data-element_type=\"widget\" data-e-type=\"widget\" data-widget_type=\"text-editor.default\">\n\t\t\t\t<div class=\"elementor-widget-container\">\n\t\t\t\t\t\t\t\t\t<ul><li><a href=\"https:\/\/krishnamurtitextos.com.br\/?page_id=1723\" target=\"_blank\" rel=\"noopener\"><span style=\"color: #0000ff;\">17\/06\/1955<\/span><\/a><\/li><li><a href=\"https:\/\/krishnamurtitextos.com.br\/?page_id=1734\" target=\"_blank\" rel=\"noopener\"><span style=\"color: #0000ff;\">18\/06\/1955<\/span><\/a><\/li><li><a href=\"https:\/\/krishnamurtitextos.com.br\/?page_id=1745\" target=\"_blank\" rel=\"noopener\"><span style=\"color: #0000ff;\">19\/06\/1955<\/span><\/a><\/li><li><a href=\"https:\/\/krishnamurtitextos.com.br\/?page_id=1756\" target=\"_blank\" rel=\"noopener\"><span style=\"color: #0000ff;\">24\/06\/1955<\/span><\/a><\/li><li><a href=\"https:\/\/krishnamurtitextos.com.br\/?page_id=1767\" target=\"_blank\" rel=\"noopener\"><span style=\"color: #0000ff;\">25\/06\/1955<\/span><\/a><\/li><li><a href=\"https:\/\/krishnamurtitextos.com.br\/?page_id=1780\" target=\"_blank\" rel=\"noopener\"><span style=\"color: #0000ff;\">26\/06\/1955<\/span><\/a><\/li><\/ul>\t\t\t\t\t\t\t\t<\/div>\n\t\t\t\t<\/div>\n\t\t\t\t\t<\/div>\n\t\t<\/div>\n\t\t\t\t<div class=\"elementor-column elementor-col-25 elementor-top-column elementor-element elementor-element-406d7102\" data-id=\"406d7102\" data-element_type=\"column\" data-e-type=\"column\">\n\t\t\t<div class=\"elementor-widget-wrap\">\n\t\t\t\t\t\t\t<\/div>\n\t\t<\/div>\n\t\t\t\t<div class=\"elementor-column elementor-col-25 elementor-top-column elementor-element elementor-element-5fc534bb\" data-id=\"5fc534bb\" data-element_type=\"column\" data-e-type=\"column\">\n\t\t\t<div class=\"elementor-widget-wrap\">\n\t\t\t\t\t\t\t<\/div>\n\t\t<\/div>\n\t\t\t\t\t<\/div>\n\t\t<\/section>\n\t\t\t\t<\/div>\n\t\t","protected":false},"excerpt":{"rendered":"<p>Nesta p\u00e1gina encontram-se os textos traduzidos da d\u00e9cada de 50, organizados pela data do evento.Para acessar o conte\u00fado, basta clicar na data correspondente, sendo assim direcionado para o texto.Uma planilha com a totalidade dos textos originais da d\u00e9cada, disponibilizados pela KFT, poder\u00e3o ser acessados pelo bot\u00e3o abaixo. Textos originais Conversas com alunos em Rajghat, \u00cdndia [&hellip;]<\/p>\n","protected":false},"author":1,"featured_media":0,"parent":0,"menu_order":0,"comment_status":"closed","ping_status":"closed","template":"elementor_canvas","meta":{"footnotes":""},"class_list":["post-79","page","type-page","status-publish","hentry","entry"],"_links":{"self":[{"href":"https:\/\/krishnamurtitextos.com.br\/index.php?rest_route=\/wp\/v2\/pages\/79","targetHints":{"allow":["GET"]}}],"collection":[{"href":"https:\/\/krishnamurtitextos.com.br\/index.php?rest_route=\/wp\/v2\/pages"}],"about":[{"href":"https:\/\/krishnamurtitextos.com.br\/index.php?rest_route=\/wp\/v2\/types\/page"}],"author":[{"embeddable":true,"href":"https:\/\/krishnamurtitextos.com.br\/index.php?rest_route=\/wp\/v2\/users\/1"}],"replies":[{"embeddable":true,"href":"https:\/\/krishnamurtitextos.com.br\/index.php?rest_route=%2Fwp%2Fv2%2Fcomments&post=79"}],"version-history":[{"count":46,"href":"https:\/\/krishnamurtitextos.com.br\/index.php?rest_route=\/wp\/v2\/pages\/79\/revisions"}],"predecessor-version":[{"id":2733,"href":"https:\/\/krishnamurtitextos.com.br\/index.php?rest_route=\/wp\/v2\/pages\/79\/revisions\/2733"}],"wp:attachment":[{"href":"https:\/\/krishnamurtitextos.com.br\/index.php?rest_route=%2Fwp%2Fv2%2Fmedia&parent=79"}],"curies":[{"name":"wp","href":"https:\/\/api.w.org\/{rel}","templated":true}]}}