{"id":603,"date":"2022-12-17T20:42:34","date_gmt":"2022-12-17T20:42:34","guid":{"rendered":"https:\/\/krishnamurtitextos.com.br\/?page_id=603"},"modified":"2022-12-17T21:00:55","modified_gmt":"2022-12-17T21:00:55","slug":"24-04-1935","status":"publish","type":"page","link":"https:\/\/krishnamurtitextos.com.br\/?page_id=603","title":{"rendered":"24\/04\/1935"},"content":{"rendered":"\t\t<div data-elementor-type=\"wp-page\" data-elementor-id=\"603\" class=\"elementor elementor-603\">\n\t\t\t\t\t\t<section class=\"elementor-section elementor-top-section elementor-element elementor-element-6e1b8b9c elementor-section-boxed elementor-section-height-default elementor-section-height-default\" data-id=\"6e1b8b9c\" data-element_type=\"section\" data-e-type=\"section\">\n\t\t\t\t\t\t<div class=\"elementor-container elementor-column-gap-default\">\n\t\t\t\t\t<div class=\"elementor-column elementor-col-100 elementor-top-column elementor-element elementor-element-3338c3f6\" data-id=\"3338c3f6\" data-element_type=\"column\" data-e-type=\"column\">\n\t\t\t<div class=\"elementor-widget-wrap elementor-element-populated\">\n\t\t\t\t\t\t<div class=\"elementor-element elementor-element-689f01df elementor-widget elementor-widget-text-editor\" data-id=\"689f01df\" data-element_type=\"widget\" data-e-type=\"widget\" data-widget_type=\"text-editor.default\">\n\t\t\t\t<div class=\"elementor-widget-container\">\n\t\t\t\t\t\t\t\t\t<p style=\"text-align: center;\">\u00a0<\/p><p style=\"text-align: center;\"><strong>2\u00aa palestra em S\u00e3o Paulo<\/strong><\/p><p>Amigos,<\/p><p>Muitas quest\u00f5es tem sido dirigidas \u00e0 mim, relativas ao futuro pessoal de indiv\u00edduos e de suas expectativas; alguns perguntam se eles ser\u00e3o bem sucedidos em certos neg\u00f3cios, outros se eles deveriam deixar esse pa\u00eds e estabelecerem-se na Am\u00e9rica do Norte, quem \u00e9 a pessoa certa para se casar e assim por diante. Eu n\u00e3o posso responder a tais quest\u00f5es, pois n\u00e3o sou cartomante. Eu entendo que s\u00e3o quest\u00f5es reais e preocupantes, mas elas devem ser resolvidas pela pr\u00f3pria pessoa.<\/p><p>Eu escolhi entre as inumer\u00e1veis quest\u00f5es colocadas para mim aquelas que s\u00e3o representativas, mas eu sinto que seria f\u00fatil e uma perda de tempo para voc\u00ea e para mim se o que eu vou dizer, e j\u00e1 tenho dito, for aceito como alguma teoria filos\u00f3fica com a qual a mente pode entreter-se. Eu tenho algo vital para dizer que \u00e9 aplic\u00e1vel a vida, algo que quando entendido, o ajudar\u00e1 a solucionar os muitos problemas de sua vida di\u00e1ria. Eu n\u00e3o respondo estas quest\u00f5es a partir de qualquer ponto de vista, porque eu sinto que todos os problemas deveriam ser tratados n\u00e3o separadamente, mas como um todo. Se pudermos fazer isso, nossos pensamentos e a\u00e7\u00f5es tornar-se-\u00e3o s\u00e3os e equilibrados.<\/p><p>Por favor, n\u00e3o descarte algumas dessas quest\u00f5es como sendo burguesas ou como perguntadas pela classe abastada. Elas s\u00e3o quest\u00f5es humanas e assim devem ser consideradas, n\u00e3o como pertencentes a qualquer classe em particular.<\/p><p><strong>Interrogante<\/strong>: O que voc\u00ea pensa sobre mediunidade e\u00a0 comunica\u00e7\u00e3o com esp\u00edritos dos mortos?<\/p><p><strong>Krishnamurti<\/strong>: Voc\u00ea pode zombar disso ou levar isso a s\u00e9rio. Em primeiro lugar, n\u00e3o nos preocupemos em discutir se esp\u00edritos existem ou n\u00e3o, mas vamos considerar o desejo que nos prontifica a comunicar-se com eles, pois essa \u00e9 a parte mais importante da quest\u00e3o.<\/p><p>Com a maioria das pessoas que se interessam por este tipo de coisa, na comunica\u00e7\u00e3o com os mortos, h\u00e1 o desejo de ser guiado, de ser orientado no que fazer, pois eles est\u00e3o em constante d\u00favida em rela\u00e7\u00e3o \u00e0s suas a\u00e7\u00f5es, e esperam que em se comunicando com \u00e0queles que est\u00e3o mortos eles encontrar\u00e3o orienta\u00e7\u00f5es, ent\u00e3o poupando-se do problema de pensar. Logo o desejo \u00e9 de aconselhamento, de dire\u00e7\u00e3o, para que n\u00e3o cometam erros e sofram. Essa \u00e9 a mesma atitude que alguns tem em rela\u00e7\u00e3o aos Mestres, aqueles seres que s\u00e3o considerados mais avan\u00e7ados e portanto capazes de dirigir o homem atrav\u00e9s de seus mensageiros e assim por diante.<\/p><p>A adora\u00e7\u00e3o da autoridade \u00e9 a nega\u00e7\u00e3o do entendimento. O desejo de n\u00e3o sofrer alimenta a explora\u00e7\u00e3o. Logo, a busca pela autoridade destr\u00f3i a completude da a\u00e7\u00e3o e o aconselhamento traz irresponsabilidade, porque h\u00e1 um forte desejo de passar pela vida sem conflito, sem sofrimento. Por essa raz\u00e3o t\u00eam-se cren\u00e7as, ideais, sistemas, na esperan\u00e7a que a luta e o sofrimento possam ser evitados. Mas essas cren\u00e7as, ideais, que tornaram-se fugas s\u00e3o a verdadeira causa do conflito, criando ilus\u00f5es e sofrimentos ainda maiores. Enquanto a mente procurar conforto por meio de conselhos, por meio da autoridade, a causa do sofrimento, ignor\u00e2ncia, nunca poder\u00e1 ser dissolvida.<\/p><p><strong>Interrogante<\/strong>: Para atingir a verdade deve-se abster do casamento e da procria\u00e7\u00e3o?<\/p><p><strong>Krishnamurti<\/strong>: Veja, a verdade n\u00e3o \u00e9 um fim, uma finalidade que pode ser alcan\u00e7ada por meio de certas a\u00e7\u00f5es. Ela \u00e9 aquele entendimento nascido do ajuste cont\u00ednuo \u00e0 vida, que demanda grande intelig\u00eancia; e porque a maioria das pessoas n\u00e3o \u00e9 capaz desse ajuste autodefensivo ao movimento da vida, elas criam certas teorias e ideais, aos quais esperam que as guiar\u00e3o. Logo, o homem \u00e9 seguro na moldura das tradi\u00e7\u00f5es, preconceitos e moralidades obstinadas, ditado pelo medo e pelo desejo de autopreserva\u00e7\u00e3o. Isto acontece porque ele n\u00e3o \u00e9 capaz de discernir continuamente o significado da vida em seu constante movimento, e ent\u00e3o ele desenvolve certos \u201cdevo\u201d e \u201cn\u00e3o devo\u201d. Uma vida completa e rica, ou seja, uma vida mais inteligente, n\u00e3o autoprotecionista, n\u00e3o uma exist\u00eancia defensiva, demanda que a mente seja livre de todos os tabus, medos e supersti\u00e7\u00f5es, sem \u201cdevo\u201d e \u201cn\u00e3o devo\u201d, e isto somente pode acontecer quando a mente\u00a0 entender inteiramente o significado e a causa do medo.<\/p><p>Para a maioria das pessoas h\u00e1 conflito, sofrimento e um incessante ajustamento no casamento e para muitos o desejo de alcan\u00e7ar a verdade n\u00e3o \u00e9 mais do que um escape dessa luta.<\/p><p><strong>Interrogante<\/strong>: Voc\u00ea nega religi\u00e3o, Deus e imortalidade. Como a humanidade pode tornar-se mais perfeita, e portanto mais feliz, sem acreditar nestas coisas fundamentais?<\/p><p><strong>Krishnamurti<\/strong>: Como voc\u00ea somente cr\u00ea em Deus, em imortalidade, como voc\u00ea meramente acredita nestas coisas \u00e9 que h\u00e1 tal mis\u00e9ria, sofrimento e explora\u00e7\u00e3o. Voc\u00ea pode descobrir se h\u00e1 verdade, imortalidade, somente na completude da pr\u00f3pria a\u00e7\u00e3o, n\u00e3o por meio de cren\u00e7a, qualquer que seja, n\u00e3o por meio da asser\u00e7\u00e3o autorit\u00e1ria do outro. Somente na completude da pr\u00f3pria a\u00e7\u00e3o, a realidade \u00e9 revelada.<\/p><p>Agora, para a maioria das pessoas, religi\u00e3o, Deus e imortalidade s\u00e3o simples formas de escape. A religi\u00e3o tem meramente ajudado o homem a escapar do conflito em sua vida, dos problemas com sexo, explora\u00e7\u00e3o, ci\u00fame, crueldade e assim por diante, considerando que voc\u00ea n\u00e3o deseja fundamentalmente entend\u00ea-los \u2013 pois para entend\u00ea-los requer-se a\u00e7\u00e3o, a\u00e7\u00e3o inteligente \u2013 e como voc\u00ea n\u00e3o est\u00e1 disposto a esfor\u00e7ar-se, voc\u00ea inconscientemente tenta escapar para aqueles ideais, valores, cren\u00e7as que foram proferidas. Ent\u00e3o imortalidade, Deus e religi\u00e3o t\u00eam-se tornado meramente abrigos para a mente em conflito.<\/p><p>Para mim, ambos os que acreditam e os que n\u00e3o acreditam em Deus e imortalidade est\u00e3o errados, porque a mente n\u00e3o pode compreender a realidade at\u00e9 que ela esteja completamente livre de todas as ilus\u00f5es. Somente ent\u00e3o voc\u00ea pode afirmar, n\u00e3o crer ou negar, a realidade de Deus e a imortalidade. Quando a mente estiver completamente livre dos muitos obst\u00e1culos e limita\u00e7\u00f5es criadas pela autoprote\u00e7\u00e3o, quando ela estiver aberta, totalmente nua, sens\u00edvel ao entendimento da causa da ilus\u00e3o autocriada, somente ent\u00e3o todas as cren\u00e7as desaparecem, cedendo lugar \u00e0 realidade.<\/p><p><strong>Interrogante<\/strong>: Voc\u00ea \u00e9 contra a institui\u00e7\u00e3o da fam\u00edlia?<\/p><p><strong>Krishnamurti<\/strong>: Eu sou, se a fam\u00edlia \u00e9 o centro da explora\u00e7\u00e3o, se ela est\u00e1 baseada em explora\u00e7\u00e3o. (Aplausos) Por favor, qual a vantagem de meramente concordar comigo? Voc\u00ea deve agir para alterar isto. O desejo de perpetua\u00e7\u00e3o cria a fam\u00edlia que torna-se o centro da explora\u00e7\u00e3o. Ent\u00e3o a pergunta correta seria realmente: pode-se viver sem explora\u00e7\u00e3o? N\u00e3o, se a vida em fam\u00edlia \u00e9 certa ou errada, n\u00e3o, se ter filhos \u00e9 certo ou errado, mas se fam\u00edlia, posses, poder n\u00e3o s\u00e3o o resultado do desejo por seguran\u00e7a, autoperpetua\u00e7\u00e3o. Enquanto houver desejo, a fam\u00edlia torna-se o centro da explora\u00e7\u00e3o.<\/p><p>Podemos alguma vez viver sem explora\u00e7\u00e3o? Eu digo que podemos. Haver\u00e1 explora\u00e7\u00e3o enquanto houver luta por autoprote\u00e7\u00e3o; enquanto a mente estiver procurando por seguran\u00e7a, conforto \u2013 por meio da fam\u00edlia, religi\u00e3o, autoridade ou tradi\u00e7\u00e3o \u2013 haver\u00e1 explora\u00e7\u00e3o. E a explora\u00e7\u00e3o cessa somente quando a mente discerne a falsidade da seguran\u00e7a e n\u00e3o \u00e9 mais ludibriada pelo seu pr\u00f3prio poder de criar ilus\u00f5es. Se voc\u00ea experienciar o que eu digo, voc\u00ea entender\u00e1 que eu n\u00e3o estou destruindo o desejo, e sim que voc\u00ea pode viver nesse mundo ricamente, sadiamente, um vida sem limita\u00e7\u00f5es, sem sofrimento.\u00a0 Voc\u00ea pode descobrir isto, somente pela experi\u00eancia, n\u00e3o pela nega\u00e7\u00e3o, n\u00e3o por meio da resigna\u00e7\u00e3o, nem pela mera imita\u00e7\u00e3o. Onde a intelig\u00eancia est\u00e1 funcionando \u2013 e a intelig\u00eancia deixa de funcionar quando h\u00e1 medo e desejo por seguran\u00e7a \u2013 n\u00e3o pode haver explora\u00e7\u00e3o.<\/p><p>A maioria das pessoas est\u00e1 esperando que o acontecimento de uma mudan\u00e7a alterar\u00e1 milagrosamente este sistema de explora\u00e7\u00e3o. Elas est\u00e3o esperando por revolu\u00e7\u00f5es que concretizem suas esperan\u00e7as e desejos n\u00e3o realizados; mas nessa espera elas est\u00e3o morrendo lentamente. Eu penso que meras revolu\u00e7\u00f5es n\u00e3o mudar\u00e3o os desejos fundamentais do homem. Mas se o indiv\u00edduo come\u00e7ar a agir com intelig\u00eancia, sem compuls\u00e3o, sem compromisso com as condi\u00e7\u00f5es presentes ou com o que revolu\u00e7\u00f5es prometem no futuro, ent\u00e3o haver\u00e1 uma riqueza, uma completude cujo \u00eaxtase n\u00e3o pode ser destru\u00eddo.<\/p><p>24 de abril de 1935.<\/p>\t\t\t\t\t\t\t\t<\/div>\n\t\t\t\t<\/div>\n\t\t\t\t\t<\/div>\n\t\t<\/div>\n\t\t\t\t\t<\/div>\n\t\t<\/section>\n\t\t\t\t<\/div>\n\t\t","protected":false},"excerpt":{"rendered":"<p>\u00a0 2\u00aa palestra em S\u00e3o Paulo Amigos, Muitas quest\u00f5es tem sido dirigidas \u00e0 mim, relativas ao futuro pessoal de indiv\u00edduos e de suas expectativas; alguns perguntam se eles ser\u00e3o bem sucedidos em certos neg\u00f3cios, outros se eles deveriam deixar esse pa\u00eds e estabelecerem-se na Am\u00e9rica do Norte, quem \u00e9 a pessoa certa para se casar [&hellip;]<\/p>\n","protected":false},"author":1,"featured_media":0,"parent":0,"menu_order":0,"comment_status":"closed","ping_status":"closed","template":"elementor_canvas","meta":{"footnotes":""},"class_list":["post-603","page","type-page","status-publish","hentry","entry"],"_links":{"self":[{"href":"https:\/\/krishnamurtitextos.com.br\/index.php?rest_route=\/wp\/v2\/pages\/603","targetHints":{"allow":["GET"]}}],"collection":[{"href":"https:\/\/krishnamurtitextos.com.br\/index.php?rest_route=\/wp\/v2\/pages"}],"about":[{"href":"https:\/\/krishnamurtitextos.com.br\/index.php?rest_route=\/wp\/v2\/types\/page"}],"author":[{"embeddable":true,"href":"https:\/\/krishnamurtitextos.com.br\/index.php?rest_route=\/wp\/v2\/users\/1"}],"replies":[{"embeddable":true,"href":"https:\/\/krishnamurtitextos.com.br\/index.php?rest_route=%2Fwp%2Fv2%2Fcomments&post=603"}],"version-history":[{"count":4,"href":"https:\/\/krishnamurtitextos.com.br\/index.php?rest_route=\/wp\/v2\/pages\/603\/revisions"}],"predecessor-version":[{"id":610,"href":"https:\/\/krishnamurtitextos.com.br\/index.php?rest_route=\/wp\/v2\/pages\/603\/revisions\/610"}],"wp:attachment":[{"href":"https:\/\/krishnamurtitextos.com.br\/index.php?rest_route=%2Fwp%2Fv2%2Fmedia&parent=603"}],"curies":[{"name":"wp","href":"https:\/\/api.w.org\/{rel}","templated":true}]}}