{"id":5075,"date":"2026-01-29T19:54:31","date_gmt":"2026-01-29T19:54:31","guid":{"rendered":"https:\/\/krishnamurtitextos.com.br\/?page_id=5075"},"modified":"2026-02-03T11:08:49","modified_gmt":"2026-02-03T11:08:49","slug":"documentarios-entrevistas","status":"publish","type":"page","link":"https:\/\/krishnamurtitextos.com.br\/?page_id=5075","title":{"rendered":"Document\u00e1rios\/Entrevistas"},"content":{"rendered":"\t\t<div data-elementor-type=\"wp-page\" data-elementor-id=\"5075\" class=\"elementor elementor-5075\">\n\t\t\t\t\t\t<section class=\"elementor-section elementor-top-section elementor-element elementor-element-5ec5c82 elementor-section-boxed elementor-section-height-default elementor-section-height-default\" data-id=\"5ec5c82\" data-element_type=\"section\" data-e-type=\"section\">\n\t\t\t\t\t\t<div class=\"elementor-container elementor-column-gap-default\">\n\t\t\t\t\t<div class=\"elementor-column elementor-col-100 elementor-top-column elementor-element elementor-element-484a020\" data-id=\"484a020\" data-element_type=\"column\" data-e-type=\"column\">\n\t\t\t<div class=\"elementor-widget-wrap elementor-element-populated\">\n\t\t\t\t\t\t<div class=\"elementor-element elementor-element-5014230 elementor-widget elementor-widget-text-editor\" data-id=\"5014230\" data-element_type=\"widget\" data-e-type=\"widget\" data-widget_type=\"text-editor.default\">\n\t\t\t\t<div class=\"elementor-widget-container\">\n\t\t\t\t\t\t\t\t\t<p><a href=\"https:\/\/rumble.com\/v41qlz0-problemas-da-vida-jiddu-krishnamurti.html\" target=\"_blank\" rel=\"noopener\"><span style=\"color: #0000ff;\">Problemas da vida <span style=\"color: #000000;\">(00:27:41)<\/span><\/span><\/a><\/p><p><a href=\"https:\/\/rumble.com\/v4113q2-percepo-sem-escolha-alm-do-mito-e-da-tradio-jiddu-krishnamurti.html\" target=\"_blank\" rel=\"noopener\"><span style=\"color: #0000ff;\">Percep\u00e7\u00e3o sem escolha &#8211; Al\u00e9m do mito e da tradi\u00e7\u00e3o\u00a0 <span style=\"color: #000000;\">(00:28:48)<\/span><\/span><\/a><\/p><p><a href=\"https:\/\/rumble.com\/v410w54-o-sagrado-alm-do-mito-e-da-tradio-jiddu-krishnamurti.html\" target=\"_blank\" rel=\"noopener\"><span style=\"color: #0000ff;\">O sagrado &#8211; Al\u00e9m do mito e da tradi\u00e7\u00e3o\u00a0 <span style=\"color: #000000;\">(00:28:44)<\/span><\/span><\/a><\/p><p><a href=\"https:\/\/rumble.com\/v40g5de-o-espelho-do-relacionamento-alm-do-mito-e-da-tradio-jiddu-krishnamurti.html\" target=\"_blank\" rel=\"noopener\"><span style=\"color: #0000ff;\">O espelho do relacionamento &#8211; Al\u00e9m do mito e da tradi\u00e7\u00e3o\u00a0 <span style=\"color: #000000;\">(00:28:40)<\/span><\/span><\/a><\/p><p><a href=\"https:\/\/rumble.com\/v40g5ag-o-ego-violento-alm-do-mito-e-da-tradio-jiddu-krishnamurti.html\" target=\"_blank\" rel=\"noopener\"><span style=\"color: #0000ff;\">O ego violento &#8211; Al\u00e9m do mito e da tradi\u00e7\u00e3o\u00a0 <span style=\"color: #000000;\">(00:28:35)<\/span><\/span><\/a><\/p><p><a href=\"https:\/\/rumble.com\/v40facz-morte-alm-do-mito-e-da-tradio-jiddu-krishnamurti.html\" target=\"_blank\" rel=\"noopener\"><span style=\"color: #0000ff;\">Morte &#8211; Al\u00e9m do mito e da tradi\u00e7\u00e3o\u00a0 <span style=\"color: #000000;\">(00:28:44)<\/span><\/span><\/a><\/p><p><a href=\"https:\/\/rumble.com\/v40falw-mudana-alm-do-mito-e-da-tradio-jiddu-krishnamurti.html\" target=\"_blank\" rel=\"noopener\"><span style=\"color: #0000ff;\">Mudan\u00e7a &#8211; Al\u00e9m do mito e da tradi\u00e7\u00e3o\u00a0 <span style=\"color: #000000;\">(00:28:43)<\/span><\/span><\/a><\/p><p><a href=\"https:\/\/rumble.com\/v3v1k0w-condicionamento-8-alm-do-mito-e-da-tradio.html\" target=\"_blank\" rel=\"noopener\"><span style=\"color: #0000ff;\">Condicionamento &#8211; Al\u00e9m do mito e da tradi\u00e7\u00e3o\u00a0 <span style=\"color: #000000;\">(00:28:43)<\/span><\/span><\/a><\/p><p><a href=\"https:\/\/rumble.com\/v3v1kaf-conflito-1-alm-do-mito-e-da-tradio-jiddu-krishnamurti.html\" target=\"_blank\" rel=\"noopener\"><span style=\"color: #0000ff;\">Conflito &#8211; Al\u00e9m do mito e da tradi\u00e7\u00e3o\u00a0 <span style=\"color: #000000;\">(00:28:42)<\/span><\/span><\/a><\/p><p><a href=\"https:\/\/rumble.com\/v3un2hr-a-mente-religiosa-12-alm-do-mito-e-da-tradio.html\" target=\"_blank\" rel=\"noopener\"><span style=\"color: #0000ff;\">A mente religiosa &#8211; Al\u00e9m do mito e da tradi\u00e7\u00e3o\u00a0<span style=\"color: #000000;\"> (00:28:44)<\/span><\/span><\/a><\/p><p><a href=\"https:\/\/rumble.com\/v3un2zp-amor-a-chama-sem-fumaa-11-alm-do-mito-e-da-tradio.html\" target=\"_blank\" rel=\"noopener\"><span style=\"color: #0000ff;\">Amor, a chama sem fuma\u00e7a &#8211; Al\u00e9m do mito e da tradi\u00e7\u00e3o\u00a0 <span style=\"color: #000000;\">(00:28:37)<\/span><\/span><\/a><\/p><p><a href=\"https:\/\/rumble.com\/v2yuz86-krishnamurti-com-uma-mente-silenciosa-documentrio.html\" target=\"_blank\" rel=\"noopener\"><span style=\"color: #0000ff;\">Krishnamurti &#8211; Com uma mente silenciosa &#8211; document\u00e1rio\u00a0 <span style=\"color: #000000;\">(01:45:19)<\/span><\/span><\/a><\/p><p><a href=\"https:\/\/rumble.com\/v2pt9gc-krishnamurti-e-a-educao-uma-abordagem-radical.html\" target=\"_blank\" rel=\"noopener\"><span style=\"color: #0000ff;\">Krishnamurti e a educa\u00e7\u00e3o &#8211; uma abordagem radical\u00a0 <span style=\"color: #000000;\">(00:19:51)<\/span><\/span><\/a><\/p><p><a href=\"https:\/\/rumble.com\/v2kx98m-entrevista-com-ross-saunders.html\" target=\"_blank\" rel=\"noopener\"><span style=\"color: #0000ff;\">Entrevista com Ross Saunders. &#8211; 1970\u00a0 <span style=\"color: #000000;\">(00:27:36)<\/span><\/span><\/a><\/p><p><a href=\"https:\/\/rumble.com\/v2kx8cc-entrevista-no-canal-4.html\" target=\"_blank\" rel=\"noopener\"><span style=\"color: #0000ff;\">Entrevista no canal 4 &#8211; 1984\u00a0 <span style=\"color: #000000;\">(00:16:30)<\/span><\/span><\/a><\/p><p><a href=\"https:\/\/rumble.com\/v2kwl66-krishnamurti-entrevista-com-bernard-levin.html\" target=\"_blank\" rel=\"noopener\"><span style=\"color: #0000ff;\">Krishnamurti &#8211; Entrevista com Bernard Levin\u00a0 <span style=\"color: #000000;\">(00:28:39)<\/span><\/span><\/a><\/p><p><a href=\"https:\/\/rumble.com\/v2kwjwa-krishnamurti-um-documentrio.html\" target=\"_blank\" rel=\"noopener\"><span style=\"color: #0000ff;\">J. Krishnamurti &#8211; O messias relutante\u00a0 <span style=\"color: #000000;\">(00:26:39)<\/span><\/span><\/a><\/p><p><a href=\"https:\/\/rumble.com\/v2kwp78-uma-introduo-krishnamurti-documentrio.html\" target=\"_blank\" rel=\"noopener\"><span style=\"color: #0000ff;\">Uma introdu\u00e7\u00e3o \u00e0 Krishnamurti\u00a0 <span style=\"color: #000000;\">(00:16:58)<\/span><\/span><\/a><\/p><p><a href=\"https:\/\/rumble.com\/v3yk9cu-introduo-aos-ensinamentos-de-jiddu-krishnamurti.html\" target=\"_blank\" rel=\"noopener\"><span style=\"color: #0000ff;\">Introdu\u00e7\u00e3o aos ensinamentos de Jiddu Krishnamurti\u00a0 <span style=\"color: #000000;\">(00:32:05)<\/span><\/span><\/a><\/p><p>\u00a0<\/p>\t\t\t\t\t\t\t\t<\/div>\n\t\t\t\t<\/div>\n\t\t\t\t\t<\/div>\n\t\t<\/div>\n\t\t\t\t\t<\/div>\n\t\t<\/section>\n\t\t\t\t<\/div>\n\t\t","protected":false},"excerpt":{"rendered":"<p>Problemas da vida (00:27:41) Percep\u00e7\u00e3o sem escolha &#8211; Al\u00e9m do mito e da tradi\u00e7\u00e3o\u00a0 (00:28:48) O sagrado &#8211; Al\u00e9m do mito e da tradi\u00e7\u00e3o\u00a0 (00:28:44) O espelho do relacionamento &#8211; Al\u00e9m do mito e da tradi\u00e7\u00e3o\u00a0 (00:28:40) O ego violento &#8211; Al\u00e9m do mito e da tradi\u00e7\u00e3o\u00a0 (00:28:35) Morte &#8211; Al\u00e9m do mito e da [&hellip;]<\/p>\n","protected":false},"author":1,"featured_media":0,"parent":0,"menu_order":0,"comment_status":"closed","ping_status":"closed","template":"","meta":{"footnotes":""},"class_list":["post-5075","page","type-page","status-publish","hentry","entry"],"_links":{"self":[{"href":"https:\/\/krishnamurtitextos.com.br\/index.php?rest_route=\/wp\/v2\/pages\/5075","targetHints":{"allow":["GET"]}}],"collection":[{"href":"https:\/\/krishnamurtitextos.com.br\/index.php?rest_route=\/wp\/v2\/pages"}],"about":[{"href":"https:\/\/krishnamurtitextos.com.br\/index.php?rest_route=\/wp\/v2\/types\/page"}],"author":[{"embeddable":true,"href":"https:\/\/krishnamurtitextos.com.br\/index.php?rest_route=\/wp\/v2\/users\/1"}],"replies":[{"embeddable":true,"href":"https:\/\/krishnamurtitextos.com.br\/index.php?rest_route=%2Fwp%2Fv2%2Fcomments&post=5075"}],"version-history":[{"count":7,"href":"https:\/\/krishnamurtitextos.com.br\/index.php?rest_route=\/wp\/v2\/pages\/5075\/revisions"}],"predecessor-version":[{"id":5095,"href":"https:\/\/krishnamurtitextos.com.br\/index.php?rest_route=\/wp\/v2\/pages\/5075\/revisions\/5095"}],"wp:attachment":[{"href":"https:\/\/krishnamurtitextos.com.br\/index.php?rest_route=%2Fwp%2Fv2%2Fmedia&parent=5075"}],"curies":[{"name":"wp","href":"https:\/\/api.w.org\/{rel}","templated":true}]}}