{"id":5010,"date":"2026-01-03T16:23:05","date_gmt":"2026-01-03T16:23:05","guid":{"rendered":"https:\/\/krishnamurtitextos.com.br\/?page_id=5010"},"modified":"2026-01-28T09:58:14","modified_gmt":"2026-01-28T09:58:14","slug":"educacao","status":"publish","type":"page","link":"https:\/\/krishnamurtitextos.com.br\/?page_id=5010","title":{"rendered":"Educa\u00e7\u00e3o"},"content":{"rendered":"\t\t<div data-elementor-type=\"wp-page\" data-elementor-id=\"5010\" class=\"elementor elementor-5010\">\n\t\t\t\t\t\t<section class=\"elementor-section elementor-top-section elementor-element elementor-element-ccb7c27 elementor-section-boxed elementor-section-height-default elementor-section-height-default\" data-id=\"ccb7c27\" data-element_type=\"section\" data-e-type=\"section\">\n\t\t\t\t\t\t<div class=\"elementor-container elementor-column-gap-default\">\n\t\t\t\t\t<div class=\"elementor-column elementor-col-100 elementor-top-column elementor-element elementor-element-6366657\" data-id=\"6366657\" data-element_type=\"column\" data-e-type=\"column\">\n\t\t\t<div class=\"elementor-widget-wrap elementor-element-populated\">\n\t\t\t\t\t\t<div class=\"elementor-element elementor-element-e1d8ce9 elementor-widget elementor-widget-text-editor\" data-id=\"e1d8ce9\" data-element_type=\"widget\" data-e-type=\"widget\" data-widget_type=\"text-editor.default\">\n\t\t\t\t<div class=\"elementor-widget-container\">\n\t\t\t\t\t\t\t\t\t<p><a href=\"https:\/\/rumble.com\/v42afbl-tenho-uma-criana.-como-educ-la-jiddu-krishnamurti.html\" target=\"_blank\" rel=\"noopener\"><span style=\"color: #0000ff;\">Tenho uma crian\u00e7a. Como educ\u00e1-la? <\/span>(00:06:22)<\/a><\/p><p><a href=\"https:\/\/rumble.com\/v42abg9-sobre-a-relao-de-pais-e-professores-para-com-as-crianas-jiddu-krishnamurti.html\" target=\"_blank\" rel=\"noopener\"><span style=\"color: #0000ff;\">Sobre a rela\u00e7\u00e3o de pais e professores para com as crian\u00e7as <\/span>(00:07:21)<\/a><\/p><p><a href=\"https:\/\/rumble.com\/v41x2qq-se-eu-no-compreendo-verdadeiramente-como-posso-traduzir-para-a-criana-jiddu.html\" target=\"_blank\" rel=\"noopener\"><span style=\"color: #0000ff;\">Se eu n\u00e3o compreendo verdadeiramente, como posso traduzir para a crian\u00e7a? <\/span>(00:04:07)<\/a><\/p><p><a href=\"https:\/\/rumble.com\/v41x7ur-se-no-houver-isto-no-tem-sentido-esta-escola-existir-jiddu-krishnamurti.html\" target=\"_blank\" rel=\"noopener\"><span style=\"color: #0000ff;\">Se n\u00e3o houver isto, n\u00e3o tem sentido esta escola existir <\/span>(00:15:50)<\/a><\/p><p><a href=\"https:\/\/rumble.com\/v41qn6h-qual-a-significncia-da-histria-na-educao-dos-jovens-jiddu-krishnamurti.html\" target=\"_blank\" rel=\"noopener\"><span style=\"color: #0000ff;\">Qual a signific\u00e2ncia da hist\u00f3ria na educa\u00e7\u00e3o dos jovens? <\/span>(00:16:06)<\/a><\/p><p><a href=\"https:\/\/rumble.com\/v41qpvu-qual-o-meio-de-vida-correto-quando-crescer-jiddu-krishnamurti.html\" target=\"_blank\" rel=\"noopener\"><span style=\"color: #0000ff;\">Qual \u00e9 o meio de vida correto quando crescer? <\/span>(00:16:24)<\/a><\/p><p><a href=\"https:\/\/rumble.com\/v41qqlo-qual-o-propsito-da-educao-1972-jiddu-krishnamurti.html\" target=\"_blank\" rel=\"noopener\"><span style=\"color: #0000ff;\">Qual \u00e9 o prop\u00f3sito da educa\u00e7\u00e3o? &#8211; 1972<\/span><\/a> (00:59:43)<\/p><p><a href=\"https:\/\/rumble.com\/v41nedr-por-que-somos-educados-1979-jiddu-krishamurti.html\" target=\"_blank\" rel=\"noopener\"><span style=\"color: #0000ff;\">Por que somos educados? &#8211; 1979 <\/span>(00:58:58)<\/a><\/p><p><a href=\"https:\/\/rumble.com\/v418bsz-por-que-existe-a-educao-jiddu-krishnamurti.html\"><span style=\"color: #0000ff;\">Por que existe a educa\u00e7\u00e3o? <\/span>(00:05:54)<\/a><\/p><p><a href=\"https:\/\/rumble.com\/v418b62-por-que-as-crianas-se-comportam-mal-jiddu-krishnamurti.html\" target=\"_blank\" rel=\"noopener\"><span style=\"color: #0000ff;\">Por que as crian\u00e7as se comportam mal? <\/span>(00:03:49)<\/a><\/p><p><a href=\"https:\/\/rumble.com\/v417rtt-pode-existir-este-tipo-de-respeito-nas-escolas-jiddu-krishnamurti.html\" target=\"_blank\" rel=\"noopener\"><span style=\"color: #0000ff;\">Pode existir este tipo de respeito nas escolas? <\/span>(00:03:22)<\/a><\/p><p><a href=\"https:\/\/rumble.com\/v40vr2h-o-que-os-filhos-significam-para-ns-jiddu-krishnamurti.html\" target=\"_blank\" rel=\"noopener\"><span style=\"color: #0000ff;\">O que os filhos significam para n\u00f3s? <\/span>(00:03:52)<\/a><\/p><p><a href=\"https:\/\/rumble.com\/v40vj75-o-que-fizeram-s-crianas-jiddu-krishnamurti.html\" target=\"_blank\" rel=\"noopener\"><span style=\"color: #0000ff;\">O que fizeram \u00e0s crian\u00e7as? <\/span>(00:02:51)<\/a><\/p><p><a href=\"https:\/\/rumble.com\/v40g4xj-o-desafio-da-mensagem-na-prtica-pedaggica.html\" target=\"_blank\" rel=\"noopener\"><span style=\"color: #0000ff;\">O desafio da mensagem na pr\u00e1tica pedag\u00f3gica <\/span>(00:10:45)<\/a><\/p><p><a href=\"https:\/\/rumble.com\/v40g89l-o-futuro-para-os-jovens-jiddu-krishnamurti.html\" target=\"_blank\" rel=\"noopener\"><span style=\"color: #0000ff;\">O futuro para os jovens <\/span>(00:<\/a><a href=\"https:\/\/rumble.com\/v40g89l-o-futuro-para-os-jovens-jiddu-krishnamurti.html\" target=\"_blank\" rel=\"noopener\">02:47)<\/a><\/p><p><a href=\"https:\/\/rumble.com\/v40f9y6-mensagem-s-crianas.-no-se-corrompam-jiddu-krishnamurti.html\" target=\"_blank\" rel=\"noopener\"><span style=\"color: #0000ff;\">Mensagem \u00e0s crian\u00e7as. N\u00e3o se corrompam <\/span>(00:02:50)<\/a><\/p><p><a href=\"https:\/\/rumble.com\/v41qszx-quem-est-preocupado-com-a-totalidade-da-vida-jiddu-krishnamurti.html\" target=\"_blank\" rel=\"noopener\"><span style=\"color: #0000ff;\">O desafio de educar para a totalidade da vida <\/span>(00:09:08)<\/a><\/p><p><a href=\"https:\/\/rumble.com\/v41e0pn-por-que-querem-tanto-ter-filhos-jiddu-krishnamurti.html\" target=\"_blank\" rel=\"noopener\"><span style=\"color: #0000ff;\">Nossos filhos s\u00e3o bonecos para n\u00f3s? <\/span>(00:04:05)<\/a><\/p><p><a href=\"https:\/\/rumble.com\/v3yk71c-falando-com-crianas-sobre-meditao.html\" target=\"_blank\" rel=\"noopener\"><span style=\"color: #0000ff;\">Falando com crian\u00e7as sobre medita\u00e7\u00e3o <\/span>(00:14:21)<\/a><\/p><p><a href=\"https:\/\/rumble.com\/v3xxx4b-entrevista-sobre-o-futuro-das-fundaes-e-escolas-1970.html\" target=\"_blank\" rel=\"noopener\"><span style=\"color: #0000ff;\">Entrevista sobre o futuro das funda\u00e7\u00f5es e escolas &#8211; 1970 <\/span>(00:16:30)<\/a><\/p><p><a href=\"https:\/\/rumble.com\/v3xxwyb-entrevista-a-tanushree-borundia-escola-shibumi-jiddu-krishnamurti.html\" target=\"_blank\" rel=\"noopener\"><span style=\"color: #0000ff;\">Entrevista a Tanushree Borundia &#8211; Escola Shibumi <\/span>(00:38:31)<\/a><\/p><p><a href=\"https:\/\/rumble.com\/v3v8bpo-deem-oportunidade-para-que-a-inteligncia-seja-despertada-em-cada-criana.html\" target=\"_blank\" rel=\"noopener\"><span style=\"color: #0000ff;\">Deem oportunidade para que a intelig\u00eancia seja despertada em cada crian\u00e7a <\/span>(00:03:23)<\/a><\/p><p><a href=\"https:\/\/rumble.com\/v3v8bu0-descubram-o-que-querem-fazer-pelo-resto-da-vida.html\" target=\"_blank\" rel=\"noopener\"><span style=\"color: #0000ff;\">Um outro objetivo para a educa\u00e7\u00e3o <\/span>(00:06:49)<\/a><\/p><p><a href=\"https:\/\/rumble.com\/v3v8bbo-dando-s-crianas-o-que-a-sociedade-no-d.html\" target=\"_blank\" rel=\"noopener\"><span style=\"color: #0000ff;\">Dando \u00e0s crian\u00e7as o que a sociedade n\u00e3o d\u00e1 <\/span>(00:07:52)<\/a><\/p><p><a href=\"https:\/\/rumble.com\/v3v1itk-como-vamos-educar-as-crianas.html\" target=\"_blank\" rel=\"noopener\"><span style=\"color: #0000ff;\">Como vamos educar as crian\u00e7as? <\/span>(00:03:27)<\/a><\/p><p><a href=\"https:\/\/rumble.com\/v3v1jq3-criando-uma-atmosfera-de-observao-na-escola.html\" target=\"_blank\" rel=\"noopener\"><span style=\"color: #0000ff;\">Criando uma atmosfera de observa\u00e7\u00e3o na escola <\/span>(00:05:42)<\/a><\/p><p><a href=\"https:\/\/rumble.com\/v3un57e-como-abordar-e-se-relacionar-com-a-criana.html\" target=\"_blank\" rel=\"noopener\"><span style=\"color: #0000ff;\">Como abordar e se relacionar com a crian\u00e7a <\/span>(00:06:02)<\/a><\/p><p><a href=\"https:\/\/rumble.com\/v3u96he-ama-realmente-os-seus-filhos.html\" target=\"_blank\" rel=\"noopener\"><span style=\"color: #0000ff;\">Ama realmente os seus filhos? <\/span>(00:02:00)<\/a><\/p><p><a href=\"https:\/\/rumble.com\/v3u90uv-as-trs-questes-essenciais-educao.html\" target=\"_blank\" rel=\"noopener\"><span style=\"color: #0000ff;\">As tr\u00eas quest\u00f5es essenciais \u00e0 Educa\u00e7\u00e3o <\/span>(00:05:50)<\/a><\/p><p><a href=\"https:\/\/rumble.com\/v3u93h1-a-educao-enquanto-o-mundo-est-em-chamas.html\" target=\"_blank\" rel=\"noopener\"><span style=\"color: #0000ff;\">A educa\u00e7\u00e3o enquanto o mundo est\u00e1 em chamas <\/span>(00:13:03)<\/a><\/p><p><a href=\"https:\/\/rumble.com\/v3u931c-a-sinceridade-e-abertura-do-verdadeiro-professor.html\" target=\"_blank\" rel=\"noopener\"><span style=\"color: #0000ff;\">A sinceridade e abertura do verdadeiro professor <\/span>(00:03:39)<\/a><\/p><p><a href=\"https:\/\/rumble.com\/v3u8t2z-at-compartilharmos-sem-medo-nunca-caminharemos-juntos-jiddu-krishnamurti.html\" target=\"_blank\" rel=\"noopener\"><span style=\"color: #0000ff;\">Posso conversar com meus alunos sobre inveja? <\/span>(00:02:55)<\/a><\/p><p><a href=\"https:\/\/rumble.com\/v3u8u78-as-crianas-detectam-rapidamente-a-nossa-hipocrisia.html\" target=\"_blank\" rel=\"noopener\"><span style=\"color: #0000ff;\">As crian\u00e7as detectam rapidamente a nossa hipocrisia<\/span> (00:01:48)<\/a><\/p><p><a href=\"https:\/\/rumble.com\/v3u8tlq-a-realidade-dos-atuais-relacionamentos-entre-pais-e-filhos.html\" target=\"_blank\" rel=\"noopener\"><span style=\"color: #0000ff;\">A realidade dos atuais relacionamentos entre pais e filhos <\/span>(00:03:47)<\/a><\/p><p><a href=\"https:\/\/rumble.com\/v3u8vhn-a-presso-para-as-crianas-comerem-carne.html\" target=\"_blank\" rel=\"noopener\"><span style=\"color: #0000ff;\">A press\u00e3o para as crian\u00e7as comerem carne <\/span>(00:03:29)<\/a><\/p><p><a href=\"https:\/\/rumble.com\/v2qpm9g-sobre-a-relao-de-pais-e-professores-para-com-as-crianas.html\" target=\"_blank\" rel=\"noopener\"><span style=\"color: #0000ff;\">O que estamos fazendo com nossas crian\u00e7as? <\/span>(00:07:26)<\/a><\/p><p><a href=\"https:\/\/rumble.com\/v2qplsc-ser-professor-a-profisso-mais-importante-do-mundo.html\" target=\"_blank\" rel=\"noopener\"><span style=\"color: #0000ff;\">Ser professor \u00e9 a profiss\u00e3o mais importante do mundo <\/span>(00:15:16)<\/a><\/p><p><a href=\"https:\/\/rumble.com\/v2qpkig-qula-a-relao-entre-o-autoconhecimento-e-a-educao.html\" target=\"_blank\" rel=\"noopener\"><span style=\"color: #0000ff;\">Qual \u00e9 a rela\u00e7\u00e3o entre o autoconhecimento e a educa\u00e7\u00e3o? <\/span>(00:33:12)<\/a><\/p><p><a href=\"https:\/\/rumble.com\/v2qpjpq-qual-a-significncia-da-histria-na-educao.html\" target=\"_blank\" rel=\"noopener\"><span style=\"color: #0000ff;\">Qual a signific\u00e2ncia da hist\u00f3ria na educa\u00e7\u00e3o do jovens? <\/span>(00:16:06)<\/a><\/p><p><a href=\"https:\/\/rumble.com\/v2q9d44-por-que-querem-tanto-ter-filhos.html\" target=\"_blank\" rel=\"noopener\"><span style=\"color: #0000ff;\">O que queremos dizer com &#8220;educa\u00e7\u00e3o&#8221;?<\/span> (00:04:05)<\/a><\/p>\t\t\t\t\t\t\t\t<\/div>\n\t\t\t\t<\/div>\n\t\t\t\t\t<\/div>\n\t\t<\/div>\n\t\t\t\t\t<\/div>\n\t\t<\/section>\n\t\t\t\t<\/div>\n\t\t","protected":false},"excerpt":{"rendered":"<p>Tenho uma crian\u00e7a. Como educ\u00e1-la? (00:06:22) Sobre a rela\u00e7\u00e3o de pais e professores para com as crian\u00e7as (00:07:21) Se eu n\u00e3o compreendo verdadeiramente, como posso traduzir para a crian\u00e7a? (00:04:07) Se n\u00e3o houver isto, n\u00e3o tem sentido esta escola existir (00:15:50) Qual a signific\u00e2ncia da hist\u00f3ria na educa\u00e7\u00e3o dos jovens? (00:16:06) Qual \u00e9 o meio [&hellip;]<\/p>\n","protected":false},"author":1,"featured_media":0,"parent":0,"menu_order":0,"comment_status":"closed","ping_status":"closed","template":"","meta":{"footnotes":""},"class_list":["post-5010","page","type-page","status-publish","hentry","entry"],"_links":{"self":[{"href":"https:\/\/krishnamurtitextos.com.br\/index.php?rest_route=\/wp\/v2\/pages\/5010","targetHints":{"allow":["GET"]}}],"collection":[{"href":"https:\/\/krishnamurtitextos.com.br\/index.php?rest_route=\/wp\/v2\/pages"}],"about":[{"href":"https:\/\/krishnamurtitextos.com.br\/index.php?rest_route=\/wp\/v2\/types\/page"}],"author":[{"embeddable":true,"href":"https:\/\/krishnamurtitextos.com.br\/index.php?rest_route=\/wp\/v2\/users\/1"}],"replies":[{"embeddable":true,"href":"https:\/\/krishnamurtitextos.com.br\/index.php?rest_route=%2Fwp%2Fv2%2Fcomments&post=5010"}],"version-history":[{"count":46,"href":"https:\/\/krishnamurtitextos.com.br\/index.php?rest_route=\/wp\/v2\/pages\/5010\/revisions"}],"predecessor-version":[{"id":5073,"href":"https:\/\/krishnamurtitextos.com.br\/index.php?rest_route=\/wp\/v2\/pages\/5010\/revisions\/5073"}],"wp:attachment":[{"href":"https:\/\/krishnamurtitextos.com.br\/index.php?rest_route=%2Fwp%2Fv2%2Fmedia&parent=5010"}],"curies":[{"name":"wp","href":"https:\/\/api.w.org\/{rel}","templated":true}]}}