{"id":4981,"date":"2025-12-29T18:11:50","date_gmt":"2025-12-29T18:11:50","guid":{"rendered":"https:\/\/krishnamurtitextos.com.br\/?page_id=4981"},"modified":"2026-02-03T11:05:41","modified_gmt":"2026-02-03T11:05:41","slug":"pensamento","status":"publish","type":"page","link":"https:\/\/krishnamurtitextos.com.br\/?page_id=4981","title":{"rendered":"Pensamento"},"content":{"rendered":"\t\t<div data-elementor-type=\"wp-page\" data-elementor-id=\"4981\" class=\"elementor elementor-4981\">\n\t\t\t\t\t\t<section class=\"elementor-section elementor-top-section elementor-element elementor-element-a0137f5 elementor-section-boxed elementor-section-height-default elementor-section-height-default\" data-id=\"a0137f5\" data-element_type=\"section\" data-e-type=\"section\">\n\t\t\t\t\t\t<div class=\"elementor-container elementor-column-gap-default\">\n\t\t\t\t\t<div class=\"elementor-column elementor-col-100 elementor-top-column elementor-element elementor-element-a75c96e\" data-id=\"a75c96e\" data-element_type=\"column\" data-e-type=\"column\">\n\t\t\t<div class=\"elementor-widget-wrap elementor-element-populated\">\n\t\t\t\t\t\t<div class=\"elementor-element elementor-element-785989e elementor-widget elementor-widget-text-editor\" data-id=\"785989e\" data-element_type=\"widget\" data-e-type=\"widget\" data-widget_type=\"text-editor.default\">\n\t\t\t\t<div class=\"elementor-widget-container\">\n\t\t\t\t\t\t\t\t\t<p><a href=\"https:\/\/rumble.com\/v42aaec-ser-o-tempo-psicolgico-uma-inveno-do-pensamento-1976-jiddu-krishnamurti.html\"><span style=\"color: #0000ff;\">Ser\u00e1 o tempo psicol\u00f3gico uma inven\u00e7\u00e3o do pensamento? &#8211; 1976 <\/span>(01:19:00)<\/a><\/p><p><a href=\"https:\/\/rumble.com\/v42afkc-toda-forma-de-imagem-impede-a-beleza-do-relacionamento-1976-jiddu-krishnamu.html\"><span style=\"color: #0000ff;\">Toda forma de imagem impede a beleza do relacionamento &#8211; 1976 <\/span>(00:56:42)<\/a><\/p><p><a href=\"https:\/\/rumble.com\/v4183vk-por-que-a-mente-fica-tagarelando-1977-jiddu-krishnamurti.html\"><span style=\"color: #0000ff;\">Por que a mente fica tagarelando? &#8211; 1977 <\/span>(01:14:39)<\/a><\/p><p><a href=\"https:\/\/rumble.com\/v417zci-podemos-viver-sem-o-fardo-do-passado-1982-jiddu-krishnamurti.html\"><span style=\"color: #0000ff;\">Podemos viver sem o fardo do passado? &#8211; 1982 <\/span>(01:05:50)<\/a><\/p><p><a href=\"https:\/\/rumble.com\/v417znh-poder-o-crebro-libertar-se-do-conhecido-1980-81-jiddu-krishnamurti.html\"><span style=\"color: #0000ff;\">Poder\u00e1 o c\u00e9rebro libertar-se do conhecido? &#8211; 1980-81 <\/span>(01:20:42)<\/a><\/p><p><a href=\"https:\/\/rumble.com\/v417t5q-pode-o-pensamento-ser-criativo-1984-jiddu-krishnamurti.html\" target=\"_blank\" rel=\"noopener\"><span style=\"color: #0000ff;\">Pode o pensamento ser criativo? &#8211; 1984 <span style=\"color: #000000;\">(01:26:18)<\/span><\/span><\/a><\/p><p><a href=\"https:\/\/rumble.com\/v417skw-pode-o-pensamento-chegar-ao-fim-1984-jiddu-krishnamurti.html\" target=\"_blank\" rel=\"noopener\"><span style=\"color: #0000ff;\">Pode o pensamento chegar ao fim? &#8211; 1984 <span style=\"color: #000000;\">(01:26:06)<\/span><\/span><\/a><\/p><p><a href=\"https:\/\/rumble.com\/v417tdn-pode-o-tagarelar-da-mente-parar-jiddu-krishnamurti.html\" target=\"_blank\" rel=\"noopener\"><span style=\"color: #0000ff;\">Pode o tagarelar da mente parar? <span style=\"color: #000000;\">(00:08:12)<\/span><\/span><\/a><\/p><p>P<a href=\"https:\/\/rumble.com\/v411bmn-pode-a-mente-tornar-se-silenciosa-1971-jiddu-krishnamurti.html\" target=\"_blank\" rel=\"noopener\"><span style=\"color: #0000ff;\">ode a mente tornar-se silenciosa? &#8211; 1971 <span style=\"color: #000000;\">(01:31:17)<\/span><\/span><\/a><\/p><p><a href=\"https:\/\/rumble.com\/v40wow6-o-que-pensa-voc-1971-jiddu-krishnamurti.html\" target=\"_blank\" rel=\"noopener\"><span style=\"color: #0000ff;\">O que pensa, voc\u00ea \u00e9 &#8211; 1971\u00a0<span style=\"color: #000000;\"> (01:38:25)<\/span><\/span><\/a><\/p><p><a href=\"https:\/\/rumble.com\/v40v9gw-o-que-o-pensamento-1984-jiddu-krishnamurti.html\" target=\"_blank\" rel=\"noopener\"><span style=\"color: #0000ff;\">O que \u00e9 o pensamento? &#8211; 1984 <span style=\"color: #000000;\">(01:20:48)<\/span><\/span><\/a><\/p><p><a href=\"https:\/\/rumble.com\/v40qcfz-o-pensamento-pode-perceber-o-todo-1976-jiddu-krishnamurti.html\" target=\"_blank\" rel=\"noopener\"><span style=\"color: #0000ff;\">O pensamento pode perceber o todo? &#8211; 1976 <span style=\"color: #000000;\">(01:28:04)<\/span><\/span><\/a><\/p><p><a href=\"https:\/\/rumble.com\/v40qhyc-o-pensamento-querendo-alcanar-o-silncio-jiddu-krishnamurti.html\" target=\"_blank\" rel=\"noopener\"><span style=\"color: #0000ff;\">O pensamento querendo alcan\u00e7ar o sil\u00eancio<span style=\"color: #000000;\"> (00:08:03)<\/span><\/span><\/a><\/p><p><a href=\"https:\/\/rumble.com\/v40pr6k-o-pensamento-e-o-tempo-so-a-raiz-do-medo-1981-jiddu-krishnamurti.html\" target=\"_blank\" rel=\"noopener\"><span style=\"color: #0000ff;\">O pensamento e o tempo s\u00e3o a raiz do medo &#8211; 1981\u00a0 <span style=\"color: #000000;\">(01:28:03)<\/span><\/span><\/a><\/p><p><a href=\"https:\/\/rumble.com\/v40prfa-o-pensamento-sagrado-jiddu-krishnamurti.html\" target=\"_blank\" rel=\"noopener\"><span style=\"color: #0000ff;\">O pensamento \u00e9 sagrado?\u00a0<span style=\"color: #000000;\"> (00:06:21)<\/span><\/span><\/a><\/p><p><a href=\"https:\/\/rumble.com\/v40gie6-o-pensamento-e-o-tempo-so-a-causa-do-medo-1984-jiddu-krishnamurti.html\" target=\"_blank\" rel=\"noopener\"><span style=\"color: #0000ff;\">O pensamento e o tempo s\u00e3o a causa do medo &#8211; 1984 <span style=\"color: #000000;\">(<\/span><\/span><\/a><span style=\"color: #000000;\"><a style=\"color: #000000;\" href=\"https:\/\/rumble.com\/v40gie6-o-pensamento-e-o-tempo-so-a-causa-do-medo-1984-jiddu-krishnamurti.html\" target=\"_blank\" rel=\"noopener\">00:28:13)<\/a><\/span><\/p><p>\u00a0<\/p>\t\t\t\t\t\t\t\t<\/div>\n\t\t\t\t<\/div>\n\t\t\t\t\t<\/div>\n\t\t<\/div>\n\t\t\t\t\t<\/div>\n\t\t<\/section>\n\t\t\t\t<\/div>\n\t\t","protected":false},"excerpt":{"rendered":"<p>Ser\u00e1 o tempo psicol\u00f3gico uma inven\u00e7\u00e3o do pensamento? &#8211; 1976 (01:19:00) Toda forma de imagem impede a beleza do relacionamento &#8211; 1976 (00:56:42) Por que a mente fica tagarelando? &#8211; 1977 (01:14:39) Podemos viver sem o fardo do passado? &#8211; 1982 (01:05:50) Poder\u00e1 o c\u00e9rebro libertar-se do conhecido? &#8211; 1980-81 (01:20:42) Pode o pensamento ser [&hellip;]<\/p>\n","protected":false},"author":1,"featured_media":0,"parent":0,"menu_order":0,"comment_status":"closed","ping_status":"closed","template":"","meta":{"footnotes":""},"class_list":["post-4981","page","type-page","status-publish","hentry","entry"],"_links":{"self":[{"href":"https:\/\/krishnamurtitextos.com.br\/index.php?rest_route=\/wp\/v2\/pages\/4981","targetHints":{"allow":["GET"]}}],"collection":[{"href":"https:\/\/krishnamurtitextos.com.br\/index.php?rest_route=\/wp\/v2\/pages"}],"about":[{"href":"https:\/\/krishnamurtitextos.com.br\/index.php?rest_route=\/wp\/v2\/types\/page"}],"author":[{"embeddable":true,"href":"https:\/\/krishnamurtitextos.com.br\/index.php?rest_route=\/wp\/v2\/users\/1"}],"replies":[{"embeddable":true,"href":"https:\/\/krishnamurtitextos.com.br\/index.php?rest_route=%2Fwp%2Fv2%2Fcomments&post=4981"}],"version-history":[{"count":13,"href":"https:\/\/krishnamurtitextos.com.br\/index.php?rest_route=\/wp\/v2\/pages\/4981\/revisions"}],"predecessor-version":[{"id":5092,"href":"https:\/\/krishnamurtitextos.com.br\/index.php?rest_route=\/wp\/v2\/pages\/4981\/revisions\/5092"}],"wp:attachment":[{"href":"https:\/\/krishnamurtitextos.com.br\/index.php?rest_route=%2Fwp%2Fv2%2Fmedia&parent=4981"}],"curies":[{"name":"wp","href":"https:\/\/api.w.org\/{rel}","templated":true}]}}