{"id":4879,"date":"2025-02-27T18:35:28","date_gmt":"2025-02-27T18:35:28","guid":{"rendered":"https:\/\/krishnamurtitextos.com.br\/?page_id=4879"},"modified":"2025-02-27T18:37:03","modified_gmt":"2025-02-27T18:37:03","slug":"29-2","status":"publish","type":"page","link":"https:\/\/krishnamurtitextos.com.br\/?page_id=4879","title":{"rendered":"29"},"content":{"rendered":"\t\t<div data-elementor-type=\"wp-page\" data-elementor-id=\"4879\" class=\"elementor elementor-4879\">\n\t\t\t\t\t\t<section class=\"elementor-section elementor-top-section elementor-element elementor-element-18bf0f9 elementor-section-boxed elementor-section-height-default elementor-section-height-default\" data-id=\"18bf0f9\" data-element_type=\"section\" data-e-type=\"section\">\n\t\t\t\t\t\t<div class=\"elementor-container elementor-column-gap-default\">\n\t\t\t\t\t<div class=\"elementor-column elementor-col-100 elementor-top-column elementor-element elementor-element-2e70894\" data-id=\"2e70894\" data-element_type=\"column\" data-e-type=\"column\">\n\t\t\t<div class=\"elementor-widget-wrap elementor-element-populated\">\n\t\t\t\t\t\t<div class=\"elementor-element elementor-element-5c5353f elementor-widget elementor-widget-heading\" data-id=\"5c5353f\" data-element_type=\"widget\" data-e-type=\"widget\" data-widget_type=\"heading.default\">\n\t\t\t\t<div class=\"elementor-widget-container\">\n\t\t\t\t\t<h2 class=\"elementor-heading-title elementor-size-default\"> 3\u00aa Palestra em Buenos Aires - 19 de julho de 1935.<\/h2>\t\t\t\t<\/div>\n\t\t\t\t<\/div>\n\t\t\t\t\t<\/div>\n\t\t<\/div>\n\t\t\t\t\t<\/div>\n\t\t<\/section>\n\t\t\t\t<section class=\"elementor-section elementor-top-section elementor-element elementor-element-852f8ca elementor-section-boxed elementor-section-height-default elementor-section-height-default\" data-id=\"852f8ca\" data-element_type=\"section\" data-e-type=\"section\">\n\t\t\t\t\t\t<div class=\"elementor-container elementor-column-gap-default\">\n\t\t\t\t\t<div class=\"elementor-column elementor-col-100 elementor-top-column elementor-element elementor-element-a5458cf\" data-id=\"a5458cf\" data-element_type=\"column\" data-e-type=\"column\">\n\t\t\t<div class=\"elementor-widget-wrap elementor-element-populated\">\n\t\t\t\t\t\t<div class=\"elementor-element elementor-element-55b0ab5 elementor-widget elementor-widget-text-editor\" data-id=\"55b0ab5\" data-element_type=\"widget\" data-e-type=\"widget\" data-widget_type=\"text-editor.default\">\n\t\t\t\t<div class=\"elementor-widget-container\">\n\t\t\t\t\t\t\t\t\t<p><strong>Pergunta<\/strong>: Se voc\u00ea\u00a0 renunciou a posses, dinheiro, propriedades, como voc\u00ea diz que fez, o que pensa da comiss\u00e3o que organiza sua viagem e vende seus livros no mesmo teatro onde voc\u00ea faz palestras? Voc\u00ea n\u00e3o est\u00e1 tamb\u00e9m explorando e sendo explorado?<\/p><p><strong>Krishnamurti<\/strong>: Nem a comiss\u00e3o nem eu ganhamos dinheiro com estas vendas. O custo de alugar este teatro \u00e9 coberto por alguns amigos. Qualquer dinheiro recebido com a venda destes livros \u00e9 usado na impress\u00e3o de mais livros e panfletos. Como alguns de n\u00f3s achamos que estas ideias ser\u00e3o de grande ajuda para o homem, desejamos difundi-las, e para mim este desejo n\u00e3o \u00e9 explora\u00e7\u00e3o. Voc\u00ea n\u00e3o precisa comprar os livros, nem precisa vir \u00e0s palestras. (Aplauso) Voc\u00ea n\u00e3o vai perder uma oportunidade espiritual n\u00e3o vindo aqui.<\/p><p>Explora\u00e7\u00e3o existe quando uma pessoa, ou algum valor ou ideia n\u00e3o questionada, domina e empurra voc\u00ea, sutilmente ou rudemente, em dire\u00e7\u00e3o a uma a\u00e7\u00e3o particular. O que estamos tentando fazer \u00e9 ajud\u00e1-lo a despertar sua pr\u00f3pria intelig\u00eancia de modo que voc\u00ea possa perceber por si mesmo a causa fundamental que cria sofrimento. Se voc\u00ea n\u00e3o percebe por si mesmo e se liberta de todas essas limita\u00e7\u00f5es que esmagam sua mente e cora\u00e7\u00e3o, n\u00e3o pode haver verdadeira felicidade ou intelig\u00eancia.<\/p><p>.<\/p>\t\t\t\t\t\t\t\t<\/div>\n\t\t\t\t<\/div>\n\t\t\t\t\t<\/div>\n\t\t<\/div>\n\t\t\t\t\t<\/div>\n\t\t<\/section>\n\t\t\t\t<\/div>\n\t\t","protected":false},"excerpt":{"rendered":"<p>3\u00aa Palestra em Buenos Aires &#8211; 19 de julho de 1935. Pergunta: Se voc\u00ea\u00a0 renunciou a posses, dinheiro, propriedades, como voc\u00ea diz que fez, o que pensa da comiss\u00e3o que organiza sua viagem e vende seus livros no mesmo teatro onde voc\u00ea faz palestras? Voc\u00ea n\u00e3o est\u00e1 tamb\u00e9m explorando e sendo explorado? Krishnamurti: Nem a [&hellip;]<\/p>\n","protected":false},"author":1,"featured_media":0,"parent":0,"menu_order":0,"comment_status":"closed","ping_status":"closed","template":"","meta":{"footnotes":""},"class_list":["post-4879","page","type-page","status-publish","hentry","entry"],"_links":{"self":[{"href":"https:\/\/krishnamurtitextos.com.br\/index.php?rest_route=\/wp\/v2\/pages\/4879","targetHints":{"allow":["GET"]}}],"collection":[{"href":"https:\/\/krishnamurtitextos.com.br\/index.php?rest_route=\/wp\/v2\/pages"}],"about":[{"href":"https:\/\/krishnamurtitextos.com.br\/index.php?rest_route=\/wp\/v2\/types\/page"}],"author":[{"embeddable":true,"href":"https:\/\/krishnamurtitextos.com.br\/index.php?rest_route=\/wp\/v2\/users\/1"}],"replies":[{"embeddable":true,"href":"https:\/\/krishnamurtitextos.com.br\/index.php?rest_route=%2Fwp%2Fv2%2Fcomments&post=4879"}],"version-history":[{"count":4,"href":"https:\/\/krishnamurtitextos.com.br\/index.php?rest_route=\/wp\/v2\/pages\/4879\/revisions"}],"predecessor-version":[{"id":4883,"href":"https:\/\/krishnamurtitextos.com.br\/index.php?rest_route=\/wp\/v2\/pages\/4879\/revisions\/4883"}],"wp:attachment":[{"href":"https:\/\/krishnamurtitextos.com.br\/index.php?rest_route=%2Fwp%2Fv2%2Fmedia&parent=4879"}],"curies":[{"name":"wp","href":"https:\/\/api.w.org\/{rel}","templated":true}]}}