{"id":4871,"date":"2025-02-27T18:33:40","date_gmt":"2025-02-27T18:33:40","guid":{"rendered":"https:\/\/krishnamurtitextos.com.br\/?page_id=4871"},"modified":"2025-02-27T18:34:47","modified_gmt":"2025-02-27T18:34:47","slug":"28-2","status":"publish","type":"page","link":"https:\/\/krishnamurtitextos.com.br\/?page_id=4871","title":{"rendered":"28"},"content":{"rendered":"\t\t<div data-elementor-type=\"wp-page\" data-elementor-id=\"4871\" class=\"elementor elementor-4871\">\n\t\t\t\t\t\t<section class=\"elementor-section elementor-top-section elementor-element elementor-element-d40b62d elementor-section-boxed elementor-section-height-default elementor-section-height-default\" data-id=\"d40b62d\" data-element_type=\"section\" data-e-type=\"section\">\n\t\t\t\t\t\t<div class=\"elementor-container elementor-column-gap-default\">\n\t\t\t\t\t<div class=\"elementor-column elementor-col-100 elementor-top-column elementor-element elementor-element-58ad30d\" data-id=\"58ad30d\" data-element_type=\"column\" data-e-type=\"column\">\n\t\t\t<div class=\"elementor-widget-wrap elementor-element-populated\">\n\t\t\t\t\t\t<div class=\"elementor-element elementor-element-9037a3a elementor-widget elementor-widget-heading\" data-id=\"9037a3a\" data-element_type=\"widget\" data-e-type=\"widget\" data-widget_type=\"heading.default\">\n\t\t\t\t<div class=\"elementor-widget-container\">\n\t\t\t\t\t<h2 class=\"elementor-heading-title elementor-size-default\">Palestra na Universidade, Montevideo - 6 de julho de 1935.<\/h2>\t\t\t\t<\/div>\n\t\t\t\t<\/div>\n\t\t\t\t\t<\/div>\n\t\t<\/div>\n\t\t\t\t\t<\/div>\n\t\t<\/section>\n\t\t\t\t<section class=\"elementor-section elementor-top-section elementor-element elementor-element-7d1105e elementor-section-boxed elementor-section-height-default elementor-section-height-default\" data-id=\"7d1105e\" data-element_type=\"section\" data-e-type=\"section\">\n\t\t\t\t\t\t<div class=\"elementor-container elementor-column-gap-default\">\n\t\t\t\t\t<div class=\"elementor-column elementor-col-100 elementor-top-column elementor-element elementor-element-92ca90f\" data-id=\"92ca90f\" data-element_type=\"column\" data-e-type=\"column\">\n\t\t\t<div class=\"elementor-widget-wrap elementor-element-populated\">\n\t\t\t\t\t\t<div class=\"elementor-element elementor-element-049a7c4 elementor-widget elementor-widget-text-editor\" data-id=\"049a7c4\" data-element_type=\"widget\" data-e-type=\"widget\" data-widget_type=\"text-editor.default\">\n\t\t\t\t<div class=\"elementor-widget-container\">\n\t\t\t\t\t\t\t\t\t<p><strong>Pergunta<\/strong>: Qual seria o real prop\u00f3sito da educa\u00e7\u00e3o?<\/p><p><strong>Krishnamurti<\/strong>: Se voc\u00ea pensa que o homem n\u00e3o \u00e9 mais do que uma m\u00e1quina, barro para ser modelado, ser moldado segundo um padr\u00e3o particular, ent\u00e3o voc\u00ea deve ter implac\u00e1vel compuls\u00e3o, rigorosa disciplina porque assim n\u00e3o vai querer despertar a intelig\u00eancia individual, o pensar criativo, mas simplesmente quer que o indiv\u00edduo seja condicionado em um sistema particular. \u00c9 isso que vem acontecendo mundo afora, em alguns casos sutilmente, em outros de forma grosseira. Voc\u00ea v\u00ea a compuls\u00e3o em v\u00e1rias formas sendo exercida sobre os seres humanos, e, gradualmente, destruindo sua intelig\u00eancia, sua realiza\u00e7\u00e3o.<\/p><p>Muitos de voc\u00eas que t\u00eam inclina\u00e7\u00e3o religiosa, e falam sobre Deus e imortalidade, n\u00e3o creem fundamentalmente na realiza\u00e7\u00e3o individual, porque na pr\u00f3pria estrutura do pensamento religioso, atrav\u00e9s do medo, voc\u00ea permite a compuls\u00e3o e a imposi\u00e7\u00e3o. Ou deve haver a realiza\u00e7\u00e3o individual, ou a completa mecaniza\u00e7\u00e3o do homem; n\u00e3o pode haver ajustamento entre os dois. Voc\u00ea n\u00e3o pode dizer que o homem deve se adequar a um padr\u00e3o, deve ceder, seguir, obedecer, ter autoridade, e ao mesmo tempo pensar que ele \u00e9 uma entidade espiritual.<\/p><p>Uma vez que voc\u00ea come\u00e7a a compreender o profundo significado da vida humana, ent\u00e3o haver\u00e1 verdadeira educa\u00e7\u00e3o. Mas para compreender isto, a mente deve libertar-se da autoridade e tradi\u00e7\u00e3o discernindo seu verdadeiro significado. As quest\u00f5es superficiais a respeito disto ser\u00e3o respondidas quando voc\u00ea mergulhar profundamente em todas as sutilezas da autoridade. Deve haver inevitavelmente uma forma sutil ou grosseira de compuls\u00e3o quando a mente est\u00e1 buscando seguran\u00e7a, abrigo. Assim, a mente que se libertaria da compuls\u00e3o n\u00e3o deve buscar a limita\u00e7\u00e3o da seguran\u00e7a, da certeza. Para compreender o profundo significado da autoridade e da compuls\u00e3o, voc\u00ea precisa de pensamento muito delicado e cuidadoso.<\/p>\t\t\t\t\t\t\t\t<\/div>\n\t\t\t\t<\/div>\n\t\t\t\t\t<\/div>\n\t\t<\/div>\n\t\t\t\t\t<\/div>\n\t\t<\/section>\n\t\t\t\t<\/div>\n\t\t","protected":false},"excerpt":{"rendered":"<p>Palestra na Universidade, Montevideo &#8211; 6 de julho de 1935. Pergunta: Qual seria o real prop\u00f3sito da educa\u00e7\u00e3o? Krishnamurti: Se voc\u00ea pensa que o homem n\u00e3o \u00e9 mais do que uma m\u00e1quina, barro para ser modelado, ser moldado segundo um padr\u00e3o particular, ent\u00e3o voc\u00ea deve ter implac\u00e1vel compuls\u00e3o, rigorosa disciplina porque assim n\u00e3o vai querer [&hellip;]<\/p>\n","protected":false},"author":1,"featured_media":0,"parent":0,"menu_order":0,"comment_status":"closed","ping_status":"closed","template":"","meta":{"footnotes":""},"class_list":["post-4871","page","type-page","status-publish","hentry","entry"],"_links":{"self":[{"href":"https:\/\/krishnamurtitextos.com.br\/index.php?rest_route=\/wp\/v2\/pages\/4871","targetHints":{"allow":["GET"]}}],"collection":[{"href":"https:\/\/krishnamurtitextos.com.br\/index.php?rest_route=\/wp\/v2\/pages"}],"about":[{"href":"https:\/\/krishnamurtitextos.com.br\/index.php?rest_route=\/wp\/v2\/types\/page"}],"author":[{"embeddable":true,"href":"https:\/\/krishnamurtitextos.com.br\/index.php?rest_route=\/wp\/v2\/users\/1"}],"replies":[{"embeddable":true,"href":"https:\/\/krishnamurtitextos.com.br\/index.php?rest_route=%2Fwp%2Fv2%2Fcomments&post=4871"}],"version-history":[{"count":4,"href":"https:\/\/krishnamurtitextos.com.br\/index.php?rest_route=\/wp\/v2\/pages\/4871\/revisions"}],"predecessor-version":[{"id":4875,"href":"https:\/\/krishnamurtitextos.com.br\/index.php?rest_route=\/wp\/v2\/pages\/4871\/revisions\/4875"}],"wp:attachment":[{"href":"https:\/\/krishnamurtitextos.com.br\/index.php?rest_route=%2Fwp%2Fv2%2Fmedia&parent=4871"}],"curies":[{"name":"wp","href":"https:\/\/api.w.org\/{rel}","templated":true}]}}