{"id":4864,"date":"2025-02-27T18:25:54","date_gmt":"2025-02-27T18:25:54","guid":{"rendered":"https:\/\/krishnamurtitextos.com.br\/?page_id=4864"},"modified":"2025-02-27T18:32:40","modified_gmt":"2025-02-27T18:32:40","slug":"27-2","status":"publish","type":"page","link":"https:\/\/krishnamurtitextos.com.br\/?page_id=4864","title":{"rendered":"27"},"content":{"rendered":"\t\t<div data-elementor-type=\"wp-page\" data-elementor-id=\"4864\" class=\"elementor elementor-4864\">\n\t\t\t\t\t\t<section class=\"elementor-section elementor-top-section elementor-element elementor-element-a8c567a elementor-section-boxed elementor-section-height-default elementor-section-height-default\" data-id=\"a8c567a\" data-element_type=\"section\" data-e-type=\"section\">\n\t\t\t\t\t\t<div class=\"elementor-container elementor-column-gap-default\">\n\t\t\t\t\t<div class=\"elementor-column elementor-col-100 elementor-top-column elementor-element elementor-element-e6e07cb\" data-id=\"e6e07cb\" data-element_type=\"column\" data-e-type=\"column\">\n\t\t\t<div class=\"elementor-widget-wrap elementor-element-populated\">\n\t\t\t\t\t\t<div class=\"elementor-element elementor-element-5daa463 elementor-widget elementor-widget-heading\" data-id=\"5daa463\" data-element_type=\"widget\" data-e-type=\"widget\" data-widget_type=\"heading.default\">\n\t\t\t\t<div class=\"elementor-widget-container\">\n\t\t\t\t\t<h2 class=\"elementor-heading-title elementor-size-default\">2\u00aa Palestra em Montevideo - 26 de junho de 1935.<\/h2>\t\t\t\t<\/div>\n\t\t\t\t<\/div>\n\t\t\t\t\t<\/div>\n\t\t<\/div>\n\t\t\t\t\t<\/div>\n\t\t<\/section>\n\t\t\t\t<section class=\"elementor-section elementor-top-section elementor-element elementor-element-de1a9c4 elementor-section-boxed elementor-section-height-default elementor-section-height-default\" data-id=\"de1a9c4\" data-element_type=\"section\" data-e-type=\"section\">\n\t\t\t\t\t\t<div class=\"elementor-container elementor-column-gap-default\">\n\t\t\t\t\t<div class=\"elementor-column elementor-col-100 elementor-top-column elementor-element elementor-element-f9e1d2f\" data-id=\"f9e1d2f\" data-element_type=\"column\" data-e-type=\"column\">\n\t\t\t<div class=\"elementor-widget-wrap elementor-element-populated\">\n\t\t\t\t\t\t<div class=\"elementor-element elementor-element-f8a976f elementor-widget elementor-widget-text-editor\" data-id=\"f8a976f\" data-element_type=\"widget\" data-e-type=\"widget\" data-widget_type=\"text-editor.default\">\n\t\t\t\t<div class=\"elementor-widget-container\">\n\t\t\t\t\t\t\t\t\t<p style=\"text-align: left;\" align=\"center\"><strong>Pergunta<\/strong>: Voc\u00ea acredita que um homem de baixa cultura, oprimido, ganhando um sal\u00e1rio miser\u00e1vel, com esposa e filhos para sustentar pode se salvar espiritualmente e economicamente sem ajuda e orienta\u00e7\u00e3o?<\/p><p style=\"text-align: left;\" align=\"center\"><strong>Krishnamurti<\/strong>: Economicamente, o homem com certeza n\u00e3o pode ser individualista, o que ele tem sido atrav\u00e9s desses muitos s\u00e9culos, causando caos, explora\u00e7\u00e3o e mis\u00e9ria. Mas espiritualmente, se posso usar essa palavra t\u00e3o explorada, ele deve ser um completo indiv\u00edduo. Ou seja, quando ele come\u00e7a a descobrir por si mesmo e descartar os falsos valores que estabeleceu em sua busca por seguran\u00e7a e prote\u00e7\u00e3o, ele desperta em si mesmo a verdadeira intelig\u00eancia. Presentemente, ele est\u00e1 sendo levado cruelmente por este falso sistema individualista.<\/p><p style=\"text-align: left;\" align=\"center\">Quando voc\u00ea come\u00e7a voluntariamente a questionar, investigar e descartar os falsos valores que as religi\u00f5es e a ang\u00fastia estabeleceram, desperta para aquela intelig\u00eancia \u00fanica que \u00e9 a coopera\u00e7\u00e3o criativa, e n\u00e3o compuls\u00f3ria, um ajustamento escravista. Sem essa intelig\u00eancia voc\u00ea age meramente como muitas m\u00e1quinas.<\/p><p style=\"text-align: left;\" align=\"center\">Para a mudan\u00e7a fundamental que provocar\u00e1 a coopera\u00e7\u00e3o coletiva, deve haver completa, verdadeira e individual liberdade de pensamento mas isto \u00e9 uma das coisas mais dif\u00edceis de se realizar. Pois fomos treinados atrav\u00e9s dos s\u00e9culos a obedecer e nos adaptar a um padr\u00e3o. O desejo de criar autoridade e segui-la \u00e9 sutilmente enraizado em n\u00f3s. Quando h\u00e1 um problema, buscamos ajuda, que \u00e9 facilmente encontrada. Assim, gradualmente e quase inconscientemente estabelecemos a autoridade, a qual nos entregamos completamente, at\u00e9 n\u00e3o haver pensamento fora do sistema, fora das tradi\u00e7\u00f5es e ideias estabelecidas.<\/p><p style=\"text-align: left;\" align=\"center\">Ora, o interrogante quer saber se um homem de estado inferior, educa\u00e7\u00e3o inferior, pode realizar essa intelig\u00eancia espiritual e verdadeira, essa singularidade. Ele pode se come\u00e7ar a questionar vigorosamente e descobrir o significado dos valores estabelecidos, e assim, liberar o pensamento criativo. Infelizmente, tais pessoas t\u00eam muito pouco tempo para si mesmas, est\u00e3o sobrecarregadas, exaustas no final do dia. Mas voc\u00ea que se sup\u00f5e ser educado, que tem lazer, pode cuidar que estes outros tenham tamb\u00e9m o ambiente correto para viverem e pensarem e que n\u00e3o sejam incessantemente enganados e explorados.<\/p><p style=\"text-align: left;\" align=\"center\">A profunda qualidade da intelig\u00eancia n\u00e3o \u00e9 encontrada simplesmente pela educa\u00e7\u00e3o; n\u00e3o \u00e9 resultado da obedi\u00eancia servil \u00e0 autoridade, mas acontece pela diligente descoberta de valores corretos. Quando houver tal singular intelig\u00eancia, ent\u00e3o n\u00e3o haver\u00e1 explora\u00e7\u00e3o, domina\u00e7\u00e3o, e a busca cruel do sucesso ego\u00edsta.<\/p>\t\t\t\t\t\t\t\t<\/div>\n\t\t\t\t<\/div>\n\t\t\t\t\t<\/div>\n\t\t<\/div>\n\t\t\t\t\t<\/div>\n\t\t<\/section>\n\t\t\t\t<\/div>\n\t\t","protected":false},"excerpt":{"rendered":"<p>2\u00aa Palestra em Montevideo &#8211; 26 de junho de 1935. Pergunta: Voc\u00ea acredita que um homem de baixa cultura, oprimido, ganhando um sal\u00e1rio miser\u00e1vel, com esposa e filhos para sustentar pode se salvar espiritualmente e economicamente sem ajuda e orienta\u00e7\u00e3o? Krishnamurti: Economicamente, o homem com certeza n\u00e3o pode ser individualista, o que ele tem sido [&hellip;]<\/p>\n","protected":false},"author":1,"featured_media":0,"parent":0,"menu_order":0,"comment_status":"closed","ping_status":"closed","template":"","meta":{"footnotes":""},"class_list":["post-4864","page","type-page","status-publish","hentry","entry"],"_links":{"self":[{"href":"https:\/\/krishnamurtitextos.com.br\/index.php?rest_route=\/wp\/v2\/pages\/4864","targetHints":{"allow":["GET"]}}],"collection":[{"href":"https:\/\/krishnamurtitextos.com.br\/index.php?rest_route=\/wp\/v2\/pages"}],"about":[{"href":"https:\/\/krishnamurtitextos.com.br\/index.php?rest_route=\/wp\/v2\/types\/page"}],"author":[{"embeddable":true,"href":"https:\/\/krishnamurtitextos.com.br\/index.php?rest_route=\/wp\/v2\/users\/1"}],"replies":[{"embeddable":true,"href":"https:\/\/krishnamurtitextos.com.br\/index.php?rest_route=%2Fwp%2Fv2%2Fcomments&post=4864"}],"version-history":[{"count":3,"href":"https:\/\/krishnamurtitextos.com.br\/index.php?rest_route=\/wp\/v2\/pages\/4864\/revisions"}],"predecessor-version":[{"id":4867,"href":"https:\/\/krishnamurtitextos.com.br\/index.php?rest_route=\/wp\/v2\/pages\/4864\/revisions\/4867"}],"wp:attachment":[{"href":"https:\/\/krishnamurtitextos.com.br\/index.php?rest_route=%2Fwp%2Fv2%2Fmedia&parent=4864"}],"curies":[{"name":"wp","href":"https:\/\/api.w.org\/{rel}","templated":true}]}}