{"id":4856,"date":"2025-02-27T18:22:38","date_gmt":"2025-02-27T18:22:38","guid":{"rendered":"https:\/\/krishnamurtitextos.com.br\/?page_id=4856"},"modified":"2025-02-27T18:24:00","modified_gmt":"2025-02-27T18:24:00","slug":"26-2","status":"publish","type":"page","link":"https:\/\/krishnamurtitextos.com.br\/?page_id=4856","title":{"rendered":"26"},"content":{"rendered":"\t\t<div data-elementor-type=\"wp-page\" data-elementor-id=\"4856\" class=\"elementor elementor-4856\">\n\t\t\t\t\t\t<section class=\"elementor-section elementor-top-section elementor-element elementor-element-95baae0 elementor-section-boxed elementor-section-height-default elementor-section-height-default\" data-id=\"95baae0\" data-element_type=\"section\" data-e-type=\"section\">\n\t\t\t\t\t\t<div class=\"elementor-container elementor-column-gap-default\">\n\t\t\t\t\t<div class=\"elementor-column elementor-col-100 elementor-top-column elementor-element elementor-element-fa6e002\" data-id=\"fa6e002\" data-element_type=\"column\" data-e-type=\"column\">\n\t\t\t<div class=\"elementor-widget-wrap elementor-element-populated\">\n\t\t\t\t\t\t<div class=\"elementor-element elementor-element-994915b elementor-widget elementor-widget-heading\" data-id=\"994915b\" data-element_type=\"widget\" data-e-type=\"widget\" data-widget_type=\"heading.default\">\n\t\t\t\t<div class=\"elementor-widget-container\">\n\t\t\t\t\t<h2 class=\"elementor-heading-title elementor-size-default\">4\u00aa Palestra no Rio de Janeiro - 10 de maio de 1935.<\/h2>\t\t\t\t<\/div>\n\t\t\t\t<\/div>\n\t\t\t\t\t<\/div>\n\t\t<\/div>\n\t\t\t\t\t<\/div>\n\t\t<\/section>\n\t\t\t\t<section class=\"elementor-section elementor-top-section elementor-element elementor-element-b2ab152 elementor-section-boxed elementor-section-height-default elementor-section-height-default\" data-id=\"b2ab152\" data-element_type=\"section\" data-e-type=\"section\">\n\t\t\t\t\t\t<div class=\"elementor-container elementor-column-gap-default\">\n\t\t\t\t\t<div class=\"elementor-column elementor-col-100 elementor-top-column elementor-element elementor-element-1647807\" data-id=\"1647807\" data-element_type=\"column\" data-e-type=\"column\">\n\t\t\t<div class=\"elementor-widget-wrap elementor-element-populated\">\n\t\t\t\t\t\t<div class=\"elementor-element elementor-element-ecbb6ba elementor-widget elementor-widget-text-editor\" data-id=\"ecbb6ba\" data-element_type=\"widget\" data-e-type=\"widget\" data-widget_type=\"text-editor.default\">\n\t\t\t\t<div class=\"elementor-widget-container\">\n\t\t\t\t\t\t\t\t\t<p><strong>Pergunta<\/strong>: Deus existe?<\/p><p><strong>Krishnamurti<\/strong>: Eu me pergunto que valor teria se eu dissesse sim ou n\u00e3o. Negar ou afirmar n\u00e3o revelaria a realidade. Tem-se que descobrir por si mesmo, portanto voc\u00ea n\u00e3o pode aceitar ou negar. Se eu dissesse sim, o que aconteceria? Seria outra cren\u00e7a para ser adicionada ao seu museu de cren\u00e7as. Se eu disser n\u00e3o, isto tamb\u00e9m pertenceria a um museu, de outro tipo. De uma forma ou de outra, n\u00e3o \u00e9 de import\u00e2ncia para voc\u00ea. Se eu dissesse sim, eu me tornaria uma autoridade, e voc\u00ea poderia talvez moldar sua vida sobre esse padr\u00e3o; se eu disser n\u00e3o, isso tamb\u00e9m fixaria um padr\u00e3o. Voc\u00ea n\u00e3o pode abordar esse problema \u2013 se existe Deus ou n\u00e3o \u2013 com qualquer preconceito tanto a favor como contra. O que voc\u00ea pode fazer \u00e9 preparar o solo da mente e ver o que acontece, isto \u00e9, deixe a mente libertar-se de todas as ilus\u00f5es, de todos os medos, preconceitos, e saudades, e ficar sem qualquer expectativa, qualquer que seja; ent\u00e3o esta mente pode discernir se existe Deus ou n\u00e3o. Tem-se uma mente especulativa, e por divers\u00e3o tenta-se resolver esta quest\u00e3o; mas essa mente n\u00e3o pode encontrar a resposta verdadeira. Tudo que voc\u00ea pode fazer \u00e9 transpor a falsidade, as ilus\u00f5es que voc\u00ea criou sobre voc\u00ea mesmo. E isto demanda, n\u00e3o uma investiga\u00e7\u00e3o sobre a exist\u00eancia de Deus, mas a a\u00e7\u00e3o da completude, de todo seu ser, no presente.<\/p>\t\t\t\t\t\t\t\t<\/div>\n\t\t\t\t<\/div>\n\t\t\t\t\t<\/div>\n\t\t<\/div>\n\t\t\t\t\t<\/div>\n\t\t<\/section>\n\t\t\t\t<\/div>\n\t\t","protected":false},"excerpt":{"rendered":"<p>4\u00aa Palestra no Rio de Janeiro &#8211; 10 de maio de 1935. Pergunta: Deus existe? Krishnamurti: Eu me pergunto que valor teria se eu dissesse sim ou n\u00e3o. Negar ou afirmar n\u00e3o revelaria a realidade. Tem-se que descobrir por si mesmo, portanto voc\u00ea n\u00e3o pode aceitar ou negar. Se eu dissesse sim, o que aconteceria? [&hellip;]<\/p>\n","protected":false},"author":1,"featured_media":0,"parent":0,"menu_order":0,"comment_status":"closed","ping_status":"closed","template":"","meta":{"footnotes":""},"class_list":["post-4856","page","type-page","status-publish","hentry","entry"],"_links":{"self":[{"href":"https:\/\/krishnamurtitextos.com.br\/index.php?rest_route=\/wp\/v2\/pages\/4856","targetHints":{"allow":["GET"]}}],"collection":[{"href":"https:\/\/krishnamurtitextos.com.br\/index.php?rest_route=\/wp\/v2\/pages"}],"about":[{"href":"https:\/\/krishnamurtitextos.com.br\/index.php?rest_route=\/wp\/v2\/types\/page"}],"author":[{"embeddable":true,"href":"https:\/\/krishnamurtitextos.com.br\/index.php?rest_route=\/wp\/v2\/users\/1"}],"replies":[{"embeddable":true,"href":"https:\/\/krishnamurtitextos.com.br\/index.php?rest_route=%2Fwp%2Fv2%2Fcomments&post=4856"}],"version-history":[{"count":4,"href":"https:\/\/krishnamurtitextos.com.br\/index.php?rest_route=\/wp\/v2\/pages\/4856\/revisions"}],"predecessor-version":[{"id":4860,"href":"https:\/\/krishnamurtitextos.com.br\/index.php?rest_route=\/wp\/v2\/pages\/4856\/revisions\/4860"}],"wp:attachment":[{"href":"https:\/\/krishnamurtitextos.com.br\/index.php?rest_route=%2Fwp%2Fv2%2Fmedia&parent=4856"}],"curies":[{"name":"wp","href":"https:\/\/api.w.org\/{rel}","templated":true}]}}