{"id":4850,"date":"2025-02-27T18:20:31","date_gmt":"2025-02-27T18:20:31","guid":{"rendered":"https:\/\/krishnamurtitextos.com.br\/?page_id=4850"},"modified":"2025-02-27T18:21:44","modified_gmt":"2025-02-27T18:21:44","slug":"25-2","status":"publish","type":"page","link":"https:\/\/krishnamurtitextos.com.br\/?page_id=4850","title":{"rendered":"25"},"content":{"rendered":"\t\t<div data-elementor-type=\"wp-page\" data-elementor-id=\"4850\" class=\"elementor elementor-4850\">\n\t\t\t\t\t\t<section class=\"elementor-section elementor-top-section elementor-element elementor-element-6ece236 elementor-section-boxed elementor-section-height-default elementor-section-height-default\" data-id=\"6ece236\" data-element_type=\"section\" data-e-type=\"section\">\n\t\t\t\t\t\t<div class=\"elementor-container elementor-column-gap-default\">\n\t\t\t\t\t<div class=\"elementor-column elementor-col-100 elementor-top-column elementor-element elementor-element-bfb7e3b\" data-id=\"bfb7e3b\" data-element_type=\"column\" data-e-type=\"column\">\n\t\t\t<div class=\"elementor-widget-wrap elementor-element-populated\">\n\t\t\t\t\t\t<div class=\"elementor-element elementor-element-ff3dbfb elementor-widget elementor-widget-heading\" data-id=\"ff3dbfb\" data-element_type=\"widget\" data-e-type=\"widget\" data-widget_type=\"heading.default\">\n\t\t\t\t<div class=\"elementor-widget-container\">\n\t\t\t\t\t<h2 class=\"elementor-heading-title elementor-size-default\">2\u00aa palestra em S\u00e3o Paulo - 24 de abril de 1935.<\/h2>\t\t\t\t<\/div>\n\t\t\t\t<\/div>\n\t\t\t\t\t<\/div>\n\t\t<\/div>\n\t\t\t\t\t<\/div>\n\t\t<\/section>\n\t\t\t\t<section class=\"elementor-section elementor-top-section elementor-element elementor-element-8fcbc1d elementor-section-boxed elementor-section-height-default elementor-section-height-default\" data-id=\"8fcbc1d\" data-element_type=\"section\" data-e-type=\"section\">\n\t\t\t\t\t\t<div class=\"elementor-container elementor-column-gap-default\">\n\t\t\t\t\t<div class=\"elementor-column elementor-col-100 elementor-top-column elementor-element elementor-element-6a1e723\" data-id=\"6a1e723\" data-element_type=\"column\" data-e-type=\"column\">\n\t\t\t<div class=\"elementor-widget-wrap elementor-element-populated\">\n\t\t\t\t\t\t<div class=\"elementor-element elementor-element-a4e8030 elementor-widget elementor-widget-text-editor\" data-id=\"a4e8030\" data-element_type=\"widget\" data-e-type=\"widget\" data-widget_type=\"text-editor.default\">\n\t\t\t\t<div class=\"elementor-widget-container\">\n\t\t\t\t\t\t\t\t\t<p><strong>Pergunta<\/strong>: Voc\u00ea \u00e9 contra a institui\u00e7\u00e3o da fam\u00edlia?<\/p><p><strong>Krishnamurti<\/strong>: Eu sou, se a fam\u00edlia \u00e9 o centro da explora\u00e7\u00e3o, se ela est\u00e1 baseada em explora\u00e7\u00e3o. (Aplausos) Por favor, qual a vantagem de meramente concordar comigo? Voc\u00ea deve agir para alterar isto. O desejo de perpetua\u00e7\u00e3o cria a fam\u00edlia que torna-se o centro da explora\u00e7\u00e3o. Ent\u00e3o a pergunta correta seria realmente: pode-se viver sem explora\u00e7\u00e3o? N\u00e3o, se a vida em fam\u00edlia \u00e9 certa ou errada, n\u00e3o, se ter filhos \u00e9 certo ou errado, mas se fam\u00edlia, posses, poder n\u00e3o s\u00e3o o resultado do desejo por seguran\u00e7a, autoperpetua\u00e7\u00e3o. Enquanto houver desejo, a fam\u00edlia torna-se o centro da explora\u00e7\u00e3o.<\/p><p>Podemos alguma vez viver sem explora\u00e7\u00e3o? Eu digo que podemos. Haver\u00e1 explora\u00e7\u00e3o enquanto houver luta por autoprote\u00e7\u00e3o; enquanto a mente estiver procurando por seguran\u00e7a, conforto \u2013 por meio da fam\u00edlia, religi\u00e3o, autoridade ou tradi\u00e7\u00e3o \u2013 haver\u00e1 explora\u00e7\u00e3o. E a explora\u00e7\u00e3o cessa somente quando a mente discerne a falsidade da seguran\u00e7a e n\u00e3o \u00e9 mais ludibriada pelo seu pr\u00f3prio poder de criar ilus\u00f5es. Se voc\u00ea experienciar o que eu digo, voc\u00ea entender\u00e1 que eu n\u00e3o estou destruindo o desejo, e sim que voc\u00ea pode viver nesse mundo ricamente, sadiamente, um vida sem limita\u00e7\u00f5es, sem sofrimento.\u00a0 Voc\u00ea pode descobrir isto, somente pela experi\u00eancia, n\u00e3o pela nega\u00e7\u00e3o, n\u00e3o por meio da resigna\u00e7\u00e3o, nem pela mera imita\u00e7\u00e3o. Onde a intelig\u00eancia est\u00e1 funcionando \u2013 e a intelig\u00eancia deixa de funcionar quando h\u00e1 medo e desejo por seguran\u00e7a \u2013 n\u00e3o pode haver explora\u00e7\u00e3o.<\/p><p>A maioria das pessoas est\u00e1 esperando que o acontecimento de uma mudan\u00e7a alterar\u00e1 milagrosamente este sistema de explora\u00e7\u00e3o. Elas est\u00e3o esperando por revolu\u00e7\u00f5es que concretizem suas esperan\u00e7as e desejos n\u00e3o realizados; mas nessa espera elas est\u00e3o morrendo lentamente. Eu penso que meras revolu\u00e7\u00f5es n\u00e3o mudar\u00e3o os desejos fundamentais do homem. Mas se o indiv\u00edduo come\u00e7ar a agir com intelig\u00eancia, sem compuls\u00e3o, sem compromisso com as condi\u00e7\u00f5es presentes ou com o que revolu\u00e7\u00f5es prometem no futuro, ent\u00e3o haver\u00e1 uma riqueza, uma completude cujo \u00eaxtase n\u00e3o pode ser destru\u00eddo.<\/p>\t\t\t\t\t\t\t\t<\/div>\n\t\t\t\t<\/div>\n\t\t\t\t\t<\/div>\n\t\t<\/div>\n\t\t\t\t\t<\/div>\n\t\t<\/section>\n\t\t\t\t<\/div>\n\t\t","protected":false},"excerpt":{"rendered":"<p>2\u00aa palestra em S\u00e3o Paulo &#8211; 24 de abril de 1935. Pergunta: Voc\u00ea \u00e9 contra a institui\u00e7\u00e3o da fam\u00edlia? Krishnamurti: Eu sou, se a fam\u00edlia \u00e9 o centro da explora\u00e7\u00e3o, se ela est\u00e1 baseada em explora\u00e7\u00e3o. (Aplausos) Por favor, qual a vantagem de meramente concordar comigo? Voc\u00ea deve agir para alterar isto. O desejo de [&hellip;]<\/p>\n","protected":false},"author":1,"featured_media":0,"parent":0,"menu_order":0,"comment_status":"closed","ping_status":"closed","template":"","meta":{"footnotes":""},"class_list":["post-4850","page","type-page","status-publish","hentry","entry"],"_links":{"self":[{"href":"https:\/\/krishnamurtitextos.com.br\/index.php?rest_route=\/wp\/v2\/pages\/4850","targetHints":{"allow":["GET"]}}],"collection":[{"href":"https:\/\/krishnamurtitextos.com.br\/index.php?rest_route=\/wp\/v2\/pages"}],"about":[{"href":"https:\/\/krishnamurtitextos.com.br\/index.php?rest_route=\/wp\/v2\/types\/page"}],"author":[{"embeddable":true,"href":"https:\/\/krishnamurtitextos.com.br\/index.php?rest_route=\/wp\/v2\/users\/1"}],"replies":[{"embeddable":true,"href":"https:\/\/krishnamurtitextos.com.br\/index.php?rest_route=%2Fwp%2Fv2%2Fcomments&post=4850"}],"version-history":[{"count":4,"href":"https:\/\/krishnamurtitextos.com.br\/index.php?rest_route=\/wp\/v2\/pages\/4850\/revisions"}],"predecessor-version":[{"id":4855,"href":"https:\/\/krishnamurtitextos.com.br\/index.php?rest_route=\/wp\/v2\/pages\/4850\/revisions\/4855"}],"wp:attachment":[{"href":"https:\/\/krishnamurtitextos.com.br\/index.php?rest_route=%2Fwp%2Fv2%2Fmedia&parent=4850"}],"curies":[{"name":"wp","href":"https:\/\/api.w.org\/{rel}","templated":true}]}}