{"id":4842,"date":"2025-02-27T18:17:01","date_gmt":"2025-02-27T18:17:01","guid":{"rendered":"https:\/\/krishnamurtitextos.com.br\/?page_id=4842"},"modified":"2025-02-27T18:19:08","modified_gmt":"2025-02-27T18:19:08","slug":"24-2","status":"publish","type":"page","link":"https:\/\/krishnamurtitextos.com.br\/?page_id=4842","title":{"rendered":"24"},"content":{"rendered":"\t\t<div data-elementor-type=\"wp-page\" data-elementor-id=\"4842\" class=\"elementor elementor-4842\">\n\t\t\t\t\t\t<section class=\"elementor-section elementor-top-section elementor-element elementor-element-393ccd4 elementor-section-boxed elementor-section-height-default elementor-section-height-default\" data-id=\"393ccd4\" data-element_type=\"section\" data-e-type=\"section\">\n\t\t\t\t\t\t<div class=\"elementor-container elementor-column-gap-default\">\n\t\t\t\t\t<div class=\"elementor-column elementor-col-100 elementor-top-column elementor-element elementor-element-bbd964b\" data-id=\"bbd964b\" data-element_type=\"column\" data-e-type=\"column\">\n\t\t\t<div class=\"elementor-widget-wrap elementor-element-populated\">\n\t\t\t\t\t\t<div class=\"elementor-element elementor-element-3a85c96 elementor-widget elementor-widget-heading\" data-id=\"3a85c96\" data-element_type=\"widget\" data-e-type=\"widget\" data-widget_type=\"heading.default\">\n\t\t\t\t<div class=\"elementor-widget-container\">\n\t\t\t\t\t<h2 class=\"elementor-heading-title elementor-size-default\">10\u00aa palestra em Oak Grove, Ojai, Calif\u00f3rnia - 29 de Junho, 1934.<\/h2>\t\t\t\t<\/div>\n\t\t\t\t<\/div>\n\t\t\t\t<div class=\"elementor-element elementor-element-5cc7e8d elementor-widget elementor-widget-text-editor\" data-id=\"5cc7e8d\" data-element_type=\"widget\" data-e-type=\"widget\" data-widget_type=\"text-editor.default\">\n\t\t\t\t<div class=\"elementor-widget-container\">\n\t\t\t\t\t\t\t\t\t<p style=\"text-align: left;\" align=\"center\"><strong>Pergunta<\/strong>: Eu tenho tido a impress\u00e3o que estou colocando as suas ideias em a\u00e7\u00e3o; mas eu n\u00e3o tenho alegria em viver, nenhum entusiasmo para nenhuma busca. Minhas tentativas de conscientiza\u00e7\u00e3o n\u00e3o esclareceram a minha confus\u00e3o, e nem trouxeram alguma mudan\u00e7a ou vitalidade para a minha vida. Minha vida n\u00e3o tem mais o significado para mim agora como tinha quando comecei a ouvi-lo, h\u00e1 sete anos. O que h\u00e1 de errado comigo?<\/p><p style=\"text-align: left;\" align=\"center\"><strong>Krishnamurti<\/strong>: Eu me pergunto, em primeiro lugar, se o questionador entendeu o que eu falei antes de tentar colocar minhas ideias em a\u00e7\u00e3o. E por que ele deveria colocar as minhas ideias em a\u00e7\u00e3o? E o que s\u00e3o as minhas ideias? E por que s\u00e3o minhas id\u00e9ias? Eu n\u00e3o estou dando-lhe um molde ou um c\u00f3digo pelo qual voc\u00ea pode viver, ou um sistema que voc\u00ea pode seguir. Tudo o que eu estou dizendo \u00e9 que, para viver de forma criativa, com entusiasmo, de forma inteligente, vital, a intelig\u00eancia deve funcionar. Essa intelig\u00eancia \u00e9 pervertida, impedida, pelo que se chama de mem\u00f3ria, e eu expliquei o que eu quero dizer com isso, ent\u00e3o eu n\u00e3o vou entrar neste assunto novamente. Enquanto houver essa constante batalha para realiza\u00e7\u00e3o, enquanto a mente for influenciada, deve haver dualidade, e, consequentemente, dor, luta; e a nossa busca pela verdade ou pela realidade \u00e9 apenas uma fuga da dor.<\/p><p style=\"text-align: left;\" align=\"center\">E como eu disse, se torne consciente de que seu esfor\u00e7o, sua luta, sua mem\u00f3rias est\u00e3o destruindo sua intelig\u00eancia. Tornar-se consciente n\u00e3o \u00e9 estar consciente superficialmente, mas investigar toda a profundidade da consci\u00eancia, de modo que nenhuma rea\u00e7\u00e3o inconsciente seja deixada. Tudo isso exige pensamento; tudo isto exige um estado de alerta da mente e do cora\u00e7\u00e3o, n\u00e3o uma mente que est\u00e1 confusa com as cren\u00e7as, credos e ideais. A maioria das mentes est\u00e1 sobrecarregada com isso e com desejos de obedecer. Conforme voc\u00ea se torna consciente da sua responsabilidade, n\u00e3o diga que voc\u00ea n\u00e3o deve ter ideais, que voc\u00ea n\u00e3o deve crer, e repita todo o resto dos jarg\u00f5es. O pr\u00f3prio\u201d muito\u201d cria outra doutrina, outro credo; apenas tornar-se consciente e na intensidade dessa consci\u00eancia, na intensidade da percep\u00e7\u00e3o, naquela chama voc\u00ea ir\u00e1 criar tal crise, tal conflito, onde o pr\u00f3prio conflito vai dissolver o obst\u00e1culo.<\/p><p style=\"text-align: left;\" align=\"center\">Sei que algumas pessoas v\u00eam aqui ano ap\u00f3s ano, e eu tento explicar essas id\u00e9ias de maneiras diferentes a cada ano, mas temo que muito poucas entre as pessoas dizem: \u201dOuvimos voc\u00ea durante sete anos.\u201d Quero dizer com pensamento, n\u00e3o mero racioc\u00ednio intelectual, o que \u00e9 nada mais do que cinzas, mas aquele equil\u00edbrio entre emo\u00e7\u00e3o e raz\u00e3o, entre afeto e pensamento; e esse equil\u00edbrio n\u00e3o \u00e9 influenciado, n\u00e3o \u00e9 afetado pelo conflito dos opostos. Mas se n\u00e3o h\u00e1 nem a capacidade de pensar com clareza, nem a intensidade do sentimento, como voc\u00ea pode despertar, como pode haver equil\u00edbrio, como pode haver este estado de alerta, consci\u00eancia? Assim, a vida torna-se in\u00fatil, f\u00fatil, sem valor.<\/p><p style=\"text-align: left;\" align=\"center\">Por isso, a primeira coisa a fazer, se \u00e9 que posso sugerir isso, \u00e9 descobrir porqu\u00ea voc\u00ea est\u00e1 pensando de uma certa maneira, e porque voc\u00ea est\u00e1 sentindo de uma determinada maneira. N\u00e3o tente alter\u00e1-la, n\u00e3o tente analisar seus pensamentos e suas emo\u00e7\u00f5es, mas torne-se consciente de porque voc\u00ea est\u00e1 pensando em uma ranhura particular e por qual motivo voc\u00ea age. Embora voc\u00ea possa descobrir o motivo atrav\u00e9s da an\u00e1lise, embora voc\u00ea possa descobrir algo atrav\u00e9s da an\u00e1lise, n\u00e3o ser\u00e1 real; ser\u00e1 real somente quando voc\u00ea estiver intensamente consciente no momento do funcionamento do seu pensamento e da sua emo\u00e7\u00e3o, assim voc\u00ea vai ver sua sutileza extraordin\u00e1ria, sua fina delicadeza. Enquanto voc\u00ea tiver um\u201d devo\u201d e um\u201d n\u00e3o devo\u201d, nesta compuls\u00e3o voc\u00ea nunca vai descobrir aquela r\u00e1pida mudan\u00e7a de pensamento e emo\u00e7\u00e3o. E tenho certeza de que voc\u00eas foram educados na escola do \u201ddevo\u201d e\u201d n\u00e3o devo\u201d e, portanto, destru\u00edram o pensamento e o sentimento. Voc\u00eas foram amarrados e mutilados por sistemas, m\u00e9todos, por seus professores. Ent\u00e3o deixem todos os \u201ddevo\u201d e \u201dn\u00e3o devo\u201d. Isso n\u00e3o significa que n\u00e3o haver\u00e1 licenciosidade, mas tornar-se consciente de uma mente que est\u00e1 sempre dizendo: \u201d Eu devo,\u201d e \u201dEu n\u00e3o devo\u201d. Dessa forma, como uma flor se abre diante de uma manh\u00e3, assim que a intelig\u00eancia acontece, est\u00e1 l\u00e1, funcionando, criando compreens\u00e3o.<\/p>\t\t\t\t\t\t\t\t<\/div>\n\t\t\t\t<\/div>\n\t\t\t\t\t<\/div>\n\t\t<\/div>\n\t\t\t\t\t<\/div>\n\t\t<\/section>\n\t\t\t\t<\/div>\n\t\t","protected":false},"excerpt":{"rendered":"<p>10\u00aa palestra em Oak Grove, Ojai, Calif\u00f3rnia &#8211; 29 de Junho, 1934. Pergunta: Eu tenho tido a impress\u00e3o que estou colocando as suas ideias em a\u00e7\u00e3o; mas eu n\u00e3o tenho alegria em viver, nenhum entusiasmo para nenhuma busca. Minhas tentativas de conscientiza\u00e7\u00e3o n\u00e3o esclareceram a minha confus\u00e3o, e nem trouxeram alguma mudan\u00e7a ou vitalidade para [&hellip;]<\/p>\n","protected":false},"author":1,"featured_media":0,"parent":0,"menu_order":0,"comment_status":"closed","ping_status":"closed","template":"","meta":{"footnotes":""},"class_list":["post-4842","page","type-page","status-publish","hentry","entry"],"_links":{"self":[{"href":"https:\/\/krishnamurtitextos.com.br\/index.php?rest_route=\/wp\/v2\/pages\/4842","targetHints":{"allow":["GET"]}}],"collection":[{"href":"https:\/\/krishnamurtitextos.com.br\/index.php?rest_route=\/wp\/v2\/pages"}],"about":[{"href":"https:\/\/krishnamurtitextos.com.br\/index.php?rest_route=\/wp\/v2\/types\/page"}],"author":[{"embeddable":true,"href":"https:\/\/krishnamurtitextos.com.br\/index.php?rest_route=\/wp\/v2\/users\/1"}],"replies":[{"embeddable":true,"href":"https:\/\/krishnamurtitextos.com.br\/index.php?rest_route=%2Fwp%2Fv2%2Fcomments&post=4842"}],"version-history":[{"count":4,"href":"https:\/\/krishnamurtitextos.com.br\/index.php?rest_route=\/wp\/v2\/pages\/4842\/revisions"}],"predecessor-version":[{"id":4846,"href":"https:\/\/krishnamurtitextos.com.br\/index.php?rest_route=\/wp\/v2\/pages\/4842\/revisions\/4846"}],"wp:attachment":[{"href":"https:\/\/krishnamurtitextos.com.br\/index.php?rest_route=%2Fwp%2Fv2%2Fmedia&parent=4842"}],"curies":[{"name":"wp","href":"https:\/\/api.w.org\/{rel}","templated":true}]}}