{"id":4834,"date":"2025-02-27T18:14:09","date_gmt":"2025-02-27T18:14:09","guid":{"rendered":"https:\/\/krishnamurtitextos.com.br\/?page_id=4834"},"modified":"2025-02-27T18:15:44","modified_gmt":"2025-02-27T18:15:44","slug":"23-2","status":"publish","type":"page","link":"https:\/\/krishnamurtitextos.com.br\/?page_id=4834","title":{"rendered":"23"},"content":{"rendered":"\t\t<div data-elementor-type=\"wp-page\" data-elementor-id=\"4834\" class=\"elementor elementor-4834\">\n\t\t\t\t\t\t<section class=\"elementor-section elementor-top-section elementor-element elementor-element-b7bbf82 elementor-section-boxed elementor-section-height-default elementor-section-height-default\" data-id=\"b7bbf82\" data-element_type=\"section\" data-e-type=\"section\">\n\t\t\t\t\t\t<div class=\"elementor-container elementor-column-gap-default\">\n\t\t\t\t\t<div class=\"elementor-column elementor-col-100 elementor-top-column elementor-element elementor-element-b52e9f2\" data-id=\"b52e9f2\" data-element_type=\"column\" data-e-type=\"column\">\n\t\t\t<div class=\"elementor-widget-wrap elementor-element-populated\">\n\t\t\t\t\t\t<div class=\"elementor-element elementor-element-e008ac7 elementor-widget elementor-widget-heading\" data-id=\"e008ac7\" data-element_type=\"widget\" data-e-type=\"widget\" data-widget_type=\"heading.default\">\n\t\t\t\t<div class=\"elementor-widget-container\">\n\t\t\t\t\t<h2 class=\"elementor-heading-title elementor-size-default\">Conversa com homens de neg\u00f3cios - 06\/04\/1934<\/h2>\t\t\t\t<\/div>\n\t\t\t\t<\/div>\n\t\t\t\t\t<\/div>\n\t\t<\/div>\n\t\t\t\t\t<\/div>\n\t\t<\/section>\n\t\t\t\t<section class=\"elementor-section elementor-top-section elementor-element elementor-element-1af6872 elementor-section-boxed elementor-section-height-default elementor-section-height-default\" data-id=\"1af6872\" data-element_type=\"section\" data-e-type=\"section\">\n\t\t\t\t\t\t<div class=\"elementor-container elementor-column-gap-default\">\n\t\t\t\t\t<div class=\"elementor-column elementor-col-100 elementor-top-column elementor-element elementor-element-01853df\" data-id=\"01853df\" data-element_type=\"column\" data-e-type=\"column\">\n\t\t\t<div class=\"elementor-widget-wrap elementor-element-populated\">\n\t\t\t\t\t\t<div class=\"elementor-element elementor-element-b14285d elementor-widget elementor-widget-text-editor\" data-id=\"b14285d\" data-element_type=\"widget\" data-e-type=\"widget\" data-widget_type=\"text-editor.default\">\n\t\t\t\t<div class=\"elementor-widget-container\">\n\t\t\t\t\t\t\t\t\t<p><strong>Pergunta<\/strong>: Voc\u00ea acha que os sistemas sociais do mundo ir\u00e3o evoluir para um estado de fraternidade global, ou ser\u00e1 trazida por meio de institui\u00e7\u00f5es parlamentares, pela educa\u00e7\u00e3o?<\/p><p><strong>Krishnamurti<\/strong>: Da maneira que a sociedade est\u00e1 organizada, n\u00e3o \u00e9 poss\u00edvel ter uma fraternidade global. Voc\u00ea n\u00e3o pode continuar a ser um neozeland\u00eas e eu um hindu, e falar sobre fraternidade. Como pode haver fraternidade realmente se voc\u00ea est\u00e1 restrito pelas condi\u00e7\u00f5es econ\u00f4micas, por esse patriotismo que \u00e9 algo t\u00e3o falso? Ou seja, como pode haver fraternidade se voc\u00ea permanece como um neozeland\u00eas, apegado aos seus pr\u00f3prios preconceitos, suas barreiras tarif\u00e1rias e todo o resto; e eu um hindu morando na \u00cdndia, com meus preconceitos? Podemos falar de toler\u00e2ncia, deixando um ao outro s\u00f3, ou eu enviando-lhe meus mission\u00e1rios e voc\u00ea me enviando os seus, n\u00e3o pode haver fraternidade. Como pode haver fraternidade enquanto voc\u00ea \u00e9 crist\u00e3o e eu sou hindu, quando voc\u00ea \u00e9 um pregador dominante e eu tamb\u00e9m sou pregador dominante de um outro modo, enquanto voc\u00ea tem uma forma de adora\u00e7\u00e3o e eu tenho outra? O que n\u00e3o significa que voc\u00ea deve aderir a minha forma de adora\u00e7\u00e3o ou que eu deva aderir a sua.<\/p><p>Assim, como as coisas est\u00e3o, elas n\u00e3o ir\u00e3o resultar em fraternidade. Pelo contr\u00e1rio, existe os nacionalismos, os governos mais soberanos que s\u00e3o apenas instrumentos de guerra. Ent\u00e3o como as institui\u00e7\u00f5es sociais existem, elas n\u00e3o podem evoluir para algo espl\u00eandido, porque a sua pr\u00f3pria base, o seu fundamento est\u00e1 errado; e seus parlamentos, sua educa\u00e7\u00e3o baseada nessas ideias, n\u00e3o ir\u00e1 trazer fraternidade. Olhe para todas as nossas na\u00e7\u00f5es. O que elas s\u00e3o? Nada, mas instrumentos de guerra. Um pa\u00eds \u00e9 melhor que o outro, um derrotando o outro, a inflamar essa coisa falsa que chamam de patriotismo. Por favor, voc\u00ea gosta de certos pa\u00edses, certos pa\u00edses s\u00e3o mais bonitos que outros, e voc\u00ea os aprecia. Voc\u00ea gosta da beleza, como o desfrutar de um p\u00f4r do sol, seja aqui, na Europa ou na Am\u00e9rica. N\u00e3o h\u00e1 nada de nacionalista, nenhum sentimento patri\u00f3tico por tr\u00e1s disso, voc\u00ea aprecia. Patriotismo s\u00f3 vem quando as pessoas come\u00e7am a usar o seu gozo para um prop\u00f3sito. E como pode haver uma verdadeira fraternidade atrav\u00e9s do patriotismo, quando toda forma de governo \u00e9 baseada em distin\u00e7\u00e3o de classes, quando uma classe possui regras de tudo e a outra n\u00e3o tem nada, ou envia representantes que n\u00e3o t\u00eam nada para o parlamento? Certamente que essa abordagem ao estado humano, a unidade humana \u00e9 imposs\u00edvel. \u00c9 t\u00e3o \u00f3bvio que n\u00e3o precisa de discuss\u00e3o.<\/p><p>Enquanto houver distin\u00e7\u00e3o de classes instigando em nacionalidades baseada na explora\u00e7\u00e3o pela classe dominante, ou pela classe que tem os meios de produ\u00e7\u00e3o em suas m\u00e3os, haver\u00e1 guerras, e atrav\u00e9s de guerras n\u00e3o se obt\u00e9m fraternidade. Isso \u00e9 \u00f3bvio. Podemos ver na Europa a partir da guerra: Mais sentimento nacionalista, mais patriotismo, elevadas barreiras tarif\u00e1rias. Isso certamente n\u00e3o vai trazer fraternidade. Pode trazer fraternidade no sentido que ter\u00e1 uma grande cat\u00e1strofe e as pessoas ir\u00e3o acordar e dizer \u201cPelo amor de Deus, vamos acordar e ser sensatos\u201d. Quem sabe isso possa trazer fraternidade; mas nacionalidades n\u00e3o v\u00e3o trazer fraternidade, nada mais que distin\u00e7\u00e3o entre religi\u00f5es, que s\u00e3o realmente, se pensarmos sobre isso, baseadas num ego\u00edsmo refinado. Todos queremos estar seguros no c\u00e9u \u2013 seja o que for esse lugar \u2013 salvos, seguros, certos, e ent\u00e3o criamos institui\u00e7\u00f5es, organiza\u00e7\u00f5es, para trazer a certeza e apelamos a essas religi\u00f5es, e desse modo aumenta a explora\u00e7\u00e3o. Considerando que se n\u00f3s realmente enxergarmos a falsidade de todas essas coisas, n\u00e3o apenas perceb\u00ea-las intelectualmente, mas realmente senti-las completamente com a nossa mente e nosso cora\u00e7\u00e3o, ent\u00e3o existe uma possibilidade de fraternidade. Se percebemos isso e agimos, ent\u00e3o h\u00e1 um volunt\u00e1rio, um verdadeiro ato moral. Eu chamo de um verdadeiro ato moral quando percebemos algo por inteiro e agimos, e n\u00e3o quando for\u00e7ados por circunst\u00e2ncias, ou quando \u00e9 provocada uma fraternidade for\u00e7ada pela pura necessidade brutal da vida. Ou seja, quando pessoas de neg\u00f3cios, capitalistas, financiadores, come\u00e7am a ver que essa distin\u00e7\u00e3o n\u00e3o paga, n\u00e3o pode fazer mais dinheiro, n\u00e3o pode estar na mesma posi\u00e7\u00e3o, ent\u00e3o provocam um ambiente que for\u00e7a o indiv\u00edduo tornar-se fraterno, da mesma maneira que agora voc\u00ea \u00e9 for\u00e7ado pelo meio a ser n\u00e3o-fraterno, para explorar, assim voc\u00ea tamb\u00e9m ser\u00e1 for\u00e7ado a cooperar.<\/p><p>Ent\u00e3o para realmente colocar a intelig\u00eancia humana em a\u00e7\u00e3o, as pessoas precisam moralmente e voluntariamente agir, e assim elas v\u00e3o criar uma organiza\u00e7\u00e3o na qual ser\u00e3o verdadeiros combatentes contra a explora\u00e7\u00e3o. Mas para isso \u00e9 necess\u00e1rio uma grande percep\u00e7\u00e3o, agir com bastante intelig\u00eancia, e se pode come\u00e7ar apenas com voc\u00ea mesmo; voc\u00ea pode cuidar apenas do seu jardim n\u00e3o o do seu vizinho.<\/p>\t\t\t\t\t\t\t\t<\/div>\n\t\t\t\t<\/div>\n\t\t\t\t\t<\/div>\n\t\t<\/div>\n\t\t\t\t\t<\/div>\n\t\t<\/section>\n\t\t\t\t<\/div>\n\t\t","protected":false},"excerpt":{"rendered":"<p>Conversa com homens de neg\u00f3cios &#8211; 06\/04\/1934 Pergunta: Voc\u00ea acha que os sistemas sociais do mundo ir\u00e3o evoluir para um estado de fraternidade global, ou ser\u00e1 trazida por meio de institui\u00e7\u00f5es parlamentares, pela educa\u00e7\u00e3o? Krishnamurti: Da maneira que a sociedade est\u00e1 organizada, n\u00e3o \u00e9 poss\u00edvel ter uma fraternidade global. Voc\u00ea n\u00e3o pode continuar a ser [&hellip;]<\/p>\n","protected":false},"author":1,"featured_media":0,"parent":0,"menu_order":0,"comment_status":"closed","ping_status":"closed","template":"","meta":{"footnotes":""},"class_list":["post-4834","page","type-page","status-publish","hentry","entry"],"_links":{"self":[{"href":"https:\/\/krishnamurtitextos.com.br\/index.php?rest_route=\/wp\/v2\/pages\/4834","targetHints":{"allow":["GET"]}}],"collection":[{"href":"https:\/\/krishnamurtitextos.com.br\/index.php?rest_route=\/wp\/v2\/pages"}],"about":[{"href":"https:\/\/krishnamurtitextos.com.br\/index.php?rest_route=\/wp\/v2\/types\/page"}],"author":[{"embeddable":true,"href":"https:\/\/krishnamurtitextos.com.br\/index.php?rest_route=\/wp\/v2\/users\/1"}],"replies":[{"embeddable":true,"href":"https:\/\/krishnamurtitextos.com.br\/index.php?rest_route=%2Fwp%2Fv2%2Fcomments&post=4834"}],"version-history":[{"count":4,"href":"https:\/\/krishnamurtitextos.com.br\/index.php?rest_route=\/wp\/v2\/pages\/4834\/revisions"}],"predecessor-version":[{"id":4838,"href":"https:\/\/krishnamurtitextos.com.br\/index.php?rest_route=\/wp\/v2\/pages\/4834\/revisions\/4838"}],"wp:attachment":[{"href":"https:\/\/krishnamurtitextos.com.br\/index.php?rest_route=%2Fwp%2Fv2%2Fmedia&parent=4834"}],"curies":[{"name":"wp","href":"https:\/\/api.w.org\/{rel}","templated":true}]}}