{"id":4826,"date":"2025-02-27T18:10:48","date_gmt":"2025-02-27T18:10:48","guid":{"rendered":"https:\/\/krishnamurtitextos.com.br\/?page_id=4826"},"modified":"2025-02-27T18:12:15","modified_gmt":"2025-02-27T18:12:15","slug":"22-2","status":"publish","type":"page","link":"https:\/\/krishnamurtitextos.com.br\/?page_id=4826","title":{"rendered":"22"},"content":{"rendered":"\t\t<div data-elementor-type=\"wp-page\" data-elementor-id=\"4826\" class=\"elementor elementor-4826\">\n\t\t\t\t\t\t<section class=\"elementor-section elementor-top-section elementor-element elementor-element-51ca240 elementor-section-boxed elementor-section-height-default elementor-section-height-default\" data-id=\"51ca240\" data-element_type=\"section\" data-e-type=\"section\">\n\t\t\t\t\t\t<div class=\"elementor-container elementor-column-gap-default\">\n\t\t\t\t\t<div class=\"elementor-column elementor-col-100 elementor-top-column elementor-element elementor-element-fcf6509\" data-id=\"fcf6509\" data-element_type=\"column\" data-e-type=\"column\">\n\t\t\t<div class=\"elementor-widget-wrap elementor-element-populated\">\n\t\t\t\t\t\t<div class=\"elementor-element elementor-element-2432097 elementor-widget elementor-widget-heading\" data-id=\"2432097\" data-element_type=\"widget\" data-e-type=\"widget\" data-widget_type=\"heading.default\">\n\t\t\t\t<div class=\"elementor-widget-container\">\n\t\t\t\t\t<h2 class=\"elementor-heading-title elementor-size-default\">Conversa com homens de neg\u00f3cios - 06\/04\/1934<\/h2>\t\t\t\t<\/div>\n\t\t\t\t<\/div>\n\t\t\t\t\t<\/div>\n\t\t<\/div>\n\t\t\t\t\t<\/div>\n\t\t<\/section>\n\t\t\t\t<section class=\"elementor-section elementor-top-section elementor-element elementor-element-4469d00 elementor-section-boxed elementor-section-height-default elementor-section-height-default\" data-id=\"4469d00\" data-element_type=\"section\" data-e-type=\"section\">\n\t\t\t\t\t\t<div class=\"elementor-container elementor-column-gap-default\">\n\t\t\t\t\t<div class=\"elementor-column elementor-col-100 elementor-top-column elementor-element elementor-element-0d316cd\" data-id=\"0d316cd\" data-element_type=\"column\" data-e-type=\"column\">\n\t\t\t<div class=\"elementor-widget-wrap elementor-element-populated\">\n\t\t\t\t\t\t<div class=\"elementor-element elementor-element-e379a5b elementor-widget elementor-widget-text-editor\" data-id=\"e379a5b\" data-element_type=\"widget\" data-e-type=\"widget\" data-widget_type=\"text-editor.default\">\n\t\t\t\t<div class=\"elementor-widget-container\">\n\t\t\t\t\t\t\t\t\t<p><b>Pergunta<\/b>: Voc\u00ea pode nos dizer como voc\u00ea chegou nesse grau de compreens\u00e3o?<\/p><p><strong>Krishnamurti<\/strong>: Receio que leve muito tempo, e pode ser muito pessoal. Primeiramente, senhores, eu n\u00e3o sou um fil\u00f3sofo, eu n\u00e3o sou um estudante de filosofia. Eu acho que aquele que \u00e9 apenas um estudante de filosofia j\u00e1 est\u00e1 morto. Mas eu vivi com todos os tipos de pessoas, e fui criado, como talvez voc\u00eas saibam, para cumprir determinada fun\u00e7\u00e3o, um certo dever. Novamente tendendo a ser explorador. Eu fui tamb\u00e9m o cabe\u00e7a de uma imensa organiza\u00e7\u00e3o em todo o mundo para fins espirituais; e eu vi a fal\u00e1cia disso, porque n\u00e3o se pode levar os homens \u00e0 verdade. Voc\u00ea pode torn\u00e1-los inteligentes pela educa\u00e7\u00e3o, que n\u00e3o tem nada a ver com os sacerdotes e seus meios de explora\u00e7\u00e3o \u2013 cerim\u00f4nias. Ent\u00e3o eu dispersei essa organiza\u00e7\u00e3o; e, vivendo com pessoas, n\u00e3o tendo uma ideia fixa sobre a vida, ou uma mente vinculada a uma certa experi\u00eancia tradicional, comecei a descobrir o que pra mim, \u00e9 verdade: Verdade para todos \u2013 uma vida que se possa viver de forma saud\u00e1vel, de forma s\u00e3, humanamente; n\u00e3o baseada na explora\u00e7\u00e3o, mas nas necessidades. Eu sei o que preciso, e n\u00e3o \u00e9 muito, assim se eu trabalho para isso fazendo um jardim, falando, ou escrevendo, isso n\u00e3o \u00e9 de grande import\u00e2ncia.<\/p><p>Antes de tudo, pra descobrir qualquer coisa, deve haver um grande descontentamento, um grande questionamento, infelicidade; e muito poucas pessoas no mundo, quando est\u00e3o descontentes querem acentuar essa insatisfa\u00e7\u00e3o, e desejam passar por ela para descobrir. Elas geralmente querem o oposto. Se est\u00e3o descontentes, querem felicidade; enquanto que para mim \u2013 pessoalmente \u2013 n\u00e3o quis o oposto. Eu quis descobrir, e ent\u00e3o gradualmente, atrav\u00e9s de v\u00e1rios questionamentos e atritos cont\u00ednuos, eu vim a perceber\u00a0 o que se pode chamar de verdade ou de Deus. Espero que eu tenha respondido.<\/p>\t\t\t\t\t\t\t\t<\/div>\n\t\t\t\t<\/div>\n\t\t\t\t\t<\/div>\n\t\t<\/div>\n\t\t\t\t\t<\/div>\n\t\t<\/section>\n\t\t\t\t<\/div>\n\t\t","protected":false},"excerpt":{"rendered":"<p>Conversa com homens de neg\u00f3cios &#8211; 06\/04\/1934 Pergunta: Voc\u00ea pode nos dizer como voc\u00ea chegou nesse grau de compreens\u00e3o? Krishnamurti: Receio que leve muito tempo, e pode ser muito pessoal. Primeiramente, senhores, eu n\u00e3o sou um fil\u00f3sofo, eu n\u00e3o sou um estudante de filosofia. Eu acho que aquele que \u00e9 apenas um estudante de filosofia [&hellip;]<\/p>\n","protected":false},"author":1,"featured_media":0,"parent":0,"menu_order":0,"comment_status":"closed","ping_status":"closed","template":"","meta":{"footnotes":""},"class_list":["post-4826","page","type-page","status-publish","hentry","entry"],"_links":{"self":[{"href":"https:\/\/krishnamurtitextos.com.br\/index.php?rest_route=\/wp\/v2\/pages\/4826","targetHints":{"allow":["GET"]}}],"collection":[{"href":"https:\/\/krishnamurtitextos.com.br\/index.php?rest_route=\/wp\/v2\/pages"}],"about":[{"href":"https:\/\/krishnamurtitextos.com.br\/index.php?rest_route=\/wp\/v2\/types\/page"}],"author":[{"embeddable":true,"href":"https:\/\/krishnamurtitextos.com.br\/index.php?rest_route=\/wp\/v2\/users\/1"}],"replies":[{"embeddable":true,"href":"https:\/\/krishnamurtitextos.com.br\/index.php?rest_route=%2Fwp%2Fv2%2Fcomments&post=4826"}],"version-history":[{"count":4,"href":"https:\/\/krishnamurtitextos.com.br\/index.php?rest_route=\/wp\/v2\/pages\/4826\/revisions"}],"predecessor-version":[{"id":4830,"href":"https:\/\/krishnamurtitextos.com.br\/index.php?rest_route=\/wp\/v2\/pages\/4826\/revisions\/4830"}],"wp:attachment":[{"href":"https:\/\/krishnamurtitextos.com.br\/index.php?rest_route=%2Fwp%2Fv2%2Fmedia&parent=4826"}],"curies":[{"name":"wp","href":"https:\/\/api.w.org\/{rel}","templated":true}]}}