{"id":4818,"date":"2025-02-27T18:07:55","date_gmt":"2025-02-27T18:07:55","guid":{"rendered":"https:\/\/krishnamurtitextos.com.br\/?page_id=4818"},"modified":"2025-02-27T18:09:40","modified_gmt":"2025-02-27T18:09:40","slug":"21-2","status":"publish","type":"page","link":"https:\/\/krishnamurtitextos.com.br\/?page_id=4818","title":{"rendered":"21"},"content":{"rendered":"\t\t<div data-elementor-type=\"wp-page\" data-elementor-id=\"4818\" class=\"elementor elementor-4818\">\n\t\t\t\t\t\t<section class=\"elementor-section elementor-top-section elementor-element elementor-element-274f24e elementor-section-boxed elementor-section-height-default elementor-section-height-default\" data-id=\"274f24e\" data-element_type=\"section\" data-e-type=\"section\">\n\t\t\t\t\t\t<div class=\"elementor-container elementor-column-gap-default\">\n\t\t\t\t\t<div class=\"elementor-column elementor-col-100 elementor-top-column elementor-element elementor-element-b31c5a0\" data-id=\"b31c5a0\" data-element_type=\"column\" data-e-type=\"column\">\n\t\t\t<div class=\"elementor-widget-wrap elementor-element-populated\">\n\t\t\t\t\t\t<div class=\"elementor-element elementor-element-db10d02 elementor-widget elementor-widget-heading\" data-id=\"db10d02\" data-element_type=\"widget\" data-e-type=\"widget\" data-widget_type=\"heading.default\">\n\t\t\t\t<div class=\"elementor-widget-container\">\n\t\t\t\t\t<h2 class=\"elementor-heading-title elementor-size-default\">3\u00aa palestra em Vasanta School Gardens, Auckland - 02\/04\/1934.<\/h2>\t\t\t\t<\/div>\n\t\t\t\t<\/div>\n\t\t\t\t\t<\/div>\n\t\t<\/div>\n\t\t\t\t\t<\/div>\n\t\t<\/section>\n\t\t\t\t<section class=\"elementor-section elementor-top-section elementor-element elementor-element-0c3d3f5 elementor-section-boxed elementor-section-height-default elementor-section-height-default\" data-id=\"0c3d3f5\" data-element_type=\"section\" data-e-type=\"section\">\n\t\t\t\t\t\t<div class=\"elementor-container elementor-column-gap-default\">\n\t\t\t\t\t<div class=\"elementor-column elementor-col-100 elementor-top-column elementor-element elementor-element-9e1b089\" data-id=\"9e1b089\" data-element_type=\"column\" data-e-type=\"column\">\n\t\t\t<div class=\"elementor-widget-wrap elementor-element-populated\">\n\t\t\t\t\t\t<div class=\"elementor-element elementor-element-a1bdb46 elementor-widget elementor-widget-text-editor\" data-id=\"a1bdb46\" data-element_type=\"widget\" data-e-type=\"widget\" data-widget_type=\"text-editor.default\">\n\t\t\t\t<div class=\"elementor-widget-container\">\n\t\t\t\t\t\t\t\t\t<p><b>Pergunta<\/b>: O que \u00e9 esse estado de aten\u00e7\u00e3o do qual voc\u00ea fala? Poderia explic\u00e1-lo um pouco mais detalhadamente?<\/p><p><strong>Krishnamurti<\/strong>: Senhores, estamos acostumados a fazer um cont\u00ednuo esfor\u00e7o para realizar alguma coisa; pensar significa fazer um tremendo esfor\u00e7o. Estamos acostumados com esse esfor\u00e7o ininterrupto. Mas, eu quero falar de algo que, para mim, n\u00e3o \u00e9 esfor\u00e7o, mas uma nova maneira de viver. Quando voc\u00eas sabem que algo \u00e9 um perigo, que algo \u00e9 um veneno; quando o seu ser inteiro se conscientiza de que algo \u00e9 prejudicial, n\u00e3o \u00e9 preciso esfor\u00e7o para afast\u00e1-lo: voc\u00eas j\u00e1 se afastaram do perigo. Quando voc\u00eas sabem que algo \u00e9 perigoso, venenoso; quando voc\u00eas se conscientizam inteiramente disso em sua mente e em seu cora\u00e7\u00e3o, voc\u00eas j\u00e1 se encontram livres. \u00c9 apenas quando n\u00e3o sabemos que algo \u00e9 venenoso, ou quando um veneno proporciona prazer e ao mesmo tempo dor, que brincamos com ele.<\/p><p>N\u00f3s criamos muitas amea\u00e7as, tais como o nacionalismo, o patriotismo, a obedi\u00eancia imitativa a uma autoridade, o apego \u00e0 tradi\u00e7\u00e3o, a cont\u00ednua busca por conforto. Tudo isso, criamos por causa do medo. Mas, se percebermos com todo o nosso ser que o patriotismo \u00e9 realmente uma coisa falsa, uma coisa venenosa, ent\u00e3o n\u00e3o precisaremos batalhar contra ele. N\u00e3o precisaremos fugir dele. No momento em que voc\u00eas percebem que ele \u00e9 venenoso, ele desaparece. Como voc\u00eas descobrir\u00e3o que se trata de algo venenoso? Evitando se identificar com o patriotismo ou o antipatriotismo. Isto \u00e9, voc\u00eas desejam averiguar se o patriotismo \u00e9 um veneno; mas, se voc\u00eas se identificarem com o patriotismo ou com o sentimento de antipatriotismo, ent\u00e3o voc\u00eas n\u00e3o poder\u00e3o descobrir o que \u00e9 verdadeiro. N\u00e3o \u00e9 assim? Voc\u00eas desejam descobrir se o patriotismo \u00e9 um veneno. Por conseguinte, a primeira coisa a fazer \u00e9 se tornarem atentos, \u00e9 se tornarem conscientes da import\u00e2ncia da n\u00e3o identifica\u00e7\u00e3o com nenhum desses sentimentos. Ent\u00e3o, quando voc\u00eas n\u00e3o est\u00e3o tentando se identificar com o patriotismo ou com o sentimento contr\u00e1rio ao patriotismo, voc\u00eas come\u00e7am a ver a verdadeira significa\u00e7\u00e3o do patriotismo. Desse modo, voc\u00eas est\u00e3o se tornando conscientes de seu verdadeiro valor.<\/p><p>Afinal, o que \u00e9 o patriotismo? Estou tentando ajud\u00e1-los a se tornarem conscientes desse veneno, agora. Isto n\u00e3o significa que voc\u00eas devem aceitar ou rejeitar o que digo. Vamos considerar esse problema juntos, e verificar se n\u00e3o \u00e9 um veneno; no momento em que voc\u00eas veem que \u00e9 um veneno, j\u00e1 n\u00e3o precisam batalhar contra ele. Ele se foi. Quando voc\u00eas veem uma cobra venenosa, voc\u00eas j\u00e1 se afastaram dela. Voc\u00eas n\u00e3o est\u00e3o lutando contra ela. Ao passo que, se voc\u00eas t\u00eam d\u00favida de que \u00e9 uma cobra venenosa, voc\u00eas se aproximam e brincam com ela. Da mesma forma, tentemos descobrir, sem aceita\u00e7\u00e3o ou oposi\u00e7\u00e3o, se o patriotismo \u00e9 ou n\u00e3o \u00e9 venenoso.<\/p><p>Em primeiro lugar, quando voc\u00eas s\u00e3o patri\u00f3ticos? Voc\u00eas n\u00e3o s\u00e3o patri\u00f3ticos todo dia. Voc\u00eas n\u00e3o conservam esse sentimento patri\u00f3tico o tempo todo. Voc\u00eas s\u00e3o cuidadosamente treinados para o patriotismo nas escolas, por meio dos livros de hist\u00f3ria, que contam que seu pa\u00eds derrotou algum outro pa\u00eds, e por isso \u00e9 melhor do que esse pa\u00eds. Por que h\u00e1 esse treinamento da mente para o patriotismo \u2013 que, a meu ver, \u00e9 algo n\u00e3o natural? N\u00e3o que voc\u00eas n\u00e3o possam, talvez, apreciar a beleza de um pa\u00eds mais do que a de outros; mas isso nada tem a ver com patriotismo, isso \u00e9 aprecia\u00e7\u00e3o da beleza. Por exemplo, h\u00e1 certas partes do mundo em que n\u00e3o existe uma \u00fanica \u00e1rvore, onde o sol \u00e9 extremamente forte; mas isso tem a sua pr\u00f3pria beleza. Certamente, um homem que aprecia a sombra, a dan\u00e7a das folhas, n\u00e3o \u00e9 patri\u00f3tico. O patriotismo tem sido cultivado, treinado, como um meio de explora\u00e7\u00e3o. Ele n\u00e3o \u00e9 instintivo no homem. O que \u00e9 instintivo no homem \u00e9 apreciar a beleza, e n\u00e3o dizer \u201cmeu pa\u00eds\u201d. Mas isso foi cultivado por aqueles que desejam encontrar mercados estrangeiros para os seus produtos. Isto \u00e9, se possuo meios de produ\u00e7\u00e3o, saturei o meu pa\u00eds com os meus produtos e agora desejo expandir os meus neg\u00f3cios, devo ir a outros pa\u00edses. Devo conquistar mercados em outros pa\u00edses. Portanto, devo ter meios de conquista. Ent\u00e3o, digo \u201cmeu pa\u00eds\u201d, e estimulo essa coisa toda por meio da imprensa, da propaganda, da educa\u00e7\u00e3o, dos livros de hist\u00f3ria, e assim por diante; estimulo esse senso de patriotismo, de modo que, num momento de crise, todos partimos para combater outro pa\u00eds. E esse sentimento de patriotismo, os exploradores brincam com ele, at\u00e9 que voc\u00eas ficam iludidos a ponto de guerrear com outro pa\u00eds, chamando os seus habitantes de b\u00e1rbaros e tudo mais.<\/p><p>Isso \u00e9 \u00f3bvio, n\u00e3o inven\u00e7\u00e3o minha. Voc\u00eas podem averigu\u00e1-lo. Isso se torna \u00f3bvio quando voc\u00eas refletem com uma mente livre de preconceitos, com uma mente que n\u00e3o deseja se identificar com uma coisa ou outra, mas busca descobrir. O que acontece quando voc\u00ea percebe que o patriotismo \u00e9 realmente um obst\u00e1culo a uma vida plena, \u00edntegra, real? Voc\u00ea n\u00e3o precisa batalhar contra ele. Ele se foi, completamente.<\/p>\t\t\t\t\t\t\t\t<\/div>\n\t\t\t\t<\/div>\n\t\t\t\t\t<\/div>\n\t\t<\/div>\n\t\t\t\t\t<\/div>\n\t\t<\/section>\n\t\t\t\t<\/div>\n\t\t","protected":false},"excerpt":{"rendered":"<p>3\u00aa palestra em Vasanta School Gardens, Auckland &#8211; 02\/04\/1934. Pergunta: O que \u00e9 esse estado de aten\u00e7\u00e3o do qual voc\u00ea fala? Poderia explic\u00e1-lo um pouco mais detalhadamente? Krishnamurti: Senhores, estamos acostumados a fazer um cont\u00ednuo esfor\u00e7o para realizar alguma coisa; pensar significa fazer um tremendo esfor\u00e7o. Estamos acostumados com esse esfor\u00e7o ininterrupto. Mas, eu quero [&hellip;]<\/p>\n","protected":false},"author":1,"featured_media":0,"parent":0,"menu_order":0,"comment_status":"closed","ping_status":"closed","template":"","meta":{"footnotes":""},"class_list":["post-4818","page","type-page","status-publish","hentry","entry"],"_links":{"self":[{"href":"https:\/\/krishnamurtitextos.com.br\/index.php?rest_route=\/wp\/v2\/pages\/4818","targetHints":{"allow":["GET"]}}],"collection":[{"href":"https:\/\/krishnamurtitextos.com.br\/index.php?rest_route=\/wp\/v2\/pages"}],"about":[{"href":"https:\/\/krishnamurtitextos.com.br\/index.php?rest_route=\/wp\/v2\/types\/page"}],"author":[{"embeddable":true,"href":"https:\/\/krishnamurtitextos.com.br\/index.php?rest_route=\/wp\/v2\/users\/1"}],"replies":[{"embeddable":true,"href":"https:\/\/krishnamurtitextos.com.br\/index.php?rest_route=%2Fwp%2Fv2%2Fcomments&post=4818"}],"version-history":[{"count":4,"href":"https:\/\/krishnamurtitextos.com.br\/index.php?rest_route=\/wp\/v2\/pages\/4818\/revisions"}],"predecessor-version":[{"id":4822,"href":"https:\/\/krishnamurtitextos.com.br\/index.php?rest_route=\/wp\/v2\/pages\/4818\/revisions\/4822"}],"wp:attachment":[{"href":"https:\/\/krishnamurtitextos.com.br\/index.php?rest_route=%2Fwp%2Fv2%2Fmedia&parent=4818"}],"curies":[{"name":"wp","href":"https:\/\/api.w.org\/{rel}","templated":true}]}}