{"id":4810,"date":"2025-02-27T18:04:06","date_gmt":"2025-02-27T18:04:06","guid":{"rendered":"https:\/\/krishnamurtitextos.com.br\/?page_id=4810"},"modified":"2025-02-27T18:05:53","modified_gmt":"2025-02-27T18:05:53","slug":"20-2","status":"publish","type":"page","link":"https:\/\/krishnamurtitextos.com.br\/?page_id=4810","title":{"rendered":"20"},"content":{"rendered":"\t\t<div data-elementor-type=\"wp-page\" data-elementor-id=\"4810\" class=\"elementor elementor-4810\">\n\t\t\t\t\t\t<section class=\"elementor-section elementor-top-section elementor-element elementor-element-9022130 elementor-section-boxed elementor-section-height-default elementor-section-height-default\" data-id=\"9022130\" data-element_type=\"section\" data-e-type=\"section\">\n\t\t\t\t\t\t<div class=\"elementor-container elementor-column-gap-default\">\n\t\t\t\t\t<div class=\"elementor-column elementor-col-100 elementor-top-column elementor-element elementor-element-36a8546\" data-id=\"36a8546\" data-element_type=\"column\" data-e-type=\"column\">\n\t\t\t<div class=\"elementor-widget-wrap elementor-element-populated\">\n\t\t\t\t\t\t<div class=\"elementor-element elementor-element-c516809 elementor-widget elementor-widget-heading\" data-id=\"c516809\" data-element_type=\"widget\" data-e-type=\"widget\" data-widget_type=\"heading.default\">\n\t\t\t\t<div class=\"elementor-widget-container\">\n\t\t\t\t\t<h2 class=\"elementor-heading-title elementor-size-default\">Segunda palestra no Town Hall, em Auckland, Nova Zel\u00e2ndia - 01\/04\/1934<\/h2>\t\t\t\t<\/div>\n\t\t\t\t<\/div>\n\t\t\t\t\t<\/div>\n\t\t<\/div>\n\t\t\t\t\t<\/div>\n\t\t<\/section>\n\t\t\t\t<section class=\"elementor-section elementor-top-section elementor-element elementor-element-44d6b87 elementor-section-boxed elementor-section-height-default elementor-section-height-default\" data-id=\"44d6b87\" data-element_type=\"section\" data-e-type=\"section\">\n\t\t\t\t\t\t<div class=\"elementor-container elementor-column-gap-default\">\n\t\t\t\t\t<div class=\"elementor-column elementor-col-100 elementor-top-column elementor-element elementor-element-5e253fb\" data-id=\"5e253fb\" data-element_type=\"column\" data-e-type=\"column\">\n\t\t\t<div class=\"elementor-widget-wrap elementor-element-populated\">\n\t\t\t\t\t\t<div class=\"elementor-element elementor-element-ace5528 elementor-widget elementor-widget-text-editor\" data-id=\"ace5528\" data-element_type=\"widget\" data-e-type=\"widget\" data-widget_type=\"text-editor.default\">\n\t\t\t\t<div class=\"elementor-widget-container\">\n\t\t\t\t\t\t\t\t\t<p><b>Pergunta<\/b>: O que \u00e9 espiritualidade?<\/p><p><strong>Krishnamurti<\/strong>: Eu digo que \u00e9 uma vida harmoniosa. Agora, esperem um minuto. Explicarei o que quero dizer. Voc\u00eas n\u00e3o podem viver harmoniosamente se forem nacionalistas. Como poderiam? Se est\u00e3o centrados em sua ra\u00e7a, em sua classe social, como podem viver de maneira inteligente, completa, livre? E como podem viver harmoniosamente se s\u00e3o possessivos, se cultivam a ideia de \u201cmeu\u201d e \u201cseu\u201d? Ou, como podem viver harmoniosamente se est\u00e3o dominados por cren\u00e7as? Afinal, a cren\u00e7a \u00e9 apenas uma fuga dos conflitos presentes. Um homem que se encontra em imenso conflito com a vida, e que deseja compreend\u00ea-la, n\u00e3o tem cren\u00e7as, pois est\u00e1 num processo de experimenta\u00e7\u00e3o; ele n\u00e3o forma conclus\u00f5es, e assim d\u00e1 continuidade aos experimentos. Um cientista n\u00e3o come\u00e7a seus experimentos com uma cren\u00e7a formada, ele parte dos pr\u00f3prios experimentos. E um homem que est\u00e1 enredado pela autoridade, social ou religiosa, com certeza n\u00e3o pode viver de modo harmonioso, isto \u00e9, espiritualizado e inteligente. A autoridade, ent\u00e3o, \u00e9 meramente um processo de imita\u00e7\u00e3o, de falsifica\u00e7\u00e3o. Um homem que est\u00e1 tomado por seus pr\u00f3prios pensamentos n\u00e3o est\u00e1 livre da autoridade; e a autoridade simplesmente faz dele uma m\u00e1quina de imitar, uma pe\u00e7a de engrenagem \u2013 seja social ou religiosa. Mas o homem que se libertou de tudo isso, esse homem pode viver harmoniosamente, e em tal harmonia sua mente e seu cora\u00e7\u00e3o encontram-se normais, s\u00e3os, preenchidos, completos, n\u00e3o oprimidos pelo medo.<\/p>\t\t\t\t\t\t\t\t<\/div>\n\t\t\t\t<\/div>\n\t\t\t\t\t<\/div>\n\t\t<\/div>\n\t\t\t\t\t<\/div>\n\t\t<\/section>\n\t\t\t\t<\/div>\n\t\t","protected":false},"excerpt":{"rendered":"<p>Segunda palestra no Town Hall, em Auckland, Nova Zel\u00e2ndia &#8211; 01\/04\/1934 Pergunta: O que \u00e9 espiritualidade? Krishnamurti: Eu digo que \u00e9 uma vida harmoniosa. Agora, esperem um minuto. Explicarei o que quero dizer. Voc\u00eas n\u00e3o podem viver harmoniosamente se forem nacionalistas. Como poderiam? Se est\u00e3o centrados em sua ra\u00e7a, em sua classe social, como podem [&hellip;]<\/p>\n","protected":false},"author":1,"featured_media":0,"parent":0,"menu_order":0,"comment_status":"closed","ping_status":"closed","template":"","meta":{"footnotes":""},"class_list":["post-4810","page","type-page","status-publish","hentry","entry"],"_links":{"self":[{"href":"https:\/\/krishnamurtitextos.com.br\/index.php?rest_route=\/wp\/v2\/pages\/4810","targetHints":{"allow":["GET"]}}],"collection":[{"href":"https:\/\/krishnamurtitextos.com.br\/index.php?rest_route=\/wp\/v2\/pages"}],"about":[{"href":"https:\/\/krishnamurtitextos.com.br\/index.php?rest_route=\/wp\/v2\/types\/page"}],"author":[{"embeddable":true,"href":"https:\/\/krishnamurtitextos.com.br\/index.php?rest_route=\/wp\/v2\/users\/1"}],"replies":[{"embeddable":true,"href":"https:\/\/krishnamurtitextos.com.br\/index.php?rest_route=%2Fwp%2Fv2%2Fcomments&post=4810"}],"version-history":[{"count":4,"href":"https:\/\/krishnamurtitextos.com.br\/index.php?rest_route=\/wp\/v2\/pages\/4810\/revisions"}],"predecessor-version":[{"id":4814,"href":"https:\/\/krishnamurtitextos.com.br\/index.php?rest_route=\/wp\/v2\/pages\/4810\/revisions\/4814"}],"wp:attachment":[{"href":"https:\/\/krishnamurtitextos.com.br\/index.php?rest_route=%2Fwp%2Fv2%2Fmedia&parent=4810"}],"curies":[{"name":"wp","href":"https:\/\/api.w.org\/{rel}","templated":true}]}}