{"id":4801,"date":"2025-02-27T17:58:43","date_gmt":"2025-02-27T17:58:43","guid":{"rendered":"https:\/\/krishnamurtitextos.com.br\/?page_id=4801"},"modified":"2025-02-27T18:03:02","modified_gmt":"2025-02-27T18:03:02","slug":"19-2","status":"publish","type":"page","link":"https:\/\/krishnamurtitextos.com.br\/?page_id=4801","title":{"rendered":"19"},"content":{"rendered":"\t\t<div data-elementor-type=\"wp-page\" data-elementor-id=\"4801\" class=\"elementor elementor-4801\">\n\t\t\t\t\t\t<section class=\"elementor-section elementor-top-section elementor-element elementor-element-c4308f6 elementor-section-boxed elementor-section-height-default elementor-section-height-default\" data-id=\"c4308f6\" data-element_type=\"section\" data-e-type=\"section\">\n\t\t\t\t\t\t<div class=\"elementor-container elementor-column-gap-default\">\n\t\t\t\t\t<div class=\"elementor-column elementor-col-100 elementor-top-column elementor-element elementor-element-ee20c1b\" data-id=\"ee20c1b\" data-element_type=\"column\" data-e-type=\"column\">\n\t\t\t<div class=\"elementor-widget-wrap elementor-element-populated\">\n\t\t\t\t\t\t<div class=\"elementor-element elementor-element-547a203 elementor-widget elementor-widget-heading\" data-id=\"547a203\" data-element_type=\"widget\" data-e-type=\"widget\" data-widget_type=\"heading.default\">\n\t\t\t\t<div class=\"elementor-widget-container\">\n\t\t\t\t\t<h2 class=\"elementor-heading-title elementor-size-default\">Segunda Palestra na Escola Vasanta Gardens, Auckland - 31\/03\/1934<\/h2>\t\t\t\t<\/div>\n\t\t\t\t<\/div>\n\t\t\t\t\t<\/div>\n\t\t<\/div>\n\t\t\t\t\t<\/div>\n\t\t<\/section>\n\t\t\t\t<section class=\"elementor-section elementor-top-section elementor-element elementor-element-bb0ff89 elementor-section-boxed elementor-section-height-default elementor-section-height-default\" data-id=\"bb0ff89\" data-element_type=\"section\" data-e-type=\"section\">\n\t\t\t\t\t\t<div class=\"elementor-container elementor-column-gap-default\">\n\t\t\t\t\t<div class=\"elementor-column elementor-col-100 elementor-top-column elementor-element elementor-element-2fbafb8\" data-id=\"2fbafb8\" data-element_type=\"column\" data-e-type=\"column\">\n\t\t\t<div class=\"elementor-widget-wrap elementor-element-populated\">\n\t\t\t\t\t\t<div class=\"elementor-element elementor-element-aa91599 elementor-widget elementor-widget-text-editor\" data-id=\"aa91599\" data-element_type=\"widget\" data-e-type=\"widget\" data-widget_type=\"text-editor.default\">\n\t\t\t\t<div class=\"elementor-widget-container\">\n\t\t\t\t\t\t\t\t\t<p><b>Pergunta<\/b>: Voc\u00ea n\u00e3o acredita na posse ou na explora\u00e7\u00e3o, mas sem um ou outro como voc\u00ea poderia viajar ou dar uma palestra para o mundo?<\/p><p><strong>Krishnamurti<\/strong>: Eu vou dizer-lhe muito simplesmente. Para viver no mundo sem explora\u00e7\u00e3o, voc\u00ea deve retirar-se completamente para uma ilha deserta. Como o sistema \u00e9 \u2013 como ele \u00e9 agora \u2013 para viver, se voc\u00ea vive nesse sistema, voc\u00ea deve explor\u00e1-lo.<\/p><p>Vamos entender o que quero dizer com explora\u00e7\u00e3o. Para mim, se voc\u00ea n\u00e3o descobre por si mesmo de forma inteligente quais s\u00e3o suas necessidades, ent\u00e3o voc\u00ea se torna um explorador. Se voc\u00ea descobre por si mesmo, de forma inteligente, quais s\u00e3o suas necessidades, ent\u00e3o voc\u00ea n\u00e3o \u00e9 um explorador, mas isso exige uma grande dose de intelig\u00eancia. Temos, em primeiro lugar, muitas coisas porque achamos que pela posse de muitas coisas, seremos felizes. Portanto, a fim de possuir essas muitas coisas, devemos explorar, ao passo que, se voc\u00ea realmente pensar em quais s\u00e3o as suas necessidades essenciais, nisso n\u00e3o h\u00e1 explora\u00e7\u00e3o, realmente, se voc\u00ea chegou a pensar nisso. E eu descobri por mim mesmo quais s\u00e3o as minhas necessidades. Com rela\u00e7\u00e3o \u00e0 minha viagem, os amigos me pedem para ir a diferentes lugares, e eu vou. Se eles n\u00e3o me pedem, eu n\u00e3o viajo, e mesmo se eu n\u00e3o falar ou ensinar \u2013 bem, eu posso fazer outra coisa. Agora, se eu quisesse converter todos voc\u00eas a uma forma particular de pensamento, e for\u00e7\u00e1-los, e recolher fundos para alter\u00e1-lo \u2013 isso chamaria de explora\u00e7\u00e3o. O que eu estou falando \u00e9 o inevit\u00e1vel, quer voc\u00ea goste ou n\u00e3o, e o homem inteligente inteligentemente aceita o inevit\u00e1vel. Ent\u00e3o, eu n\u00e3o sinto que estou explorando, e eu sei que n\u00e3o estou, nem sou possessivo.<\/p><p>Mais uma vez, essa sensa\u00e7\u00e3o de posse \u2013 para ser realmente livre de tudo isso, \u00e9 preciso ser t\u00e3o alerta, atento, para n\u00e3o enganar a si mesmo, porque o pensamento de que se \u00e9 livre de possessividade pode conduzir a um grande auto-engano. Tantas vezes se pensa que \u00e9 livre, mas vive-se realmente no manto do auto-engano. No momento em que sua necessidade estiver satisfeita, n\u00e3o se apegue a isso, n\u00e3o sinta direitos de propriedade sobre isso.<\/p>\t\t\t\t\t\t\t\t<\/div>\n\t\t\t\t<\/div>\n\t\t\t\t\t<\/div>\n\t\t<\/div>\n\t\t\t\t\t<\/div>\n\t\t<\/section>\n\t\t\t\t<\/div>\n\t\t","protected":false},"excerpt":{"rendered":"<p>Segunda Palestra na Escola Vasanta Gardens, Auckland &#8211; 31\/03\/1934 Pergunta: Voc\u00ea n\u00e3o acredita na posse ou na explora\u00e7\u00e3o, mas sem um ou outro como voc\u00ea poderia viajar ou dar uma palestra para o mundo? Krishnamurti: Eu vou dizer-lhe muito simplesmente. Para viver no mundo sem explora\u00e7\u00e3o, voc\u00ea deve retirar-se completamente para uma ilha deserta. Como [&hellip;]<\/p>\n","protected":false},"author":1,"featured_media":0,"parent":0,"menu_order":0,"comment_status":"closed","ping_status":"closed","template":"","meta":{"footnotes":""},"class_list":["post-4801","page","type-page","status-publish","hentry","entry"],"_links":{"self":[{"href":"https:\/\/krishnamurtitextos.com.br\/index.php?rest_route=\/wp\/v2\/pages\/4801","targetHints":{"allow":["GET"]}}],"collection":[{"href":"https:\/\/krishnamurtitextos.com.br\/index.php?rest_route=\/wp\/v2\/pages"}],"about":[{"href":"https:\/\/krishnamurtitextos.com.br\/index.php?rest_route=\/wp\/v2\/types\/page"}],"author":[{"embeddable":true,"href":"https:\/\/krishnamurtitextos.com.br\/index.php?rest_route=\/wp\/v2\/users\/1"}],"replies":[{"embeddable":true,"href":"https:\/\/krishnamurtitextos.com.br\/index.php?rest_route=%2Fwp%2Fv2%2Fcomments&post=4801"}],"version-history":[{"count":4,"href":"https:\/\/krishnamurtitextos.com.br\/index.php?rest_route=\/wp\/v2\/pages\/4801\/revisions"}],"predecessor-version":[{"id":4806,"href":"https:\/\/krishnamurtitextos.com.br\/index.php?rest_route=\/wp\/v2\/pages\/4801\/revisions\/4806"}],"wp:attachment":[{"href":"https:\/\/krishnamurtitextos.com.br\/index.php?rest_route=%2Fwp%2Fv2%2Fmedia&parent=4801"}],"curies":[{"name":"wp","href":"https:\/\/api.w.org\/{rel}","templated":true}]}}