{"id":4785,"date":"2025-02-27T17:50:39","date_gmt":"2025-02-27T17:50:39","guid":{"rendered":"https:\/\/krishnamurtitextos.com.br\/?page_id=4785"},"modified":"2025-02-27T17:52:33","modified_gmt":"2025-02-27T17:52:33","slug":"17-2","status":"publish","type":"page","link":"https:\/\/krishnamurtitextos.com.br\/?page_id=4785","title":{"rendered":"17"},"content":{"rendered":"\t\t<div data-elementor-type=\"wp-page\" data-elementor-id=\"4785\" class=\"elementor elementor-4785\">\n\t\t\t\t\t\t<section class=\"elementor-section elementor-top-section elementor-element elementor-element-ad8b5f6 elementor-section-boxed elementor-section-height-default elementor-section-height-default\" data-id=\"ad8b5f6\" data-element_type=\"section\" data-e-type=\"section\">\n\t\t\t\t\t\t<div class=\"elementor-container elementor-column-gap-default\">\n\t\t\t\t\t<div class=\"elementor-column elementor-col-100 elementor-top-column elementor-element elementor-element-f61e820\" data-id=\"f61e820\" data-element_type=\"column\" data-e-type=\"column\">\n\t\t\t<div class=\"elementor-widget-wrap elementor-element-populated\">\n\t\t\t\t\t\t<div class=\"elementor-element elementor-element-b83d3b5 elementor-widget elementor-widget-heading\" data-id=\"b83d3b5\" data-element_type=\"widget\" data-e-type=\"widget\" data-widget_type=\"heading.default\">\n\t\t\t\t<div class=\"elementor-widget-container\">\n\t\t\t\t\t<h2 class=\"elementor-heading-title elementor-size-default\">Adyar \u2013 \u00cdndia -  3 de janeiro de 1934.<\/h2>\t\t\t\t<\/div>\n\t\t\t\t<\/div>\n\t\t\t\t<div class=\"elementor-element elementor-element-6608cd2 elementor-widget elementor-widget-text-editor\" data-id=\"6608cd2\" data-element_type=\"widget\" data-e-type=\"widget\" data-widget_type=\"text-editor.default\">\n\t\t\t\t<div class=\"elementor-widget-container\">\n\t\t\t\t\t\t\t\t\t<p><strong>Pergunta<\/strong>: Qual \u00e9 o rumo mais s\u00e1bio a tomar \u2013 proteger e dar abrigo aos ignorantes pelo conselho e orienta\u00e7\u00e3o, ou deix\u00e1-los descobrir atrav\u00e9s da sua pr\u00f3pria experi\u00eancia e sofrimento, mesmo embora lhes possa levar uma vida inteira a libertarem-se dos efeitos de tal experi\u00eancia e sofrimento?<\/p><p><strong>Krishnamurti<\/strong>: Eu diria que nenhum; eu diria que os ajudassem a ser inteligentes, o que \u00e9 uma coisa completamente diferente. Quando querem guiar e proteger os ignorantes, est\u00e3o realmente a dar-lhes o ref\u00fagio que criaram para voc\u00eas mesmos. E enveredar pelo ponto de vista oposto, isto \u00e9, deix\u00e1-los andar \u00e0 deriva atrav\u00e9s das experi\u00eancias, \u00e9 igualmente insensato. Mas podemos ajudar os outros atrav\u00e9s da educa\u00e7\u00e3o \u2013 n\u00e3o atrav\u00e9s desta doen\u00e7a moderna a que chamamos educa\u00e7\u00e3o, este passar por exames e universidades. N\u00e3o chamo a isso educa\u00e7\u00e3o de modo nenhum. \u00c9 apenas imbecilizar a mente. Mas essa \u00e9 uma quest\u00e3o diferente.<\/p><p>Se pudermos ajudar os outros a se tornarem inteligentes, isso \u00e9 tudo o que precisamos de fazer. Mas essa \u00e9 a coisa mais dif\u00edcil do mundo, porque a intelig\u00eancia n\u00e3o oferece ref\u00fagio das lutas e das confus\u00f5es da vida, nem d\u00e1 conforto; somente cria compreens\u00e3o. A intelig\u00eancia \u00e9 livre, sem entraves, sem medo ou superficialidade. Podemos ajudar os outros a se libertarem de aquisitividade, das muitas ilus\u00f5es e impedimentos que os aprisionam, somente quando come\u00e7armos a nos libertar. Mas temos esta extraordin\u00e1ria atitude de querer melhorar as massas enquanto somos ainda ignorantes, enquanto estamos ainda presos \u00e0s supersti\u00e7\u00f5es, \u00e0 aquisitividade. Quando come\u00e7armos a libertar-nos, ent\u00e3o ajudaremos os outros natural e verdadeiramente.<\/p>\t\t\t\t\t\t\t\t<\/div>\n\t\t\t\t<\/div>\n\t\t\t\t\t<\/div>\n\t\t<\/div>\n\t\t\t\t\t<\/div>\n\t\t<\/section>\n\t\t\t\t<\/div>\n\t\t","protected":false},"excerpt":{"rendered":"<p>Adyar \u2013 \u00cdndia &#8211; 3 de janeiro de 1934. Pergunta: Qual \u00e9 o rumo mais s\u00e1bio a tomar \u2013 proteger e dar abrigo aos ignorantes pelo conselho e orienta\u00e7\u00e3o, ou deix\u00e1-los descobrir atrav\u00e9s da sua pr\u00f3pria experi\u00eancia e sofrimento, mesmo embora lhes possa levar uma vida inteira a libertarem-se dos efeitos de tal experi\u00eancia e [&hellip;]<\/p>\n","protected":false},"author":1,"featured_media":0,"parent":0,"menu_order":0,"comment_status":"closed","ping_status":"closed","template":"","meta":{"footnotes":""},"class_list":["post-4785","page","type-page","status-publish","hentry","entry"],"_links":{"self":[{"href":"https:\/\/krishnamurtitextos.com.br\/index.php?rest_route=\/wp\/v2\/pages\/4785","targetHints":{"allow":["GET"]}}],"collection":[{"href":"https:\/\/krishnamurtitextos.com.br\/index.php?rest_route=\/wp\/v2\/pages"}],"about":[{"href":"https:\/\/krishnamurtitextos.com.br\/index.php?rest_route=\/wp\/v2\/types\/page"}],"author":[{"embeddable":true,"href":"https:\/\/krishnamurtitextos.com.br\/index.php?rest_route=\/wp\/v2\/users\/1"}],"replies":[{"embeddable":true,"href":"https:\/\/krishnamurtitextos.com.br\/index.php?rest_route=%2Fwp%2Fv2%2Fcomments&post=4785"}],"version-history":[{"count":4,"href":"https:\/\/krishnamurtitextos.com.br\/index.php?rest_route=\/wp\/v2\/pages\/4785\/revisions"}],"predecessor-version":[{"id":4789,"href":"https:\/\/krishnamurtitextos.com.br\/index.php?rest_route=\/wp\/v2\/pages\/4785\/revisions\/4789"}],"wp:attachment":[{"href":"https:\/\/krishnamurtitextos.com.br\/index.php?rest_route=%2Fwp%2Fv2%2Fmedia&parent=4785"}],"curies":[{"name":"wp","href":"https:\/\/api.w.org\/{rel}","templated":true}]}}