{"id":4777,"date":"2025-02-27T17:46:28","date_gmt":"2025-02-27T17:46:28","guid":{"rendered":"https:\/\/krishnamurtitextos.com.br\/?page_id=4777"},"modified":"2025-02-27T17:49:10","modified_gmt":"2025-02-27T17:49:10","slug":"16-2","status":"publish","type":"page","link":"https:\/\/krishnamurtitextos.com.br\/?page_id=4777","title":{"rendered":"16"},"content":{"rendered":"\t\t<div data-elementor-type=\"wp-page\" data-elementor-id=\"4777\" class=\"elementor elementor-4777\">\n\t\t\t\t\t\t<section class=\"elementor-section elementor-top-section elementor-element elementor-element-72fe503 elementor-section-boxed elementor-section-height-default elementor-section-height-default\" data-id=\"72fe503\" data-element_type=\"section\" data-e-type=\"section\">\n\t\t\t\t\t\t<div class=\"elementor-container elementor-column-gap-default\">\n\t\t\t\t\t<div class=\"elementor-column elementor-col-100 elementor-top-column elementor-element elementor-element-47ee682\" data-id=\"47ee682\" data-element_type=\"column\" data-e-type=\"column\">\n\t\t\t<div class=\"elementor-widget-wrap elementor-element-populated\">\n\t\t\t\t\t\t<div class=\"elementor-element elementor-element-3dc8b0d elementor-widget elementor-widget-heading\" data-id=\"3dc8b0d\" data-element_type=\"widget\" data-e-type=\"widget\" data-widget_type=\"heading.default\">\n\t\t\t\t<div class=\"elementor-widget-container\">\n\t\t\t\t\t<h2 class=\"elementor-heading-title elementor-size-default\">Adyar, \u00cdndia \u2013 1 de janeiro de 1934.<\/h2>\t\t\t\t<\/div>\n\t\t\t\t<\/div>\n\t\t\t\t<div class=\"elementor-element elementor-element-c16a3ac elementor-widget elementor-widget-text-editor\" data-id=\"c16a3ac\" data-element_type=\"widget\" data-e-type=\"widget\" data-widget_type=\"text-editor.default\">\n\t\t\t\t<div class=\"elementor-widget-container\">\n\t\t\t\t\t\t\t\t\t<p><strong>Pergunta<\/strong>: Quais s\u00e3o as regras e princ\u00edpios da sua vida? Uma vez que, presumivelmente, est\u00e3o baseados na sua pr\u00f3pria ideia de amor, beleza, verdade, e Deus, qual \u00e9 essa ideia?<\/p><p><strong>Krishnamurti<\/strong>: Quais s\u00e3o as minhas regras e princ\u00edpios de vida? Nenhuns. Por favor acompanhem o que eu digo, cr\u00edtica e inteligentemente. N\u00e3o objetem, \u201cN\u00e3o devemos ter regras? Caso contr\u00e1rio a nossa vida seria um caos.\u201d N\u00e3o pensem em termos de opostos. Pensem intrinsecamente em rela\u00e7\u00e3o ao que estou a dizer. Porque querem regras e princ\u00edpios? Porque os querem, voc\u00eas que t\u00eam tantos princ\u00edpios pelos quais moldam, controlam, orientam as vossas vidas?\u00a0Por que querem regras?\u00a0\u201cPorque\u201d, respondem voc\u00eas, \u201cn\u00e3o podemos viver sem elas. Sem regras e princ\u00edpios far\u00edamos exatamente as coisas que quis\u00e9ssemos fazer; poder\u00edamos comer de mais ou abusar do sexo, possuir mais do que dever\u00edamos. Temos que ter princ\u00edpios e regras pelas quais orientar as nossas vidas.\u201d Por outras palavras, para se refrearem sem compreens\u00e3o, t\u00eam que ter estes princ\u00edpios e regras. Esta \u00e9 toda a estrutura artificial das vossas vidas \u2013 restri\u00e7\u00e3o, controlo, refreamento \u2013 porque por tr\u00e1s desta estrutura est\u00e1 a ideia de ganho, de seguran\u00e7a, de conforto, que causa medo.<\/p><p>Mas o homem que n\u00e3o est\u00e1 a procura de aquisitividade, o homem que n\u00e3o est\u00e1 aprisionado na promessa de recompensa ou na amea\u00e7a do castigo, n\u00e3o necessita de regras: o homem que tenta viver e compreender cada experi\u00eancia completamente n\u00e3o precisa de princ\u00edpios e regras, pois s\u00f3 as cren\u00e7as condicionantes requerem conformidade. Quando o pensamento estiver liberto, incondicional, conhecer-se-\u00e1 ent\u00e3o como eterno. Querem controlar o pensamento, mold\u00e1-lo e dirigi-lo, porque estabeleceram uma meta, uma conclus\u00e3o em dire\u00e7\u00e3o \u00e0 qual desejam ir, e essa finalidade \u00e9 sempre o que desejam que ela seja, embora a possam chamar Deus, perfei\u00e7\u00e3o, realidade.<\/p><p>Perguntam-me a respeito da minha ideia de Deus, da verdade, da beleza, do amor. Mas eu digo, se algu\u00e9m descrever a verdade, se algu\u00e9m lhes disser a natureza da verdade, tenham cuidado com essa pessoa. Porque a verdade n\u00e3o pode ser descrita; a verdade n\u00e3o pode ser medida em palavras. Acenam as vossas cabe\u00e7as em assentimento, mas amanh\u00e3 estar\u00e3o de novo a tentar medir a verdade, a tentar encontrar uma descri\u00e7\u00e3o dela. A vossa atitude com respeito \u00e0 vida baseia-se no princ\u00edpio de criar um molde, e depois se enquadrarem nesse molde. O Cristianismo oferece-lhes um molde, o Hindu\u00edsmo oferece outro, o Maometanismo, o Budismo, a Teosofia oferecem ainda outros. Mas para que querem um molde? Por que prezam ideias preconcebidas? Tudo o que podem conhecer \u00e9 a dor, o sofrimento e as alegrias transit\u00f3rias. Mas querem fugir deles; n\u00e3o tentam compreender a causa da dor, a profundidade do sofrimento. Viram-se antes para o seu oposto para se consolarem. No vosso sofrimento, dizem que Deus \u00e9 amor, justi\u00e7a, e moldam-se segundo esse padr\u00e3o. Mas s\u00f3 podem compreender o amor quando deixarem de ser possessivos; da possessividade surge todo o sofrimento. Contudo o vosso sistema de pensamento e emo\u00e7\u00e3o est\u00e1 baseado na possessividade; assim como podem saber do amor?<\/p><p>Portanto a vossa primeira preocupa\u00e7\u00e3o ser\u00e1 a de libertar a mente e o cora\u00e7\u00e3o da possessividade, e s\u00f3 podem fazer isso quando essa possessividade se tornar um veneno para voc\u00eas, quando sentirem o sofrimento, a agonia que esse veneno causa. Agora est\u00e3o a tentar fugir desse sofrimento. Querem que eu lhes diga qual \u00e9 o meu ideal de amor, o meu ideal de beleza, para que possam fazer dele um outro padr\u00e3o, uma outra norma, ou para comparar o meu ideal com o vosso, esperando desse modo compreender. A compreens\u00e3o n\u00e3o chega atrav\u00e9s da compara\u00e7\u00e3o. Eu n\u00e3o tenho nenhum ideal, nenhum padr\u00e3o. A beleza n\u00e3o est\u00e1 separada da a\u00e7\u00e3o. A verdadeira a\u00e7\u00e3o \u00e9 a pr\u00f3pria harmonia de todo o vosso ser. O que \u00e9 que isso significa para voc\u00eas? Nada significa a n\u00e3o ser palavras vazias, porque as vossas a\u00e7\u00f5es s\u00e3o desarmoniosas, porque pensam uma coisa e fazem outra.<\/p><p>Somente podem encontrar liberdade duradoura, verdade, beleza, amor, que s\u00e3o uma e a mesma coisa, quando deixarem de a procurar. Por favor tentem compreender o que estou a dizer. O que quero dizer s\u00f3 \u00e9 subtil no sentido de que pode ser levado a cabo infinitamente. Eu digo que a vossa pr\u00f3pria procura est\u00e1 a destruir o vosso amor, a destruir o vosso sentido de beleza, de verdade, porque a vossa procura \u00e9 apenas uma fuga, uma evas\u00e3o do conflito. E a beleza, o amor, a verdade, essa divindade da compreens\u00e3o, n\u00e3o se encontram fugindo do conflito; residem no pr\u00f3prio conflito.<\/p>\t\t\t\t\t\t\t\t<\/div>\n\t\t\t\t<\/div>\n\t\t\t\t\t<\/div>\n\t\t<\/div>\n\t\t\t\t\t<\/div>\n\t\t<\/section>\n\t\t\t\t<\/div>\n\t\t","protected":false},"excerpt":{"rendered":"<p>Adyar, \u00cdndia \u2013 1 de janeiro de 1934. Pergunta: Quais s\u00e3o as regras e princ\u00edpios da sua vida? Uma vez que, presumivelmente, est\u00e3o baseados na sua pr\u00f3pria ideia de amor, beleza, verdade, e Deus, qual \u00e9 essa ideia? Krishnamurti: Quais s\u00e3o as minhas regras e princ\u00edpios de vida? Nenhuns. Por favor acompanhem o que eu [&hellip;]<\/p>\n","protected":false},"author":1,"featured_media":0,"parent":0,"menu_order":0,"comment_status":"closed","ping_status":"closed","template":"","meta":{"footnotes":""},"class_list":["post-4777","page","type-page","status-publish","hentry","entry"],"_links":{"self":[{"href":"https:\/\/krishnamurtitextos.com.br\/index.php?rest_route=\/wp\/v2\/pages\/4777","targetHints":{"allow":["GET"]}}],"collection":[{"href":"https:\/\/krishnamurtitextos.com.br\/index.php?rest_route=\/wp\/v2\/pages"}],"about":[{"href":"https:\/\/krishnamurtitextos.com.br\/index.php?rest_route=\/wp\/v2\/types\/page"}],"author":[{"embeddable":true,"href":"https:\/\/krishnamurtitextos.com.br\/index.php?rest_route=\/wp\/v2\/users\/1"}],"replies":[{"embeddable":true,"href":"https:\/\/krishnamurtitextos.com.br\/index.php?rest_route=%2Fwp%2Fv2%2Fcomments&post=4777"}],"version-history":[{"count":4,"href":"https:\/\/krishnamurtitextos.com.br\/index.php?rest_route=\/wp\/v2\/pages\/4777\/revisions"}],"predecessor-version":[{"id":4781,"href":"https:\/\/krishnamurtitextos.com.br\/index.php?rest_route=\/wp\/v2\/pages\/4777\/revisions\/4781"}],"wp:attachment":[{"href":"https:\/\/krishnamurtitextos.com.br\/index.php?rest_route=%2Fwp%2Fv2%2Fmedia&parent=4777"}],"curies":[{"name":"wp","href":"https:\/\/api.w.org\/{rel}","templated":true}]}}