{"id":4771,"date":"2025-02-27T17:37:37","date_gmt":"2025-02-27T17:37:37","guid":{"rendered":"https:\/\/krishnamurtitextos.com.br\/?page_id=4771"},"modified":"2025-02-27T17:40:24","modified_gmt":"2025-02-27T17:40:24","slug":"15-2","status":"publish","type":"page","link":"https:\/\/krishnamurtitextos.com.br\/?page_id=4771","title":{"rendered":"15"},"content":{"rendered":"\t\t<div data-elementor-type=\"wp-page\" data-elementor-id=\"4771\" class=\"elementor elementor-4771\">\n\t\t\t\t\t\t<section class=\"elementor-section elementor-top-section elementor-element elementor-element-fb26634 elementor-section-boxed elementor-section-height-default elementor-section-height-default\" data-id=\"fb26634\" data-element_type=\"section\" data-e-type=\"section\">\n\t\t\t\t\t\t<div class=\"elementor-container elementor-column-gap-default\">\n\t\t\t\t\t<div class=\"elementor-column elementor-col-100 elementor-top-column elementor-element elementor-element-070c305\" data-id=\"070c305\" data-element_type=\"column\" data-e-type=\"column\">\n\t\t\t<div class=\"elementor-widget-wrap elementor-element-populated\">\n\t\t\t\t\t\t<div class=\"elementor-element elementor-element-77e0ec4 elementor-widget elementor-widget-heading\" data-id=\"77e0ec4\" data-element_type=\"widget\" data-e-type=\"widget\" data-widget_type=\"heading.default\">\n\t\t\t\t<div class=\"elementor-widget-container\">\n\t\t\t\t\t<h2 class=\"elementor-heading-title elementor-size-default\">Frognerseteren, Noruega \u2013 10 de setembro de 1933.<\/h2>\t\t\t\t<\/div>\n\t\t\t\t<\/div>\n\t\t\t\t\t<\/div>\n\t\t<\/div>\n\t\t\t\t\t<\/div>\n\t\t<\/section>\n\t\t\t\t<section class=\"elementor-section elementor-top-section elementor-element elementor-element-2b18a81 elementor-section-boxed elementor-section-height-default elementor-section-height-default\" data-id=\"2b18a81\" data-element_type=\"section\" data-e-type=\"section\">\n\t\t\t\t\t\t<div class=\"elementor-container elementor-column-gap-default\">\n\t\t\t\t\t<div class=\"elementor-column elementor-col-100 elementor-top-column elementor-element elementor-element-089e54a\" data-id=\"089e54a\" data-element_type=\"column\" data-e-type=\"column\">\n\t\t\t<div class=\"elementor-widget-wrap elementor-element-populated\">\n\t\t\t\t\t\t<div class=\"elementor-element elementor-element-1acd675 elementor-widget elementor-widget-text-editor\" data-id=\"1acd675\" data-element_type=\"widget\" data-e-type=\"widget\" data-widget_type=\"text-editor.default\">\n\t\t\t\t<div class=\"elementor-widget-container\">\n\t\t\t\t\t\t\t\t\t<p><strong>Pergunta<\/strong>: Por favor explique o que quer dizer com imortalidade. A imortalidade \u00e9 t\u00e3o real para si como o ch\u00e3o que pisamos, ou \u00e9 apenas uma ideia sublime?<\/p><p><strong>Krishnamurti<\/strong>: O que lhes vou dizer sobre a imortalidade ser\u00e1 dif\u00edcil de compreender, porque para mim a imortalidade n\u00e3o \u00e9 uma cren\u00e7a: ela existe. Isto \u00e9 uma coisa muito diferente. Existe a imortalidade \u2013 e n\u00e3o que eu saiba ou acredite nela. Espero que vejam a diferen\u00e7a. No momento em que digo \u201cEu sei\u201d, a imortalidade torna-se uma coisa objetiva, est\u00e1tica. Mas quando n\u00e3o h\u00e1 nenhum \u201ceu\u201d, h\u00e1 imortalidade. Tenham cuidado com a pessoa que diz, \u201cEu conhe\u00e7o a imortalidade\u201d; porque para ela a imortalidade \u00e9 uma coisa est\u00e1tica, o que significa que h\u00e1 dualidade: h\u00e1 o \u201ceu\u201d, e h\u00e1 isso que \u00e9 imortal, duas coisas diferentes. Eu afirmo que a imortalidade existe, e isso \u00e9 porque n\u00e3o h\u00e1 consci\u00eancia do \u201ceu\u201d.<\/p><p>Agora por favor n\u00e3o digam que n\u00e3o acredito na imortalidade. Para mim a cren\u00e7a nada tem a ver com ela. A imortalidade n\u00e3o \u00e9 externa. Mas onde h\u00e1 uma cren\u00e7a numa coisa tem que haver um objeto e um sujeito. Por exemplo, voc\u00eas n\u00e3o acreditam na luz do sol: ela existe. Somente um cego, que nunca viu o que \u00e9 a luz do sol, tem que acreditar nela.<\/p><p>Para mim existe uma vida eterna, uma vida de eterno devir; est\u00e1 sempre a devir, n\u00e3o sempre a crescer, porque aquilo que cresce \u00e9 transit\u00f3rio. Agora, para compreender a imortalidade que eu digo que existe, a mente tem de estar livre desta ideia de continuidade e n\u00e3o-continuidade. Quando uma pessoa pergunta \u201cA imortalidade existe?\u201d Ela quer saber se ela, como indiv\u00edduo, continuar\u00e1, ou se ela, como indiv\u00edduo, ser\u00e1 destru\u00edda. Isto \u00e9, pensa somente em termos de opostos, em termos de dualidade; ou existe ou n\u00e3o existe. Se tentarem compreender a minha resposta do ponto de vista da dualidade, ent\u00e3o falhar\u00e3o completamente. Eu afirmo que a imortalidade existe. Mas para compreender essa imortalidade, que \u00e9 o \u00eaxtase da vida, a mente e o cora\u00e7\u00e3o t\u00eam que estar livres de identifica\u00e7\u00e3o com o conflito do qual surge a consci\u00eancia do \u201ceu\u201d, e livres tamb\u00e9m da ideia de aniquila\u00e7\u00e3o da consci\u00eancia do ego.<\/p><p>Deixem-me colocar a quest\u00e3o de uma maneira diferente. Voc\u00eas s\u00f3 conhecem opostos \u2013 coragem e medo, posse e n\u00e3o-posse, desapego e apego. Toda a vossa vida est\u00e1 dividida em opostos \u2013 virtude e n\u00e3o-virtude, certo e errado \u2013 porque nunca enfrentam a vida completamente mas sempre com esta rea\u00e7\u00e3o, com este pano de fundo da divis\u00e3o. Criaram este pano de fundo; estropiaram a vossa mente com estas ideias, e depois perguntam: \u201cA imortalidade existe?\u201d Eu afirmo que existe, mas para o compreenderem, a mente tem que estar livre desta divis\u00e3o. Isto \u00e9, se tiverem medo, n\u00e3o procurem coragem, mas deixem que a mente se liberte do medo; vejam a inutilidade daquilo a que chamam coragem; compreendam que \u00e9 apenas uma fuga do medo, e que o medo existir\u00e1 enquanto houver a ideia de ganho e de perda. Em vez de tentarem alcan\u00e7ar o oposto, em vez de lutarem para desenvolver a qualidade oposta, deixem que a mente e o cora\u00e7\u00e3o se libertem daquilo em que est\u00e3o aprisionados. N\u00e3o tentem desenvolver o seu oposto. Ent\u00e3o saber\u00e3o por si mesmos, sem que ningu\u00e9m vo-lo diga ou vos conduza, o que \u00e9 a imortalidade; a imortalidade que n\u00e3o \u00e9 nem o \u201ceu\u201d nem o \u201ctu\u201d, mas que \u00e9 a vida.<\/p>\t\t\t\t\t\t\t\t<\/div>\n\t\t\t\t<\/div>\n\t\t\t\t\t<\/div>\n\t\t<\/div>\n\t\t\t\t\t<\/div>\n\t\t<\/section>\n\t\t\t\t<\/div>\n\t\t","protected":false},"excerpt":{"rendered":"<p>Frognerseteren, Noruega \u2013 10 de setembro de 1933. Pergunta: Por favor explique o que quer dizer com imortalidade. A imortalidade \u00e9 t\u00e3o real para si como o ch\u00e3o que pisamos, ou \u00e9 apenas uma ideia sublime? Krishnamurti: O que lhes vou dizer sobre a imortalidade ser\u00e1 dif\u00edcil de compreender, porque para mim a imortalidade n\u00e3o [&hellip;]<\/p>\n","protected":false},"author":1,"featured_media":0,"parent":0,"menu_order":0,"comment_status":"closed","ping_status":"closed","template":"","meta":{"footnotes":""},"class_list":["post-4771","page","type-page","status-publish","hentry","entry"],"_links":{"self":[{"href":"https:\/\/krishnamurtitextos.com.br\/index.php?rest_route=\/wp\/v2\/pages\/4771","targetHints":{"allow":["GET"]}}],"collection":[{"href":"https:\/\/krishnamurtitextos.com.br\/index.php?rest_route=\/wp\/v2\/pages"}],"about":[{"href":"https:\/\/krishnamurtitextos.com.br\/index.php?rest_route=\/wp\/v2\/types\/page"}],"author":[{"embeddable":true,"href":"https:\/\/krishnamurtitextos.com.br\/index.php?rest_route=\/wp\/v2\/users\/1"}],"replies":[{"embeddable":true,"href":"https:\/\/krishnamurtitextos.com.br\/index.php?rest_route=%2Fwp%2Fv2%2Fcomments&post=4771"}],"version-history":[{"count":4,"href":"https:\/\/krishnamurtitextos.com.br\/index.php?rest_route=\/wp\/v2\/pages\/4771\/revisions"}],"predecessor-version":[{"id":4775,"href":"https:\/\/krishnamurtitextos.com.br\/index.php?rest_route=\/wp\/v2\/pages\/4771\/revisions\/4775"}],"wp:attachment":[{"href":"https:\/\/krishnamurtitextos.com.br\/index.php?rest_route=%2Fwp%2Fv2%2Fmedia&parent=4771"}],"curies":[{"name":"wp","href":"https:\/\/api.w.org\/{rel}","templated":true}]}}