{"id":4751,"date":"2025-02-27T17:31:37","date_gmt":"2025-02-27T17:31:37","guid":{"rendered":"https:\/\/krishnamurtitextos.com.br\/?page_id=4751"},"modified":"2025-02-27T17:33:17","modified_gmt":"2025-02-27T17:33:17","slug":"13-2","status":"publish","type":"page","link":"https:\/\/krishnamurtitextos.com.br\/?page_id=4751","title":{"rendered":"13"},"content":{"rendered":"\t\t<div data-elementor-type=\"wp-page\" data-elementor-id=\"4751\" class=\"elementor elementor-4751\">\n\t\t\t\t\t\t<section class=\"elementor-section elementor-top-section elementor-element elementor-element-8ba0fa3 elementor-section-boxed elementor-section-height-default elementor-section-height-default\" data-id=\"8ba0fa3\" data-element_type=\"section\" data-e-type=\"section\">\n\t\t\t\t\t\t<div class=\"elementor-container elementor-column-gap-default\">\n\t\t\t\t\t<div class=\"elementor-column elementor-col-100 elementor-top-column elementor-element elementor-element-36bd42c\" data-id=\"36bd42c\" data-element_type=\"column\" data-e-type=\"column\">\n\t\t\t<div class=\"elementor-widget-wrap elementor-element-populated\">\n\t\t\t\t\t\t<div class=\"elementor-element elementor-element-f1620ce elementor-widget elementor-widget-heading\" data-id=\"f1620ce\" data-element_type=\"widget\" data-e-type=\"widget\" data-widget_type=\"heading.default\">\n\t\t\t\t<div class=\"elementor-widget-container\">\n\t\t\t\t\t<h2 class=\"elementor-heading-title elementor-size-default\">Frognerseteren, Noruega \u2013  9 de setembro de 1933.<\/h2>\t\t\t\t<\/div>\n\t\t\t\t<\/div>\n\t\t\t\t\t<\/div>\n\t\t<\/div>\n\t\t\t\t\t<\/div>\n\t\t<\/section>\n\t\t\t\t<section class=\"elementor-section elementor-top-section elementor-element elementor-element-f9bc797 elementor-section-boxed elementor-section-height-default elementor-section-height-default\" data-id=\"f9bc797\" data-element_type=\"section\" data-e-type=\"section\">\n\t\t\t\t\t\t<div class=\"elementor-container elementor-column-gap-default\">\n\t\t\t\t\t<div class=\"elementor-column elementor-col-100 elementor-top-column elementor-element elementor-element-b33a157\" data-id=\"b33a157\" data-element_type=\"column\" data-e-type=\"column\">\n\t\t\t<div class=\"elementor-widget-wrap elementor-element-populated\">\n\t\t\t\t\t\t<div class=\"elementor-element elementor-element-e1ebb26 elementor-widget elementor-widget-text-editor\" data-id=\"e1ebb26\" data-element_type=\"widget\" data-e-type=\"widget\" data-widget_type=\"text-editor.default\">\n\t\t\t\t<div class=\"elementor-widget-container\">\n\t\t\t\t\t\t\t\t\t<p><strong>Pergunta<\/strong>: Disse que a mem\u00f3ria representa uma experi\u00eancia que n\u00e3o foi compreendida. Isso significa que as nossas experi\u00eancias n\u00e3o t\u00eam qualquer utilidade para n\u00f3s? E porque \u00e9 que uma experi\u00eancia totalmente compreendida n\u00e3o deixa mem\u00f3ria?<\/p><p><strong>Krishnamurti<\/strong>: Receio bem que a maioria das experi\u00eancias que se t\u00eam n\u00e3o tenham qualquer utilidade. Voc\u00eas repetem a mesma coisa vezes sem conta, ao passo que para mim uma experi\u00eancia realmente compreendida liberta a mente de toda a procura de experi\u00eancias. Voc\u00eas confrontam um incidente, do qual esperam aprender, do qual esperam lucrar, e multiplicam experi\u00eancias, uma ap\u00f3s a outra. Com essa ideia de sensa\u00e7\u00e3o, de aprendizagem, de lucro, enfrentam v\u00e1rias experi\u00eancias; enfrentam-nas com uma mente preconceituosa. Est\u00e3o assim a usar as experi\u00eancias que os confrontam apenas como um meio de obter outra coisa \u2013 ficar ricos emocional ou mentalmente, desfrutar. Pensam que estas experi\u00eancias n\u00e3o t\u00eam valor inerente; contam com elas somente para obter outra coisa atrav\u00e9s delas.<\/p><p>Onde h\u00e1 car\u00eancia tem que haver mem\u00f3ria, que cria o tempo. E a maioria das mentes, estando apanhadas pelo tempo, enfrentam a vida com essa limita\u00e7\u00e3o. Isto \u00e9, delimitadas por essa limita\u00e7\u00e3o tentam compreender algo que n\u00e3o tem limite. Por isso existe o conflito. Por outras palavras, as experi\u00eancias das quais tentamos aprender nascem da rea\u00e7\u00e3o. N\u00e3o existe tal coisa como aprender da experi\u00eancia ou atrav\u00e9s da experi\u00eancia.<\/p><p>O interlocutor quer saber porque \u00e9 que uma experi\u00eancia totalmente compreendida n\u00e3o deixa mem\u00f3ria. N\u00f3s estamos s\u00f3s, vazios; sendo conscientes desse vazio, dessa solid\u00e3o, voltamo-nos para a experi\u00eancia para o preencher. Dizemos, \u201cAprenderei desta experi\u00eancia; deixa-me encher a mente com experi\u00eancia que destr\u00f3i a solid\u00e3o.\u201d A experi\u00eancia realmente destr\u00f3i a solid\u00e3o, mas torna-nos muito superficiais. Isso \u00e9 o que sempre estamos a fazer; mas se compreendermos que esta mesma car\u00eancia cria a solid\u00e3o, ent\u00e3o a solid\u00e3o desaparecer\u00e1.<\/p>\t\t\t\t\t\t\t\t<\/div>\n\t\t\t\t<\/div>\n\t\t\t\t\t<\/div>\n\t\t<\/div>\n\t\t\t\t\t<\/div>\n\t\t<\/section>\n\t\t\t\t<\/div>\n\t\t","protected":false},"excerpt":{"rendered":"<p>Frognerseteren, Noruega \u2013 9 de setembro de 1933. Pergunta: Disse que a mem\u00f3ria representa uma experi\u00eancia que n\u00e3o foi compreendida. Isso significa que as nossas experi\u00eancias n\u00e3o t\u00eam qualquer utilidade para n\u00f3s? E porque \u00e9 que uma experi\u00eancia totalmente compreendida n\u00e3o deixa mem\u00f3ria? Krishnamurti: Receio bem que a maioria das experi\u00eancias que se t\u00eam n\u00e3o [&hellip;]<\/p>\n","protected":false},"author":1,"featured_media":0,"parent":0,"menu_order":0,"comment_status":"closed","ping_status":"closed","template":"","meta":{"footnotes":""},"class_list":["post-4751","page","type-page","status-publish","hentry","entry"],"_links":{"self":[{"href":"https:\/\/krishnamurtitextos.com.br\/index.php?rest_route=\/wp\/v2\/pages\/4751","targetHints":{"allow":["GET"]}}],"collection":[{"href":"https:\/\/krishnamurtitextos.com.br\/index.php?rest_route=\/wp\/v2\/pages"}],"about":[{"href":"https:\/\/krishnamurtitextos.com.br\/index.php?rest_route=\/wp\/v2\/types\/page"}],"author":[{"embeddable":true,"href":"https:\/\/krishnamurtitextos.com.br\/index.php?rest_route=\/wp\/v2\/users\/1"}],"replies":[{"embeddable":true,"href":"https:\/\/krishnamurtitextos.com.br\/index.php?rest_route=%2Fwp%2Fv2%2Fcomments&post=4751"}],"version-history":[{"count":4,"href":"https:\/\/krishnamurtitextos.com.br\/index.php?rest_route=\/wp\/v2\/pages\/4751\/revisions"}],"predecessor-version":[{"id":4756,"href":"https:\/\/krishnamurtitextos.com.br\/index.php?rest_route=\/wp\/v2\/pages\/4751\/revisions\/4756"}],"wp:attachment":[{"href":"https:\/\/krishnamurtitextos.com.br\/index.php?rest_route=%2Fwp%2Fv2%2Fmedia&parent=4751"}],"curies":[{"name":"wp","href":"https:\/\/api.w.org\/{rel}","templated":true}]}}