{"id":4734,"date":"2025-02-27T17:26:15","date_gmt":"2025-02-27T17:26:15","guid":{"rendered":"https:\/\/krishnamurtitextos.com.br\/?page_id=4734"},"modified":"2025-02-27T17:27:57","modified_gmt":"2025-02-27T17:27:57","slug":"11-2","status":"publish","type":"page","link":"https:\/\/krishnamurtitextos.com.br\/?page_id=4734","title":{"rendered":"11"},"content":{"rendered":"\t\t<div data-elementor-type=\"wp-page\" data-elementor-id=\"4734\" class=\"elementor elementor-4734\">\n\t\t\t\t\t\t<section class=\"elementor-section elementor-top-section elementor-element elementor-element-e803998 elementor-section-boxed elementor-section-height-default elementor-section-height-default\" data-id=\"e803998\" data-element_type=\"section\" data-e-type=\"section\">\n\t\t\t\t\t\t<div class=\"elementor-container elementor-column-gap-default\">\n\t\t\t\t\t<div class=\"elementor-column elementor-col-100 elementor-top-column elementor-element elementor-element-f3746f5\" data-id=\"f3746f5\" data-element_type=\"column\" data-e-type=\"column\">\n\t\t\t<div class=\"elementor-widget-wrap elementor-element-populated\">\n\t\t\t\t\t\t<div class=\"elementor-element elementor-element-2985b50 elementor-widget elementor-widget-heading\" data-id=\"2985b50\" data-element_type=\"widget\" data-e-type=\"widget\" data-widget_type=\"heading.default\">\n\t\t\t\t<div class=\"elementor-widget-container\">\n\t\t\t\t\t<h2 class=\"elementor-heading-title elementor-size-default\">Frognerseteren, Noruega \u2013  6 de setembro, 1933.<\/h2>\t\t\t\t<\/div>\n\t\t\t\t<\/div>\n\t\t\t\t\t<\/div>\n\t\t<\/div>\n\t\t\t\t\t<\/div>\n\t\t<\/section>\n\t\t\t\t<section class=\"elementor-section elementor-top-section elementor-element elementor-element-9bb319d elementor-section-boxed elementor-section-height-default elementor-section-height-default\" data-id=\"9bb319d\" data-element_type=\"section\" data-e-type=\"section\">\n\t\t\t\t\t\t<div class=\"elementor-container elementor-column-gap-default\">\n\t\t\t\t\t<div class=\"elementor-column elementor-col-100 elementor-top-column elementor-element elementor-element-aa6bb63\" data-id=\"aa6bb63\" data-element_type=\"column\" data-e-type=\"column\">\n\t\t\t<div class=\"elementor-widget-wrap elementor-element-populated\">\n\t\t\t\t\t\t<div class=\"elementor-element elementor-element-9c5ad06 elementor-widget elementor-widget-text-editor\" data-id=\"9c5ad06\" data-element_type=\"widget\" data-e-type=\"widget\" data-widget_type=\"text-editor.default\">\n\t\t\t\t<div class=\"elementor-widget-container\">\n\t\t\t\t\t\t\t\t\t<p><strong>Pergunta<\/strong>: Fala muitas vezes da necessidade de compreendermos as nossas experi\u00eancias. Poderia por favor explicar o que quer dizer com compreender uma experi\u00eancia da maneira correta?<\/p><p><strong>Krishnamurti<\/strong>: Para compreender plenamente uma experi\u00eancia t\u00eam que chegar a ela cheios de vigor cada vez que ela vos confronta. Para compreender a experi\u00eancia t\u00eam que ter uma clareza de mente e cora\u00e7\u00e3o aberta e simples. Mas n\u00f3s n\u00e3o abordamos as experi\u00eancias da vida com essa atitude. A mem\u00f3ria impede-nos de abordar a experi\u00eancia abertamente, nuamente. N\u00e3o \u00e9 assim? A mem\u00f3ria impede-nos de enfrentar a experi\u00eancia integralmente, e por isso nos impede de compreender a experi\u00eancia completamente. Ora o que \u00e9 que origina a mem\u00f3ria? Para mim, a mem\u00f3ria \u00e9 apenas o sinal de compreens\u00e3o incompleta. Quando enfrentam integralmente uma experi\u00eancia, quando vivem plenamente, essa experi\u00eancia ou incidente n\u00e3o deixa uma cicatriz da mem\u00f3ria. A mem\u00f3ria s\u00f3 existe quando vivem parcialmente, quando n\u00e3o enfrentam a experi\u00eancia integralmente; s\u00f3 h\u00e1 mem\u00f3ria na incompletude. N\u00e3o \u00e9 assim? Tomemos, por exemplo, o facto de serem coerentes com um princ\u00edpio. Porque \u00e9 que s\u00e3o coerentes? S\u00e3o coerentes porque n\u00e3o podem enfrentar a vida abertamente, livremente; por isso dizem, \u201cTenho que ter um princ\u00edpio que me oriente.\u201d Da\u00ed a luta constante para serem coerentes, e com essa mem\u00f3ria como pano de fundo enfrentam cada incidente da vida. H\u00e1 assim incompletude na vossa compreens\u00e3o porque abordam a experi\u00eancia com uma mente que j\u00e1 est\u00e1 sobrecarregada. Somente quando enfrentarem todas as coisas, todas as coisas sejam elas quais forem, com uma mente aliviada, somente ent\u00e3o ter\u00e3o verdadeira compreens\u00e3o.<\/p><p>\u201cMas\u201d, dizem voc\u00eas, \u201cque devo fazer com todas as mem\u00f3rias que tenho?\u201d N\u00e3o podem descart\u00e1-las. Mas o que podem fazer \u00e9 enfrentar a vossa pr\u00f3xima experi\u00eancia integralmente; ver\u00e3o ent\u00e3o essas mem\u00f3rias passadas entrar em a\u00e7\u00e3o, e ent\u00e3o \u00e9 o momento de as enfrentar e de as dissipar.<\/p><p>Portanto o que confere compreens\u00e3o correta n\u00e3o \u00e9 o res\u00edduo de muitas experi\u00eancias. N\u00e3o podem enfrentar integralmente novas experi\u00eancias quando o resto das experi\u00eancias passadas est\u00e1 a sobrecarregar a vossa mente. Contudo \u00e9 assim que constantemente as enfrentam. Isto \u00e9, a vossa mente aprendeu a ser cuidadosa, a ser engenhosa, a agir como um sinal, a dar um aviso; por isso, n\u00e3o podem enfrentar plenamente qualquer incidente. Para libertar a vossa da mem\u00f3ria, para a libertar do fardo da experi\u00eancia, t\u00eam que enfrentar a vida plenamente; nessa a\u00e7\u00e3o as vossas mem\u00f3rias passadas entram em atividade, e na chama da consci\u00eancia s\u00e3o dissolvidas. Tentem-no e ver\u00e3o.<\/p><p>Ao ir embora daqui encontrar\u00e3o amigos; ver\u00e3o o p\u00f4r do sol, as sombras alongadas. Estejam plenamente conscientes nestas experi\u00eancias, e descobrir\u00e3o que toda a esp\u00e9cie de mem\u00f3rias se agitar\u00e1 a vossa frente; na vossa perspicaz consci\u00eancia compreender\u00e3o a falsidade e a for\u00e7a destas mem\u00f3rias, e ser\u00e3o capazes de as dissolver; enfrentar\u00e3o ent\u00e3o com plena consci\u00eancia cada experi\u00eancia da vida.<\/p>\t\t\t\t\t\t\t\t<\/div>\n\t\t\t\t<\/div>\n\t\t\t\t\t<\/div>\n\t\t<\/div>\n\t\t\t\t\t<\/div>\n\t\t<\/section>\n\t\t\t\t<\/div>\n\t\t","protected":false},"excerpt":{"rendered":"<p>Frognerseteren, Noruega \u2013 6 de setembro, 1933. Pergunta: Fala muitas vezes da necessidade de compreendermos as nossas experi\u00eancias. Poderia por favor explicar o que quer dizer com compreender uma experi\u00eancia da maneira correta? Krishnamurti: Para compreender plenamente uma experi\u00eancia t\u00eam que chegar a ela cheios de vigor cada vez que ela vos confronta. Para compreender [&hellip;]<\/p>\n","protected":false},"author":1,"featured_media":0,"parent":0,"menu_order":0,"comment_status":"closed","ping_status":"closed","template":"","meta":{"footnotes":""},"class_list":["post-4734","page","type-page","status-publish","hentry","entry"],"_links":{"self":[{"href":"https:\/\/krishnamurtitextos.com.br\/index.php?rest_route=\/wp\/v2\/pages\/4734","targetHints":{"allow":["GET"]}}],"collection":[{"href":"https:\/\/krishnamurtitextos.com.br\/index.php?rest_route=\/wp\/v2\/pages"}],"about":[{"href":"https:\/\/krishnamurtitextos.com.br\/index.php?rest_route=\/wp\/v2\/types\/page"}],"author":[{"embeddable":true,"href":"https:\/\/krishnamurtitextos.com.br\/index.php?rest_route=\/wp\/v2\/users\/1"}],"replies":[{"embeddable":true,"href":"https:\/\/krishnamurtitextos.com.br\/index.php?rest_route=%2Fwp%2Fv2%2Fcomments&post=4734"}],"version-history":[{"count":4,"href":"https:\/\/krishnamurtitextos.com.br\/index.php?rest_route=\/wp\/v2\/pages\/4734\/revisions"}],"predecessor-version":[{"id":4739,"href":"https:\/\/krishnamurtitextos.com.br\/index.php?rest_route=\/wp\/v2\/pages\/4734\/revisions\/4739"}],"wp:attachment":[{"href":"https:\/\/krishnamurtitextos.com.br\/index.php?rest_route=%2Fwp%2Fv2%2Fmedia&parent=4734"}],"curies":[{"name":"wp","href":"https:\/\/api.w.org\/{rel}","templated":true}]}}