{"id":4726,"date":"2025-02-27T17:22:37","date_gmt":"2025-02-27T17:22:37","guid":{"rendered":"https:\/\/krishnamurtitextos.com.br\/?page_id=4726"},"modified":"2025-02-27T17:25:55","modified_gmt":"2025-02-27T17:25:55","slug":"10-2","status":"publish","type":"page","link":"https:\/\/krishnamurtitextos.com.br\/?page_id=4726","title":{"rendered":"10"},"content":{"rendered":"\t\t<div data-elementor-type=\"wp-page\" data-elementor-id=\"4726\" class=\"elementor elementor-4726\">\n\t\t\t\t\t\t<section class=\"elementor-section elementor-top-section elementor-element elementor-element-679b6cb elementor-section-boxed elementor-section-height-default elementor-section-height-default\" data-id=\"679b6cb\" data-element_type=\"section\" data-e-type=\"section\">\n\t\t\t\t\t\t<div class=\"elementor-container elementor-column-gap-default\">\n\t\t\t\t\t<div class=\"elementor-column elementor-col-100 elementor-top-column elementor-element elementor-element-415f7aa\" data-id=\"415f7aa\" data-element_type=\"column\" data-e-type=\"column\">\n\t\t\t<div class=\"elementor-widget-wrap elementor-element-populated\">\n\t\t\t\t\t\t<div class=\"elementor-element elementor-element-54b74ba elementor-widget elementor-widget-heading\" data-id=\"54b74ba\" data-element_type=\"widget\" data-e-type=\"widget\" data-widget_type=\"heading.default\">\n\t\t\t\t<div class=\"elementor-widget-container\">\n\t\t\t\t\t<h2 class=\"elementor-heading-title elementor-size-default\">Frognerseteren, Noruega \u2013  6 de setembro, 1933.<\/h2>\t\t\t\t<\/div>\n\t\t\t\t<\/div>\n\t\t\t\t\t<\/div>\n\t\t<\/div>\n\t\t\t\t\t<\/div>\n\t\t<\/section>\n\t\t\t\t<section class=\"elementor-section elementor-top-section elementor-element elementor-element-b561b64 elementor-section-boxed elementor-section-height-default elementor-section-height-default\" data-id=\"b561b64\" data-element_type=\"section\" data-e-type=\"section\">\n\t\t\t\t\t\t<div class=\"elementor-container elementor-column-gap-default\">\n\t\t\t\t\t<div class=\"elementor-column elementor-col-100 elementor-top-column elementor-element elementor-element-c05eb64\" data-id=\"c05eb64\" data-element_type=\"column\" data-e-type=\"column\">\n\t\t\t<div class=\"elementor-widget-wrap elementor-element-populated\">\n\t\t\t\t\t\t<div class=\"elementor-element elementor-element-3f16f17 elementor-widget elementor-widget-text-editor\" data-id=\"3f16f17\" data-element_type=\"widget\" data-e-type=\"widget\" data-widget_type=\"text-editor.default\">\n\t\t\t\t<div class=\"elementor-widget-container\">\n\t\t\t\t\t\t\t\t\t<p><strong>Pergunta<\/strong>: Quer dizer que mais cedo ou mais tarde todos os seres humanos, inevitavelmente, no decurso da exist\u00eancia, alcan\u00e7ar\u00e3o a perfei\u00e7\u00e3o, a liberta\u00e7\u00e3o completa de tudo o que os domina? Se assim \u00e9, porqu\u00ea fazer qualquer esfor\u00e7o agora?<\/p><p><strong>Krishnamurti<\/strong>: Sabem, eu n\u00e3o estou a falar da multid\u00e3o. Para mim n\u00e3o existe esta divis\u00e3o do indiv\u00edduo e da multid\u00e3o. Estou a falar-lhes como indiv\u00edduos. Afinal, a multid\u00e3o s\u00e3o voc\u00eas multiplicados. Se compreenderem, dar\u00e3o compreens\u00e3o. A compreens\u00e3o \u00e9 como a luz que dissipa a escurid\u00e3o. Mas se n\u00e3o compreenderem, se aplicarem o que estou a dizer apenas ao outro, ao homem exterior a voc\u00eas, ent\u00e3o estar\u00e3o apenas a aumentar a escurid\u00e3o.<\/p><p>Portanto querem saber se voc\u00eas \u2013 n\u00e3o este homem imagin\u00e1rio da multid\u00e3o \u2013 se voc\u00eas inevitavelmente alcan\u00e7ar\u00e3o a perfei\u00e7\u00e3o. Se assim for, pensam voc\u00eas, porqu\u00ea fazer qualquer esfor\u00e7o no presente? Concordo plenamente. Se pensam que inevitavelmente alcan\u00e7ar\u00e3o o \u00eaxtase de viver, porqu\u00ea incomodarem-se? Mas, porque est\u00e3o aprisionados no conflito, est\u00e3o a fazer um esfor\u00e7o.<\/p><p>Porei as coisas de outro modo: \u00e9 como dizer a um homem faminto que ele inevitavelmente encontrar\u00e1 alguns meios para satisfazer a sua fome. Como \u00e9 que isso o ajuda hoje se lhe dizem que ele ser\u00e1 alimentado daqui a dez dias? Por essa altura poder\u00e1 estar morto. Portanto a quest\u00e3o n\u00e3o \u00e9, \u201cExiste perfei\u00e7\u00e3o inevitavelmente para mim como indiv\u00edduo?\u201d Mas, \u00e9 antes, \u201cPorque \u00e9 que fa\u00e7o este esfor\u00e7o intermin\u00e1vel?\u201d<\/p><p>Para mim, um homem que procura a virtude deixa de ser virtuoso. Contudo isso \u00e9 o que fazemos durante todo o tempo. Estamos a tentar ser perfeitos; estamos comprometidos com o esfor\u00e7o incessante de ser algo. Mas se fizermos um esfor\u00e7o porque estamos realmente a sofrer e porque nos queremos libertar desse sofrimento, ent\u00e3o a nossa principal preocupa\u00e7\u00e3o n\u00e3o \u00e9 a perfei\u00e7\u00e3o \u2013 n\u00e3o sabemos o que \u00e9 a perfei\u00e7\u00e3o. S\u00f3 a podemos imaginar ou ler sobre ela nos livros. Por isso, tem que ser ilus\u00f3ria. A nossa principal preocupa\u00e7\u00e3o n\u00e3o \u00e9 com a perfei\u00e7\u00e3o, mas com a quest\u00e3o, \u201cO que \u00e9 que cria este conflito que exige esfor\u00e7o?\u201d<\/p>\t\t\t\t\t\t\t\t<\/div>\n\t\t\t\t<\/div>\n\t\t\t\t\t<\/div>\n\t\t<\/div>\n\t\t\t\t\t<\/div>\n\t\t<\/section>\n\t\t\t\t<\/div>\n\t\t","protected":false},"excerpt":{"rendered":"<p>Frognerseteren, Noruega \u2013 6 de setembro, 1933. Pergunta: Quer dizer que mais cedo ou mais tarde todos os seres humanos, inevitavelmente, no decurso da exist\u00eancia, alcan\u00e7ar\u00e3o a perfei\u00e7\u00e3o, a liberta\u00e7\u00e3o completa de tudo o que os domina? Se assim \u00e9, porqu\u00ea fazer qualquer esfor\u00e7o agora? Krishnamurti: Sabem, eu n\u00e3o estou a falar da multid\u00e3o. Para [&hellip;]<\/p>\n","protected":false},"author":1,"featured_media":0,"parent":0,"menu_order":0,"comment_status":"closed","ping_status":"closed","template":"","meta":{"footnotes":""},"class_list":["post-4726","page","type-page","status-publish","hentry","entry"],"_links":{"self":[{"href":"https:\/\/krishnamurtitextos.com.br\/index.php?rest_route=\/wp\/v2\/pages\/4726","targetHints":{"allow":["GET"]}}],"collection":[{"href":"https:\/\/krishnamurtitextos.com.br\/index.php?rest_route=\/wp\/v2\/pages"}],"about":[{"href":"https:\/\/krishnamurtitextos.com.br\/index.php?rest_route=\/wp\/v2\/types\/page"}],"author":[{"embeddable":true,"href":"https:\/\/krishnamurtitextos.com.br\/index.php?rest_route=\/wp\/v2\/users\/1"}],"replies":[{"embeddable":true,"href":"https:\/\/krishnamurtitextos.com.br\/index.php?rest_route=%2Fwp%2Fv2%2Fcomments&post=4726"}],"version-history":[{"count":4,"href":"https:\/\/krishnamurtitextos.com.br\/index.php?rest_route=\/wp\/v2\/pages\/4726\/revisions"}],"predecessor-version":[{"id":4730,"href":"https:\/\/krishnamurtitextos.com.br\/index.php?rest_route=\/wp\/v2\/pages\/4726\/revisions\/4730"}],"wp:attachment":[{"href":"https:\/\/krishnamurtitextos.com.br\/index.php?rest_route=%2Fwp%2Fv2%2Fmedia&parent=4726"}],"curies":[{"name":"wp","href":"https:\/\/api.w.org\/{rel}","templated":true}]}}