{"id":4700,"date":"2025-02-27T17:01:38","date_gmt":"2025-02-27T17:01:38","guid":{"rendered":"https:\/\/krishnamurtitextos.com.br\/?page_id=4700"},"modified":"2025-02-27T17:04:09","modified_gmt":"2025-02-27T17:04:09","slug":"07-2","status":"publish","type":"page","link":"https:\/\/krishnamurtitextos.com.br\/?page_id=4700","title":{"rendered":"07"},"content":{"rendered":"\t\t<div data-elementor-type=\"wp-page\" data-elementor-id=\"4700\" class=\"elementor elementor-4700\">\n\t\t\t\t\t\t<section class=\"elementor-section elementor-top-section elementor-element elementor-element-c240af5 elementor-section-boxed elementor-section-height-default elementor-section-height-default\" data-id=\"c240af5\" data-element_type=\"section\" data-e-type=\"section\">\n\t\t\t\t\t\t<div class=\"elementor-container elementor-column-gap-default\">\n\t\t\t\t\t<div class=\"elementor-column elementor-col-100 elementor-top-column elementor-element elementor-element-1106396\" data-id=\"1106396\" data-element_type=\"column\" data-e-type=\"column\">\n\t\t\t<div class=\"elementor-widget-wrap elementor-element-populated\">\n\t\t\t\t\t\t<div class=\"elementor-element elementor-element-133efcb elementor-widget elementor-widget-heading\" data-id=\"133efcb\" data-element_type=\"widget\" data-e-type=\"widget\" data-widget_type=\"heading.default\">\n\t\t\t\t<div class=\"elementor-widget-container\">\n\t\t\t\t\t<h2 class=\"elementor-heading-title elementor-size-default\">Oslo, Noruega \u2013 5 de setembro, 1933.<\/h2>\t\t\t\t<\/div>\n\t\t\t\t<\/div>\n\t\t\t\t\t<\/div>\n\t\t<\/div>\n\t\t\t\t\t<\/div>\n\t\t<\/section>\n\t\t\t\t<section class=\"elementor-section elementor-top-section elementor-element elementor-element-d2ea5f3 elementor-section-boxed elementor-section-height-default elementor-section-height-default\" data-id=\"d2ea5f3\" data-element_type=\"section\" data-e-type=\"section\">\n\t\t\t\t\t\t<div class=\"elementor-container elementor-column-gap-default\">\n\t\t\t\t\t<div class=\"elementor-column elementor-col-100 elementor-top-column elementor-element elementor-element-172779a\" data-id=\"172779a\" data-element_type=\"column\" data-e-type=\"column\">\n\t\t\t<div class=\"elementor-widget-wrap elementor-element-populated\">\n\t\t\t\t\t\t<div class=\"elementor-element elementor-element-757e9a3 elementor-widget elementor-widget-text-editor\" data-id=\"757e9a3\" data-element_type=\"widget\" data-e-type=\"widget\" data-widget_type=\"text-editor.default\">\n\t\t\t\t<div class=\"elementor-widget-container\">\n\t\t\t\t\t\t\t\t\t<p><strong>Pergunta<\/strong>: O senhor diz que os seus ensinamentos s\u00e3o para todos, n\u00e3o para uma qualquer minoria seleta. Se assim \u00e9, porque \u00e9 que achamos dif\u00edcil compreend\u00ea-lo?<\/p><p><strong>Krishnamurti<\/strong>: N\u00e3o se trata de me compreenderem. Porque haveriam de me compreender? A verdade n\u00e3o \u00e9 minha, isso sim deveriam compreender. Acham as minhas palavras dif\u00edceis de compreender porque as vossas mentes est\u00e3o sufocadas com ideias. O que eu digo \u00e9 muito simples. N\u00e3o \u00e9 para a minoria seleta; \u00e9 para todos os que estiverem dispostos a tentar. Eu afirmo que se se libertassem das ideias, das cren\u00e7as, de todas as seguran\u00e7as que as pessoas edificaram atrav\u00e9s dos s\u00e9culos, ent\u00e3o compreenderiam a vida. Podem libertar-se apenas pelo questionamento, e s\u00f3 podem questionar-se quando est\u00e3o revoltados \u2013 n\u00e3o quando est\u00e3o estagnados com ideias satisfat\u00f3rias. Quando as vossas mentes est\u00e3o sufocadas com cren\u00e7as, quando est\u00e3o pesadas com o conhecimento adquirido dos livros, ent\u00e3o \u00e9 imposs\u00edvel compreender a vida. Portanto n\u00e3o \u00e9 uma quest\u00e3o de me compreenderem.<\/p><p>Por favor \u2013 e n\u00e3o estou a dizer isto com qualquer preconceito \u2013 eu encontrei uma maneira; n\u00e3o um m\u00e9todo que possam praticar, um sistema que se torna numa jaula, numa pris\u00e3o. Eu compreendi a verdade, Deus, ou seja l\u00e1 o nome que gostam de lhe dar. Eu afirmo que existe essa realidade de vida eterna, mas n\u00e3o pode ser compreendida enquanto a mente e o cora\u00e7\u00e3o estiverem sobrecarregados, estropiados pela ideia do \u201ceu\u201d. Enquanto essa autoconsci\u00eancia, essa limita\u00e7\u00e3o, existir, n\u00e3o pode haver qualquer compreens\u00e3o do todo, da totalidade da vida. Esse \u201ceu\u201d existe enquanto houverem falsos valores \u2013 falsos valores que herdamos ou que perseverantemente criamos na nossa busca de seguran\u00e7a, ou que estabelecemos como a nossa autoridade na busca de conforto. Mas os valores corretos, os valores vivos \u2013 estes s\u00f3 os podem descobrir quando realmente sofrem, quando est\u00e3o muito descontentes. Se estiverem dispostos a tornarem-se livres da persecu\u00e7\u00e3o de ganhos, ent\u00e3o encontr\u00e1-los-\u00e3o. Mas a maioria de n\u00f3s n\u00e3o quer ser livre; queremos conservar o que ganhamos, quer em virtude quer em conhecimento quer em posses; queremos conserv\u00e1-los a todos. Assim sobrecarregados tentamos enfrentar a vida, e da\u00ed a absoluta impossibilidade de a compreender completamente.<\/p><p>Portanto a dificuldade reside n\u00e3o em compreender-me, mas em compreender a pr\u00f3pria vida; e essa dificuldade existir\u00e1 enquanto as vossas mentes estiverem sobrecarregadas com esta consci\u00eancia a que chamamos \u201ceu\u201d. N\u00e3o posso dar-lhes valores corretos, se eu vo-los dissesse, fariam disso um sistema e imit\u00e1-lo-iam, estabelecendo desse modo apenas uma outra s\u00e9rie de falsos valores. Mas podem descobrir por si pr\u00f3prios os valores corretos, quando se tornarem verdadeiramente indiv\u00edduos, quando cessarem de ser uma m\u00e1quina. E s\u00f3 se podem libertar desta m\u00e1quina mort\u00edfera dos falsos valores quando estiverem muito revoltados.<\/p>\t\t\t\t\t\t\t\t<\/div>\n\t\t\t\t<\/div>\n\t\t\t\t\t<\/div>\n\t\t<\/div>\n\t\t\t\t\t<\/div>\n\t\t<\/section>\n\t\t\t\t<\/div>\n\t\t","protected":false},"excerpt":{"rendered":"<p>Oslo, Noruega \u2013 5 de setembro, 1933. Pergunta: O senhor diz que os seus ensinamentos s\u00e3o para todos, n\u00e3o para uma qualquer minoria seleta. Se assim \u00e9, porque \u00e9 que achamos dif\u00edcil compreend\u00ea-lo? Krishnamurti: N\u00e3o se trata de me compreenderem. Porque haveriam de me compreender? A verdade n\u00e3o \u00e9 minha, isso sim deveriam compreender. Acham [&hellip;]<\/p>\n","protected":false},"author":1,"featured_media":0,"parent":0,"menu_order":0,"comment_status":"closed","ping_status":"closed","template":"","meta":{"footnotes":""},"class_list":["post-4700","page","type-page","status-publish","hentry","entry"],"_links":{"self":[{"href":"https:\/\/krishnamurtitextos.com.br\/index.php?rest_route=\/wp\/v2\/pages\/4700","targetHints":{"allow":["GET"]}}],"collection":[{"href":"https:\/\/krishnamurtitextos.com.br\/index.php?rest_route=\/wp\/v2\/pages"}],"about":[{"href":"https:\/\/krishnamurtitextos.com.br\/index.php?rest_route=\/wp\/v2\/types\/page"}],"author":[{"embeddable":true,"href":"https:\/\/krishnamurtitextos.com.br\/index.php?rest_route=\/wp\/v2\/users\/1"}],"replies":[{"embeddable":true,"href":"https:\/\/krishnamurtitextos.com.br\/index.php?rest_route=%2Fwp%2Fv2%2Fcomments&post=4700"}],"version-history":[{"count":4,"href":"https:\/\/krishnamurtitextos.com.br\/index.php?rest_route=\/wp\/v2\/pages\/4700\/revisions"}],"predecessor-version":[{"id":4706,"href":"https:\/\/krishnamurtitextos.com.br\/index.php?rest_route=\/wp\/v2\/pages\/4700\/revisions\/4706"}],"wp:attachment":[{"href":"https:\/\/krishnamurtitextos.com.br\/index.php?rest_route=%2Fwp%2Fv2%2Fmedia&parent=4700"}],"curies":[{"name":"wp","href":"https:\/\/api.w.org\/{rel}","templated":true}]}}