{"id":4686,"date":"2025-02-27T16:46:10","date_gmt":"2025-02-27T16:46:10","guid":{"rendered":"https:\/\/krishnamurtitextos.com.br\/?page_id=4686"},"modified":"2025-02-27T16:51:59","modified_gmt":"2025-02-27T16:51:59","slug":"06-2","status":"publish","type":"page","link":"https:\/\/krishnamurtitextos.com.br\/?page_id=4686","title":{"rendered":"06"},"content":{"rendered":"\t\t<div data-elementor-type=\"wp-page\" data-elementor-id=\"4686\" class=\"elementor elementor-4686\">\n\t\t\t\t\t\t<section class=\"elementor-section elementor-top-section elementor-element elementor-element-7df435b elementor-section-boxed elementor-section-height-default elementor-section-height-default\" data-id=\"7df435b\" data-element_type=\"section\" data-e-type=\"section\">\n\t\t\t\t\t\t<div class=\"elementor-container elementor-column-gap-default\">\n\t\t\t\t\t<div class=\"elementor-column elementor-col-100 elementor-top-column elementor-element elementor-element-ca699ea\" data-id=\"ca699ea\" data-element_type=\"column\" data-e-type=\"column\">\n\t\t\t<div class=\"elementor-widget-wrap elementor-element-populated\">\n\t\t\t\t\t\t<div class=\"elementor-element elementor-element-38750e8 elementor-widget elementor-widget-heading\" data-id=\"38750e8\" data-element_type=\"widget\" data-e-type=\"widget\" data-widget_type=\"heading.default\">\n\t\t\t\t<div class=\"elementor-widget-container\">\n\t\t\t\t\t<h2 class=\"elementor-heading-title elementor-size-default\">Stresa, It\u00e1lia \u2013 2\u00aa palestra 8 de julho, 1933.<\/h2>\t\t\t\t<\/div>\n\t\t\t\t<\/div>\n\t\t\t\t\t<\/div>\n\t\t<\/div>\n\t\t\t\t\t<\/div>\n\t\t<\/section>\n\t\t\t\t<section class=\"elementor-section elementor-top-section elementor-element elementor-element-95f8ba3 elementor-section-boxed elementor-section-height-default elementor-section-height-default\" data-id=\"95f8ba3\" data-element_type=\"section\" data-e-type=\"section\">\n\t\t\t\t\t\t<div class=\"elementor-container elementor-column-gap-default\">\n\t\t\t\t\t<div class=\"elementor-column elementor-col-100 elementor-top-column elementor-element elementor-element-6fa97f8\" data-id=\"6fa97f8\" data-element_type=\"column\" data-e-type=\"column\">\n\t\t\t<div class=\"elementor-widget-wrap elementor-element-populated\">\n\t\t\t\t\t\t<div class=\"elementor-element elementor-element-c8461bd elementor-widget elementor-widget-text-editor\" data-id=\"c8461bd\" data-element_type=\"widget\" data-e-type=\"widget\" data-widget_type=\"text-editor.default\">\n\t\t\t\t<div class=\"elementor-widget-container\">\n\t\t\t\t\t\t\t\t\t<p align=\"JUSTIFY\"><strong>&nbsp;Pergunta<\/strong>: Quais s\u00e3o as causas dos desentendimentos que nos levam a colocar-lhe quest\u00f5es em vez de agir e viver?<\/p>\n<p align=\"JUSTIFY\"><strong>Krishnamurti<\/strong>: \u00c9 bom questionar, mas como recebem as respostas? Fazem uma pergunta e recebem uma resposta. Mas o que fazem com essa resposta? Perguntaram-me o que havia ap\u00f3s a morte, e eu dei-lhes a minha resposta. Ora o que v\u00e3o fazer com essa resposta? V\u00e3o armazen\u00e1-la em qualquer canto do vosso c\u00e9rebro e deix\u00e1-la a\u00ed permanecer? Voc\u00eas t\u00eam celeiros intelectuais nos quais re\u00fanem ideias que n\u00e3o compreendem, mas que esperam lhes venham a servir em situa\u00e7\u00f5es de dificuldade ou dor. Mas se compreenderem, se se entregarem de alma e cora\u00e7\u00e3o ao que digo, ent\u00e3o agir\u00e3o; nessa altura a a\u00e7\u00e3o nascer\u00e1 da vossa pr\u00f3pria plenitude.<\/p>\n<p align=\"JUSTIFY\">H\u00e1 duas maneiras de colocar uma quest\u00e3o: podem colocar uma quest\u00e3o quando est\u00e3o na intensidade do sofrimento, ou podem colocar uma quest\u00e3o intelectualmente, quando est\u00e3o entediados e \u00e0 vossa vontade. Num dia querem saber intelectualmente; noutro dia perguntam porque sofrem e querem saber a raz\u00e3o do sofrimento. S\u00f3 podem realmente saber quando questionarem na intensidade do sofrimento, quando n\u00e3o desejarem escapar do sofrimento, quando se encontrarem com ele cara a cara; somente ent\u00e3o saber\u00e3o o valor da minha resposta, o seu valor humano para o homem.<\/p>\t\t\t\t\t\t\t\t<\/div>\n\t\t\t\t<\/div>\n\t\t\t\t\t<\/div>\n\t\t<\/div>\n\t\t\t\t\t<\/div>\n\t\t<\/section>\n\t\t\t\t<\/div>\n\t\t","protected":false},"excerpt":{"rendered":"<p>Stresa, It\u00e1lia \u2013 2\u00aa palestra 8 de julho, 1933. &nbsp;Pergunta: Quais s\u00e3o as causas dos desentendimentos que nos levam a colocar-lhe quest\u00f5es em vez de agir e viver? Krishnamurti: \u00c9 bom questionar, mas como recebem as respostas? Fazem uma pergunta e recebem uma resposta. Mas o que fazem com essa resposta? Perguntaram-me o que havia [&hellip;]<\/p>\n","protected":false},"author":1,"featured_media":0,"parent":0,"menu_order":0,"comment_status":"closed","ping_status":"closed","template":"","meta":{"footnotes":""},"class_list":["post-4686","page","type-page","status-publish","hentry","entry"],"_links":{"self":[{"href":"https:\/\/krishnamurtitextos.com.br\/index.php?rest_route=\/wp\/v2\/pages\/4686","targetHints":{"allow":["GET"]}}],"collection":[{"href":"https:\/\/krishnamurtitextos.com.br\/index.php?rest_route=\/wp\/v2\/pages"}],"about":[{"href":"https:\/\/krishnamurtitextos.com.br\/index.php?rest_route=\/wp\/v2\/types\/page"}],"author":[{"embeddable":true,"href":"https:\/\/krishnamurtitextos.com.br\/index.php?rest_route=\/wp\/v2\/users\/1"}],"replies":[{"embeddable":true,"href":"https:\/\/krishnamurtitextos.com.br\/index.php?rest_route=%2Fwp%2Fv2%2Fcomments&post=4686"}],"version-history":[{"count":8,"href":"https:\/\/krishnamurtitextos.com.br\/index.php?rest_route=\/wp\/v2\/pages\/4686\/revisions"}],"predecessor-version":[{"id":4703,"href":"https:\/\/krishnamurtitextos.com.br\/index.php?rest_route=\/wp\/v2\/pages\/4686\/revisions\/4703"}],"wp:attachment":[{"href":"https:\/\/krishnamurtitextos.com.br\/index.php?rest_route=%2Fwp%2Fv2%2Fmedia&parent=4686"}],"curies":[{"name":"wp","href":"https:\/\/api.w.org\/{rel}","templated":true}]}}