{"id":4642,"date":"2025-02-27T14:18:02","date_gmt":"2025-02-27T14:18:02","guid":{"rendered":"https:\/\/krishnamurtitextos.com.br\/?page_id=4642"},"modified":"2025-02-27T14:23:08","modified_gmt":"2025-02-27T14:23:08","slug":"02-2","status":"publish","type":"page","link":"https:\/\/krishnamurtitextos.com.br\/?page_id=4642","title":{"rendered":"02"},"content":{"rendered":"\t\t<div data-elementor-type=\"wp-page\" data-elementor-id=\"4642\" class=\"elementor elementor-4642\">\n\t\t\t\t\t\t<section class=\"elementor-section elementor-top-section elementor-element elementor-element-41c049f elementor-section-boxed elementor-section-height-default elementor-section-height-default\" data-id=\"41c049f\" data-element_type=\"section\" data-e-type=\"section\">\n\t\t\t\t\t\t<div class=\"elementor-container elementor-column-gap-default\">\n\t\t\t\t\t<div class=\"elementor-column elementor-col-100 elementor-top-column elementor-element elementor-element-86fcfa0\" data-id=\"86fcfa0\" data-element_type=\"column\" data-e-type=\"column\">\n\t\t\t<div class=\"elementor-widget-wrap elementor-element-populated\">\n\t\t\t\t\t\t<div class=\"elementor-element elementor-element-406c712 elementor-widget elementor-widget-heading\" data-id=\"406c712\" data-element_type=\"widget\" data-e-type=\"widget\" data-widget_type=\"heading.default\">\n\t\t\t\t<div class=\"elementor-widget-container\">\n\t\t\t\t\t<h2 class=\"elementor-heading-title elementor-size-default\">Alpino, It\u00e1lia \u2013 3\u00aa palestra 6 de julho, 1933.<\/h2>\t\t\t\t<\/div>\n\t\t\t\t<\/div>\n\t\t\t\t\t<\/div>\n\t\t<\/div>\n\t\t\t\t\t<\/div>\n\t\t<\/section>\n\t\t\t\t<section class=\"elementor-section elementor-top-section elementor-element elementor-element-a828bd7 elementor-section-boxed elementor-section-height-default elementor-section-height-default\" data-id=\"a828bd7\" data-element_type=\"section\" data-e-type=\"section\">\n\t\t\t\t\t\t<div class=\"elementor-container elementor-column-gap-default\">\n\t\t\t\t\t<div class=\"elementor-column elementor-col-100 elementor-top-column elementor-element elementor-element-b57d5eb\" data-id=\"b57d5eb\" data-element_type=\"column\" data-e-type=\"column\">\n\t\t\t<div class=\"elementor-widget-wrap elementor-element-populated\">\n\t\t\t\t\t\t<div class=\"elementor-element elementor-element-5ce75d4 elementor-widget elementor-widget-text-editor\" data-id=\"5ce75d4\" data-element_type=\"widget\" data-e-type=\"widget\" data-widget_type=\"text-editor.default\">\n\t\t\t\t<div class=\"elementor-widget-container\">\n\t\t\t\t\t\t\t\t\t<p><strong>\u00a0Pergunta<\/strong>: O senhor fala ao homem, mas o homem foi primeiramente uma crian\u00e7a. Como podemos educar uma crian\u00e7a sem disciplina?<\/p><p><strong>\u00a0Krishnamurti<\/strong>: Concorda que a disciplina \u00e9 in\u00fatil? Sente a inutilidade da disciplina?<\/p><p><strong>\u00a0Coment\u00e1rio da audi\u00eancia<\/strong>: Mas o senhor come\u00e7a do ponto em que o homem j\u00e1 \u00e9 um homem. Eu quero come\u00e7ar com a crian\u00e7a como crian\u00e7a.<\/p><p><strong>\u00a0Krishnamurti<\/strong>: Somos todos crian\u00e7as; todos n\u00f3s temos que come\u00e7ar, n\u00e3o com os outros, mas conosco mesmos. Quando fazemos isto, ent\u00e3o descobriremos a maneira certa para com as crian\u00e7as. N\u00e3o podem come\u00e7ar com as crian\u00e7as porque s\u00e3o os pais das crian\u00e7as, devem come\u00e7ar convosco mesmos. Imaginemos que tem uma crian\u00e7a. Voc\u00ea acredita na autoridade e treina-a de acordo com essa cren\u00e7a; mas se compreendesse a inutilidade da autoridade, voc\u00ea livr\u00e1-la-ia dela. Portanto, antes de tudo, voc\u00eas mesmos t\u00eam que descobrir o significado da autoridade na vossa vida.<\/p><p>O que eu digo \u00e9 muito simples. Eu digo que a autoridade \u00e9 criada quando a mente procura conforto na seguran\u00e7a. Por isso, comecem convosco mesmos. Comecem com o vosso pr\u00f3prio jardim, n\u00e3o com o dos outros. Querem criar um novo sistema de pensamento, um novo sistema de ideias, um novo sistema de comportamento; mas n\u00e3o podem criar algo novo reformando algo velho. T\u00eam que se separar do velho para come\u00e7ar o novo; mas s\u00f3 poder\u00e3o separar-se do velho quando compreenderem a causa do velho.<\/p>\t\t\t\t\t\t\t\t<\/div>\n\t\t\t\t<\/div>\n\t\t\t\t\t<\/div>\n\t\t<\/div>\n\t\t\t\t\t<\/div>\n\t\t<\/section>\n\t\t\t\t<\/div>\n\t\t","protected":false},"excerpt":{"rendered":"<p>Alpino, It\u00e1lia \u2013 3\u00aa palestra 6 de julho, 1933. \u00a0Pergunta: O senhor fala ao homem, mas o homem foi primeiramente uma crian\u00e7a. Como podemos educar uma crian\u00e7a sem disciplina? \u00a0Krishnamurti: Concorda que a disciplina \u00e9 in\u00fatil? Sente a inutilidade da disciplina? \u00a0Coment\u00e1rio da audi\u00eancia: Mas o senhor come\u00e7a do ponto em que o homem j\u00e1 [&hellip;]<\/p>\n","protected":false},"author":1,"featured_media":0,"parent":0,"menu_order":0,"comment_status":"closed","ping_status":"closed","template":"","meta":{"footnotes":""},"class_list":["post-4642","page","type-page","status-publish","hentry","entry"],"_links":{"self":[{"href":"https:\/\/krishnamurtitextos.com.br\/index.php?rest_route=\/wp\/v2\/pages\/4642","targetHints":{"allow":["GET"]}}],"collection":[{"href":"https:\/\/krishnamurtitextos.com.br\/index.php?rest_route=\/wp\/v2\/pages"}],"about":[{"href":"https:\/\/krishnamurtitextos.com.br\/index.php?rest_route=\/wp\/v2\/types\/page"}],"author":[{"embeddable":true,"href":"https:\/\/krishnamurtitextos.com.br\/index.php?rest_route=\/wp\/v2\/users\/1"}],"replies":[{"embeddable":true,"href":"https:\/\/krishnamurtitextos.com.br\/index.php?rest_route=%2Fwp%2Fv2%2Fcomments&post=4642"}],"version-history":[{"count":4,"href":"https:\/\/krishnamurtitextos.com.br\/index.php?rest_route=\/wp\/v2\/pages\/4642\/revisions"}],"predecessor-version":[{"id":4646,"href":"https:\/\/krishnamurtitextos.com.br\/index.php?rest_route=\/wp\/v2\/pages\/4642\/revisions\/4646"}],"wp:attachment":[{"href":"https:\/\/krishnamurtitextos.com.br\/index.php?rest_route=%2Fwp%2Fv2%2Fmedia&parent=4642"}],"curies":[{"name":"wp","href":"https:\/\/api.w.org\/{rel}","templated":true}]}}