{"id":4606,"date":"2025-02-27T13:11:29","date_gmt":"2025-02-27T13:11:29","guid":{"rendered":"https:\/\/krishnamurtitextos.com.br\/?page_id=4606"},"modified":"2025-02-27T13:13:09","modified_gmt":"2025-02-27T13:13:09","slug":"beleza","status":"publish","type":"page","link":"https:\/\/krishnamurtitextos.com.br\/?page_id=4606","title":{"rendered":"Beleza"},"content":{"rendered":"\t\t<div data-elementor-type=\"wp-page\" data-elementor-id=\"4606\" class=\"elementor elementor-4606\">\n\t\t\t\t\t\t<section class=\"elementor-section elementor-top-section elementor-element elementor-element-1d13a7f elementor-section-boxed elementor-section-height-default elementor-section-height-default\" data-id=\"1d13a7f\" data-element_type=\"section\" data-e-type=\"section\">\n\t\t\t\t\t\t<div class=\"elementor-container elementor-column-gap-default\">\n\t\t\t\t\t<div class=\"elementor-column elementor-col-100 elementor-top-column elementor-element elementor-element-493365c\" data-id=\"493365c\" data-element_type=\"column\" data-e-type=\"column\">\n\t\t\t<div class=\"elementor-widget-wrap elementor-element-populated\">\n\t\t\t\t\t\t<div class=\"elementor-element elementor-element-82d303e elementor-widget elementor-widget-text-editor\" data-id=\"82d303e\" data-element_type=\"widget\" data-e-type=\"widget\" data-widget_type=\"text-editor.default\">\n\t\t\t\t<div class=\"elementor-widget-container\">\n\t\t\t\t\t\t\t\t\t<p>\u00a0<\/p><p style=\"text-align: center;\"><span class=\"TextRun SCXW124371185 BCX0\" lang=\"PT-BR\" xml:lang=\"PT-BR\" data-contrast=\"none\"><span class=\"NormalTextRun SCXW124371185 BCX0\">trechos do livro \u201cPalestras com Estudantes Americanos\u201d<\/span><\/span><\/p><p><span data-contrast=\"none\">A beleza vem com a ordem, n\u00e3o quando h\u00e1 desordem em nossas vidas. A beleza n\u00e3o est\u00e1 no museu, na pintura, nas est\u00e1tuas ou em um concerto; a beleza n\u00e3o est\u00e1 em um poema ou no lindo c\u00e9u de uma noite, ou na luz da \u00e1gua, ou no rosto de uma pessoa bonita, nem no edif\u00edcio. S\u00f3 h\u00e1 beleza quando a mente e o cora\u00e7\u00e3o est\u00e3o em completa harmonia; e essa beleza n\u00e3o pode ser obtida por uma mente superficial que est\u00e1 presa na desordem deste mundo.<\/span><span data-ccp-props=\"{&quot;335551550&quot;:6,&quot;335551620&quot;:6}\">\u00a0<\/span><\/p><p style=\"text-align: center;\"><b><i><span data-contrast=\"none\">&#8212;&#8212;&#8212;&#8212;&#8212;&#8212;&#8212;&#8212;&#8212;&#8212;&#8211;<\/span><\/i><\/b><span data-ccp-props=\"{&quot;335551550&quot;:6,&quot;335551620&quot;:6}\">\u00a0<\/span><\/p><p><span data-contrast=\"auto\">Portanto, voc\u00ea n\u00e3o pode confiar no orador \u2014 por favor, ou\u00e7a com seriedade \u2014 nem em qualquer outra pessoa, em qualquer autoridade; nisso reside grande beleza \u2014 n\u00e3o desespero, nem amargura, nem sentimento de solid\u00e3o; voc\u00ea se depara com esse problema e precisa resolv\u00ea-lo completamente, voc\u00ea mesmo; nisso h\u00e1 grande liberdade e beleza. Ent\u00e3o voc\u00ea est\u00e1 livre da autoridade, livre do professor, livre do ensinamento, livre de seguir qualquer um, voc\u00ea \u00e9 um ser humano livre para olhar e compreender; nisso h\u00e1 grande alegria, h\u00e1 beleza &#8211; voc\u00ea jogou fora todos os fardos.<\/span><span data-ccp-props=\"{&quot;335551550&quot;:6,&quot;335551620&quot;:6,&quot;335559731&quot;:284}\">\u00a0<\/span><\/p>\t\t\t\t\t\t\t\t<\/div>\n\t\t\t\t<\/div>\n\t\t\t\t\t<\/div>\n\t\t<\/div>\n\t\t\t\t\t<\/div>\n\t\t<\/section>\n\t\t\t\t<\/div>\n\t\t","protected":false},"excerpt":{"rendered":"<p>\u00a0 trechos do livro \u201cPalestras com Estudantes Americanos\u201d A beleza vem com a ordem, n\u00e3o quando h\u00e1 desordem em nossas vidas. A beleza n\u00e3o est\u00e1 no museu, na pintura, nas est\u00e1tuas ou em um concerto; a beleza n\u00e3o est\u00e1 em um poema ou no lindo c\u00e9u de uma noite, ou na luz da \u00e1gua, ou [&hellip;]<\/p>\n","protected":false},"author":1,"featured_media":0,"parent":0,"menu_order":0,"comment_status":"closed","ping_status":"closed","template":"","meta":{"footnotes":""},"class_list":["post-4606","page","type-page","status-publish","hentry","entry"],"_links":{"self":[{"href":"https:\/\/krishnamurtitextos.com.br\/index.php?rest_route=\/wp\/v2\/pages\/4606","targetHints":{"allow":["GET"]}}],"collection":[{"href":"https:\/\/krishnamurtitextos.com.br\/index.php?rest_route=\/wp\/v2\/pages"}],"about":[{"href":"https:\/\/krishnamurtitextos.com.br\/index.php?rest_route=\/wp\/v2\/types\/page"}],"author":[{"embeddable":true,"href":"https:\/\/krishnamurtitextos.com.br\/index.php?rest_route=\/wp\/v2\/users\/1"}],"replies":[{"embeddable":true,"href":"https:\/\/krishnamurtitextos.com.br\/index.php?rest_route=%2Fwp%2Fv2%2Fcomments&post=4606"}],"version-history":[{"count":4,"href":"https:\/\/krishnamurtitextos.com.br\/index.php?rest_route=\/wp\/v2\/pages\/4606\/revisions"}],"predecessor-version":[{"id":4610,"href":"https:\/\/krishnamurtitextos.com.br\/index.php?rest_route=\/wp\/v2\/pages\/4606\/revisions\/4610"}],"wp:attachment":[{"href":"https:\/\/krishnamurtitextos.com.br\/index.php?rest_route=%2Fwp%2Fv2%2Fmedia&parent=4606"}],"curies":[{"name":"wp","href":"https:\/\/api.w.org\/{rel}","templated":true}]}}