{"id":4584,"date":"2025-02-27T11:40:54","date_gmt":"2025-02-27T11:40:54","guid":{"rendered":"https:\/\/krishnamurtitextos.com.br\/?page_id=4584"},"modified":"2025-02-27T11:49:40","modified_gmt":"2025-02-27T11:49:40","slug":"medo","status":"publish","type":"page","link":"https:\/\/krishnamurtitextos.com.br\/?page_id=4584","title":{"rendered":"Medo"},"content":{"rendered":"\t\t<div data-elementor-type=\"wp-page\" data-elementor-id=\"4584\" class=\"elementor elementor-4584\">\n\t\t\t\t\t\t<section class=\"elementor-section elementor-top-section elementor-element elementor-element-1eec6ee elementor-section-boxed elementor-section-height-default elementor-section-height-default\" data-id=\"1eec6ee\" data-element_type=\"section\" data-e-type=\"section\">\n\t\t\t\t\t\t<div class=\"elementor-container elementor-column-gap-default\">\n\t\t\t\t\t<div class=\"elementor-column elementor-col-100 elementor-top-column elementor-element elementor-element-9ba9b03\" data-id=\"9ba9b03\" data-element_type=\"column\" data-e-type=\"column\">\n\t\t\t<div class=\"elementor-widget-wrap elementor-element-populated\">\n\t\t\t\t\t\t<div class=\"elementor-element elementor-element-b27e873 elementor-widget elementor-widget-text-editor\" data-id=\"b27e873\" data-element_type=\"widget\" data-e-type=\"widget\" data-widget_type=\"text-editor.default\">\n\t\t\t\t<div class=\"elementor-widget-container\">\n\t\t\t\t\t\t\t\t\t<p style=\"text-align: center;\"><span class=\"TextRun SCXW107951317 BCX0\" lang=\"PT-BR\" xml:lang=\"PT-BR\" data-contrast=\"none\"><span class=\"NormalTextRun SCXW107951317 BCX0\">trechos do livro \u201cPalestras com Estudantes Americanos\u201d<\/span><\/span><\/p><p><span data-contrast=\"none\">Por que temos tantos ideais e princ\u00edpios segundo os quais tentamos viver? Nos tempos modernos, as pessoas n\u00e3o se preocupam muito com princ\u00edpios e cren\u00e7as. No mundo moderno, preocupa-se em divertir-se, progredir, ter sucesso e assim por diante. Mas quando voc\u00ea se aprofundar no assunto, ver\u00e1 que o medo est\u00e1 na base de tudo isso. \u00c9 o medo que nos torna agressivos. \u00c9 o medo que exige que voc\u00ea escape por meio de ideais. E \u00e9 o medo que nos faz agarrar \u00e0 nossa forma particular de seguran\u00e7a na cren\u00e7a. Se o homem n\u00e3o tem medo, se vive completamente, totalmente, sem nenhuma contradi\u00e7\u00e3o em si mesmo, observando o mundo com todas as suas contradi\u00e7\u00f5es dentro de si, observando o mundo com toda sua brutalidade, e assim indo para dentro de si mesmo e livrando-se do medo, ent\u00e3o ele pode viver sem uma \u00fanica cren\u00e7a, um \u00fanico pensamento conceitual. E acho que essa \u00e9 a caracter\u00edstica principal de nossa vida: medo, n\u00e3o apenas medo de coisas como perder um emprego, mas o medo de ser psicologicamente, interiormente inseguro.<\/span><span data-ccp-props=\"{&quot;335551550&quot;:6,&quot;335551620&quot;:6}\">\u00a0<\/span><\/p><p style=\"text-align: center;\"><span data-contrast=\"none\">\u00a0 &#8212;&#8212;&#8212;&#8212;&#8212;&#8212;&#8212;&#8212;&#8212;&#8212;&#8212;&#8212;&#8212;&#8212;&#8212;&#8212;&#8212;<\/span><span data-ccp-props=\"{&quot;335551550&quot;:6,&quot;335551620&quot;:6}\">\u00a0<\/span><\/p><p><span data-ccp-props=\"{&quot;335551550&quot;:6,&quot;335551620&quot;:6}\">\u00a0<\/span><\/p><p><span data-contrast=\"none\">Ent\u00e3o temos que descobrir, n\u00e3o ideologicamente, n\u00e3o intelectualmente como uma esp\u00e9cie de jogo, mas realmente descobrir por n\u00f3s mesmos se \u00e9 ou n\u00e3o poss\u00edvel ficar livre desse medo. Existem v\u00e1rias formas de medo, numerosas demais para serem abordadas \u2013 o medo da escurid\u00e3o, o medo de perder o emprego ou o meio de vida, o medo de ser descoberto quando voc\u00ea fez algo de que se envergonha, o medo da esposa do marido, o medo que o marido tem da esposa, o medo dos pais aos filhos, o medo de n\u00e3o ser amado, o medo da velhice, da solid\u00e3o e da morte; tantas formas de medo. Assim, a menos que entendamos o medo, a quest\u00e3o central do medo, viveremos na escurid\u00e3o e, portanto, nunca estaremos livres dessa brutalidade, agress\u00e3o, inveja e competi\u00e7\u00e3o.<\/span><span data-ccp-props=\"{&quot;335551550&quot;:6,&quot;335551620&quot;:6}\">\u00a0<\/span><\/p><p><span data-contrast=\"none\">O que \u00e9 medo? Qual \u00e9 o estado real do medo em si, n\u00e3o as v\u00e1rias formas de medo? O que causa o medo? Por favor, como dissemos anteriormente, o palestrante n\u00e3o \u00e9 um analista, ele n\u00e3o est\u00e1 realizando uma an\u00e1lise em massa. N\u00e3o estamos preocupados com a an\u00e1lise, porque, como voc\u00ea ver\u00e1 agora, a an\u00e1lise \u00e9 uma perda de tempo. A an\u00e1lise postula um analisador e uma coisa a ser analisada, enquanto o pr\u00f3prio analisador \u00e9 o analisado; ele n\u00e3o pode separar-se da coisa que deseja analisar, ent\u00e3o, quando se observa esse fen\u00f4meno, v\u00ea-se que \u00e9 uma terr\u00edvel perda de tempo a an\u00e1lise. Voc\u00ea pode \u2013 se voc\u00ea for rico e quiser \u2013 se entregar a ela como uma esp\u00e9cie de jogo para se divertir, mas se voc\u00ea realmente quer ir al\u00e9m da natureza e estrutura do medo, erradic\u00e1-lo completamente, voc\u00ea deve chegar a ele, n\u00e3o atrav\u00e9s de qualquer processo anal\u00edtico ou prop\u00f3sito intelectual, mas diretamente. Se voc\u00ea quiser entender alguma coisa, especialmente uma coisa viva, voc\u00ea deve observ\u00e1-la com uma mente viva, n\u00e3o com conhecimento morto, n\u00e3o com algo que voc\u00ea j\u00e1 aprendeu ou que j\u00e1 conhece.<\/span><span data-ccp-props=\"{&quot;335551550&quot;:6,&quot;335551620&quot;:6}\">\u00a0<\/span><\/p><p><span data-contrast=\"none\">Para estabelecer a base correta, para que nos tornemos uma luz para n\u00f3s mesmos, devemos entender o medo. O que \u00e9 o medo (n\u00e3o como superar o medo)? N\u00e3o sei se voc\u00ea notou que qualquer coisa que tem que ser superada deve ser superada de novo e de novo. Se voc\u00ea j\u00e1 conquistou alguma coisa \u2013 n\u00e3o importa o que seja, algum inimigo externo ou interno \u2013 voc\u00ea tem que reconquist\u00e1-lo repetidamente. N\u00e3o estamos tentando superar o medo, nem tentando suprimi-lo ou dar-lhe uma qualidade diferente, mas, em vez disso, estamos tentando entend\u00ea-lo, tentando descobrir o que realmente \u00e9 o medo e como ele surge. Ent\u00e3o, o que \u00e9 esse medo, o medo do que foi, o medo de ontem, o medo do amanh\u00e3, o medo de n\u00e3o ser e n\u00e3o se tornar; isto \u00e9, medo no tempo. Se voc\u00ea se depara com um desafio, uma enorme crise em sua vida \u2013 e n\u00e3o h\u00e1 ontem nem amanh\u00e3 \u2013 voc\u00ea age instantaneamente, n\u00e3o \u00e9? \u00c9 o pensamento sobre o que aconteceu ontem ou o que acontecer\u00e1 amanh\u00e3 que gera medo, mas quando sua a\u00e7\u00e3o \u00e9 imediata, voc\u00ea n\u00e3o pode pensar no que est\u00e1 acontecendo agora, neste instante; o pensamento n\u00e3o pode entrar no presente ativo. \u00c9 somente quando a a\u00e7\u00e3o termina que voc\u00ea pode pensar no que poderia ter sido, no passado ou no futuro. Assim, o pensamento \u00e9 a causa do medo, pensar no passado e no futuro, pensar no ontem e no amanh\u00e3 \u2014 ontem tive dor e amanh\u00e3 talvez ela volte ou amanh\u00e3 posso perder meu emprego, por isso estou com medo. Por favor, observe sua pr\u00f3pria mente e cora\u00e7\u00e3o! Fa\u00e7a voc\u00ea mesmo e ver\u00e1 como se torna extraordinariamente simples! Se voc\u00ea n\u00e3o fizer isso, ent\u00e3o \u00e9 muito complexo, sem nenhum significado.<\/span><span data-ccp-props=\"{&quot;335551550&quot;:6,&quot;335551620&quot;:6}\">\u00a0<\/span><\/p><p><span data-contrast=\"none\">Portanto, o pensamento gera o medo \u2013 o pensamento de que talvez eu n\u00e3o seja bom e n\u00e3o tenha sucesso \u2013 o pensamento de n\u00e3o ser amado e minha completa solid\u00e3o \u2013 o pensamento de ser descoberto em algum ato vergonhoso que cometi \u2013 o pensamento de perder algo que \u00e9 muito precioso e querido para mim. Assim, em seu rastro, o pensamento traz arrependimento e desespero. Al\u00e9m de ser a fonte do medo, o pensamento tamb\u00e9m \u00e9 a fonte do prazer. O pensamento de algo que lhe deu prazer nutre esse prazer, d\u00e1-lhe subst\u00e2ncia. Quando voc\u00ea v\u00ea o p\u00f4r do sol de uma noite ou a luz da manh\u00e3 nas colinas e absorve toda a sua beleza e encanto, ou na quietude circundante voc\u00ea ouve o som de uma codorna, quando isso acontece, no momento real da percep\u00e7\u00e3o, n\u00e3o h\u00e1 pensamento, apenas uma consci\u00eancia total de tudo ao seu redor. Mas quando voc\u00ea come\u00e7ar a pensar sobre isso, volta para isso em pensamento e diz a si mesmo, eu devo ter mais desse prazer, recapturar a beleza dele, ent\u00e3o pensar sobre isso d\u00e1 mais prazer. Assim, o pensamento gera tanto prazer quanto medo; este \u00e9 um fato psicol\u00f3gico \u00f3bvio que aceitamos intelectualmente, mas essa aceita\u00e7\u00e3o n\u00e3o tem valor, porque o prazer cont\u00e9m em si a semente do medo; ent\u00e3o o prazer \u00e9 o medo. Por favor, observe isso com muito cuidado! N\u00e3o estamos dizendo que voc\u00ea deve negar a si mesmo o prazer. Todas as religi\u00f5es do mundo condenaram o prazer, sexual ou n\u00e3o \u2013 n\u00e3o estamos dizendo isso! Um homem religioso n\u00e3o nega nem reprime, mas est\u00e1 aprendendo, observando.<\/span><span data-ccp-props=\"{&quot;335551550&quot;:6,&quot;335551620&quot;:6}\">\u00a0<\/span><\/p><p><span data-contrast=\"none\">Assim, pensar no que aconteceu ou no que pode acontecer traz medo, como o medo da morte, por exemplo \u2014 adiada ou guardada para um futuro distante \u2014 mas est\u00e1 l\u00e1. E pensar em alguma falha no passado que outros possam usar a seu favor, ou pensar no prazer do sexo e manter a imagem viva. Esse pensamento sobre algo gera medo ou prazer.<\/span><span data-ccp-props=\"{&quot;335551550&quot;:6,&quot;335551620&quot;:6}\">\u00a0<\/span><\/p><p><span data-contrast=\"none\">Surge ent\u00e3o a pergunta: \u00e9 poss\u00edvel viver nossa vida cotidiana sem a interfer\u00eancia do pensamento? N\u00e3o \u00e9 uma pergunta t\u00e3o louca quanto parece e \u00e9 uma pergunta muito importante, porque o homem ao longo dos tempos tem adorado o pensamento e o intelecto em todos os livros \u2018inteligentes\u2019 com suas teorias, em todas as obras teol\u00f3gicas com seus conceitos sobre Deus, mostrando-nos a maneira certa de viver. Esses especialistas e entendidos s\u00e3o como pessoas presas a um poste; eles est\u00e3o impedidos de ir mais longe por causa de seu condicionamento, ent\u00e3o, seja o que for que pensem, eles s\u00e3o limitados. E porque s\u00e3o o resultado de dez mil anos de propaganda, seus deuses, seus dogmas e rituais n\u00e3o t\u00eam significado algum. O homem adorou o pensamento, colocou-o em um pedestal. Olhe para todos os livros que foram escritos!<\/span><span data-ccp-props=\"{&quot;335551550&quot;:6,&quot;335551620&quot;:6}\">\u00a0<\/span><\/p><p style=\"text-align: center;\"><span data-contrast=\"none\">\u00a0\u00a0\u00a0 &#8212;&#8212;&#8212;&#8212;&#8212;&#8212;&#8212;&#8212;&#8212;&#8212;&#8212;&#8212;&#8212;&#8212;&#8212;&#8212;&#8212;&#8212;&#8212;&#8211;<\/span><span data-ccp-props=\"{&quot;335551550&quot;:6,&quot;335551620&quot;:6}\">\u00a0<\/span><\/p><p><span data-ccp-props=\"{&quot;335551550&quot;:6,&quot;335551620&quot;:6}\">\u00a0<\/span><\/p><p><span data-contrast=\"none\">At\u00e9 que estejamos realmente familiarizados \u2013 n\u00e3o com o pensamento de outras pessoas, n\u00e3o com o pensamento do orador \u2013 com nosso pr\u00f3prio pensamento, vendo como ele surge, sua natureza, a sutileza, a estrutura, a configura\u00e7\u00e3o, a forma, o conte\u00fado, n\u00e3o seremos capazes de lidar com esta quest\u00e3o do medo. \u00c9 poss\u00edvel acabar com o medo; \u00e9 poss\u00edvel, mas somente quando voc\u00ea entende essa coisa extraordin\u00e1ria chamada pensamento \u2013 que n\u00f3s adoramos.<\/span><span data-ccp-props=\"{&quot;335551550&quot;:6,&quot;335551620&quot;:6}\">\u00a0<\/span><\/p><p><span data-ccp-props=\"{&quot;335551550&quot;:6,&quot;335551620&quot;:6}\">\u00a0<\/span><\/p><p><span data-ccp-props=\"{&quot;335551550&quot;:6,&quot;335551620&quot;:6}\">\u00a0<\/span><\/p>\t\t\t\t\t\t\t\t<\/div>\n\t\t\t\t<\/div>\n\t\t\t\t\t<\/div>\n\t\t<\/div>\n\t\t\t\t\t<\/div>\n\t\t<\/section>\n\t\t\t\t<\/div>\n\t\t","protected":false},"excerpt":{"rendered":"<p>trechos do livro \u201cPalestras com Estudantes Americanos\u201d Por que temos tantos ideais e princ\u00edpios segundo os quais tentamos viver? Nos tempos modernos, as pessoas n\u00e3o se preocupam muito com princ\u00edpios e cren\u00e7as. No mundo moderno, preocupa-se em divertir-se, progredir, ter sucesso e assim por diante. Mas quando voc\u00ea se aprofundar no assunto, ver\u00e1 que o [&hellip;]<\/p>\n","protected":false},"author":1,"featured_media":0,"parent":0,"menu_order":0,"comment_status":"closed","ping_status":"closed","template":"","meta":{"footnotes":""},"class_list":["post-4584","page","type-page","status-publish","hentry","entry"],"_links":{"self":[{"href":"https:\/\/krishnamurtitextos.com.br\/index.php?rest_route=\/wp\/v2\/pages\/4584","targetHints":{"allow":["GET"]}}],"collection":[{"href":"https:\/\/krishnamurtitextos.com.br\/index.php?rest_route=\/wp\/v2\/pages"}],"about":[{"href":"https:\/\/krishnamurtitextos.com.br\/index.php?rest_route=\/wp\/v2\/types\/page"}],"author":[{"embeddable":true,"href":"https:\/\/krishnamurtitextos.com.br\/index.php?rest_route=\/wp\/v2\/users\/1"}],"replies":[{"embeddable":true,"href":"https:\/\/krishnamurtitextos.com.br\/index.php?rest_route=%2Fwp%2Fv2%2Fcomments&post=4584"}],"version-history":[{"count":5,"href":"https:\/\/krishnamurtitextos.com.br\/index.php?rest_route=\/wp\/v2\/pages\/4584\/revisions"}],"predecessor-version":[{"id":4597,"href":"https:\/\/krishnamurtitextos.com.br\/index.php?rest_route=\/wp\/v2\/pages\/4584\/revisions\/4597"}],"wp:attachment":[{"href":"https:\/\/krishnamurtitextos.com.br\/index.php?rest_route=%2Fwp%2Fv2%2Fmedia&parent=4584"}],"curies":[{"name":"wp","href":"https:\/\/api.w.org\/{rel}","templated":true}]}}