{"id":4334,"date":"2024-04-15T12:26:22","date_gmt":"2024-04-15T12:26:22","guid":{"rendered":"https:\/\/krishnamurtitextos.com.br\/?page_id=4334"},"modified":"2024-04-18T11:44:46","modified_gmt":"2024-04-18T11:44:46","slug":"dialogos-em-grupo","status":"publish","type":"page","link":"https:\/\/krishnamurtitextos.com.br\/?page_id=4334","title":{"rendered":"Di\u00e1logos em grupo"},"content":{"rendered":"\t\t<div data-elementor-type=\"wp-page\" data-elementor-id=\"4334\" class=\"elementor elementor-4334\">\n\t\t\t\t\t\t<section class=\"elementor-section elementor-top-section elementor-element elementor-element-7df27dc elementor-section-boxed elementor-section-height-default elementor-section-height-default\" data-id=\"7df27dc\" data-element_type=\"section\" data-e-type=\"section\">\n\t\t\t\t\t\t<div class=\"elementor-container elementor-column-gap-default\">\n\t\t\t\t\t<div class=\"elementor-column elementor-col-100 elementor-top-column elementor-element elementor-element-f00aed4\" data-id=\"f00aed4\" data-element_type=\"column\" data-e-type=\"column\">\n\t\t\t<div class=\"elementor-widget-wrap elementor-element-populated\">\n\t\t\t\t\t\t<div class=\"elementor-element elementor-element-3dbda61 elementor-widget elementor-widget-text-editor\" data-id=\"3dbda61\" data-element_type=\"widget\" data-e-type=\"widget\" data-widget_type=\"text-editor.default\">\n\t\t\t\t<div class=\"elementor-widget-container\">\n\t\t\t\t\t\t\t\t\t<ul><li><a href=\"https:\/\/www.dailymotion.com\/video\/x8t4scq\"><span style=\"color: #0000ff;\">A vida \u00e9 sagrada &#8211; 1976<\/span><\/a><\/li><li><a href=\"https:\/\/www.dailymotion.com\/video\/x8sow8s\"><span style=\"color: #0000ff;\">A aten\u00e7\u00e3o leva ao aprendizado &#8211; 1970<\/span><\/a><\/li><li><span style=\"color: #0000ff;\">A cria\u00e7\u00e3o surge da medita\u00e7\u00e3o &#8211; 1984<\/span><\/li><li><a href=\"https:\/\/www.dailymotion.com\/video\/x8sovv2\"><span style=\"color: #0000ff;\">A arte de escutar &#8211; 1979<\/span><\/a><\/li><li><a href=\"https:\/\/www.dailymotion.com\/video\/x8sow5g\"><span style=\"color: #0000ff;\">A arte de viver e morrer &#8211; 1984<\/span><\/a><\/li><li><a href=\"https:\/\/www.dailymotion.com\/video\/x8susg8\"><span style=\"color: #0000ff;\">A dor \u00e9 a rea\u00e7\u00e3o ao apego &#8211; 1978<\/span><\/a><\/li><li><a href=\"https:\/\/www.dailymotion.com\/video\/x8sow1y\"><span style=\"color: #0000ff;\">A arte de questionar &#8211; 1978<\/span><\/a><\/li><li><a href=\"https:\/\/www.dailymotion.com\/video\/x8ta5j6\"><span style=\"color: #0000ff;\">Como pode algu\u00e9m estar inteiramente livre do medo? &#8211; 1970<\/span><\/a><\/li><li><a href=\"https:\/\/www.dailymotion.com\/video\/x8ta4eo\"><span style=\"color: #0000ff;\">Como foi o seu passado? &#8211; 1985<\/span><\/a><\/li><li><a href=\"https:\/\/www.dailymotion.com\/video\/x8tbxdk\"><span style=\"color: #0000ff;\">Consegue enfrentar o fato de que voc\u00ea n\u00e3o \u00e9 absolutamente nada? &#8211; 1978<\/span><\/a><\/li><li><a href=\"https:\/\/www.dailymotion.com\/video\/x8vjq1i\"><span style=\"color: #0000ff;\">Dividimos a vida como exterior e interior &#8211; 1979<\/span><\/a><\/li><li><a href=\"https:\/\/www.dailymotion.com\/video\/x8shbs2\"><span style=\"color: #0000ff;\">Estamos c\u00f4nscios de que somos fragmentados? &#8211; 1976<\/span><\/a><\/li><li><a href=\"https:\/\/www.dailymotion.com\/video\/x8vxun2\"><span style=\"color: #0000ff;\">Existe uma a\u00e7\u00e3o na qual n\u00e3o h\u00e1 limita\u00e7\u00e3o? &#8211; 1984<\/span><\/a><\/li><li><a href=\"https:\/\/www.dailymotion.com\/video\/x8vzqqa\"><span style=\"color: #0000ff;\">Medo na consci\u00eancia &#8211; 1970<\/span><\/a><\/li><li><a href=\"https:\/\/www.dailymotion.com\/video\/x8tq38w\"><span style=\"color: #0000ff;\">Na solid\u00e3o voc\u00ea pode estar completamente seguro &#8211; 1976<\/span><\/a><\/li><li><a href=\"https:\/\/www.dailymotion.com\/video\/x8s8m1o\"><span style=\"color: #0000ff;\">N\u00e3o importa se voce morrer por isso &#8211; 1984<\/span><\/a><\/li><li><a href=\"https:\/\/www.dailymotion.com\/video\/x8wav22\"><span style=\"color: #0000ff;\">O que nos faz controlar? &#8211; 1970<\/span><\/a><\/li><li><a href=\"https:\/\/www.dailymotion.com\/video\/x8w7ykc\"><span style=\"color: #0000ff;\">O que \u00e9 ordem? &#8211; 1970<\/span><\/a><\/li><li><a href=\"https:\/\/www.dailymotion.com\/video\/x8w2tuu\"><span style=\"color: #0000ff;\">O pensamento pode perceber o todo? &#8211; 1976<\/span><\/a><\/li><li><a href=\"https:\/\/www.dailymotion.com\/video\/x8tvxhy\"><span style=\"color: #0000ff;\">O que acontece quando voc\u00ea apenas se preocupa consigo? &#8211; 1980<\/span><\/a><\/li><li><a href=\"https:\/\/www.dailymotion.com\/video\/x8w2tlq\"><span style=\"color: #0000ff;\">O motivo impede a observa\u00e7\u00e3o &#8211; 1977<\/span><\/a><\/li><li><a href=\"https:\/\/www.dailymotion.com\/video\/x8wav94\"><span style=\"color: #0000ff;\">O que significa estar totalmente c\u00f4nscio? &#8211; 1977<\/span><\/a><\/li><li><a href=\"https:\/\/www.dailymotion.com\/video\/x8w7yo0\"><span style=\"color: #0000ff;\">O que \u00e9 que floresce no ser humano? &#8211; 1978<\/span><\/a><\/li><li><a href=\"https:\/\/www.dailymotion.com\/video\/x8wavby\"><span style=\"color: #0000ff;\">O relacionamento entre o educador e o estudante &#8211; 1979<\/span><\/a><\/li><li><a href=\"https:\/\/www.dailymotion.com\/video\/x8s8mzu\"><span style=\"color: #0000ff;\">Podemos viver sem a identifica\u00e7\u00e3o? &#8211; 1978<\/span><\/a><\/li><li><a href=\"https:\/\/www.dailymotion.com\/video\/x8wk5ss\"><span style=\"color: #0000ff;\">Posso mudar completamente na pr\u00f3pria raiz? &#8211; 1976<\/span><\/a><\/li><li><a href=\"https:\/\/www.dailymotion.com\/video\/x8wi862\"><span style=\"color: #0000ff;\">Pode o pensamento ser criativo? &#8211; 1984<\/span><\/a><\/li><li><a href=\"https:\/\/www.dailymotion.com\/video\/x8wd3bi\"><span style=\"color: #0000ff;\">Pensar sobre o futuro resulta em medo &#8211; 1980<\/span><\/a><\/li><li><a href=\"https:\/\/www.dailymotion.com\/video\/x8wi8qo\"><span style=\"color: #0000ff;\">Por que a mente fica tagarelando? &#8211; 1977<\/span><\/a><\/li><li><a href=\"https:\/\/www.dailymotion.com\/video\/x8wnfce\"><span style=\"color: #0000ff;\">Religi\u00e3o \u00e9 investigar &#8211; 1984<\/span><\/a><\/li><li><a href=\"https:\/\/www.dailymotion.com\/video\/x8wnfas\"><span style=\"color: #0000ff;\">Relacionamento e intelig\u00eancia &#8211; 1977<\/span><\/a><\/li><li><a href=\"https:\/\/www.dailymotion.com\/video\/x8v2ch0\"><span style=\"color: #0000ff;\">Sua imagem de si pr\u00f3prio impede o relacionamento com os outros &#8211; 1976<\/span><\/a><\/li><li><a href=\"https:\/\/www.dailymotion.com\/video\/x8wpc68\"><span style=\"color: #0000ff;\">Senilidade e as c\u00e9lulas cerebrais &#8211; 1980<\/span><\/a><\/li><li><a href=\"https:\/\/www.dailymotion.com\/video\/x8v2cme\"><span style=\"color: #0000ff;\">Toda forma de imagem impede a beleza do relacionamento &#8211; 1976<\/span><\/a><\/li><li><a href=\"https:\/\/www.dailymotion.com\/video\/x8wr056\"><span style=\"color: #0000ff;\">Um modo de viver mec\u00e2nico leva \u00e0 desordem &#8211; 1976<\/span><\/a><\/li><li><a href=\"https:\/\/www.dailymotion.com\/video\/x8ve870\"><span style=\"color: #0000ff;\">Voc\u00ea est\u00e1 c\u00f4nscio do mundo tecnol\u00f3gico? &#8211; 1980<\/span><\/a><\/li><\/ul>\t\t\t\t\t\t\t\t<\/div>\n\t\t\t\t<\/div>\n\t\t\t\t\t<\/div>\n\t\t<\/div>\n\t\t\t\t\t<\/div>\n\t\t<\/section>\n\t\t\t\t<\/div>\n\t\t","protected":false},"excerpt":{"rendered":"<p>A vida \u00e9 sagrada &#8211; 1976 A aten\u00e7\u00e3o leva ao aprendizado &#8211; 1970 A cria\u00e7\u00e3o surge da medita\u00e7\u00e3o &#8211; 1984 A arte de escutar &#8211; 1979 A arte de viver e morrer &#8211; 1984 A dor \u00e9 a rea\u00e7\u00e3o ao apego &#8211; 1978 A arte de questionar &#8211; 1978 Como pode algu\u00e9m estar inteiramente livre [&hellip;]<\/p>\n","protected":false},"author":1,"featured_media":0,"parent":0,"menu_order":0,"comment_status":"closed","ping_status":"closed","template":"","meta":{"footnotes":""},"class_list":["post-4334","page","type-page","status-publish","hentry","entry"],"_links":{"self":[{"href":"https:\/\/krishnamurtitextos.com.br\/index.php?rest_route=\/wp\/v2\/pages\/4334","targetHints":{"allow":["GET"]}}],"collection":[{"href":"https:\/\/krishnamurtitextos.com.br\/index.php?rest_route=\/wp\/v2\/pages"}],"about":[{"href":"https:\/\/krishnamurtitextos.com.br\/index.php?rest_route=\/wp\/v2\/types\/page"}],"author":[{"embeddable":true,"href":"https:\/\/krishnamurtitextos.com.br\/index.php?rest_route=\/wp\/v2\/users\/1"}],"replies":[{"embeddable":true,"href":"https:\/\/krishnamurtitextos.com.br\/index.php?rest_route=%2Fwp%2Fv2%2Fcomments&post=4334"}],"version-history":[{"count":100,"href":"https:\/\/krishnamurtitextos.com.br\/index.php?rest_route=\/wp\/v2\/pages\/4334\/revisions"}],"predecessor-version":[{"id":4438,"href":"https:\/\/krishnamurtitextos.com.br\/index.php?rest_route=\/wp\/v2\/pages\/4334\/revisions\/4438"}],"wp:attachment":[{"href":"https:\/\/krishnamurtitextos.com.br\/index.php?rest_route=%2Fwp%2Fv2%2Fmedia&parent=4334"}],"curies":[{"name":"wp","href":"https:\/\/api.w.org\/{rel}","templated":true}]}}