{"id":4325,"date":"2024-04-03T12:32:45","date_gmt":"2024-04-03T12:32:45","guid":{"rendered":"https:\/\/krishnamurtitextos.com.br\/?page_id=4325"},"modified":"2024-04-03T12:33:59","modified_gmt":"2024-04-03T12:33:59","slug":"estar-consciente-x-observar","status":"publish","type":"page","link":"https:\/\/krishnamurtitextos.com.br\/?page_id=4325","title":{"rendered":"Estar consciente X observar"},"content":{"rendered":"\t\t<div data-elementor-type=\"wp-page\" data-elementor-id=\"4325\" class=\"elementor elementor-4325\">\n\t\t\t\t\t\t<section class=\"elementor-section elementor-top-section elementor-element elementor-element-f98f105 elementor-section-boxed elementor-section-height-default elementor-section-height-default\" data-id=\"f98f105\" data-element_type=\"section\" data-e-type=\"section\">\n\t\t\t\t\t\t<div class=\"elementor-container elementor-column-gap-default\">\n\t\t\t\t\t<div class=\"elementor-column elementor-col-100 elementor-top-column elementor-element elementor-element-5bde516\" data-id=\"5bde516\" data-element_type=\"column\" data-e-type=\"column\">\n\t\t\t<div class=\"elementor-widget-wrap elementor-element-populated\">\n\t\t\t\t\t\t<div class=\"elementor-element elementor-element-c10ae36 elementor-widget elementor-widget-text-editor\" data-id=\"c10ae36\" data-element_type=\"widget\" data-e-type=\"widget\" data-widget_type=\"text-editor.default\">\n\t\t\t\t<div class=\"elementor-widget-container\">\n\t\t\t\t\t\t\t\t\t<p style=\"text-align: center;\">Trecho do &#8220;livro Di\u00e1rio de Krishnamurti&#8221;<\/p><p>As sombras s\u00e3o mais vivas que a realidade; as sombras s\u00e3o mais longas, mais profundas e mais ricas; parecem ter vida pr\u00f3pria, independente e protetora; h\u00e1 uma satisfa\u00e7\u00e3o peculiar em seu convite. O s\u00edmbolo se torna mais importante que a realidade. O s\u00edmbolo d\u00e1 abrigo; \u00e9 f\u00e1cil sentir conforto em seu abrigo. Voc\u00ea pode fazer o que quiser com isso, isso nunca ir\u00e1 contradizer, nunca mudar\u00e1; pode ser coberto com guirlandas ou cinzas. H\u00e1 uma satisfa\u00e7\u00e3o extraordin\u00e1ria numa coisa morta, num quadro, numa conclus\u00e3o, numa palavra. Apesar de estarem mortos exalam perfumes que nos d\u00e3o imenso prazer. O c\u00e9rebro \u00e9 sempre o ontem, o hoje \u00e9 a sombra de ontem, e amanh\u00e3 \u00e9 a continua\u00e7\u00e3o dessa sombra, um pouco alterada, mas ainda cheira a ontem. Assim, o c\u00e9rebro vive e tem sua exist\u00eancia nas sombras; \u00e9 mais seguro, mais reconfortante.<\/p><p>A consci\u00eancia est\u00e1 sempre recebendo, acumulando e, a partir do que reuniu, interpretando; ela est\u00e1 recebendo por todos os seus poros; armazenando, experimentando o que reuniu, julgando, compilando, modificando. Ela v\u00ea n\u00e3o apenas atrav\u00e9s dos olhos, atrav\u00e9s do c\u00e9rebro, mas tamb\u00e9m atrav\u00e9s deste pano de fundo. A consci\u00eancia surje para receber e, ao receber, ela existe. Nas suas profundezas ocultas, ela guardou o que recebeu ao longo dos s\u00e9culos, os instintos, as mem\u00f3rias, as defesas, acrescentando, acrescentando, apenas retirando para acrescentar mais. Quando esta consci\u00eancia olha para o exterior \u00e9 para pesar, equilibrar, comparar, e receber. E quando olha para o interior, seu olhar ainda \u00e9 o olhar externo, para pesar, para comparar e para receber; o despojamento interno \u00e9 outra forma de acumular. Esse processo de vincula\u00e7\u00e3o ao tempo continua com dor, com alegria e sofrimentos passageiros.<\/p><p>Mas olhar, ver, ouvir, sem esta consci\u00eancia \u2013 uma a\u00e7\u00e3o na qual n\u00e3o h\u00e1 recep\u00e7\u00e3o, \u00e9 o movimento total da liberdade. Esta a\u00e7\u00e3o n\u00e3o tem centro, um ponto pequeno ou extenso, a partir do qual se move; assim ela se move em todas as dire\u00e7\u00f5es, sem a barreira do tempo-espa\u00e7o. A sua escuta \u00e9 total, o seu olhar \u00e9 total. Essa a\u00e7\u00e3o \u00e9 a ess\u00eancia da aten\u00e7\u00e3o. A aten\u00e7\u00e3o abrange todas as distra\u00e7\u00f5es. Somente a concentra\u00e7\u00e3o conhece o conflito da distra\u00e7\u00e3o. Toda consci\u00eancia \u00e9 pensamento, expresso ou n\u00e3o, verbal ou buscando a palavra; pensamento como sentimento, sentimento como pensamento. O pensamento nunca est\u00e1 parado; a rea\u00e7\u00e3o que se expressa \u00e9 pensamento e o pensamento aumenta ainda mais as respostas. A beleza \u00e9 o sentimento que o pensamento expressa. O amor ainda est\u00e1 dentro do campo do pensamento. Existe amor e beleza dentro do cercado do pensamento? Existe beleza quando o pensamento existe? A beleza, o amor que o pensamento conhece \u00e9 o oposto da fei\u00fara e do \u00f3dio. A beleza n\u00e3o tem oposto, nem o amor.<\/p><p>Ver sem pensamento, sem palavra, sem resposta da mem\u00f3ria \u00e9 totalmente diferente de ver com o pensamento e o sentimento. O que voc\u00ea v\u00ea com o pensamento \u00e9 superficial; ent\u00e3o ver \u00e9 apenas parcial; isso n\u00e3o \u00e9 ver realmente. Ver sem pensamento \u00e9 ver totalmente. Ver uma nuvem sobre uma montanha, sem o pensamento e suas respostas, \u00e9 o milagre do novo; n\u00e3o \u00e9 \u201cbonito\u201d, \u00e9 explosivo na sua imensid\u00e3o; \u00e9 algo que nunca existiu e nunca existir\u00e1. Para ver, para ouvir, a consci\u00eancia em sua totalidade deve estar quieta para que a cria\u00e7\u00e3o destrutiva exista. \u00c9 a totalidade da vida e n\u00e3o o fragmento de todo pensamento. N\u00e3o h\u00e1 beleza, mas apenas uma nuvem sobre a montanha; isso \u00e9 cria\u00e7\u00e3o.<\/p>\t\t\t\t\t\t\t\t<\/div>\n\t\t\t\t<\/div>\n\t\t\t\t\t<\/div>\n\t\t<\/div>\n\t\t\t\t\t<\/div>\n\t\t<\/section>\n\t\t\t\t<\/div>\n\t\t","protected":false},"excerpt":{"rendered":"<p>Trecho do &#8220;livro Di\u00e1rio de Krishnamurti&#8221; As sombras s\u00e3o mais vivas que a realidade; as sombras s\u00e3o mais longas, mais profundas e mais ricas; parecem ter vida pr\u00f3pria, independente e protetora; h\u00e1 uma satisfa\u00e7\u00e3o peculiar em seu convite. O s\u00edmbolo se torna mais importante que a realidade. O s\u00edmbolo d\u00e1 abrigo; \u00e9 f\u00e1cil sentir conforto [&hellip;]<\/p>\n","protected":false},"author":1,"featured_media":0,"parent":0,"menu_order":0,"comment_status":"closed","ping_status":"closed","template":"","meta":{"footnotes":""},"class_list":["post-4325","page","type-page","status-publish","hentry","entry"],"_links":{"self":[{"href":"https:\/\/krishnamurtitextos.com.br\/index.php?rest_route=\/wp\/v2\/pages\/4325","targetHints":{"allow":["GET"]}}],"collection":[{"href":"https:\/\/krishnamurtitextos.com.br\/index.php?rest_route=\/wp\/v2\/pages"}],"about":[{"href":"https:\/\/krishnamurtitextos.com.br\/index.php?rest_route=\/wp\/v2\/types\/page"}],"author":[{"embeddable":true,"href":"https:\/\/krishnamurtitextos.com.br\/index.php?rest_route=\/wp\/v2\/users\/1"}],"replies":[{"embeddable":true,"href":"https:\/\/krishnamurtitextos.com.br\/index.php?rest_route=%2Fwp%2Fv2%2Fcomments&post=4325"}],"version-history":[{"count":4,"href":"https:\/\/krishnamurtitextos.com.br\/index.php?rest_route=\/wp\/v2\/pages\/4325\/revisions"}],"predecessor-version":[{"id":4332,"href":"https:\/\/krishnamurtitextos.com.br\/index.php?rest_route=\/wp\/v2\/pages\/4325\/revisions\/4332"}],"wp:attachment":[{"href":"https:\/\/krishnamurtitextos.com.br\/index.php?rest_route=%2Fwp%2Fv2%2Fmedia&parent=4325"}],"curies":[{"name":"wp","href":"https:\/\/api.w.org\/{rel}","templated":true}]}}