{"id":4143,"date":"2024-03-08T11:52:17","date_gmt":"2024-03-08T11:52:17","guid":{"rendered":"https:\/\/krishnamurtitextos.com.br\/?page_id=4143"},"modified":"2024-05-04T12:48:18","modified_gmt":"2024-05-04T12:48:18","slug":"alem-do-mito-e-da-tradicao","status":"publish","type":"page","link":"https:\/\/krishnamurtitextos.com.br\/?page_id=4143","title":{"rendered":"Al\u00e9m do Mito e da Tradi\u00e7\u00e3o"},"content":{"rendered":"\t\t<div data-elementor-type=\"wp-page\" data-elementor-id=\"4143\" class=\"elementor elementor-4143\">\n\t\t\t\t\t\t<section class=\"elementor-section elementor-top-section elementor-element elementor-element-6d9a271 elementor-section-boxed elementor-section-height-default elementor-section-height-default\" data-id=\"6d9a271\" data-element_type=\"section\" data-e-type=\"section\">\n\t\t\t\t\t\t<div class=\"elementor-container elementor-column-gap-default\">\n\t\t\t\t\t<div class=\"elementor-column elementor-col-100 elementor-top-column elementor-element elementor-element-bdf68df\" data-id=\"bdf68df\" data-element_type=\"column\" data-e-type=\"column\">\n\t\t\t<div class=\"elementor-widget-wrap elementor-element-populated\">\n\t\t\t\t\t\t<div class=\"elementor-element elementor-element-be4f8d6 elementor-widget elementor-widget-text-editor\" data-id=\"be4f8d6\" data-element_type=\"widget\" data-e-type=\"widget\" data-widget_type=\"text-editor.default\">\n\t\t\t\t<div class=\"elementor-widget-container\">\n\t\t\t\t\t\t\t\t\t<ul><li><a href=\"https:\/\/www.dailymotion.com\/video\/x8tbx32\"><span style=\"color: #0000ff;\">Conflito<\/span><\/a><\/li><li><a href=\"https:\/\/www.dailymotion.com\/video\/x8tq36k\"><span style=\"color: #0000ff;\">Mudan\u00e7a<\/span><\/a><\/li><li><a href=\"https:\/\/www.dailymotion.com\/video\/x8teyrm\"><span style=\"color: #0000ff;\">Liberdade e autoridade<\/span><\/a><\/li><li><a href=\"https:\/\/www.dailymotion.com\/video\/x8u0ffy\"><span style=\"color: #0000ff;\">O sagrado<\/span><\/a><\/li><li><a href=\"https:\/\/www.dailymotion.com\/video\/x8u2gn8\"><span style=\"color: #0000ff;\">Percep\u00e7\u00e3o sem escolha<\/span><\/a><\/li><li><a href=\"https:\/\/www.dailymotion.com\/video\/x8tq2pa\"><span style=\"color: #0000ff;\">Medita\u00e7\u00e3o<\/span><\/a><\/li><li><a href=\"https:\/\/www.dailymotion.com\/video\/x8ttp76\"><span style=\"color: #0000ff;\">O espelho do relacionamento<\/span><\/a><\/li><li><a href=\"https:\/\/www.dailymotion.com\/video\/x8tbwyw\"><span style=\"color: #0000ff;\">Condicionamento<\/span><\/a><\/li><li><a href=\"https:\/\/www.dailymotion.com\/video\/x8ttp4a\"><span style=\"color: #0000ff;\">O ego violento<\/span><\/a><\/li><li><a href=\"https:\/\/www.dailymotion.com\/video\/x8tq31e\"><span style=\"color: #0000ff;\">Morte<\/span><\/a><\/li><li><a href=\"https:\/\/www.dailymotion.com\/video\/x8t4sss\"><span style=\"color: #0000ff;\">Amor, a chama sem fuma\u00e7a<\/span><\/a><\/li><li><a href=\"https:\/\/www.dailymotion.com\/video\/x8t0gre\"><span style=\"color: #0000ff;\">A mente religiosa <\/span><\/a><\/li><\/ul>\t\t\t\t\t\t\t\t<\/div>\n\t\t\t\t<\/div>\n\t\t\t\t\t<\/div>\n\t\t<\/div>\n\t\t\t\t\t<\/div>\n\t\t<\/section>\n\t\t\t\t<\/div>\n\t\t","protected":false},"excerpt":{"rendered":"<p>Conflito Mudan\u00e7a Liberdade e autoridade O sagrado Percep\u00e7\u00e3o sem escolha Medita\u00e7\u00e3o O espelho do relacionamento Condicionamento O ego violento Morte Amor, a chama sem fuma\u00e7a A mente religiosa<\/p>\n","protected":false},"author":1,"featured_media":0,"parent":0,"menu_order":0,"comment_status":"closed","ping_status":"closed","template":"","meta":{"footnotes":""},"class_list":["post-4143","page","type-page","status-publish","hentry","entry"],"_links":{"self":[{"href":"https:\/\/krishnamurtitextos.com.br\/index.php?rest_route=\/wp\/v2\/pages\/4143","targetHints":{"allow":["GET"]}}],"collection":[{"href":"https:\/\/krishnamurtitextos.com.br\/index.php?rest_route=\/wp\/v2\/pages"}],"about":[{"href":"https:\/\/krishnamurtitextos.com.br\/index.php?rest_route=\/wp\/v2\/types\/page"}],"author":[{"embeddable":true,"href":"https:\/\/krishnamurtitextos.com.br\/index.php?rest_route=\/wp\/v2\/users\/1"}],"replies":[{"embeddable":true,"href":"https:\/\/krishnamurtitextos.com.br\/index.php?rest_route=%2Fwp%2Fv2%2Fcomments&post=4143"}],"version-history":[{"count":7,"href":"https:\/\/krishnamurtitextos.com.br\/index.php?rest_route=\/wp\/v2\/pages\/4143\/revisions"}],"predecessor-version":[{"id":4501,"href":"https:\/\/krishnamurtitextos.com.br\/index.php?rest_route=\/wp\/v2\/pages\/4143\/revisions\/4501"}],"wp:attachment":[{"href":"https:\/\/krishnamurtitextos.com.br\/index.php?rest_route=%2Fwp%2Fv2%2Fmedia&parent=4143"}],"curies":[{"name":"wp","href":"https:\/\/api.w.org\/{rel}","templated":true}]}}