{"id":4020,"date":"2023-12-26T12:47:17","date_gmt":"2023-12-26T12:47:17","guid":{"rendered":"https:\/\/krishnamurtitextos.com.br\/?page_id=4020"},"modified":"2024-04-24T11:13:45","modified_gmt":"2024-04-24T11:13:45","slug":"o-espelho","status":"publish","type":"page","link":"https:\/\/krishnamurtitextos.com.br\/?page_id=4020","title":{"rendered":"O &#8220;espelho&#8221;"},"content":{"rendered":"\t\t<div data-elementor-type=\"wp-page\" data-elementor-id=\"4020\" class=\"elementor elementor-4020\">\n\t\t\t\t\t\t<section class=\"elementor-section elementor-top-section elementor-element elementor-element-8f2be2d elementor-section-boxed elementor-section-height-default elementor-section-height-default\" data-id=\"8f2be2d\" data-element_type=\"section\" data-e-type=\"section\">\n\t\t\t\t\t\t<div class=\"elementor-container elementor-column-gap-default\">\n\t\t\t\t\t<div class=\"elementor-column elementor-col-50 elementor-top-column elementor-element elementor-element-5ee15c8b\" data-id=\"5ee15c8b\" data-element_type=\"column\" data-e-type=\"column\">\n\t\t\t<div class=\"elementor-widget-wrap elementor-element-populated\">\n\t\t\t\t\t\t<div class=\"elementor-element elementor-element-38ab683e elementor-widget elementor-widget-text-editor\" data-id=\"38ab683e\" data-element_type=\"widget\" data-e-type=\"widget\" data-widget_type=\"text-editor.default\">\n\t\t\t\t<div class=\"elementor-widget-container\">\n\t\t\t\t\t\t\t\t\t<ul><li><span style=\"color: #0000ff;\"><a style=\"color: #0000ff;\" href=\"https:\/\/www.dailymotion.com\/video\/x8riekk\">Nada nos far\u00e1 mudar<\/a><\/span><\/li><li><span style=\"color: #0000ff;\"><a style=\"color: #0000ff;\" href=\"https:\/\/www.dailymotion.com\/video\/x8ttom4\">No que deu estudarmos filosofias?<\/a><\/span><\/li><li><span style=\"color: #0000ff;\"><a style=\"color: #0000ff;\" href=\"https:\/\/www.dailymotion.com\/video\/x8ttnx2\">N\u00e3o repita<\/a><\/span><\/li><li><a href=\"https:\/\/www.dailymotion.com\/video\/x8trq5g\"><span style=\"color: #0000ff;\">N\u00e3o irei lhe ajudar<\/span><\/a><\/li><li><span style=\"color: #000000;\"><a style=\"color: #000000;\" href=\"https:\/\/rumble.com\/v40g8ez-o-medo-da-opinio-pblica-jiddu-krishnamurti.html\">O medo da opini\u00e3o p\u00fablica<\/a><\/span><\/li><li><span style=\"color: #0000ff;\"><a style=\"color: #0000ff;\" href=\"https:\/\/www.dailymotion.com\/video\/x8u2ek4\">Os brinquedos que nos absorvem<\/a><\/span><\/li><li><span style=\"color: #0000ff;\"><a style=\"color: #0000ff;\" href=\"https:\/\/www.dailymotion.com\/video\/x8u2f4i\">Os v\u00e1rios tipos de poder que buscamos<\/a><\/span><\/li><li><span style=\"color: #0000ff;\"><a style=\"color: #0000ff;\" href=\"https:\/\/www.dailymotion.com\/video\/x8tycjo\">O que todo ser humano tem que encarar<\/a><\/span><\/li><li><span style=\"color: #000000;\">O circo da confus\u00e3o humana &#8211; 1971<\/span><\/li><li><span style=\"color: #000000;\"><a style=\"color: #000000;\" href=\"https:\/\/rumble.com\/v2q9dfs-questionamos-o-modo-como-vivemos.html\">Questionamos o modo como vivemos?<\/a><\/span><\/li><li><span style=\"color: #0000ff;\"><a style=\"color: #0000ff;\" href=\"https:\/\/www.dailymotion.com\/video\/x8rt11k\">Quem est\u00e1 preocupado com a totalidade da vida?<\/a><\/span><\/li><li><span style=\"color: #000000;\"><a style=\"color: #000000;\" href=\"https:\/\/rumble.com\/v41qu06-queremos-realmente-viver-sem-certos-condicionamentos-jiddu-krishnamurti.html\">Queremos realmente viver sem certos condicionamentos?<\/a><\/span><\/li><li><span style=\"color: #0000ff;\"><a style=\"color: #0000ff;\" href=\"https:\/\/www.dailymotion.com\/video\/x8rty3p\">Seja honesto consigo mesmo<\/a><\/span><\/li><li><span style=\"color: #0000ff;\"><a style=\"color: #0000ff;\" href=\"https:\/\/www.dailymotion.com\/video\/x8rusb9\">Sobre escolher ouvir apenas aquilo que lhe conv\u00e9m<\/a><\/span><\/li><li><span style=\"color: #000000;\"><a style=\"color: #000000;\" href=\"https:\/\/rumble.com\/v42ad7b-sobre-os-silncios-artificiais-jiddu-krishnamurti.html\">Sobre os sil\u00eancios artificiais<\/a><\/span><\/li><li><span style=\"color: #0000ff;\"><a style=\"color: #0000ff;\" href=\"https:\/\/www.dailymotion.com\/video\/x8rus53\">Sobre a responsabilidade de cada ser humano<\/a><\/span><\/li><li><span style=\"color: #000000;\"><a style=\"color: #000000;\" href=\"https:\/\/rumble.com\/v42akq5-uma-vida-miservel-jiddu-krishnamurti.html\">Uma vida miser\u00e1vel<\/a><\/span><\/li><li><span style=\"color: #0000ff;\"><a style=\"color: #0000ff;\" href=\"https:\/\/www.dailymotion.com\/video\/x8rzcom\">Voc\u00ea \u00e9 respons\u00e1vel pelo que est\u00e1 acontecendo<\/a><\/span><\/li><li><span style=\"color: #0000ff;\"><a style=\"color: #0000ff;\" href=\"https:\/\/www.dailymotion.com\/video\/x8rzcs2\">Voc\u00ea escolhe a autoridade<\/a><\/span><\/li><li><span style=\"color: #000000;\"><a style=\"color: #000000;\" href=\"https:\/\/rumble.com\/v42amhh-vivendo-condicionados-por-preconceitos-jiddu-krishnamurti.html\">Vivendo condicionados por preconceitos<\/a><\/span><\/li><li><a href=\"https:\/\/rumble.com\/v42almh-vale-tudo-isto-a-pena-jiddu-krishnamurti.html\"><span style=\"color: #0000ff;\"><span style=\"color: #000000;\">Vale tudo isto a pena?<\/span><\/span><\/a><\/li><li><span style=\"color: #0000ff;\"><a style=\"color: #0000ff;\" href=\"https:\/\/www.dailymotion.com\/video\/x8r9ww5\">Algu\u00e9m que nos diga o que fazer<\/a><\/span><\/li><li><a href=\"https:\/\/www.dailymotion.com\/video\/x8rzchc\"><span style=\"color: #0000ff;\">Vamos continuar a viver assim?<\/span><\/a><\/li><\/ul>\t\t\t\t\t\t\t\t<\/div>\n\t\t\t\t<\/div>\n\t\t\t\t\t<\/div>\n\t\t<\/div>\n\t\t\t\t<div class=\"elementor-column elementor-col-50 elementor-top-column elementor-element elementor-element-7fa33a40\" data-id=\"7fa33a40\" data-element_type=\"column\" data-e-type=\"column\">\n\t\t\t<div class=\"elementor-widget-wrap elementor-element-populated\">\n\t\t\t\t\t\t<div class=\"elementor-element elementor-element-396e8563 elementor-widget elementor-widget-text-editor\" data-id=\"396e8563\" data-element_type=\"widget\" data-e-type=\"widget\" data-widget_type=\"text-editor.default\">\n\t\t\t\t<div class=\"elementor-widget-container\">\n\t\t\t\t\t\t\t\t\t<ul><li><a href=\"https:\/\/rumble.com\/v2pd37u-algum-que-nos-diga-o-que-fazer.html\">O medo de caminhar sozinho<\/a><\/li><li><span style=\"color: #0000ff;\"><a style=\"color: #0000ff;\" href=\"https:\/\/www.dailymotion.com\/video\/k1UOst09JQlquRzOGq7\">A minha tristeza<\/a><\/span><\/li><li><a href=\"https:\/\/rumble.com\/v2pd6aa-a-neurose-nos-distancia-da-vida-diria.html\">A neurose nos distancia da vida di\u00e1ria<\/a><\/li><li><span style=\"color: #0000ff;\"><a style=\"color: #0000ff;\" href=\"https:\/\/www.dailymotion.com\/video\/x8r9pwk\">A nossa exist\u00eancia se tornou uma rotina<\/a><\/span><\/li><li><span style=\"color: #0000ff;\"><a style=\"color: #0000ff;\" href=\"https:\/\/rumble.com\/v2q1j2u-aprendendo-a-ler-o-nosso-livro.html\">Aprendendo a ler o nosso livro<\/a><\/span><\/li><li><span style=\"color: #0000ff;\"><a style=\"color: #0000ff;\" href=\"https:\/\/www.dailymotion.com\/video\/x8t6xaa\">Atento \u00e0s press\u00f5es que podem ditar a minha vida<\/a><\/span><\/li><li><span style=\"color: #0000ff;\"><a style=\"color: #0000ff;\" href=\"https:\/\/www.dailymotion.com\/video\/x8sus5m\">A cegueira engrandece e conforta<\/a><\/span><\/li><li><span style=\"color: #0000ff;\"><a style=\"color: #0000ff;\" href=\"https:\/\/www.dailymotion.com\/video\/x8t6x4q\">As vossas m\u00e1scaras<\/a><\/span><\/li><li><span style=\"color: #0000ff;\"><a style=\"color: #0000ff;\" href=\"https:\/\/www.dailymotion.com\/video\/x8t6x00\">As nossas tantas artimanhas<\/a><\/span><\/li><li><span style=\"color: #0000ff;\"><a style=\"color: #0000ff;\" href=\"https:\/\/www.dailymotion.com\/video\/x8reaea\">Desperdi\u00e7ando a vida<\/a><\/span><\/li><li><span style=\"color: #0000ff;\"><a style=\"color: #0000ff;\" href=\"https:\/\/www.dailymotion.com\/video\/x8salka\">Dominados por h\u00e1bitos e preconceitos<\/a><\/span><\/li><li><a href=\"https:\/\/www.dailymotion.com\/video\/x8rg77z\"><span style=\"color: #0000ff;\">Enormes contradi\u00e7\u00f5es<\/span><\/a><\/li><li><span style=\"color: #0000ff;\"><a style=\"color: #0000ff;\" href=\"https:\/\/www.dailymotion.com\/video\/x8shbug\">Estamos dispostos a ir t\u00e3o longe?<\/a><\/span><\/li><li><span style=\"color: #0000ff;\"><a style=\"color: #0000ff;\" href=\"https:\/\/www.dailymotion.com\/video\/x8teyns\">Lemos, repetimos, mas ignoramos a ess\u00eancia<\/a><\/span><\/li><li><span style=\"color: #0000ff;\"><a style=\"color: #0000ff;\" href=\"https:\/\/www.dailymotion.com\/video\/x8teyvo\">Lutando contra a minha solid\u00e3o<\/a><\/span><\/li><li><a href=\"https:\/\/rumble.com\/v42albe-usamos-os-outros-e-chamamos-de-relacionamentos-jiddu-krishnamurti.html\">Usamos os outros e chamamos de relacionamentos<\/a><\/li><li><a href=\"https:\/\/rumble.com\/v42aia3-uma-forma-entediante-e-perigosa-de-viver-jiddu-krishnamurti.html\">Uma forma entediante e perigosa de viver<\/a><\/li><li><span style=\"color: #0000ff;\"><a style=\"color: #0000ff;\" href=\"https:\/\/www.dailymotion.com\/video\/x8rzck1\">Viver em segunda m\u00e3o<\/a><\/span><\/li><li>A pergunta que s\u00f3 n\u00f3s podemos responder<\/li><li><a href=\"https:\/\/rumble.com\/v42aovl-vocs-fazem-parte-da-baguna-jiddu-krishnamurti.html\">Voc\u00eas fazem parte da bagun\u00e7a<\/a><\/li><li><a href=\"https:\/\/rumble.com\/v42aoon-voc-no-est-disposto-jiddu-krishnamurti.html\">Voc\u00ea n\u00e3o est\u00e1 disposto<\/a><\/li><li><span style=\"color: #0000ff;\"><a style=\"color: #0000ff;\" href=\"https:\/\/www.dailymotion.com\/video\/x8t0goe\">A mente ocupada<\/a><\/span><\/li><\/ul>\t\t\t\t\t\t\t\t<\/div>\n\t\t\t\t<\/div>\n\t\t\t\t\t<\/div>\n\t\t<\/div>\n\t\t\t\t\t<\/div>\n\t\t<\/section>\n\t\t\t\t<\/div>\n\t\t","protected":false},"excerpt":{"rendered":"<p>Nada nos far\u00e1 mudar No que deu estudarmos filosofias? N\u00e3o repita N\u00e3o irei lhe ajudar O medo da opini\u00e3o p\u00fablica Os brinquedos que nos absorvem Os v\u00e1rios tipos de poder que buscamos O que todo ser humano tem que encarar O circo da confus\u00e3o humana &#8211; 1971 Questionamos o modo como vivemos? Quem est\u00e1 preocupado [&hellip;]<\/p>\n","protected":false},"author":1,"featured_media":0,"parent":0,"menu_order":0,"comment_status":"closed","ping_status":"closed","template":"","meta":{"footnotes":""},"class_list":["post-4020","page","type-page","status-publish","hentry","entry"],"_links":{"self":[{"href":"https:\/\/krishnamurtitextos.com.br\/index.php?rest_route=\/wp\/v2\/pages\/4020","targetHints":{"allow":["GET"]}}],"collection":[{"href":"https:\/\/krishnamurtitextos.com.br\/index.php?rest_route=\/wp\/v2\/pages"}],"about":[{"href":"https:\/\/krishnamurtitextos.com.br\/index.php?rest_route=\/wp\/v2\/types\/page"}],"author":[{"embeddable":true,"href":"https:\/\/krishnamurtitextos.com.br\/index.php?rest_route=\/wp\/v2\/users\/1"}],"replies":[{"embeddable":true,"href":"https:\/\/krishnamurtitextos.com.br\/index.php?rest_route=%2Fwp%2Fv2%2Fcomments&post=4020"}],"version-history":[{"count":79,"href":"https:\/\/krishnamurtitextos.com.br\/index.php?rest_route=\/wp\/v2\/pages\/4020\/revisions"}],"predecessor-version":[{"id":4476,"href":"https:\/\/krishnamurtitextos.com.br\/index.php?rest_route=\/wp\/v2\/pages\/4020\/revisions\/4476"}],"wp:attachment":[{"href":"https:\/\/krishnamurtitextos.com.br\/index.php?rest_route=%2Fwp%2Fv2%2Fmedia&parent=4020"}],"curies":[{"name":"wp","href":"https:\/\/api.w.org\/{rel}","templated":true}]}}