{"id":3997,"date":"2023-11-25T11:53:15","date_gmt":"2023-11-25T11:53:15","guid":{"rendered":"https:\/\/krishnamurtitextos.com.br\/?page_id=3997"},"modified":"2024-04-19T13:10:19","modified_gmt":"2024-04-19T13:10:19","slug":"dialogos","status":"publish","type":"page","link":"https:\/\/krishnamurtitextos.com.br\/?page_id=3997","title":{"rendered":"Di\u00e1logos"},"content":{"rendered":"\t\t<div data-elementor-type=\"wp-page\" data-elementor-id=\"3997\" class=\"elementor elementor-3997\">\n\t\t\t\t\t\t<section class=\"elementor-section elementor-top-section elementor-element elementor-element-d96b941 elementor-section-boxed elementor-section-height-default elementor-section-height-default\" data-id=\"d96b941\" data-element_type=\"section\" data-e-type=\"section\">\n\t\t\t\t\t\t<div class=\"elementor-container elementor-column-gap-default\">\n\t\t\t\t\t<div class=\"elementor-column elementor-col-100 elementor-top-column elementor-element elementor-element-03f3073\" data-id=\"03f3073\" data-element_type=\"column\" data-e-type=\"column\">\n\t\t\t<div class=\"elementor-widget-wrap elementor-element-populated\">\n\t\t\t\t\t\t<div class=\"elementor-element elementor-element-77da61a elementor-widget elementor-widget-text-editor\" data-id=\"77da61a\" data-element_type=\"widget\" data-e-type=\"widget\" data-widget_type=\"text-editor.default\">\n\t\t\t\t<div class=\"elementor-widget-container\">\n\t\t\t\t\t\t\t\t\t<p>\u00a0<\/p><ul><li><span style=\"color: #0000ff;\"><a style=\"color: #0000ff;\" href=\"https:\/\/www.dailymotion.com\/video\/x8sus28\">A bondade s\u00f3 floresce na liberdade<\/a><span style=\"color: #000000;\"> &#8211; Eugene J. Schallert<\/span><\/span><\/li><li><span style=\"color: #0000ff;\"><a style=\"color: #0000ff;\" href=\"https:\/\/www.dailymotion.com\/video\/x8t0hve\">A ordem vem atrav\u00e9s da compreens\u00e3o da nossa desordem<\/a> <span style=\"color: #000000;\">&#8211; Allan W. Anderson<\/span><\/span><\/li><li><span style=\"color: #0000ff;\"><a style=\"color: #0000ff;\" href=\"https:\/\/www.dailymotion.com\/video\/x8u84ew\">A natureza e total erradica\u00e7\u00e3o do medo <\/a><\/span><a href=\"https:\/\/rumble.com\/v3u92fj-a-ordem-vem-atravs-da-compreenso-da-nossa-desordem-completo.html\"><span style=\"color: #000000;\">&#8211; Allan W. Anderson<\/span><\/a><\/li><li><a href=\"https:\/\/www.dailymotion.com\/video\/x8sowb0\"><span style=\"color: #0000ff;\">A autoridade \u00e9 destrutiva<\/span><\/a><a href=\"https:\/\/rumble.com\/v3u9h76-a-autoridade-destrutiva-completo.html\"><span style=\"color: #0000ff;\"><span style=\"color: #000000;\"> &#8211; Houston Smith<\/span><\/span><\/a><\/li><li><span style=\"color: #0000ff;\"><a style=\"color: #0000ff;\" href=\"https:\/\/www.dailymotion.com\/video\/x8swhqg\">A libera\u00e7\u00e3o do insight<\/a><span style=\"color: #000000;\"> &#8211; David Bohm<\/span><\/span><\/li><li><a href=\"https:\/\/www.dailymotion.com\/video\/x8swhia\"><span style=\"color: #0000ff;\">A intelig\u00eancia do amor<\/span><\/a> &#8211; <span style=\"color: #000000;\">David Bohm<\/span><\/li><li><span style=\"color: #0000ff;\"><a style=\"color: #0000ff;\" href=\"https:\/\/www.dailymotion.com\/video\/x8t4t2c\">Amor, sexo e prazer<\/a><\/span> &#8211; <span style=\"color: #000000;\">Allan W. Anderson<\/span><\/li><li><a href=\"https:\/\/www.dailymotion.com\/video\/x8sovte\"><span style=\"color: #0000ff;\">A arte de escutar<\/span><\/a> &#8211; <span style=\"color: #000000;\">Allan W. Anderson<\/span><\/li><li><a href=\"https:\/\/www.dailymotion.com\/video\/x8t0gky\"><span style=\"color: #0000ff;\">A mente no universo<\/span><\/a> &#8211; <span style=\"color: #000000;\">David Bohm<\/span><\/li><li><a href=\"https:\/\/www.dailymotion.com\/video\/x8tbwq6\"><span style=\"color: #0000ff;\">Compreendendo e n\u00e3o controlando o desejo<\/span><\/a> &#8211; <span style=\"color: #000000;\">Allan W. Anderson<\/span><\/li><li><a href=\"https:\/\/www.dailymotion.com\/video\/x8tbx86\"><span style=\"color: #0000ff;\">Conhecimento \u00e9 condicionamento<\/span><\/a> &#8211; <span style=\"color: #000000;\">Mary Zimbalist<\/span><\/li><li><span style=\"color: #0000ff;\"><a style=\"color: #0000ff;\" href=\"https:\/\/www.dailymotion.com\/video\/x8vjpwc\">Di\u00e1logo sobre a morte<\/a><\/span> &#8211; <span style=\"color: #000000;\">Pupul Jaykar<\/span><\/li><li><a href=\"https:\/\/www.dailymotion.com\/video\/x8vvdj2\"><span style=\"color: #0000ff;\">Escutar \u00e9 um enorme milagre<\/span><\/a> &#8211;<span style=\"color: #000000;\"> Allan W. Anderson<\/span><\/li><li><a href=\"https:\/\/www.dailymotion.com\/video\/k7HtYyvOTuWQTGzOC4N\"><span style=\"color: #0000ff;\">Existe evolu\u00e7\u00e3o na consci\u00eancia?<\/span><\/a> &#8211;<span style=\"color: #000000;\"> David Bohm<\/span><\/li><li><span style=\"color: #0000ff;\"><a style=\"color: #0000ff;\" href=\"https:\/\/www.dailymotion.com\/video\/x8vxue2\">Existe ego permanente?<\/a><\/span> &#8211; <span style=\"color: #000000;\">Alain Noud\u00e9<\/span><\/li><li><a href=\"https:\/\/www.dailymotion.com\/video\/x8skyoy\"><span style=\"color: #0000ff;\">Existe uma a\u00e7\u00e3o que n\u00e3o \u00e9 tocada pelo pensamento?<\/span><\/a> &#8211; <span style=\"color: #000000;\">David Bohm<\/span><\/li><li><span style=\"color: #0000ff;\"><a style=\"color: #0000ff;\" href=\"https:\/\/www.dailymotion.com\/video\/x8vzqnw\">Magoar-se e magoar os outros<\/a><\/span> &#8211;<span style=\"color: #000000;\"> Allan W. Anderson<\/span><\/li><li><a href=\"https:\/\/www.dailymotion.com\/video\/x8tq34m\"><span style=\"color: #0000ff;\">Morte, vida e amor s\u00e3o indivis\u00edveis<\/span><\/a> &#8211; <span style=\"color: #000000;\">Allan W. Anderson<\/span><\/li><li><a href=\"https:\/\/www.dailymotion.com\/video\/x8tq2uw\"><span style=\"color: #0000ff;\">Medita\u00e7\u00e3o, uma qualidade de aten\u00e7\u00e3o que permeia toda uma vida<\/span><\/a> &#8211; <span style=\"color: #000000;\">Allan W. Anderson<\/span><\/li><li><a href=\"https:\/\/www.dailymotion.com\/video\/x8vzrr8\"><span style=\"color: #0000ff;\">Medita\u00e7\u00e3o e a mente sagrada<\/span><\/a> &#8211; <span style=\"color: #000000;\">Allan W. Anderson<\/span><\/li><li><a href=\"https:\/\/www.dailymotion.com\/video\/x8vzqra\"><span style=\"color: #0000ff;\">Mestres e hierarquia<\/span><\/a> &#8211; <span style=\"color: #000000;\">Alain Noud\u00e9<\/span><\/li><li><a href=\"https:\/\/www.dailymotion.com\/video\/x8ttoxo\"><span style=\"color: #0000ff;\">O conhecimento e a transforma\u00e7\u00e3o do homem<\/span><\/a> &#8211;<span style=\"color: #000000;\"> Allan W. Anderson<\/span><\/li><li><a href=\"https:\/\/www.dailymotion.com\/video\/x8w2t30\"><span style=\"color: #0000ff;\">O conhecimento e o conflito nos relacionamentos humanos<\/span><\/a> &#8211; <span style=\"color: #000000;\">Allan W. Anderson<\/span><\/li><li><a href=\"https:\/\/www.dailymotion.com\/video\/x8w7y8y\"><span style=\"color: #0000ff;\">O que \u00e9 a comunica\u00e7\u00e3o com os outros?<\/span><\/a> &#8211;<span style=\"color: #000000;\"> Allan W. Anderson<\/span><\/li><li><a href=\"https:\/\/www.dailymotion.com\/video\/x8w2sy2\"><span style=\"color: #0000ff;\">O circo da confus\u00e3o humana<\/span><\/a> &#8211; <span style=\"color: #000000;\">Alain Noud\u00e9<\/span><\/li><li><a href=\"https:\/\/www.dailymotion.com\/video\/x8wd2w0\"><span style=\"color: #0000ff;\">O t\u00e9rmino da desordem \u00e9 o t\u00e9rmino da morte<\/span><\/a> &#8211; <span style=\"color: #000000;\">Eugene J. Schallert<\/span><\/li><li><a href=\"https:\/\/www.dailymotion.com\/video\/x8w2tfe\"><span style=\"color: #0000ff;\">O findar do conhecimento psicol\u00f3gico<\/span><\/a> &#8211; <span style=\"color: #000000;\">David Bohm<\/span><\/li><li><span style=\"color: #0000ff;\">O que \u00e9 o pensamento?<\/span> &#8211;<span style=\"color: #000000;\"> Jean Louis Dewez<\/span><\/li><li><a href=\"https:\/\/www.dailymotion.com\/video\/x8waux4\"><span style=\"color: #0000ff;\">O que far\u00e1 surgir a mudan\u00e7a no c\u00e9rebro?<\/span><\/a> &#8211; <span style=\"color: #000000;\">Pupul Jaykar<\/span><\/li><li><a href=\"https:\/\/www.dailymotion.com\/video\/x8wd34i\"><span style=\"color: #0000ff;\">Ordem c\u00f3smica<\/span><\/a> &#8211; <span style=\"color: #000000;\">David Bohm<\/span><\/li><li><a href=\"https:\/\/www.dailymotion.com\/video\/x8rofpq\"><span style=\"color: #0000ff;\">Por que somos educados?<\/span><\/a> &#8211; <span style=\"color: #000000;\">Jean Louis Dewez<\/span><\/li><li><a href=\"https:\/\/www.dailymotion.com\/video\/x8wk5l2\"><span style=\"color: #0000ff;\">Por que temos medo de ser nada?<\/span><\/a> &#8211; <span style=\"color: #000000;\">Pupul Jaykar<\/span><\/li><li><a href=\"https:\/\/www.dailymotion.com\/video\/x8u4fhw\"><span style=\"color: #0000ff;\">Podem os problemas humanos ser solucionados?<\/span><\/a> &#8211; <span style=\"color: #000000;\">David Bohm<\/span><\/li><li><a href=\"https:\/\/www.dailymotion.com\/video\/x8wi8jk\"><span style=\"color: #0000ff;\">Podemos viver sem o fardo do passado?<\/span><\/a> &#8211; <span style=\"color: #000000;\">Pupul Jaykar<\/span><\/li><li><a href=\"https:\/\/www.dailymotion.com\/video\/x8wnf2u\"><span style=\"color: #0000ff;\">Qual \u00e9 o prop\u00f3sito da educa\u00e7\u00e3o?<\/span><\/a> &#8211; <span style=\"color: #000000;\">Allan W. Anderson<\/span><\/li><li><a href=\"https:\/\/www.dailymotion.com\/video\/x8ta4ne\"><span style=\"color: #0000ff;\">Como investigar a fonte de toda a vida?<\/span><\/a> &#8211; <span style=\"color: #000000;\">Pupul Jaykar<\/span><\/li><li><a href=\"https:\/\/www.dailymotion.com\/video\/x8skyoy\"><span style=\"color: #0000ff;\">Existe uma a\u00e7\u00e3o que n\u00e3o \u00e9 tocada pelo pensamento?<\/span><\/a> &#8211; <span style=\"color: #000000;\">David Bohm<\/span><\/li><li><a href=\"https:\/\/www.dailymotion.com\/video\/x8s8mzu\"><span style=\"color: #0000ff;\">Podemos viver sem a identifica\u00e7\u00e3o?<\/span><\/a><\/li><li><a href=\"https:\/\/www.dailymotion.com\/video\/x8wpbo0\"><span style=\"color: #0000ff;\">Religi\u00e3o, autoridade e educa\u00e7\u00e3o<\/span><\/a> <span style=\"color: #000000;\">&#8211; Allan W. Anderson<\/span><\/li><li><a href=\"https:\/\/www.dailymotion.com\/video\/x8up8h6\"><span style=\"color: #0000ff;\">Religi\u00e3o e medita\u00e7\u00e3o<\/span><\/a> &#8211; <span style=\"color: #000000;\">Alain Noud\u00e9<\/span><\/li><li><a href=\"https:\/\/www.dailymotion.com\/video\/x8wpbqa\"><span style=\"color: #0000ff;\">Saindo da corrente do ego<\/span><\/a> &#8211; <span style=\"color: #000000;\">Alain Noud\u00e9<\/span><\/li><li><a href=\"https:\/\/www.dailymotion.com\/video\/x8wqzia\"><span style=\"color: #0000ff;\">Sobre o bem e o mal<\/span><\/a> &#8211; <span style=\"color: #000000;\">Alain Noud\u00e9<\/span><\/li><li><a href=\"https:\/\/www.dailymotion.com\/video\/x8ridgg\"><span style=\"color: #0000ff;\">Krishnamurti e Jonas Salk <\/span><\/a><\/li><\/ul>\t\t\t\t\t\t\t\t<\/div>\n\t\t\t\t<\/div>\n\t\t\t\t\t<\/div>\n\t\t<\/div>\n\t\t\t\t\t<\/div>\n\t\t<\/section>\n\t\t\t\t<\/div>\n\t\t","protected":false},"excerpt":{"rendered":"<p>\u00a0 A bondade s\u00f3 floresce na liberdade &#8211; Eugene J. Schallert A ordem vem atrav\u00e9s da compreens\u00e3o da nossa desordem &#8211; Allan W. Anderson A natureza e total erradica\u00e7\u00e3o do medo &#8211; Allan W. Anderson A autoridade \u00e9 destrutiva &#8211; Houston Smith A libera\u00e7\u00e3o do insight &#8211; David Bohm A intelig\u00eancia do amor &#8211; David [&hellip;]<\/p>\n","protected":false},"author":1,"featured_media":0,"parent":0,"menu_order":0,"comment_status":"closed","ping_status":"closed","template":"","meta":{"footnotes":""},"class_list":["post-3997","page","type-page","status-publish","hentry","entry"],"_links":{"self":[{"href":"https:\/\/krishnamurtitextos.com.br\/index.php?rest_route=\/wp\/v2\/pages\/3997","targetHints":{"allow":["GET"]}}],"collection":[{"href":"https:\/\/krishnamurtitextos.com.br\/index.php?rest_route=\/wp\/v2\/pages"}],"about":[{"href":"https:\/\/krishnamurtitextos.com.br\/index.php?rest_route=\/wp\/v2\/types\/page"}],"author":[{"embeddable":true,"href":"https:\/\/krishnamurtitextos.com.br\/index.php?rest_route=\/wp\/v2\/users\/1"}],"replies":[{"embeddable":true,"href":"https:\/\/krishnamurtitextos.com.br\/index.php?rest_route=%2Fwp%2Fv2%2Fcomments&post=3997"}],"version-history":[{"count":76,"href":"https:\/\/krishnamurtitextos.com.br\/index.php?rest_route=\/wp\/v2\/pages\/3997\/revisions"}],"predecessor-version":[{"id":4472,"href":"https:\/\/krishnamurtitextos.com.br\/index.php?rest_route=\/wp\/v2\/pages\/3997\/revisions\/4472"}],"wp:attachment":[{"href":"https:\/\/krishnamurtitextos.com.br\/index.php?rest_route=%2Fwp%2Fv2%2Fmedia&parent=3997"}],"curies":[{"name":"wp","href":"https:\/\/api.w.org\/{rel}","templated":true}]}}