{"id":3981,"date":"2023-11-25T11:47:20","date_gmt":"2023-11-25T11:47:20","guid":{"rendered":"https:\/\/krishnamurtitextos.com.br\/?page_id=3981"},"modified":"2024-05-04T12:46:00","modified_gmt":"2024-05-04T12:46:00","slug":"documentarios","status":"publish","type":"page","link":"https:\/\/krishnamurtitextos.com.br\/?page_id=3981","title":{"rendered":"Document\u00e1rios"},"content":{"rendered":"\t\t<div data-elementor-type=\"wp-page\" data-elementor-id=\"3981\" class=\"elementor elementor-3981\">\n\t\t\t\t\t\t<section class=\"elementor-section elementor-top-section elementor-element elementor-element-1ef8945 elementor-section-boxed elementor-section-height-default elementor-section-height-default\" data-id=\"1ef8945\" data-element_type=\"section\" data-e-type=\"section\">\n\t\t\t\t\t\t<div class=\"elementor-container elementor-column-gap-default\">\n\t\t\t\t\t<div class=\"elementor-column elementor-col-100 elementor-top-column elementor-element elementor-element-32c5654\" data-id=\"32c5654\" data-element_type=\"column\" data-e-type=\"column\">\n\t\t\t<div class=\"elementor-widget-wrap elementor-element-populated\">\n\t\t\t\t\t\t<div class=\"elementor-element elementor-element-c68e697 elementor-widget elementor-widget-text-editor\" data-id=\"c68e697\" data-element_type=\"widget\" data-e-type=\"widget\" data-widget_type=\"text-editor.default\">\n\t\t\t\t<div class=\"elementor-widget-container\">\n\t\t\t\t\t\t\t\t\t<ul><li><a href=\"https:\/\/www.dailymotion.com\/video\/x8ry1ct\"><span style=\"color: #0000ff;\">Uma introdu\u00e7\u00e3o \u00e0 Krishnamurti<\/span><\/a><\/li><li><a href=\"https:\/\/www.dailymotion.com\/video\/x8reaop\"><span style=\"color: #0000ff;\">O messias relutante<\/span><\/a><\/li><li><a href=\"https:\/\/www.dailymotion.com\/video\/x8riddu\"><span style=\"color: #0000ff;\">Krishnamurti e a educa\u00e7\u00e3o<\/span><\/a><\/li><li><a href=\"https:\/\/www.dailymotion.com\/video\/x8smzva\"><span style=\"color: #0000ff;\">Com uma mente silenciosa<\/span><\/a><\/li><li><a href=\"https:\/\/www.dailymotion.com\/video\/x8s8l5u\"><span style=\"color: #0000ff;\">A humanidade e o conflito<\/span><\/a><\/li><\/ul>\t\t\t\t\t\t\t\t<\/div>\n\t\t\t\t<\/div>\n\t\t\t\t\t<\/div>\n\t\t<\/div>\n\t\t\t\t\t<\/div>\n\t\t<\/section>\n\t\t\t\t<\/div>\n\t\t","protected":false},"excerpt":{"rendered":"<p>Uma introdu\u00e7\u00e3o \u00e0 Krishnamurti O messias relutante Krishnamurti e a educa\u00e7\u00e3o Com uma mente silenciosa A humanidade e o conflito<\/p>\n","protected":false},"author":1,"featured_media":0,"parent":0,"menu_order":0,"comment_status":"closed","ping_status":"closed","template":"","meta":{"footnotes":""},"class_list":["post-3981","page","type-page","status-publish","hentry","entry"],"_links":{"self":[{"href":"https:\/\/krishnamurtitextos.com.br\/index.php?rest_route=\/wp\/v2\/pages\/3981","targetHints":{"allow":["GET"]}}],"collection":[{"href":"https:\/\/krishnamurtitextos.com.br\/index.php?rest_route=\/wp\/v2\/pages"}],"about":[{"href":"https:\/\/krishnamurtitextos.com.br\/index.php?rest_route=\/wp\/v2\/types\/page"}],"author":[{"embeddable":true,"href":"https:\/\/krishnamurtitextos.com.br\/index.php?rest_route=\/wp\/v2\/users\/1"}],"replies":[{"embeddable":true,"href":"https:\/\/krishnamurtitextos.com.br\/index.php?rest_route=%2Fwp%2Fv2%2Fcomments&post=3981"}],"version-history":[{"count":25,"href":"https:\/\/krishnamurtitextos.com.br\/index.php?rest_route=\/wp\/v2\/pages\/3981\/revisions"}],"predecessor-version":[{"id":4489,"href":"https:\/\/krishnamurtitextos.com.br\/index.php?rest_route=\/wp\/v2\/pages\/3981\/revisions\/4489"}],"wp:attachment":[{"href":"https:\/\/krishnamurtitextos.com.br\/index.php?rest_route=%2Fwp%2Fv2%2Fmedia&parent=3981"}],"curies":[{"name":"wp","href":"https:\/\/api.w.org\/{rel}","templated":true}]}}