{"id":3877,"date":"2023-11-24T12:10:30","date_gmt":"2023-11-24T12:10:30","guid":{"rendered":"https:\/\/krishnamurtitextos.com.br\/?page_id=3877"},"modified":"2024-04-18T13:30:56","modified_gmt":"2024-04-18T13:30:56","slug":"videos-completos","status":"publish","type":"page","link":"https:\/\/krishnamurtitextos.com.br\/?page_id=3877","title":{"rendered":"V\u00eddeos completos"},"content":{"rendered":"\t\t<div data-elementor-type=\"wp-page\" data-elementor-id=\"3877\" class=\"elementor elementor-3877\">\n\t\t\t\t\t\t<section class=\"elementor-section elementor-top-section elementor-element elementor-element-590e42e elementor-section-boxed elementor-section-height-default elementor-section-height-default\" data-id=\"590e42e\" data-element_type=\"section\" data-e-type=\"section\">\n\t\t\t\t\t\t<div class=\"elementor-container elementor-column-gap-default\">\n\t\t\t\t\t<div class=\"elementor-column elementor-col-100 elementor-top-column elementor-element elementor-element-95700ec\" data-id=\"95700ec\" data-element_type=\"column\" data-e-type=\"column\">\n\t\t\t<div class=\"elementor-widget-wrap elementor-element-populated\">\n\t\t\t\t\t\t<div class=\"elementor-element elementor-element-0832aa6 elementor-widget elementor-widget-text-editor\" data-id=\"0832aa6\" data-element_type=\"widget\" data-e-type=\"widget\" data-widget_type=\"text-editor.default\">\n\t\t\t\t<div class=\"elementor-widget-container\">\n\t\t\t\t\t\t\t\t\t<ul><li><a href=\"https:\/\/www.dailymotion.com\/video\/x8swht6\"><span style=\"color: #0000ff;\">A liberdade \u00e9 o primeiro e \u00faltimo passo &#8211; 1976<\/span><\/a><\/li><li><a href=\"https:\/\/www.dailymotion.com\/video\/x8t4s8m\"><span style=\"color: #0000ff;\">A vida \u00e9 o movimento das rela\u00e7\u00f5es &#8211; 1981<\/span><\/a><\/li><li><a href=\"https:\/\/www.dailymotion.com\/video\/x8t4sg6\"><span style=\"color: #0000ff;\">Agir de imediato \u00e9 ver o que realmente \u00e9 &#8211; 1972<\/span><\/a><\/li><li><a href=\"https:\/\/www.dailymotion.com\/video\/x8sowh2\"><span style=\"color: #0000ff;\">A beleza est\u00e1 na quietude daquele que esqueceu &#8211; 1985<\/span><\/a><\/li><li><a href=\"https:\/\/www.dailymotion.com\/video\/x8swhvy\"><span style=\"color: #0000ff;\">A liberta\u00e7\u00e3o do medo<\/span><\/a><\/li><li><a href=\"https:\/\/www.dailymotion.com\/video\/x8sowdi\"><span style=\"color: #0000ff;\">A beleza da morte como parte da vida &#8211; 1982<\/span><\/a><\/li><li><a href=\"https:\/\/www.dailymotion.com\/video\/x8t8mq8\"><span style=\"color: #0000ff;\">Como algu\u00e9m se transforma a si pr\u00f3prio? &#8211; 1977<\/span><\/a><\/li><li><a href=\"https:\/\/www.dailymotion.com\/video\/x8tbw7s\"><span style=\"color: #0000ff;\">Como pode o c\u00e9rebro transformar a si mesmo? &#8211; 1983<\/span><\/a><\/li><li><a href=\"https:\/\/www.dailymotion.com\/video\/x8t8msq\"><span style=\"color: #0000ff;\">Como aprender sobre si mesmo? &#8211; 1970<\/span><\/a><\/li><li><a href=\"https:\/\/www.dailymotion.com\/video\/x8tbwuu\"><span style=\"color: #0000ff;\">Compreender a medita\u00e7\u00e3o requer ordem &#8211; 1970<\/span><\/a><\/li><li><a href=\"https:\/\/www.dailymotion.com\/video\/x8ta508\"><span style=\"color: #0000ff;\">Como observar os seus medos? &#8211; 1976<\/span><\/a><\/li><li><a href=\"https:\/\/www.dailymotion.com\/video\/x8tbwbw\"><span style=\"color: #0000ff;\">Como podemos fazer surgir uma sociedade s\u00e3? &#8211; 1979<\/span><\/a><\/li><li><a href=\"https:\/\/www.dailymotion.com\/video\/x8ta5g0\"><span style=\"color: #0000ff;\">Como pode a liberdade ser entendida e vivida? &#8211; 1978<\/span><\/a><\/li><li><a href=\"https:\/\/www.dailymotion.com\/video\/x8vjpnw\"><span style=\"color: #0000ff;\">Como \u00e9 ter completa ordem? &#8211; 1978<\/span><\/a><\/li><li><a href=\"https:\/\/www.dailymotion.com\/video\/x8vh4bs\"><span style=\"color: #0000ff;\">Desejo, apego e medo &#8211; 1980<\/span><\/a><\/li><li><a href=\"https:\/\/www.dailymotion.com\/video\/x8vjpzm\"><span style=\"color: #0000ff;\">Discurso nas Na\u00e7\u00f5es Unidas &#8211; 1985<\/span><\/a><\/li><li><a href=\"https:\/\/www.dailymotion.com\/video\/x8vvdgo\"><span style=\"color: #0000ff;\">Em total sil\u00eancio a mente encontra o eterno &#8211; 1979<\/span><\/a><\/li><li><a href=\"https:\/\/www.dailymotion.com\/video\/x8vxu6m\"><span style=\"color: #0000ff;\">Existe, de alguma forma, seguran\u00e7a psicol\u00f3gica? &#8211; 1979<\/span><\/a><\/li><li><a href=\"https:\/\/www.dailymotion.com\/video\/x8vvdqo\"><span style=\"color: #0000ff;\">Existe ordem na liberdade &#8211; 1972<\/span><\/a><\/li><li><a href=\"https:\/\/www.dailymotion.com\/video\/x8vxuf6\"><span style=\"color: #0000ff;\">Existe uma a\u00e7\u00e3o que seja s\u00e3 neste mundo insano? &#8211; 1972<\/span><\/a><\/li><li><a href=\"https:\/\/www.dailymotion.com\/video\/x8vvcxq\"><span style=\"color: #0000ff;\">\u00c9 o florescer da bondade uma quest\u00e3o de tempo? &#8211; 1977<\/span><\/a><\/li><li><a href=\"https:\/\/www.dailymotion.com\/video\/x8scmuw\"><span style=\"color: #0000ff;\">\u00c9 possivel observar a limita\u00e7\u00e3o do pensamento? &#8211; 1977<\/span><\/a><\/li><li><a href=\"https:\/\/www.dailymotion.com\/video\/x8vvdu6\"><span style=\"color: #0000ff;\">Existe seguran\u00e7a na autoridade psicol\u00f3gica? &#8211; 1977<\/span><\/a><\/li><li><a href=\"https:\/\/www.dailymotion.com\/video\/x8vvdxk\"><span style=\"color: #0000ff;\">Existe tal coisa como o amor? &#8211; 1977<\/span><\/a><\/li><li><a href=\"https:\/\/www.dailymotion.com\/video\/x8vxugq\"><span style=\"color: #0000ff;\">Existe uma a\u00e7\u00e3o sem causa e motivo? &#8211; 1977<\/span><\/a><\/li><li><a href=\"https:\/\/www.dailymotion.com\/video\/x8shby6\"><span style=\"color: #0000ff;\">Estando em desordem, podem as nossas mentes criar ordem? &#8211; 1982<\/span><\/a><\/li><li><a href=\"https:\/\/www.dailymotion.com\/video\/x8shbw8\"><span style=\"color: #0000ff;\">Estamos preocupados com a totalidade da exist\u00eancia humana? &#8211; 1982<\/span><\/a><\/li><li><a href=\"https:\/\/www.dailymotion.com\/video\/x8vxut0\"><span style=\"color: #0000ff;\">Existe uma sa\u00edda para a crise no mundo? &#8211; 1979<\/span><\/a><\/li><li><a href=\"https:\/\/www.dailymotion.com\/video\/x8vjp18\"><span style=\"color: #0000ff;\">Existe algo sagrado na vida? 1 &#8211; 1980<\/span><\/a><\/li><li><a href=\"https:\/\/www.dailymotion.com\/video\/x8vjp48\"><span style=\"color: #0000ff;\">Existe algo sagrado na vida? 2 &#8211; 1982<\/span><\/a><\/li><li><a href=\"https:\/\/www.dailymotion.com\/video\/x8scmrg\"><span style=\"color: #0000ff;\">\u00c9 o tempo necess\u00e1rio para acabar com algo psicologicamente? &#8211; 1980<\/span><\/a><\/li><li><a href=\"https:\/\/www.dailymotion.com\/video\/x8vvd1a\"><span style=\"color: #0000ff;\">\u00c9 o pensamento a causa da decad\u00eancia do Homem? &#8211; 1980-81<\/span><\/a><\/li><li><a href=\"https:\/\/www.dailymotion.com\/video\/x8skysu\"><span style=\"color: #0000ff;\">Existe uma ordem que nunca foi tocada pelo pensamento? &#8211; 1980-81<\/span><\/a><\/li><li><a href=\"https:\/\/www.dailymotion.com\/video\/x8vvd3m\"><span style=\"color: #0000ff;\">\u00c9 o pensamento o instrumento da a\u00e7\u00e3o correta? &#8211; 1979<\/span><\/a><\/li><li><a href=\"https:\/\/www.dailymotion.com\/video\/x8vvd5s\"><span style=\"color: #0000ff;\">Educa\u00e7\u00e3o, medita\u00e7\u00e3o e morte &#8211; 1977<\/span><\/a><\/li><li><a href=\"https:\/\/www.dailymotion.com\/video\/x8vxv2y\"><span style=\"color: #0000ff;\">Fatos, realidade e verdade &#8211; 1977<\/span><\/a><\/li><li><a href=\"https:\/\/www.dailymotion.com\/video\/x8skz6m\"><span style=\"color: #0000ff;\">Intelig\u00eancia, amor e compaix\u00e3o &#8211; 1979<\/span><\/a><\/li><li><a href=\"https:\/\/www.dailymotion.com\/video\/x8vxv6y\"><span style=\"color: #0000ff;\">Liberdade do ego &#8211; 1983<\/span><\/a><\/li><li><a href=\"https:\/\/www.dailymotion.com\/video\/x8vxv80\"><span style=\"color: #0000ff;\">Liberdade, responsabilidade e disciplina &#8211; 1980<\/span><\/a><\/li><li><a href=\"https:\/\/www.dailymotion.com\/video\/x8vzqss\"><span style=\"color: #0000ff;\">Medita\u00e7\u00e3o \u00e9 dar ao pensamento o seu lugar devido &#8211; 1979<\/span><\/a><\/li><li><a href=\"https:\/\/www.dailymotion.com\/video\/x8vzrpy\"><span style=\"color: #0000ff;\">Medita\u00e7\u00e3o, o atemporal e o amor &#8211; 1979<\/span><\/a><\/li><li><a href=\"https:\/\/www.dailymotion.com\/video\/x8vzrtg\"><span style=\"color: #0000ff;\">No findar, que \u00e9 a morte, existe uma tremenda beleza &#8211; 1981<\/span><\/a><\/li><li><a href=\"https:\/\/www.dailymotion.com\/video\/x8w7yci\"><span style=\"color: #0000ff;\">O que \u00e9 medita\u00e7\u00e3o? &#8211; 1970<\/span><\/a><\/li><li><a href=\"https:\/\/www.dailymotion.com\/video\/x8s8mum\"><span style=\"color: #0000ff;\">Observa\u00e7\u00e3o Hol\u00edstica &#8211; 1982<\/span><\/a><\/li><li><a href=\"https:\/\/www.dailymotion.com\/video\/x8tvwre\"><span style=\"color: #0000ff;\">O medo destr\u00f3i o amor &#8211; 1986<\/span><\/a><\/li><li><a href=\"https:\/\/www.dailymotion.com\/video\/x8w7y4g\"><span style=\"color: #0000ff;\">O prazer \u00e9 um fator de condicionamento &#8211; 1976<\/span><\/a><\/li><li><a href=\"https:\/\/www.dailymotion.com\/video\/x8wd36y\"><span style=\"color: #0000ff;\">Ordem na consci\u00eancia &#8211; 1982<\/span><\/a><\/li><li><a href=\"https:\/\/www.dailymotion.com\/video\/x8w7yj6\"><span style=\"color: #0000ff;\">O que \u00e9 observar hol\u00edsticamente? &#8211; 1977<\/span><\/a><\/li><li><a href=\"https:\/\/www.dailymotion.com\/video\/x8w7yt2\"><span style=\"color: #0000ff;\">O que estamos buscando? &#8211; 1977<\/span><\/a><\/li><li><a href=\"https:\/\/www.dailymotion.com\/video\/x8w7yr2\"><span style=\"color: #0000ff;\">O que est\u00e1 na pr\u00f3pria raiz do sofrimento? &#8211; 1977<\/span><\/a><\/li><li><a href=\"https:\/\/www.dailymotion.com\/video\/x8wd32q\"><span style=\"color: #0000ff;\">Onde existe tristeza, n\u00e3o h\u00e1 amor &#8211; 1982<\/span><\/a><\/li><li><a href=\"https:\/\/www.dailymotion.com\/video\/x8wd306\"><span style=\"color: #0000ff;\">Observando o interesse pr\u00f3prio como a raiz do medo &#8211; 1985<\/span><\/a><\/li><li><a href=\"https:\/\/www.dailymotion.com\/video\/x8wavcg\"><span style=\"color: #0000ff;\">O sil\u00eancio \u00e9 o fundo do eterno &#8211; 1985<\/span><\/a><\/li><li><a href=\"https:\/\/www.dailymotion.com\/video\/x8wauys\"><span style=\"color: #0000ff;\">O que ir\u00e1 unir a Humanidade? &#8211; 1972<\/span><\/a><\/li><li><span style=\"color: #0000ff;\">O que pensa, voc\u00ea \u00e9 &#8211; 1971<\/span><\/li><li><a href=\"https:\/\/www.dailymotion.com\/video\/x8vzs52\"><span style=\"color: #0000ff;\">O ciclo infind\u00e1vel da a\u00e7\u00e3o e rea\u00e7\u00e3o &#8211; 1984<\/span><\/a><\/li><li><a href=\"https:\/\/www.dailymotion.com\/video\/x8w2tso\"><span style=\"color: #0000ff;\">O pensamento e o tempo s\u00e3o a raiz do medo &#8211; 1981<\/span><\/a><\/li><li><a href=\"https:\/\/www.dailymotion.com\/video\/x8wav0m\"><span style=\"color: #0000ff;\">O que nos far\u00e1 mudar? &#8211; 1979<\/span><\/a><\/li><li><a href=\"https:\/\/www.dailymotion.com\/video\/x8w2tay\"><span style=\"color: #0000ff;\">O fim do conflito<\/span><\/a><\/li><li><a href=\"https:\/\/www.dailymotion.com\/video\/x8u4esy\"><span style=\"color: #0000ff;\">Pode a mente humana libertar se completamente do medo? &#8211; 1970<\/span><\/a><\/li><li><a href=\"https:\/\/www.dailymotion.com\/video\/x8wi8sy\"><span style=\"color: #0000ff;\">Por que a nossa casa est\u00e1 em desordem? &#8211; 1985<\/span><\/a><\/li><li><a href=\"https:\/\/www.dailymotion.com\/video\/x8wd3ew\"><span style=\"color: #0000ff;\">Permanecendo com a tristeza &#8211; 1981<\/span><\/a><\/li><li><a href=\"https:\/\/www.dailymotion.com\/video\/x8wi84a\"><span style=\"color: #0000ff;\">Pode o pensamento gerar a a\u00e7\u00e3o correta? &#8211; 1981<\/span><\/a><\/li><li><a href=\"https:\/\/www.dailymotion.com\/video\/x8wk5ou\"><span style=\"color: #0000ff;\">Posso me despojar da rede da linguagem? &#8211; 1978<\/span><\/a><\/li><li><a href=\"https:\/\/www.dailymotion.com\/video\/x8u4eq4\"><span style=\"color: #0000ff;\">Pode a compaix\u00e3o florescer no campo do desejo? &#8211; 1977<\/span><\/a><\/li><li><a href=\"https:\/\/www.dailymotion.com\/video\/x8wi8nm\"><span style=\"color: #0000ff;\">Poder\u00e1 o c\u00e9rebro libertar-se do conhecido? &#8211; 1980-81<\/span><\/a><\/li><li><a href=\"https:\/\/www.dailymotion.com\/video\/x8wk5ge\"><span style=\"color: #0000ff;\">Por que o Homem vive em conflito? &#8211; 1985<\/span><\/a><\/li><li><a href=\"https:\/\/www.dailymotion.com\/video\/x8u4fro\"><span style=\"color: #0000ff;\">Podemos pensar em conjunto sobre a crise que estamos enfrentando? &#8211; 1980<\/span><\/a><\/li><li><a href=\"https:\/\/www.dailymotion.com\/video\/x8wi8hy\"><span style=\"color: #0000ff;\">Podemos criar juntos uma boa sociedade? &#8211; 1979<\/span><\/a><\/li><li><a href=\"https:\/\/www.dailymotion.com\/video\/x8wd3jw\"><span style=\"color: #0000ff;\">Pode algu\u00e9m conhecer-se por completo? &#8211; 1979<\/span><\/a><\/li><li><a href=\"https:\/\/www.dailymotion.com\/video\/x8ubvy8\"><span style=\"color: #0000ff;\">Psicologicamente, somos um movimento unit\u00e1rio &#8211; 1980<\/span><\/a><\/li><li><a href=\"https:\/\/www.dailymotion.com\/video\/x8u4euy\"><span style=\"color: #0000ff;\">Pode algu\u00e9m aprender atrav\u00e9s do relacionamento? &#8211; 1978<\/span><\/a><\/li><li><a href=\"https:\/\/www.dailymotion.com\/video\/x8ubwfq\"><span style=\"color: #0000ff;\">Que tipo de c\u00e9rebro \u00e9 necess\u00e1rio para a medita\u00e7\u00e3o? &#8211; 1983<\/span><\/a><\/li><li><a href=\"https:\/\/www.dailymotion.com\/video\/x8wney2\"><span style=\"color: #0000ff;\">Qual \u00e9 a raiz da crise na Humanidade? &#8211; 1981<\/span><\/a><\/li><li><a href=\"https:\/\/www.dailymotion.com\/video\/x8wnezg\"><span style=\"color: #0000ff;\">Qual \u00e9 a rela\u00e7\u00e3o da clareza com a compaix\u00e3o? &#8211; 1977<\/span><\/a><\/li><li><a href=\"https:\/\/www.dailymotion.com\/video\/x8wnewc\"><span style=\"color: #0000ff;\">Qual \u00e9 a fun\u00e7\u00e3o do c\u00e9rebro? &#8211; 1977<\/span><\/a><\/li><li><a href=\"https:\/\/www.dailymotion.com\/video\/x8wk5yu\"><span style=\"color: #0000ff;\">Quais s\u00e3o as causas do conflito humano? &#8211; 1982<\/span><\/a><\/li><li><a href=\"https:\/\/www.dailymotion.com\/video\/x8wnf1e\"><span style=\"color: #0000ff;\">Qual \u00e9 o lugar do conhecimento nas nossas vidas? &#8211; 1982<\/span><\/a><\/li><li><a href=\"https:\/\/www.dailymotion.com\/video\/x8wnf28\"><span style=\"color: #0000ff;\">Qual \u00e9 o nosso relacionamento com o outro? &#8211; 1980-81<\/span><\/a><\/li><li><a href=\"https:\/\/www.dailymotion.com\/video\/x8wk63c\"><span style=\"color: #0000ff;\">Qual \u00e9 a causa da crise atual? &#8211; 1980-8<\/span><\/a><span style=\"color: #0000ff;\">1<\/span><\/li><li><a href=\"https:\/\/www.dailymotion.com\/video\/x8wpbp4\"><span style=\"color: #0000ff;\">Resgatando o c\u00e9rebro &#8211; 1980-81<\/span><\/a><\/li><li><a href=\"https:\/\/www.dailymotion.com\/video\/x8wqzl6\"><span style=\"color: #0000ff;\">Somente na paz a mente humana pode ser livre &#8211; 1983<\/span><\/a><\/li><li><a href=\"https:\/\/www.dailymotion.com\/video\/x8wpbui\"><span style=\"color: #0000ff;\">S\u00e3o o desejo e o tempo respons\u00e1veis pelo medo? &#8211; 1979<\/span><\/a><\/li><li><a href=\"https:\/\/www.dailymotion.com\/video\/x8wpc8u\"><span style=\"color: #0000ff;\">Ser totalmente livre da desordem &#8211; 1985<\/span><\/a><\/li><li><a href=\"https:\/\/www.dailymotion.com\/video\/x8wr004\"><span style=\"color: #0000ff;\">Temos a paci\u00eancia de nos escutar? &#8211; 1981<\/span><\/a><\/li><li><a href=\"https:\/\/www.dailymotion.com\/video\/x8wr0ac\"><span style=\"color: #0000ff;\">Uma a\u00e7\u00e3o sem passado nem futuro &#8211; 1986<\/span><\/a><\/li><li><a href=\"https:\/\/www.dailymotion.com\/video\/x8wr08m\"><span style=\"color: #0000ff;\">Um tipo diferente de energia &#8211; 1972<\/span><\/a><\/li><li><a href=\"https:\/\/www.dailymotion.com\/video\/x8wr072\"><span style=\"color: #0000ff;\">Um movimento que \u00e9 atemporal &#8211; 1977<\/span><\/a><\/li><li><a href=\"https:\/\/www.dailymotion.com\/video\/x8ve7ee\"><span style=\"color: #0000ff;\">Vida e morte <\/span><\/a><\/li><\/ul>\t\t\t\t\t\t\t\t<\/div>\n\t\t\t\t<\/div>\n\t\t\t\t\t<\/div>\n\t\t<\/div>\n\t\t\t\t\t<\/div>\n\t\t<\/section>\n\t\t\t\t<\/div>\n\t\t","protected":false},"excerpt":{"rendered":"<p>A liberdade \u00e9 o primeiro e \u00faltimo passo &#8211; 1976 A vida \u00e9 o movimento das rela\u00e7\u00f5es &#8211; 1981 Agir de imediato \u00e9 ver o que realmente \u00e9 &#8211; 1972 A beleza est\u00e1 na quietude daquele que esqueceu &#8211; 1985 A liberta\u00e7\u00e3o do medo A beleza da morte como parte da vida &#8211; 1982 Como [&hellip;]<\/p>\n","protected":false},"author":1,"featured_media":0,"parent":0,"menu_order":0,"comment_status":"closed","ping_status":"closed","template":"","meta":{"footnotes":""},"class_list":["post-3877","page","type-page","status-publish","hentry","entry"],"_links":{"self":[{"href":"https:\/\/krishnamurtitextos.com.br\/index.php?rest_route=\/wp\/v2\/pages\/3877","targetHints":{"allow":["GET"]}}],"collection":[{"href":"https:\/\/krishnamurtitextos.com.br\/index.php?rest_route=\/wp\/v2\/pages"}],"about":[{"href":"https:\/\/krishnamurtitextos.com.br\/index.php?rest_route=\/wp\/v2\/types\/page"}],"author":[{"embeddable":true,"href":"https:\/\/krishnamurtitextos.com.br\/index.php?rest_route=\/wp\/v2\/users\/1"}],"replies":[{"embeddable":true,"href":"https:\/\/krishnamurtitextos.com.br\/index.php?rest_route=%2Fwp%2Fv2%2Fcomments&post=3877"}],"version-history":[{"count":207,"href":"https:\/\/krishnamurtitextos.com.br\/index.php?rest_route=\/wp\/v2\/pages\/3877\/revisions"}],"predecessor-version":[{"id":4462,"href":"https:\/\/krishnamurtitextos.com.br\/index.php?rest_route=\/wp\/v2\/pages\/3877\/revisions\/4462"}],"wp:attachment":[{"href":"https:\/\/krishnamurtitextos.com.br\/index.php?rest_route=%2Fwp%2Fv2%2Fmedia&parent=3877"}],"curies":[{"name":"wp","href":"https:\/\/api.w.org\/{rel}","templated":true}]}}