{"id":3570,"date":"2023-05-10T13:44:35","date_gmt":"2023-05-10T13:44:35","guid":{"rendered":"https:\/\/krishnamurtitextos.com.br\/?page_id=3570"},"modified":"2023-05-10T13:47:52","modified_gmt":"2023-05-10T13:47:52","slug":"autoconhecimento","status":"publish","type":"page","link":"https:\/\/krishnamurtitextos.com.br\/?page_id=3570","title":{"rendered":"Autoconhecimento"},"content":{"rendered":"\t\t<div data-elementor-type=\"wp-page\" data-elementor-id=\"3570\" class=\"elementor elementor-3570\">\n\t\t\t\t\t\t<section class=\"elementor-section elementor-top-section elementor-element elementor-element-ba703ec elementor-section-boxed elementor-section-height-default elementor-section-height-default\" data-id=\"ba703ec\" data-element_type=\"section\" data-e-type=\"section\">\n\t\t\t\t\t\t<div class=\"elementor-container elementor-column-gap-default\">\n\t\t\t\t\t<div class=\"elementor-column elementor-col-100 elementor-top-column elementor-element elementor-element-3cd9673\" data-id=\"3cd9673\" data-element_type=\"column\" data-e-type=\"column\">\n\t\t\t<div class=\"elementor-widget-wrap elementor-element-populated\">\n\t\t\t\t\t\t<div class=\"elementor-element elementor-element-ba55f14 elementor-widget elementor-widget-text-editor\" data-id=\"ba55f14\" data-element_type=\"widget\" data-e-type=\"widget\" data-widget_type=\"text-editor.default\">\n\t\t\t\t<div class=\"elementor-widget-container\">\n\t\t\t\t\t\t\t\t\t<p style=\"text-align: center;\"><strong><span class=\"TextRun SCXW195498699 BCX0\" lang=\"PT-BR\" xml:lang=\"PT-BR\" data-contrast=\"none\"><span class=\"NormalTextRun SCXW195498699 BCX0\">Trechos do livro \u201cPalestras com Estudantes Americanos\u201d<\/span><\/span><span class=\"TextRun SCXW195498699 BCX0\" lang=\"PT-BR\" xml:lang=\"PT-BR\" data-contrast=\"none\"><span class=\"NormalTextRun SCXW195498699 BCX0\">)<\/span><\/span><\/strong><\/p><p><span data-contrast=\"none\">Olhar exige muita aten\u00e7\u00e3o; Eu quero olhar para mim n\u00e3o de acordo com nenhum padr\u00e3o, mas acho que estou fortemente condicionado, j\u00e1 sou escravo do especialista, minha educa\u00e7\u00e3o foi dirigida, controlada pelo especialista. Se quero aprender sobre mim mesmo e me olhar, me ver como sou, n\u00e3o posso faz\u00ea-lo sem liberdade, liberdade de julgamentos, explica\u00e7\u00f5es, justificativas. E isso n\u00e3o \u00e9 poss\u00edvel porque minha mente est\u00e1 fortemente condicionada pelo analista, pela sociedade e pela cultura em que vivo e assim por diante. Eu olho para mim mesmo com conhecimento passado e, portanto, n\u00e3o estou olhando realmente. Agora \u00e9 poss\u00edvel deixar de lado todo esse conhecimento \u2013 o conhecimento tecnol\u00f3gico, o conhecimento pr\u00e1tico, \u00e9 necess\u00e1rio \u2013 \u00e9 poss\u00edvel deixar de lado o ac\u00famulo de experi\u00eancia, julgamentos e avalia\u00e7\u00f5es atrav\u00e9s dos quais olhamos e por esta raz\u00e3o nunca h\u00e1 uma mudan\u00e7a?<\/span><span data-ccp-props=\"{&quot;201341983&quot;:0,&quot;335551550&quot;:6,&quot;335551620&quot;:6,&quot;335559739&quot;:160,&quot;335559740&quot;:259}\">\u00a0<\/span><\/p><p><span data-contrast=\"none\">Ent\u00e3o, \u00e9 poss\u00edvel ser completamente livre, livre de seu condicionamento como crist\u00e3o, comunista, cat\u00f3lico, seja o que for? Caso contr\u00e1rio, voc\u00ea n\u00e3o pode olhar, o que quer que voc\u00ea veja ser\u00e1 traduzido em termos do que voc\u00ea j\u00e1 sabe; a mudan\u00e7a torna-se ent\u00e3o uma luta de conformidade com o condicionamento passado. Afinal, o conflito, interno e externo, \u00e9 entre duas coisas, o pensamento conceitual e o que realmente \u00e9.<\/span><span data-ccp-props=\"{&quot;201341983&quot;:0,&quot;335551550&quot;:6,&quot;335551620&quot;:6,&quot;335559739&quot;:160,&quot;335559740&quot;:259}\">\u00a0<\/span><\/p><p><span data-contrast=\"none\">Assim, interiormente, toda a arte de ver e aprender, e a alegria e energia que s\u00e3o o resultado dessa vis\u00e3o, envolve um tremendo desafio. Isto \u00e9, pode a mente, t\u00e3o fortemente condicionada pelas revistas, o r\u00e1dio, tantas influ\u00eancias, libertar-se deste condicionamento? \u2014 n\u00e3o eventualmente, mas imediatamente. Agora, isso envolve aten\u00e7\u00e3o; entregar a mente e o cora\u00e7\u00e3o \u00e0 compreens\u00e3o de si mesmo, porque isso \u00e9 de import\u00e2ncia primordial, n\u00e3o exige concentra\u00e7\u00e3o, mas aten\u00e7\u00e3o.<\/span><span data-ccp-props=\"{&quot;201341983&quot;:0,&quot;335551550&quot;:6,&quot;335551620&quot;:6,&quot;335559739&quot;:160,&quot;335559740&quot;:259}\">\u00a0<\/span><\/p><p><span data-ccp-props=\"{&quot;201341983&quot;:0,&quot;335551550&quot;:6,&quot;335551620&quot;:6,&quot;335559739&quot;:160,&quot;335559740&quot;:259}\">\u00a0<\/span><\/p><p><span data-contrast=\"none\">\u00a0\u00a0\u00a0\u00a0\u00a0\u00a0\u00a0\u00a0\u00a0\u00a0\u00a0\u00a0\u00a0\u00a0\u00a0\u00a0\u00a0\u00a0\u00a0\u00a0\u00a0\u00a0\u00a0\u00a0\u00a0\u00a0\u00a0\u00a0\u00a0 &#8212;&#8212;&#8212;&#8212;&#8212;&#8212;&#8212;&#8212;&#8212;&#8212;&#8212;&#8212;&#8212;&#8212;&#8212;&#8212;&#8212;&#8212;&#8212;&#8212;&#8212;-<\/span><span data-ccp-props=\"{&quot;201341983&quot;:0,&quot;335551550&quot;:6,&quot;335551620&quot;:6,&quot;335559739&quot;:160,&quot;335559740&quot;:259}\">\u00a0<\/span><\/p><p><span data-ccp-props=\"{&quot;201341983&quot;:0,&quot;335551550&quot;:6,&quot;335551620&quot;:6,&quot;335559739&quot;:160,&quot;335559740&quot;:259}\">\u00a0<\/span><\/p><p><span data-contrast=\"none\">Para compreender a si mesmo, deve haver liberdade do condicionamento de ontem e da proje\u00e7\u00e3o de ontem, que \u00e9 o amanh\u00e3; hoje \u00e9 apenas a passagem entre os dois para a maioria de n\u00f3s. Aten\u00e7\u00e3o implica consci\u00eancia, estar atento com sensibilidade. Voc\u00ea n\u00e3o pode estar sensivelmente consciente se tiver alguma conclus\u00e3o \u2013 que isso deve ser, isso n\u00e3o \u00e9, de acordo com uma ideologia. As pessoas que t\u00eam ideologias e princ\u00edpios e vivem de acordo com eles s\u00e3o as pessoas mais insens\u00edveis porque est\u00e3o vivendo no futuro, tentando fazer com que o presente se ajuste a isso. A ideologia torna-se a \u201cautoridade\u201d, seja a ideologia comunista, socialista ou capitalista e assim por diante. Ent\u00e3o, a mente pode estar livre de ideais, de conclus\u00f5es? \u2014 por favor, investigue, descubra por si mesmo por que temos esses ideais, esse pensamento conceitual, as utopias e todas as estruturas religiosas que dividiram o homem em todo o mundo; s\u00e3o todos baseados nessas ideologias conceituais e s\u00e3o obviamente est\u00fapidas, n\u00e3o t\u00eam significado. E, no entanto, nos entregamos a elas \u2013 eu me pergunto por qu\u00ea! Conceitos \u2014 todo pensamento \u00e9 conceitual, n\u00e3o \u00e9? Penso em algo que me deu prazer ou dor e pensar sobre isso, desejando que fosse ou n\u00e3o assim, conforme o padr\u00e3o que estabeleci para mim mesmo, \u00e9 pensamento conceitual. E perguntamos: por que vivo no futuro ou no passado? Por que olho com todo o ac\u00famulo de saberes, que sou eu, que s\u00e3o palavras e mem\u00f3rias e nada mais? \u2014 por que vivo de acordo com o que se chama tradi\u00e7\u00e3o, cultura e assim por diante? \u2014 por qu\u00ea? A maioria de n\u00f3s est\u00e1 totalmente inconsciente de que somos condicionados. Um \u00e9 cat\u00f3lico, est\u00e1 condicionado por propaganda de dois mil anos \u2013 para mim \u00e9 uma coisa fant\u00e1stica \u2013 outro por \u201cpalavras\u201d como protestante, como hindu, como mu\u00e7ulmano e todo o resto em todo o mundo. Crescemos nele, aceitamos o condicionamento; mas n\u00e3o vivemos o que ele exige; aceitamos a afirma\u00e7\u00e3o verbal de que devemos amar nosso pr\u00f3ximo, mas obviamente n\u00e3o amamos nosso pr\u00f3ximo, chutamos ele, o destru\u00edmos no escrit\u00f3rio, no campo de batalha e assim por diante.<\/span><span data-ccp-props=\"{&quot;201341983&quot;:0,&quot;335551550&quot;:6,&quot;335551620&quot;:6,&quot;335559739&quot;:160,&quot;335559740&quot;:259}\">\u00a0<\/span><\/p><p><span data-contrast=\"none\">Estamos divididos como crist\u00e3os, mu\u00e7ulmanos, hindus, um sistema contra o outro, mas mesmo sabendo intelectualmente que essas divis\u00f5es trouxeram ao homem uma imensa mis\u00e9ria \u2013 as guerras religiosas e assim por diante \u2013, continuamos. Por qu\u00ea? Por favor, observe \u2013 por qu\u00ea? O que aconteceria se n\u00e3o tiv\u00e9ssemos nenhuma ideologia? Ser\u00edamos materialistas? \u2014 Receio que sejamos muito materialistas, embora tenhamos ideologias; as ideologias s\u00e3o apenas brinquedos, n\u00e3o t\u00eam a menor import\u00e2ncia em nossa vida. O que tem import\u00e2ncia \u00e9 essa batalha constante de ambi\u00e7\u00e3o, gan\u00e2ncia, inveja e tudo o mais, isso \u00e9 o que \u00e9 real, n\u00e3o se voc\u00ea acredita em Deus, ou isso, ou aquilo.<\/span><span data-ccp-props=\"{&quot;201341983&quot;:0,&quot;335551550&quot;:6,&quot;335551620&quot;:6,&quot;335559739&quot;:160,&quot;335559740&quot;:259}\">\u00a0<\/span><\/p>\t\t\t\t\t\t\t\t<\/div>\n\t\t\t\t<\/div>\n\t\t\t\t\t<\/div>\n\t\t<\/div>\n\t\t\t\t\t<\/div>\n\t\t<\/section>\n\t\t\t\t<section class=\"elementor-section elementor-top-section elementor-element elementor-element-b0cb44e elementor-section-boxed elementor-section-height-default elementor-section-height-default\" data-id=\"b0cb44e\" data-element_type=\"section\" data-e-type=\"section\">\n\t\t\t\t\t\t<div class=\"elementor-container elementor-column-gap-default\">\n\t\t\t\t\t<div class=\"elementor-column elementor-col-100 elementor-top-column elementor-element elementor-element-eb1d494\" data-id=\"eb1d494\" data-element_type=\"column\" data-e-type=\"column\">\n\t\t\t<div class=\"elementor-widget-wrap elementor-element-populated\">\n\t\t\t\t\t\t<div class=\"elementor-element elementor-element-ecd2d94 elementor-widget elementor-widget-text-editor\" data-id=\"ecd2d94\" data-element_type=\"widget\" data-e-type=\"widget\" data-widget_type=\"text-editor.default\">\n\t\t\t\t<div class=\"elementor-widget-container\">\n\t\t\t\t\t\t\t\t\t<p style=\"text-align: center;\"><strong><span class=\"TextRun SCXW28090724 BCX0\" lang=\"PT-BR\" xml:lang=\"PT-BR\" data-contrast=\"none\"><span class=\"NormalTextRun SCXW28090724 BCX0\">Trecho do livro &#8220;<\/span><span class=\"NormalTextRun SCXW28090724 BCX0\">Krishnamurti<\/span><span class=\"NormalTextRun SCXW28090724 BCX0\"> por si mesmo&#8221;<\/span><\/span><span class=\"EOP SCXW28090724 BCX0\" data-ccp-props=\"{&quot;201341983&quot;:0,&quot;335551550&quot;:6,&quot;335551620&quot;:6,&quot;335559739&quot;:160,&quot;335559740&quot;:259}\">\u00a0<\/span><\/strong><\/p><p><span class=\"TextRun SCXW76601982 BCX0\" lang=\"PT-BR\" xml:lang=\"PT-BR\" data-contrast=\"auto\"><span class=\"NormalTextRun SCXW76601982 BCX0\">O fluxo e refluxo da mar\u00e9 \u00e9 como a a\u00e7\u00e3o e rea\u00e7\u00e3o humana. Nossas a\u00e7\u00f5es e rea\u00e7\u00f5es s\u00e3o t\u00e3o r\u00e1pidas. N\u00e3o h\u00e1 uma pausa antes que a rea\u00e7\u00e3o ocorra. Uma pergunta \u00e9 feita e imediatamente, instantaneamente, tenta-se buscar uma resposta, uma solu\u00e7\u00e3o para um problema. N\u00e3o h\u00e1 uma pausa entre a pergunta e a resposta. Afinal, somos o fluxo e refluxo da vida &#8211; o exterior e o interior. Tentamos estabelecer uma rela\u00e7\u00e3o com o exterior, pensando que o interior \u00e9 algo separado, algo desvinculado do exterior. Mas certamente o movimento do exterior \u00e9 o fluxo do interior. Ambos s\u00e3o iguais, como as \u00e1guas do mar, esse movimento constante e inquieto do exterior e do interior, a resposta ao desafio. Esta \u00e9 a nossa vida. Quando colocamos primeiro o interior, ent\u00e3o o interior torna-se escravo do exterior. A sociedade que criamos \u00e9 a externa, ent\u00e3o para essa sociedade o interno se torna o escravo. E a revolta contra o exterior \u00e9 a mesma que a revolta do interior. Esse fluxo e refluxo constante, inquieto, ansioso, com medo: esse movimento pode parar? \u00c9 claro que o fluxo e refluxo das \u00e1guas do mar est\u00e3o inteiramente livres desse fluxo e refluxo do externo e do interno \u2014 o interno se tornando o externo, depois o externo tentando controlar o interno porque o externo se tornou muito importante; ent\u00e3o a rea\u00e7\u00e3o a essa import\u00e2ncia do interior. Este tem sido o modo de vida, uma vida de constante dor e prazer.<\/span><\/span><span class=\"EOP SCXW76601982 BCX0\" data-ccp-props=\"{&quot;201341983&quot;:0,&quot;335551550&quot;:6,&quot;335551620&quot;:6,&quot;335559739&quot;:160,&quot;335559740&quot;:276}\">\u00a0<\/span><\/p>\t\t\t\t\t\t\t\t<\/div>\n\t\t\t\t<\/div>\n\t\t\t\t\t<\/div>\n\t\t<\/div>\n\t\t\t\t\t<\/div>\n\t\t<\/section>\n\t\t\t\t<\/div>\n\t\t","protected":false},"excerpt":{"rendered":"<p>Trechos do livro \u201cPalestras com Estudantes Americanos\u201d) Olhar exige muita aten\u00e7\u00e3o; Eu quero olhar para mim n\u00e3o de acordo com nenhum padr\u00e3o, mas acho que estou fortemente condicionado, j\u00e1 sou escravo do especialista, minha educa\u00e7\u00e3o foi dirigida, controlada pelo especialista. Se quero aprender sobre mim mesmo e me olhar, me ver como sou, n\u00e3o posso [&hellip;]<\/p>\n","protected":false},"author":1,"featured_media":0,"parent":0,"menu_order":0,"comment_status":"closed","ping_status":"closed","template":"","meta":{"footnotes":""},"class_list":["post-3570","page","type-page","status-publish","hentry","entry"],"_links":{"self":[{"href":"https:\/\/krishnamurtitextos.com.br\/index.php?rest_route=\/wp\/v2\/pages\/3570","targetHints":{"allow":["GET"]}}],"collection":[{"href":"https:\/\/krishnamurtitextos.com.br\/index.php?rest_route=\/wp\/v2\/pages"}],"about":[{"href":"https:\/\/krishnamurtitextos.com.br\/index.php?rest_route=\/wp\/v2\/types\/page"}],"author":[{"embeddable":true,"href":"https:\/\/krishnamurtitextos.com.br\/index.php?rest_route=\/wp\/v2\/users\/1"}],"replies":[{"embeddable":true,"href":"https:\/\/krishnamurtitextos.com.br\/index.php?rest_route=%2Fwp%2Fv2%2Fcomments&post=3570"}],"version-history":[{"count":7,"href":"https:\/\/krishnamurtitextos.com.br\/index.php?rest_route=\/wp\/v2\/pages\/3570\/revisions"}],"predecessor-version":[{"id":3580,"href":"https:\/\/krishnamurtitextos.com.br\/index.php?rest_route=\/wp\/v2\/pages\/3570\/revisions\/3580"}],"wp:attachment":[{"href":"https:\/\/krishnamurtitextos.com.br\/index.php?rest_route=%2Fwp%2Fv2%2Fmedia&parent=3570"}],"curies":[{"name":"wp","href":"https:\/\/api.w.org\/{rel}","templated":true}]}}