{"id":3537,"date":"2023-05-10T13:14:39","date_gmt":"2023-05-10T13:14:39","guid":{"rendered":"https:\/\/krishnamurtitextos.com.br\/?page_id=3537"},"modified":"2023-05-10T13:19:02","modified_gmt":"2023-05-10T13:19:02","slug":"apego","status":"publish","type":"page","link":"https:\/\/krishnamurtitextos.com.br\/?page_id=3537","title":{"rendered":"Apego"},"content":{"rendered":"\t\t<div data-elementor-type=\"wp-page\" data-elementor-id=\"3537\" class=\"elementor elementor-3537\">\n\t\t\t\t\t\t<section class=\"elementor-section elementor-top-section elementor-element elementor-element-62bf73b elementor-section-boxed elementor-section-height-default elementor-section-height-default\" data-id=\"62bf73b\" data-element_type=\"section\" data-e-type=\"section\">\n\t\t\t\t\t\t<div class=\"elementor-container elementor-column-gap-default\">\n\t\t\t\t\t<div class=\"elementor-column elementor-col-50 elementor-top-column elementor-element elementor-element-db4de17\" data-id=\"db4de17\" data-element_type=\"column\" data-e-type=\"column\">\n\t\t\t<div class=\"elementor-widget-wrap elementor-element-populated\">\n\t\t\t\t\t\t<div class=\"elementor-element elementor-element-963feee elementor-widget elementor-widget-text-editor\" data-id=\"963feee\" data-element_type=\"widget\" data-e-type=\"widget\" data-widget_type=\"text-editor.default\">\n\t\t\t\t<div class=\"elementor-widget-container\">\n\t\t\t\t\t\t\t\t\t<p style=\"text-align: center;\"><strong><span class=\"TextRun Highlight SCXW170672974 BCX0\" lang=\"PT-BR\" xml:lang=\"PT-BR\" data-contrast=\"none\"><span class=\"NormalTextRun SCXW170672974 BCX0\">O livro da vida<\/span><\/span><\/strong><\/p><p><span class=\"TextRun Highlight SCXW29261818 BCX0\" lang=\"PT-BR\" xml:lang=\"PT-BR\" data-contrast=\"none\"><span class=\"NormalTextRun SCXW29261818 BCX0\">S\u00f3 existe apego; n\u00e3o existe tal coisa como desapego. A mente inventa o desapego como rea\u00e7\u00e3o \u00e0 dor do apego. Quando voc\u00ea reage ao apego se tornando \u201cdesapegado\u201d, est\u00e1 apegado a alguma outra coisa. Ent\u00e3o o processo \u00fanico \u00e9 o apego. Voc\u00ea \u00e9 apegado \u00e0 sua esposa ou seu marido, aos seus filhos, a ideias, tradi\u00e7\u00e3o, autoridade, e assim por diante; e sua rea\u00e7\u00e3o a esse apego \u00e9 desapego. O cultivo do desapego \u00e9 o resultado de sofrimento, dor. Voc\u00ea quer fugir da dor do apego, e sua fuga \u00e9 encontrar alguma coisa a que voc\u00ea ache que pode se apegar. Ent\u00e3o s\u00f3 existe apego, e \u00e9 uma mente est\u00fapida que cultiva o desapego. Todos os livros dizem, \u201cSeja desapegado\u201d, mas qual \u00e9 a verdade da quest\u00e3o? Se voc\u00ea observar sua pr\u00f3pria mente, ver\u00e1 uma coisa extraordin\u00e1ria que pelo cultivo do desapego, sua mente est\u00e1 se tornando apegada a alguma outra coisa.<\/span><\/span><span class=\"EOP SCXW29261818 BCX0\" data-ccp-props=\"{&quot;201341983&quot;:0,&quot;335551550&quot;:6,&quot;335551620&quot;:6,&quot;335559739&quot;:160,&quot;335559740&quot;:259}\">\u00a0<\/span><\/p>\t\t\t\t\t\t\t\t<\/div>\n\t\t\t\t<\/div>\n\t\t\t\t\t<\/div>\n\t\t<\/div>\n\t\t\t\t<div class=\"elementor-column elementor-col-50 elementor-top-column elementor-element elementor-element-6b8ac78\" data-id=\"6b8ac78\" data-element_type=\"column\" data-e-type=\"column\">\n\t\t\t<div class=\"elementor-widget-wrap elementor-element-populated\">\n\t\t\t\t\t\t<div class=\"elementor-element elementor-element-27e09f9 elementor-widget elementor-widget-text-editor\" data-id=\"27e09f9\" data-element_type=\"widget\" data-e-type=\"widget\" data-widget_type=\"text-editor.default\">\n\t\t\t\t<div class=\"elementor-widget-container\">\n\t\t\t\t\t\t\t\t\t<p style=\"text-align: center;\"><strong>Trecho de palestra em Saanen &#8211; 16\/07\/1974<\/strong><\/p><p><span class=\"TextRun Highlight SCXW205971829 BCX0\" lang=\"PT-BR\" xml:lang=\"PT-BR\" data-contrast=\"none\"><span class=\"NormalTextRun SCXW205971829 BCX0\">Para o orador apego \u00e9 muito mais importante que desapego. Porque se a pessoa pode descobrir por que a mente \u00e9 apegada, n\u00e3o importa a qu\u00ea \u2013 meu <\/span><span class=\"NormalTextRun ContextualSpellingAndGrammarErrorV2Themed SCXW205971829 BCX0\">sentar<\/span><span class=\"NormalTextRun SCXW205971829 BCX0\"> aqui, fiz isso por cinquenta anos, numa plataforma, falando, e estou apegado a isso \u2013 se estou apegado, espero n\u00e3o estar \u2013 se estou apegado. E por que est\u00e1 apegado? Voc\u00ea v\u00ea a diferen\u00e7a? N\u00e3o como ser <\/span><span class=\"NormalTextRun ContextualSpellingAndGrammarErrorV2Themed SCXW205971829 BCX0\">desapegado<\/span><span class=\"NormalTextRun SCXW205971829 BCX0\"> mas porque estar apegado. Por que voc\u00ea \u00e9 apegado \u00e0 sua casa, sua esposa, suas ideias, suas medita\u00e7\u00f5es, seu sistema, por qu\u00ea? O que aconteceria se voc\u00ea n\u00e3o fosse apegado? O apego d\u00e1 certa ocupa\u00e7\u00e3o \u00e0 mente \u2013 certo? Voc\u00ea pensa constantemente sobre isto. E esta ocupa\u00e7\u00e3o constante \u00e9 um dos fatores que a mente e o c\u00e9rebro dizem, \u201cSim, devo ficar ocupado com alguma coisa\u201d \u2013 por favor, acompanhe tudo isto. Com meu Deus, com meu sexo, com minha bebida, com Deus sabe o que \u2013 eu devo ficar ocupado \u2013 com a cozinha ou com o rei, ou com alguma ordem social, ou comunidade, ou o que seja. E a partir desta demanda por ocupa\u00e7\u00e3o h\u00e1 o apego, voc\u00ea se agarra a alguma coisa. Ora, por que a mente est\u00e1 ocupada? Por que ela deve estar ocupada? E o que aconteceria se ela n\u00e3o estivesse ocupada? Ela se perderia? Ela se desintegraria? Sentir-se-ia completamente nua, vazia e, por isso o medo desse vazio, por isso ocupa\u00e7\u00e3o? Da\u00ed, a import\u00e2ncia da mob\u00edlia, do livro, da ideia, e todo o resto. Assim, a partir do sentimento vazio e da solid\u00e3o de n\u00e3o ser totalmente \u00edntegra, a mente \u00e9 apegada. Entende? E pode a mente viver, ser vital, energ\u00e9tica, cheia de profundidade, sem apego? Naturalmente que ela pode.<\/span><\/span><span class=\"EOP SCXW205971829 BCX0\" data-ccp-props=\"{&quot;201341983&quot;:0,&quot;335551550&quot;:6,&quot;335551620&quot;:6,&quot;335559739&quot;:160,&quot;335559740&quot;:259}\">\u00a0<\/span><\/p>\t\t\t\t\t\t\t\t<\/div>\n\t\t\t\t<\/div>\n\t\t\t\t\t<\/div>\n\t\t<\/div>\n\t\t\t\t\t<\/div>\n\t\t<\/section>\n\t\t\t\t<\/div>\n\t\t","protected":false},"excerpt":{"rendered":"<p>O livro da vida S\u00f3 existe apego; n\u00e3o existe tal coisa como desapego. A mente inventa o desapego como rea\u00e7\u00e3o \u00e0 dor do apego. Quando voc\u00ea reage ao apego se tornando \u201cdesapegado\u201d, est\u00e1 apegado a alguma outra coisa. Ent\u00e3o o processo \u00fanico \u00e9 o apego. Voc\u00ea \u00e9 apegado \u00e0 sua esposa ou seu marido, aos [&hellip;]<\/p>\n","protected":false},"author":1,"featured_media":0,"parent":0,"menu_order":0,"comment_status":"closed","ping_status":"closed","template":"","meta":{"footnotes":""},"class_list":["post-3537","page","type-page","status-publish","hentry","entry"],"_links":{"self":[{"href":"https:\/\/krishnamurtitextos.com.br\/index.php?rest_route=\/wp\/v2\/pages\/3537","targetHints":{"allow":["GET"]}}],"collection":[{"href":"https:\/\/krishnamurtitextos.com.br\/index.php?rest_route=\/wp\/v2\/pages"}],"about":[{"href":"https:\/\/krishnamurtitextos.com.br\/index.php?rest_route=\/wp\/v2\/types\/page"}],"author":[{"embeddable":true,"href":"https:\/\/krishnamurtitextos.com.br\/index.php?rest_route=\/wp\/v2\/users\/1"}],"replies":[{"embeddable":true,"href":"https:\/\/krishnamurtitextos.com.br\/index.php?rest_route=%2Fwp%2Fv2%2Fcomments&post=3537"}],"version-history":[{"count":7,"href":"https:\/\/krishnamurtitextos.com.br\/index.php?rest_route=\/wp\/v2\/pages\/3537\/revisions"}],"predecessor-version":[{"id":3547,"href":"https:\/\/krishnamurtitextos.com.br\/index.php?rest_route=\/wp\/v2\/pages\/3537\/revisions\/3547"}],"wp:attachment":[{"href":"https:\/\/krishnamurtitextos.com.br\/index.php?rest_route=%2Fwp%2Fv2%2Fmedia&parent=3537"}],"curies":[{"name":"wp","href":"https:\/\/api.w.org\/{rel}","templated":true}]}}