{"id":3514,"date":"2023-05-08T21:02:06","date_gmt":"2023-05-08T21:02:06","guid":{"rendered":"https:\/\/krishnamurtitextos.com.br\/?page_id=3514"},"modified":"2023-05-08T21:05:00","modified_gmt":"2023-05-08T21:05:00","slug":"amor","status":"publish","type":"page","link":"https:\/\/krishnamurtitextos.com.br\/?page_id=3514","title":{"rendered":"Amor"},"content":{"rendered":"\t\t<div data-elementor-type=\"wp-page\" data-elementor-id=\"3514\" class=\"elementor elementor-3514\">\n\t\t\t\t\t\t<section class=\"elementor-section elementor-top-section elementor-element elementor-element-db4e23a elementor-section-boxed elementor-section-height-default elementor-section-height-default\" data-id=\"db4e23a\" data-element_type=\"section\" data-e-type=\"section\">\n\t\t\t\t\t\t<div class=\"elementor-container elementor-column-gap-default\">\n\t\t\t\t\t<div class=\"elementor-column elementor-col-50 elementor-top-column elementor-element elementor-element-855e0a4\" data-id=\"855e0a4\" data-element_type=\"column\" data-e-type=\"column\">\n\t\t\t<div class=\"elementor-widget-wrap elementor-element-populated\">\n\t\t\t\t\t\t<div class=\"elementor-element elementor-element-cf508ad elementor-widget elementor-widget-text-editor\" data-id=\"cf508ad\" data-element_type=\"widget\" data-e-type=\"widget\" data-widget_type=\"text-editor.default\">\n\t\t\t\t<div class=\"elementor-widget-container\">\n\t\t\t\t\t\t\t\t\t<p style=\"text-align: center;\"><strong><span class=\"TextRun SCXW230454136 BCX0\" lang=\"PT-BR\" xml:lang=\"PT-BR\" data-contrast=\"none\"><span class=\"NormalTextRun SCXW230454136 BCX0\">Trecho do livro \u201cPalestras com Estudantes Americanos\u201d<\/span><\/span><\/strong><\/p><p><span data-contrast=\"none\">O que \u00e9 o amor? Lidamos com o medo, ent\u00e3o juntos vamos agora considerar esta quest\u00e3o do amor. Voc\u00ea sabe que a palavra est\u00e1 carregada; foi abusada, distorcida, pisada e estragada pelo padre, pelo psic\u00f3logo e pelo pol\u00edtico, por todos os jornais e revistas; eles escrevem e falam sobre isso sem parar. Ent\u00e3o o que \u00e9 amor? N\u00e3o o que deveria ser, n\u00e3o o que \u00e9 o ideal ou o supremo, mas qual \u00e9 o amor que temos, que conhecemos? A coisa que chamamos de amor cont\u00e9m ci\u00fame e \u00f3dio, e \u00e9 assediada pela ang\u00fastia; n\u00e3o estamos sendo c\u00ednicos, estamos meramente observando realmente o que \u00e9, o que \u00e9 a coisa que chamamos de amor. E, o amor \u00e9 ci\u00fame, \u00e9 o amor \u00f3dio? O amor \u00e9 possessividade, domina\u00e7\u00e3o da esposa pelo marido ou do marido pela esposa? Voc\u00ea diz que ama sua fam\u00edlia, seus filhos, mas ama? Se voc\u00ea realmente amasse seus filhos com todo o seu cora\u00e7\u00e3o \u2013 n\u00e3o com suas mentes med\u00edocres \u2013 voc\u00ea acha que haveria uma guerra amanh\u00e3? Se voc\u00ea realmente amasse seus filhos, voc\u00ea os educaria da maneira que voc\u00ea faz, os treinaria, os for\u00e7aria a se conformarem com a ordem estabelecida de uma sociedade podre? Se voc\u00ea realmente amasse seus filhos, voc\u00ea permitiria que eles fossem mortos ou horrivelmente mutilados em uma guerra, seja sua guerra ou de outra pessoa? Se voc\u00ea observar tudo isso, isso indica, n\u00e3o \u00e9, que n\u00e3o h\u00e1 amor algum? Assim, o amor n\u00e3o \u00e9 sentimento ou algum disparate emocional e, acima de tudo, o amor n\u00e3o \u00e9 prazer.<\/span><span data-ccp-props=\"{&quot;201341983&quot;:0,&quot;335559739&quot;:160,&quot;335559740&quot;:259}\">\u00a0<\/span><\/p><p><span data-ccp-props=\"{&quot;201341983&quot;:0,&quot;335559739&quot;:160,&quot;335559740&quot;:259}\">\u00a0<\/span><\/p><p><span data-contrast=\"none\">\u00a0\u00a0\u00a0\u00a0\u00a0\u00a0\u00a0\u00a0\u00a0\u00a0\u00a0\u00a0\u00a0\u00a0\u00a0\u00a0\u00a0\u00a0\u00a0\u00a0\u00a0\u00a0\u00a0\u00a0\u00a0\u00a0\u00a0\u00a0 &#8212;&#8212;&#8212;&#8212;&#8212;&#8212;&#8212;&#8212;&#8212;&#8212;&#8212;&#8212;&#8212;&#8212;&#8212;&#8212;&#8212;&#8212;&#8212;&#8212;&#8212;&#8212;&#8212;<\/span><span data-ccp-props=\"{&quot;201341983&quot;:0,&quot;335559739&quot;:160,&quot;335559740&quot;:259}\">\u00a0<\/span><\/p><p><span data-ccp-props=\"{&quot;201341983&quot;:0,&quot;335559739&quot;:160,&quot;335559740&quot;:259}\">\u00a0<\/span><\/p><p><span data-contrast=\"none\">Por favor, siga isso muito de perto! O amor \u00e9 pensamento porque para n\u00f3s o amor \u00e9 prazer, que \u00e9 fruto do pensamento, que se nutre do pensamento. O prazer n\u00e3o est\u00e1 no momento real de ver o p\u00f4r do sol ou o ato sexual, mas o prazer \u00e9 pensar nisso. Assim, o amor \u00e9 engendrado pelo pensamento e tamb\u00e9m o amor \u00e9 nutrido, sustentado e prolongado como prazer pelo pensamento, o que se voc\u00ea olhar bem de perto, \u00e9 um fato \u00f3bvio.<\/span><span data-ccp-props=\"{&quot;201341983&quot;:0,&quot;335559739&quot;:160,&quot;335559740&quot;:259}\">\u00a0<\/span><\/p><p><span data-contrast=\"none\">Ent\u00e3o se pergunta: o amor \u00e9 pensamento? Sabemos que o pensamento pode cultivar o prazer, mas n\u00e3o pode, sob nenhuma circunst\u00e2ncia, cultivar o amor, assim como n\u00e3o pode cultivar a humildade. Assim, o amor n\u00e3o \u00e9 prazer, nem \u00e9 desejo \u2013 no entanto, voc\u00ea n\u00e3o pode negar nem o prazer nem o desejo. Quando voc\u00ea olha para o mundo, para a beleza de uma \u00e1rvore ou de um lindo rosto, h\u00e1 um grande deleite, naquele momento espec\u00edfico, o pensamento interfere e lhe d\u00e1 tempo e espa\u00e7o para florescer como prazer.<\/span><span data-ccp-props=\"{&quot;201341983&quot;:0,&quot;335559739&quot;:160,&quot;335559740&quot;:259}\">\u00a0<\/span><\/p><p><span data-contrast=\"none\">Quando entender a natureza e a estrutura do prazer em rela\u00e7\u00e3o ao amor e quando voc\u00ea perceber isso \u2013 o que faz parte da medita\u00e7\u00e3o \u2013 descobrir\u00e1 que o amor \u00e9 algo completamente diferente, ent\u00e3o realmente amar\u00e1 seus filhos, voc\u00ea criar\u00e1 um novo mundo. Quando chega a esse estado, quando conhece o amor, ent\u00e3o fa\u00e7a o que quiser, n\u00e3o h\u00e1 nada de errado; \u00e9 somente quando est\u00e1 buscando prazer \u2013 como voc\u00ea est\u00e1 agora \u2013 que tudo d\u00e1 errado.<\/span><span data-ccp-props=\"{&quot;201341983&quot;:0,&quot;335559739&quot;:160,&quot;335559740&quot;:259}\">\u00a0<\/span><\/p>\t\t\t\t\t\t\t\t<\/div>\n\t\t\t\t<\/div>\n\t\t\t\t\t<\/div>\n\t\t<\/div>\n\t\t\t\t<div class=\"elementor-column elementor-col-50 elementor-top-column elementor-element elementor-element-a3033f1\" data-id=\"a3033f1\" data-element_type=\"column\" data-e-type=\"column\">\n\t\t\t<div class=\"elementor-widget-wrap elementor-element-populated\">\n\t\t\t\t\t\t<div class=\"elementor-element elementor-element-90b1a98 elementor-widget elementor-widget-text-editor\" data-id=\"90b1a98\" data-element_type=\"widget\" data-e-type=\"widget\" data-widget_type=\"text-editor.default\">\n\t\t\t\t<div class=\"elementor-widget-container\">\n\t\t\t\t\t\t\t\t\t<p style=\"text-align: center;\"><strong><span class=\"TextRun Highlight SCXW256472181 BCX0\" lang=\"PT-BR\" xml:lang=\"PT-BR\" data-contrast=\"none\"><span class=\"NormalTextRun SCXW256472181 BCX0\">J. Krishnamurti \u2013 Liberte-se do passado<\/span><\/span><span class=\"EOP SCXW256472181 BCX0\" data-ccp-props=\"{&quot;201341983&quot;:0,&quot;335551550&quot;:6,&quot;335551620&quot;:6,&quot;335559739&quot;:0,&quot;335559740&quot;:240}\">\u00a0<\/span><\/strong><\/p><p><span class=\"TextRun Highlight SCXW123846290 BCX0\" lang=\"PT-BR\" xml:lang=\"PT-BR\" data-contrast=\"none\"><span class=\"NormalTextRun SCXW123846290 BCX0\">Neste mundo \u00e1rido e despeda\u00e7ado, n\u00e3o existe amor porque o prazer e o desejo desempenham os papeis preponderantes, no entanto, sem amor a vida di\u00e1ria n\u00e3o tem sentido. E voc\u00ea n\u00e3o pode ter amor se n\u00e3o houver beleza. A beleza n\u00e3o \u00e9 algo que voc\u00ea veja \u2013 n\u00e3o \u00e9 uma \u00e1rvore bonita, um quadro bonito, um belo edif\u00edcio ou uma bela mulher. S\u00f3 h\u00e1 beleza quando seu cora\u00e7\u00e3o e sua mente sabem o que \u00e9 amor. Sem amor e sem esse senso de beleza, n\u00e3o h\u00e1 virtude, e voc\u00ea sabe muito bem que, fa\u00e7a o que fizer \u2013 melhore a sociedade, alimente os pobres \u2013 voc\u00ea s\u00f3 <\/span><span class=\"NormalTextRun SCXW123846290 BCX0\">estar\u00e1 criando<\/span><span class=\"NormalTextRun SCXW123846290 BCX0\"> mais maldade, pois, sem amor, s\u00f3 h\u00e1 feiura e pobreza em seu cora\u00e7\u00e3o e em sua mente. Mas, havendo amor e beleza, fa\u00e7a o que fizer, ser\u00e1 certo, ser\u00e1 apropriado. Se voc\u00ea sabe amar, ent\u00e3o pode fazer o que quiser, pois isso resolver\u00e1 todos os outros problemas.<\/span><\/span><span class=\"EOP SCXW123846290 BCX0\" data-ccp-props=\"{&quot;201341983&quot;:0,&quot;335551550&quot;:6,&quot;335551620&quot;:6,&quot;335559739&quot;:0,&quot;335559740&quot;:240}\">\u00a0<\/span><\/p>\t\t\t\t\t\t\t\t<\/div>\n\t\t\t\t<\/div>\n\t\t\t\t\t<\/div>\n\t\t<\/div>\n\t\t\t\t\t<\/div>\n\t\t<\/section>\n\t\t\t\t<\/div>\n\t\t","protected":false},"excerpt":{"rendered":"<p>Trecho do livro \u201cPalestras com Estudantes Americanos\u201d O que \u00e9 o amor? Lidamos com o medo, ent\u00e3o juntos vamos agora considerar esta quest\u00e3o do amor. Voc\u00ea sabe que a palavra est\u00e1 carregada; foi abusada, distorcida, pisada e estragada pelo padre, pelo psic\u00f3logo e pelo pol\u00edtico, por todos os jornais e revistas; eles escrevem e falam [&hellip;]<\/p>\n","protected":false},"author":1,"featured_media":0,"parent":0,"menu_order":0,"comment_status":"closed","ping_status":"closed","template":"","meta":{"footnotes":""},"class_list":["post-3514","page","type-page","status-publish","hentry","entry"],"_links":{"self":[{"href":"https:\/\/krishnamurtitextos.com.br\/index.php?rest_route=\/wp\/v2\/pages\/3514","targetHints":{"allow":["GET"]}}],"collection":[{"href":"https:\/\/krishnamurtitextos.com.br\/index.php?rest_route=\/wp\/v2\/pages"}],"about":[{"href":"https:\/\/krishnamurtitextos.com.br\/index.php?rest_route=\/wp\/v2\/types\/page"}],"author":[{"embeddable":true,"href":"https:\/\/krishnamurtitextos.com.br\/index.php?rest_route=\/wp\/v2\/users\/1"}],"replies":[{"embeddable":true,"href":"https:\/\/krishnamurtitextos.com.br\/index.php?rest_route=%2Fwp%2Fv2%2Fcomments&post=3514"}],"version-history":[{"count":4,"href":"https:\/\/krishnamurtitextos.com.br\/index.php?rest_route=\/wp\/v2\/pages\/3514\/revisions"}],"predecessor-version":[{"id":3521,"href":"https:\/\/krishnamurtitextos.com.br\/index.php?rest_route=\/wp\/v2\/pages\/3514\/revisions\/3521"}],"wp:attachment":[{"href":"https:\/\/krishnamurtitextos.com.br\/index.php?rest_route=%2Fwp%2Fv2%2Fmedia&parent=3514"}],"curies":[{"name":"wp","href":"https:\/\/api.w.org\/{rel}","templated":true}]}}