{"id":3506,"date":"2023-05-08T12:32:39","date_gmt":"2023-05-08T12:32:39","guid":{"rendered":"https:\/\/krishnamurtitextos.com.br\/?page_id=3506"},"modified":"2023-05-08T12:34:01","modified_gmt":"2023-05-08T12:34:01","slug":"ambicao","status":"publish","type":"page","link":"https:\/\/krishnamurtitextos.com.br\/?page_id=3506","title":{"rendered":"Ambi\u00e7\u00e3o"},"content":{"rendered":"\t\t<div data-elementor-type=\"wp-page\" data-elementor-id=\"3506\" class=\"elementor elementor-3506\">\n\t\t\t\t\t\t<section class=\"elementor-section elementor-top-section elementor-element elementor-element-32865ac elementor-section-boxed elementor-section-height-default elementor-section-height-default\" data-id=\"32865ac\" data-element_type=\"section\" data-e-type=\"section\">\n\t\t\t\t\t\t<div class=\"elementor-container elementor-column-gap-default\">\n\t\t\t\t\t<div class=\"elementor-column elementor-col-100 elementor-top-column elementor-element elementor-element-be6397a\" data-id=\"be6397a\" data-element_type=\"column\" data-e-type=\"column\">\n\t\t\t<div class=\"elementor-widget-wrap elementor-element-populated\">\n\t\t\t\t\t\t<div class=\"elementor-element elementor-element-5fcb815 elementor-widget elementor-widget-text-editor\" data-id=\"5fcb815\" data-element_type=\"widget\" data-e-type=\"widget\" data-widget_type=\"text-editor.default\">\n\t\t\t\t<div class=\"elementor-widget-container\">\n\t\t\t\t\t\t\t\t\t<p style=\"text-align: center;\"><strong><span class=\"TextRun Highlight SCXW26019331 BCX0\" lang=\"PT-BR\" xml:lang=\"PT-BR\" data-contrast=\"none\"><span class=\"NormalTextRun SCXW26019331 BCX0\">J. Krishnamurti \u2013 O livro da vida<\/span><\/span><span class=\"EOP SCXW26019331 BCX0\" data-ccp-props=\"{&quot;201341983&quot;:0,&quot;335551550&quot;:6,&quot;335551620&quot;:6,&quot;335559739&quot;:0,&quot;335559740&quot;:240}\">\u00a0<\/span><\/strong><\/p><p><span class=\"TextRun Highlight SCXW21224958 BCX0\" lang=\"PT-BR\" xml:lang=\"PT-BR\" data-contrast=\"none\"><span class=\"NormalTextRun SCXW21224958 BCX0\">N\u00e3o \u00e9 poss\u00edvel viver neste mundo sem ambi\u00e7\u00e3o, simplesmente sendo quem voc\u00ea \u00e9? Se voc\u00ea come\u00e7ar a compreender o que voc\u00ea \u00e9 sem tentar mudar isto, ent\u00e3o o que voc\u00ea \u00e9 passa por uma transforma\u00e7\u00e3o. Penso que se pode viver neste mundo anonimamente, completamente ignorado, sem ser famoso, ambicioso, cruel. Pode se viver muito felizmente quando nenhuma import\u00e2ncia \u00e9 dada ao ego; e isto tamb\u00e9m faz parte da educa\u00e7\u00e3o correta. O mundo todo adora o sucesso. Voc\u00ea ouve hist\u00f3rias de como o menino pobre estudou a noite e, finalmente, se tornou juiz, ou como ele come\u00e7ou vendendo jornais e acabou multimilion\u00e1rio. Voc\u00ea \u00e9 alimentado com a glorifica\u00e7\u00e3o do sucesso. Com o empreendimento do grande sucesso h\u00e1 tamb\u00e9m grande sofrimento, mas a maioria de n\u00f3s est\u00e1 presa no desejo de empreender, e o sucesso \u00e9 muito mais importante para n\u00f3s do que a compreens\u00e3o e dissolu\u00e7\u00e3o do sofrimento.<\/span><\/span><span class=\"EOP SCXW21224958 BCX0\" data-ccp-props=\"{&quot;201341983&quot;:0,&quot;335551550&quot;:6,&quot;335551620&quot;:6,&quot;335559739&quot;:0,&quot;335559740&quot;:240}\">\u00a0<\/span><\/p>\t\t\t\t\t\t\t\t<\/div>\n\t\t\t\t<\/div>\n\t\t\t\t\t<\/div>\n\t\t<\/div>\n\t\t\t\t\t<\/div>\n\t\t<\/section>\n\t\t\t\t<\/div>\n\t\t","protected":false},"excerpt":{"rendered":"<p>J. Krishnamurti \u2013 O livro da vida\u00a0 N\u00e3o \u00e9 poss\u00edvel viver neste mundo sem ambi\u00e7\u00e3o, simplesmente sendo quem voc\u00ea \u00e9? Se voc\u00ea come\u00e7ar a compreender o que voc\u00ea \u00e9 sem tentar mudar isto, ent\u00e3o o que voc\u00ea \u00e9 passa por uma transforma\u00e7\u00e3o. Penso que se pode viver neste mundo anonimamente, completamente ignorado, sem ser famoso, [&hellip;]<\/p>\n","protected":false},"author":1,"featured_media":0,"parent":0,"menu_order":0,"comment_status":"closed","ping_status":"closed","template":"","meta":{"footnotes":""},"class_list":["post-3506","page","type-page","status-publish","hentry","entry"],"_links":{"self":[{"href":"https:\/\/krishnamurtitextos.com.br\/index.php?rest_route=\/wp\/v2\/pages\/3506","targetHints":{"allow":["GET"]}}],"collection":[{"href":"https:\/\/krishnamurtitextos.com.br\/index.php?rest_route=\/wp\/v2\/pages"}],"about":[{"href":"https:\/\/krishnamurtitextos.com.br\/index.php?rest_route=\/wp\/v2\/types\/page"}],"author":[{"embeddable":true,"href":"https:\/\/krishnamurtitextos.com.br\/index.php?rest_route=\/wp\/v2\/users\/1"}],"replies":[{"embeddable":true,"href":"https:\/\/krishnamurtitextos.com.br\/index.php?rest_route=%2Fwp%2Fv2%2Fcomments&post=3506"}],"version-history":[{"count":4,"href":"https:\/\/krishnamurtitextos.com.br\/index.php?rest_route=\/wp\/v2\/pages\/3506\/revisions"}],"predecessor-version":[{"id":3513,"href":"https:\/\/krishnamurtitextos.com.br\/index.php?rest_route=\/wp\/v2\/pages\/3506\/revisions\/3513"}],"wp:attachment":[{"href":"https:\/\/krishnamurtitextos.com.br\/index.php?rest_route=%2Fwp%2Fv2%2Fmedia&parent=3506"}],"curies":[{"name":"wp","href":"https:\/\/api.w.org\/{rel}","templated":true}]}}