{"id":3498,"date":"2023-05-08T12:29:07","date_gmt":"2023-05-08T12:29:07","guid":{"rendered":"https:\/\/krishnamurtitextos.com.br\/?page_id=3498"},"modified":"2023-05-08T12:31:15","modified_gmt":"2023-05-08T12:31:15","slug":"alegria","status":"publish","type":"page","link":"https:\/\/krishnamurtitextos.com.br\/?page_id=3498","title":{"rendered":"Alegria"},"content":{"rendered":"\t\t<div data-elementor-type=\"wp-page\" data-elementor-id=\"3498\" class=\"elementor elementor-3498\">\n\t\t\t\t\t\t<section class=\"elementor-section elementor-top-section elementor-element elementor-element-78ad131 elementor-section-boxed elementor-section-height-default elementor-section-height-default\" data-id=\"78ad131\" data-element_type=\"section\" data-e-type=\"section\">\n\t\t\t\t\t\t<div class=\"elementor-container elementor-column-gap-default\">\n\t\t\t\t\t<div class=\"elementor-column elementor-col-100 elementor-top-column elementor-element elementor-element-0aa1045\" data-id=\"0aa1045\" data-element_type=\"column\" data-e-type=\"column\">\n\t\t\t<div class=\"elementor-widget-wrap elementor-element-populated\">\n\t\t\t\t\t\t<div class=\"elementor-element elementor-element-ce8ac78 elementor-widget elementor-widget-text-editor\" data-id=\"ce8ac78\" data-element_type=\"widget\" data-e-type=\"widget\" data-widget_type=\"text-editor.default\">\n\t\t\t\t<div class=\"elementor-widget-container\">\n\t\t\t\t\t\t\t\t\t<p style=\"text-align: center;\"><strong><span class=\"TextRun SCXW150314642 BCX0\" lang=\"PT-BR\" xml:lang=\"PT-BR\" data-contrast=\"auto\"><span class=\"NormalTextRun SCXW150314642 BCX0\">Trecho da palestra com estudantes &#8211; 19\/01\/1954<\/span><\/span><\/strong><\/p><p><span data-contrast=\"auto\">Gostaria de falar, esta manh\u00e3, sobre algo que pode ser bastante dif\u00edcil, mas acho que vale a pena entender isso. Muito poucos de n\u00f3s desfrutam de alguma coisa. Temos muito pouca alegria em ver o p\u00f4r do sol, a lua cheia, uma bela pessoa, uma bela \u00e1rvore, um p\u00e1ssaro voando ou uma dan\u00e7a. N\u00f3s realmente n\u00e3o desfrutamos de nada. N\u00f3s olhamos para isso, nos divertimos ou aproveitamos superficialmente disso, temos uma sensa\u00e7\u00e3o que chamamos de alegria. Mas a alegria \u00e9 algo muito mais profundo que deve ser compreendido e aprofundado.<\/span><span data-ccp-props=\"{&quot;201341983&quot;:0,&quot;335559685&quot;:-1134,&quot;335559737&quot;:-994,&quot;335559739&quot;:0,&quot;335559740&quot;:259}\">\u00a0<\/span><\/p><p><span data-ccp-props=\"{&quot;201341983&quot;:0,&quot;335559685&quot;:-1134,&quot;335559737&quot;:-994,&quot;335559739&quot;:0,&quot;335559740&quot;:259}\">\u00a0<\/span><span data-contrast=\"auto\">Quando somos jovens, desfrutamos e deleitamos as coisas \u2013 jogos, roupas, na leitura de um livro ou na escrita de um poema, na pintura de um quadro ou empurrar um ao outro. Mas, \u00e0 medida que envelhecemos, esse desfrute se torna uma dor, um esfor\u00e7o, uma luta. Enquanto somos jovens, desfrutamos a comida, mas \u00e0 medida que envelhecemos come\u00e7amos a comer alimentos fortemente carregados de condimentos, especiarias, e ent\u00e3o perdemos todo o sabor, a delicadeza e o refinamento do paladar. Quando somos jovens, gostamos de observar animais, insetos, p\u00e1ssaros. \u00c0 medida que envelhecemos, embora ainda queiramos desfrutar das coisas, o melhor de n\u00f3s se foi, preferimos outros tipos de sensa\u00e7\u00f5es \u2013 paix\u00e3o, lux\u00faria, poder, posi\u00e7\u00e3o. Essas s\u00e3o todas as coisas normais da vida, embora sejam superficiais. Elas n\u00e3o devem ser condenadas, n\u00e3o devem ser justificadas, mas devem ser compreendidas e colocadas em seu devido lugar. Se voc\u00ea as condena como sendo in\u00fateis, sensacionais, como sendo est\u00fapidas ou n\u00e3o-espirituais, voc\u00ea destr\u00f3i todo o processo de viver. \u00c9 como dizer: \u201cMeu bra\u00e7o direito \u00e9 feio, vou cort\u00e1-lo\u201d. Somos feitos por todas essas coisas, temos que entender tudo, n\u00e3o condenar, n\u00e3o justificar.<\/span><span data-ccp-props=\"{&quot;201341983&quot;:0,&quot;335559685&quot;:-1134,&quot;335559737&quot;:-994,&quot;335559739&quot;:0,&quot;335559740&quot;:259}\">\u00a0<\/span><\/p><p><span data-ccp-props=\"{&quot;201341983&quot;:0,&quot;335559685&quot;:-1134,&quot;335559737&quot;:-994,&quot;335559739&quot;:0,&quot;335559740&quot;:259}\">\u00a0<\/span><span data-contrast=\"auto\">\u00c0 medida que envelhecemos, as coisas da vida perdem o sentido, nossas mentes ficam embotadas, insens\u00edveis e assim por diante. Tentamos desfrutar, tentamos nos for\u00e7ar a olhar para quadros, \u00e1rvores, olhar as crian\u00e7as brincando. Lemos algum livro sagrado ou outro e tentamos encontrar seu sentido, sua profundidade, seu significado, mas tudo isso \u00e9 um esfor\u00e7o, uma labuta, algo com o qual lutar.<\/span><span data-ccp-props=\"{&quot;201341983&quot;:0,&quot;335559685&quot;:-1134,&quot;335559737&quot;:-994,&quot;335559739&quot;:0,&quot;335559740&quot;:259}\">\u00a0<\/span><\/p><p><span data-ccp-props=\"{&quot;201341983&quot;:0,&quot;335559685&quot;:-1134,&quot;335559737&quot;:-994,&quot;335559739&quot;:0,&quot;335559740&quot;:259}\">\u00a0<\/span><span data-contrast=\"auto\">Acho muito importante entender essa coisa chamada \u201calegria\u201d, o desfrutar das coisas. Quando voc\u00ea v\u00ea alguma coisa muito bonita, voc\u00ea quer possui-la, segur\u00e1-la, voc\u00ea quer cham\u00e1-la de seu: \u201c\u00c9 minha \u00e1rvore, meu p\u00e1ssaro, minha casa, meu marido, minha esposa\u201d. N\u00f3s queremos segur\u00e1-la e, nesse mesmo processo de segurar, a coisa que voc\u00ea desfrutou se foi, pois no pr\u00f3prio segurar h\u00e1 depend\u00eancia, medo, h\u00e1 exclus\u00e3o e ent\u00e3o a coisa que dava alegria, uma sensa\u00e7\u00e3o de beleza interior, \u00e9 perdida e a vida se torna fechada. Voc\u00ea considera a coisa como sendo pertencente a voc\u00ea, de modo que gradualmente o desfrutar se torna algo que voc\u00ea pode possuir, que voc\u00ea deve ter. Voc\u00ea gosta de fazer um ritual, fazer puja ou de ser algu\u00e9m no mundo, voc\u00ea se contenta em viver na superf\u00edcie, buscando uma sensa\u00e7\u00e3o, um prazer atr\u00e1s do outro. Essa \u00e9 a nossa vida, n\u00e3o \u00e9? Voc\u00ea se cansa de um Deus e quer encontrar outro. Voc\u00ea muda o seu guru, se ele n\u00e3o o satisfaz, e ent\u00e3o lhe diz: \u201cPor favor, me leve a algum lugar\u201d. Por tr\u00e1s de tudo isso est\u00e1 a busca por alegria. Voc\u00ea vive em um n\u00edvel superficial e acha que pode ter alegria com isso.<\/span><span data-ccp-props=\"{&quot;201341983&quot;:0,&quot;335559685&quot;:-1134,&quot;335559737&quot;:-994,&quot;335559739&quot;:0,&quot;335559740&quot;:259}\">\u00a0<\/span><\/p><p><span data-ccp-props=\"{&quot;201341983&quot;:0,&quot;335559685&quot;:-1134,&quot;335559737&quot;:-994,&quot;335559739&quot;:0,&quot;335559740&quot;:259}\">\u00a0<\/span><span data-contrast=\"auto\">Para conhecer a verdadeira alegria \u00e9 preciso ir muito mais fundo. A alegria n\u00e3o \u00e9 mera sensa\u00e7\u00e3o. Ela requer um refinamento extraordin\u00e1rio da mente, mas n\u00e3o o refinamento do ego que re\u00fane cada vez mais para si mesmo. Tal ego, tal pessoa nunca pode compreender esse estado de alegria no qual o desfrutador n\u00e3o est\u00e1. \u00c9 preciso entender essa coisa extraordin\u00e1ria, caso contr\u00e1rio a vida se torna muito pequena, mesquinha, superficial \u2013 nascer, aprender algumas coisas, sofrer, ter filhos, ter responsabilidades, ganhar dinheiro, ter um pouco de divers\u00e3o intelectual e depois morrer. Essa \u00e9 a nossa vida. H\u00e1 muito pouco refinamento nas roupas, nas maneiras, nas coisas que comemos. Ent\u00e3o, gradualmente, a mente se torna muito embotada.<\/span><span data-ccp-props=\"{&quot;201341983&quot;:0,&quot;335559685&quot;:-1134,&quot;335559737&quot;:-994,&quot;335559739&quot;:0,&quot;335559740&quot;:259}\">\u00a0<\/span><\/p>\t\t\t\t\t\t\t\t<\/div>\n\t\t\t\t<\/div>\n\t\t\t\t\t<\/div>\n\t\t<\/div>\n\t\t\t\t\t<\/div>\n\t\t<\/section>\n\t\t\t\t<\/div>\n\t\t","protected":false},"excerpt":{"rendered":"<p>Trecho da palestra com estudantes &#8211; 19\/01\/1954 Gostaria de falar, esta manh\u00e3, sobre algo que pode ser bastante dif\u00edcil, mas acho que vale a pena entender isso. Muito poucos de n\u00f3s desfrutam de alguma coisa. Temos muito pouca alegria em ver o p\u00f4r do sol, a lua cheia, uma bela pessoa, uma bela \u00e1rvore, um [&hellip;]<\/p>\n","protected":false},"author":1,"featured_media":0,"parent":0,"menu_order":0,"comment_status":"closed","ping_status":"closed","template":"","meta":{"footnotes":""},"class_list":["post-3498","page","type-page","status-publish","hentry","entry"],"_links":{"self":[{"href":"https:\/\/krishnamurtitextos.com.br\/index.php?rest_route=\/wp\/v2\/pages\/3498","targetHints":{"allow":["GET"]}}],"collection":[{"href":"https:\/\/krishnamurtitextos.com.br\/index.php?rest_route=\/wp\/v2\/pages"}],"about":[{"href":"https:\/\/krishnamurtitextos.com.br\/index.php?rest_route=\/wp\/v2\/types\/page"}],"author":[{"embeddable":true,"href":"https:\/\/krishnamurtitextos.com.br\/index.php?rest_route=\/wp\/v2\/users\/1"}],"replies":[{"embeddable":true,"href":"https:\/\/krishnamurtitextos.com.br\/index.php?rest_route=%2Fwp%2Fv2%2Fcomments&post=3498"}],"version-history":[{"count":4,"href":"https:\/\/krishnamurtitextos.com.br\/index.php?rest_route=\/wp\/v2\/pages\/3498\/revisions"}],"predecessor-version":[{"id":3505,"href":"https:\/\/krishnamurtitextos.com.br\/index.php?rest_route=\/wp\/v2\/pages\/3498\/revisions\/3505"}],"wp:attachment":[{"href":"https:\/\/krishnamurtitextos.com.br\/index.php?rest_route=%2Fwp%2Fv2%2Fmedia&parent=3498"}],"curies":[{"name":"wp","href":"https:\/\/api.w.org\/{rel}","templated":true}]}}