{"id":3489,"date":"2023-05-07T22:57:45","date_gmt":"2023-05-07T22:57:45","guid":{"rendered":"https:\/\/krishnamurtitextos.com.br\/?page_id=3489"},"modified":"2023-05-07T23:03:17","modified_gmt":"2023-05-07T23:03:17","slug":"ajudar","status":"publish","type":"page","link":"https:\/\/krishnamurtitextos.com.br\/?page_id=3489","title":{"rendered":"Ajudar"},"content":{"rendered":"\t\t<div data-elementor-type=\"wp-page\" data-elementor-id=\"3489\" class=\"elementor elementor-3489\">\n\t\t\t\t\t\t<section class=\"elementor-section elementor-top-section elementor-element elementor-element-080741f elementor-section-boxed elementor-section-height-default elementor-section-height-default\" data-id=\"080741f\" data-element_type=\"section\" data-e-type=\"section\">\n\t\t\t\t\t\t<div class=\"elementor-container elementor-column-gap-default\">\n\t\t\t\t\t<div class=\"elementor-column elementor-col-100 elementor-top-column elementor-element elementor-element-21e85de\" data-id=\"21e85de\" data-element_type=\"column\" data-e-type=\"column\">\n\t\t\t<div class=\"elementor-widget-wrap elementor-element-populated\">\n\t\t\t\t\t\t<div class=\"elementor-element elementor-element-94efc2b elementor-widget elementor-widget-text-editor\" data-id=\"94efc2b\" data-element_type=\"widget\" data-e-type=\"widget\" data-widget_type=\"text-editor.default\">\n\t\t\t\t<div class=\"elementor-widget-container\">\n\t\t\t\t\t\t\t\t\t<p style=\"text-align: center;\"><strong><span class=\"NormalTextRun SCXW89815211 BCX0\">Trecho da palestra em Alpino 04\/07\/<\/span><span class=\"NormalTextRun SCXW89815211 BCX0\">1933<\/span><\/strong><\/p><p><span data-contrast=\"none\"> Sabem, a maioria de n\u00f3s quer adquirir sabedoria ou verdade por meio de outra pessoa, atrav\u00e9s de alguma ag\u00eancia externa. Ningu\u00e9m pode convert\u00ea-lo num artista; somente voc\u00ea pr\u00f3prio pode faz\u00ea-lo. \u00c9 isso que quero dizer: eu posso dar-lhe tintas, pinc\u00e9is e telas, mas voc\u00ea mesmo ter\u00e1 que se tornar o artista, o pintor. Eu n\u00e3o posso transform\u00e1-lo em um. Agora, nas vossas tentativas para se tornarem espirituais, a maioria de voc\u00eas busca professores, salvadores, mas eu afirmo que ningu\u00e9m no mundo pode libert\u00e1-los do conflito do sofrimento. Algu\u00e9m lhes poder\u00e1 dar os materiais, as ferramentas, mas ningu\u00e9m lhes pode dar aquela chama da vida criativa.<\/span><span data-ccp-props=\"{&quot;201341983&quot;:0,&quot;335559685&quot;:-851,&quot;335559737&quot;:-852,&quot;335559739&quot;:160,&quot;335559740&quot;:259}\">\u00a0<\/span><\/p><p><span data-contrast=\"none\">Voc\u00eas sabem, n\u00f3s pensamos em termos de t\u00e9cnica, mas a t\u00e9cnica n\u00e3o vem em primeiro lugar. Primeiro voc\u00ea tem que ter a chama do desejo, e ent\u00e3o a t\u00e9cnica segue. Mas, dir\u00e1 voc\u00ea: \u201cDeixem-me aprender. Se me ensinarem a t\u00e9cnica da pintura, ent\u00e3o serei capaz de pintar\u201d. Existem muitos livros que descrevem a t\u00e9cnica da pintura, mas apenas aprender a t\u00e9cnica nunca far\u00e1 de voc\u00ea um artista criativo. Somente quando voc\u00ea estiver inteiramente s\u00f3, sem t\u00e9cnica, sem mestres, s\u00f3 ent\u00e3o poder\u00e1 encontrar a verdade.<\/span><span data-ccp-props=\"{&quot;201341983&quot;:0,&quot;335559685&quot;:-851,&quot;335559737&quot;:-852,&quot;335559739&quot;:160,&quot;335559740&quot;:259}\">\u00a0<\/span><\/p><hr \/><p style=\"text-align: center;\"><strong><span class=\"TextRun SCXW56677402 BCX0\" lang=\"PT-BR\" xml:lang=\"PT-BR\" data-contrast=\"none\"><span class=\"NormalTextRun SCXW56677402 BCX0\">O voo da \u00e1guia<\/span><\/span><span class=\"EOP SCXW56677402 BCX0\" data-ccp-props=\"{&quot;201341983&quot;:0,&quot;335559685&quot;:-851,&quot;335559737&quot;:-852,&quot;335559739&quot;:160,&quot;335559740&quot;:259}\">\u00a0<\/span><\/strong><\/p><p><span data-contrast=\"auto\">KRISHNAMURTI: Senhor, por que pressupomos tantas coisas? N\u00e3o se pode fazer uma viagem e examinar, n\u00e3o sabendo nada? Uma viagem dentro de si mesmo, n\u00e3o sabendo o que \u00e9 bom ou mau, o que \u00e9 certo ou errado, o que deveria ser, o que deve ser, mas apenas fazer a viagem sem qualquer peso? Esta \u00e9 uma das coisas mais dif\u00edceis, viajar dentro de si mesmo sem nenhum sentido de peso. E, ao viajar, voc\u00ea descobre \u2013 n\u00e3o diz no in\u00edcio: \u201cIsto n\u00e3o deve ser assim\u201d, \u201cIsto deveria ser\u201d. Pelo visto, essa \u00e9 uma das coisas mais dif\u00edceis de fazer, n\u00e3o sei por qu\u00ea. Vejam, senhores, n\u00e3o h\u00e1 ningu\u00e9m para lhes ajudar, incluindo o orador. N\u00e3o h\u00e1 ningu\u00e9m em quem ter f\u00e9, espero que voc\u00ea n\u00e3o tenha f\u00e9 em ningu\u00e9m. N\u00e3o h\u00e1 nenhuma autoridade para lhe dizer o que \u00e9 ou o que deveria ser, dizer para caminhar em uma dire\u00e7\u00e3o e n\u00e3o em outra, ter cuidado com as armadilhas, tudo marcado para voc\u00ea. Voc\u00ea tem que caminhar sozinho. Pode fazer isso? Voc\u00ea diz: \u201cN\u00e3o, porque tenho medo\u201d. Ent\u00e3o pegue o medo, entre nele e o compreenda completamente. Esque\u00e7a a viagem, esque\u00e7a a autoridade, examine toda essa coisa chamada medo &#8211; medo por n\u00e3o ter ningu\u00e9m em quem se apoiar, quem possa lhe dizer o que fazer, medo de que poderia cometer um erro. Cometa o erro e, ao observ\u00e1-lo, voc\u00ea saltar\u00e1 instantaneamente para fora dele.<\/span><span data-ccp-props=\"{&quot;201341983&quot;:0,&quot;335559739&quot;:160,&quot;335559740&quot;:276}\">\u00a0<\/span><\/p><p><span data-contrast=\"auto\">Descubra \u00e0 medida que avan\u00e7a. H\u00e1 nisso mais cria\u00e7\u00e3o do que no pintar, no escrever um livro, no subir em um palco e fazer papel de macaco. H\u00e1 maior \u2014 se posso usar esta palavra \u2014excita\u00e7\u00e3o, um senso de maior&#8230;<\/span><span data-ccp-props=\"{&quot;201341983&quot;:0,&quot;335559739&quot;:160,&quot;335559740&quot;:276}\">\u00a0<\/span><\/p>\t\t\t\t\t\t\t\t<\/div>\n\t\t\t\t<\/div>\n\t\t\t\t\t<\/div>\n\t\t<\/div>\n\t\t\t\t\t<\/div>\n\t\t<\/section>\n\t\t\t\t<\/div>\n\t\t","protected":false},"excerpt":{"rendered":"<p>Trecho da palestra em Alpino 04\/07\/1933 Sabem, a maioria de n\u00f3s quer adquirir sabedoria ou verdade por meio de outra pessoa, atrav\u00e9s de alguma ag\u00eancia externa. Ningu\u00e9m pode convert\u00ea-lo num artista; somente voc\u00ea pr\u00f3prio pode faz\u00ea-lo. \u00c9 isso que quero dizer: eu posso dar-lhe tintas, pinc\u00e9is e telas, mas voc\u00ea mesmo ter\u00e1 que se tornar [&hellip;]<\/p>\n","protected":false},"author":1,"featured_media":0,"parent":0,"menu_order":0,"comment_status":"closed","ping_status":"closed","template":"","meta":{"footnotes":""},"class_list":["post-3489","page","type-page","status-publish","hentry","entry"],"_links":{"self":[{"href":"https:\/\/krishnamurtitextos.com.br\/index.php?rest_route=\/wp\/v2\/pages\/3489","targetHints":{"allow":["GET"]}}],"collection":[{"href":"https:\/\/krishnamurtitextos.com.br\/index.php?rest_route=\/wp\/v2\/pages"}],"about":[{"href":"https:\/\/krishnamurtitextos.com.br\/index.php?rest_route=\/wp\/v2\/types\/page"}],"author":[{"embeddable":true,"href":"https:\/\/krishnamurtitextos.com.br\/index.php?rest_route=\/wp\/v2\/users\/1"}],"replies":[{"embeddable":true,"href":"https:\/\/krishnamurtitextos.com.br\/index.php?rest_route=%2Fwp%2Fv2%2Fcomments&post=3489"}],"version-history":[{"count":4,"href":"https:\/\/krishnamurtitextos.com.br\/index.php?rest_route=\/wp\/v2\/pages\/3489\/revisions"}],"predecessor-version":[{"id":3497,"href":"https:\/\/krishnamurtitextos.com.br\/index.php?rest_route=\/wp\/v2\/pages\/3489\/revisions\/3497"}],"wp:attachment":[{"href":"https:\/\/krishnamurtitextos.com.br\/index.php?rest_route=%2Fwp%2Fv2%2Fmedia&parent=3489"}],"curies":[{"name":"wp","href":"https:\/\/api.w.org\/{rel}","templated":true}]}}