{"id":3478,"date":"2023-05-07T19:11:05","date_gmt":"2023-05-07T19:11:05","guid":{"rendered":"https:\/\/krishnamurtitextos.com.br\/?page_id=3478"},"modified":"2023-05-07T19:13:04","modified_gmt":"2023-05-07T19:13:04","slug":"acao","status":"publish","type":"page","link":"https:\/\/krishnamurtitextos.com.br\/?page_id=3478","title":{"rendered":"A\u00e7\u00e3o"},"content":{"rendered":"\t\t<div data-elementor-type=\"wp-page\" data-elementor-id=\"3478\" class=\"elementor elementor-3478\">\n\t\t\t\t\t\t<section class=\"elementor-section elementor-top-section elementor-element elementor-element-f1bb587 elementor-section-boxed elementor-section-height-default elementor-section-height-default\" data-id=\"f1bb587\" data-element_type=\"section\" data-e-type=\"section\">\n\t\t\t\t\t\t<div class=\"elementor-container elementor-column-gap-default\">\n\t\t\t\t\t<div class=\"elementor-column elementor-col-100 elementor-top-column elementor-element elementor-element-255bb8e\" data-id=\"255bb8e\" data-element_type=\"column\" data-e-type=\"column\">\n\t\t\t<div class=\"elementor-widget-wrap elementor-element-populated\">\n\t\t\t\t\t\t<div class=\"elementor-element elementor-element-0e60d33 elementor-widget elementor-widget-text-editor\" data-id=\"0e60d33\" data-element_type=\"widget\" data-e-type=\"widget\" data-widget_type=\"text-editor.default\">\n\t\t\t\t<div class=\"elementor-widget-container\">\n\t\t\t\t\t\t\t\t\t<p style=\"text-align: center;\"><strong><span class=\"NormalTextRun SCXW196632309 BCX0\">Trecho da palestra no Rio de Janeiro <\/span><span class=\"NormalTextRun SCXW196632309 BCX0\">em\u00a018<\/span><span class=\"NormalTextRun SCXW196632309 BCX0\">\/05\/1935<\/span><\/strong><\/p><p><span class=\"TextRun SCXW148302369 BCX0\" lang=\"PT-BR\" xml:lang=\"PT-BR\" data-contrast=\"none\"><span class=\"NormalTextRun SCXW148302369 BCX0\">A a\u00e7\u00e3o \u00e9 aquele movimento desimpedido da intelig\u00eancia, desimpedido pelo medo, pela compuls\u00e3o, pelo conflito da escolha <\/span><span class=\"NormalTextRun SCXW148302369 BCX0\">auto protetora<\/span><span class=\"NormalTextRun SCXW148302369 BCX0\">.\u00a0Essa a\u00e7\u00e3o pura \u00e9 a pr\u00f3pria express\u00e3o da pr\u00f3pria vida.\u00a0Ora, esta n\u00e3o \u00e9 uma resposta filos\u00f3fica para ser tratada apenas como uma teoria, impratic\u00e1vel na vida cotidiana.\u00a0Estamos preocupados com a a\u00e7\u00e3o a cada momento do dia;\u00a0e conheceremos o \u00eaxtase dessa a\u00e7\u00e3o desimpedida quando a mente estiver se renovando por meio da satisfa\u00e7\u00e3o.\u00a0Compreenderemos todo o significado da a\u00e7\u00e3o quando o pensamento estiver livre e desimpedido.\u00a0Isto \u00e9, quando voc\u00ea perfurou as falsas ilus\u00f5es, os falsos valores que voc\u00ea criou, que se tornaram seu ambiente.\u00a0seu fardo, ent\u00e3o existe o fluxo da realidade, da vida, que \u00e9 a pr\u00f3pria a\u00e7\u00e3o.\u00a0Voc\u00ea tem que individualmente come\u00e7ar a discernir o significado da gan\u00e2ncia sobre a qual toda a nossa estrutura de pensamento e a\u00e7\u00e3o se baseia.\u00a0Ao desvencilhar-se dele, surge o sofrimento apenas quando n\u00e3o h\u00e1 compreens\u00e3o, apenas quando h\u00e1 compuls\u00e3o.\u00a0Mas para realizar o \u00eaxtase dessa a\u00e7\u00e3o desimpedida, o pensamento deve libertar-se dos moldes dos ideais, despertando aquela incerteza \u00fanica, a incerteza da n\u00e3o acumula\u00e7\u00e3o.\u00a0Quando a mente \u00e9 capaz de discernimento sem conflito de escolha, ent\u00e3o h\u00e1 o \u00eaxtase da a\u00e7\u00e3o.\u00a0despertando aquela incerteza \u00fanica, a incerteza da n\u00e3o acumula\u00e7\u00e3o.\u00a0Quando a mente \u00e9 capaz de discernimento sem conflito de escolha, ent\u00e3o h\u00e1 o \u00eaxtase da a\u00e7\u00e3o.\u00a0despertando aquela incerteza \u00fanica, a incerteza da n\u00e3o acumula\u00e7\u00e3o.\u00a0Quando a mente \u00e9 capaz de discernimento sem conflito de escolha, ent\u00e3o h\u00e1 o \u00eaxtase da a\u00e7\u00e3o.<\/span><\/span><span class=\"EOP SCXW148302369 BCX0\" data-ccp-props=\"{&quot;201341983&quot;:0,&quot;335551550&quot;:6,&quot;335551620&quot;:6,&quot;335559685&quot;:-993,&quot;335559737&quot;:-852,&quot;335559739&quot;:160,&quot;335559740&quot;:259}\">\u00a0<\/span><\/p>\t\t\t\t\t\t\t\t<\/div>\n\t\t\t\t<\/div>\n\t\t\t\t\t<\/div>\n\t\t<\/div>\n\t\t\t\t\t<\/div>\n\t\t<\/section>\n\t\t\t\t<\/div>\n\t\t","protected":false},"excerpt":{"rendered":"<p>Trecho da palestra no Rio de Janeiro em\u00a018\/05\/1935 A a\u00e7\u00e3o \u00e9 aquele movimento desimpedido da intelig\u00eancia, desimpedido pelo medo, pela compuls\u00e3o, pelo conflito da escolha auto protetora.\u00a0Essa a\u00e7\u00e3o pura \u00e9 a pr\u00f3pria express\u00e3o da pr\u00f3pria vida.\u00a0Ora, esta n\u00e3o \u00e9 uma resposta filos\u00f3fica para ser tratada apenas como uma teoria, impratic\u00e1vel na vida cotidiana.\u00a0Estamos preocupados com [&hellip;]<\/p>\n","protected":false},"author":1,"featured_media":0,"parent":0,"menu_order":0,"comment_status":"closed","ping_status":"closed","template":"","meta":{"footnotes":""},"class_list":["post-3478","page","type-page","status-publish","hentry","entry"],"_links":{"self":[{"href":"https:\/\/krishnamurtitextos.com.br\/index.php?rest_route=\/wp\/v2\/pages\/3478","targetHints":{"allow":["GET"]}}],"collection":[{"href":"https:\/\/krishnamurtitextos.com.br\/index.php?rest_route=\/wp\/v2\/pages"}],"about":[{"href":"https:\/\/krishnamurtitextos.com.br\/index.php?rest_route=\/wp\/v2\/types\/page"}],"author":[{"embeddable":true,"href":"https:\/\/krishnamurtitextos.com.br\/index.php?rest_route=\/wp\/v2\/users\/1"}],"replies":[{"embeddable":true,"href":"https:\/\/krishnamurtitextos.com.br\/index.php?rest_route=%2Fwp%2Fv2%2Fcomments&post=3478"}],"version-history":[{"count":4,"href":"https:\/\/krishnamurtitextos.com.br\/index.php?rest_route=\/wp\/v2\/pages\/3478\/revisions"}],"predecessor-version":[{"id":3485,"href":"https:\/\/krishnamurtitextos.com.br\/index.php?rest_route=\/wp\/v2\/pages\/3478\/revisions\/3485"}],"wp:attachment":[{"href":"https:\/\/krishnamurtitextos.com.br\/index.php?rest_route=%2Fwp%2Fv2%2Fmedia&parent=3478"}],"curies":[{"name":"wp","href":"https:\/\/api.w.org\/{rel}","templated":true}]}}