{"id":3470,"date":"2023-05-07T19:05:46","date_gmt":"2023-05-07T19:05:46","guid":{"rendered":"https:\/\/krishnamurtitextos.com.br\/?page_id=3470"},"modified":"2023-05-07T19:07:04","modified_gmt":"2023-05-07T19:07:04","slug":"abandono-renuncia","status":"publish","type":"page","link":"https:\/\/krishnamurtitextos.com.br\/?page_id=3470","title":{"rendered":"Abandono\/Ren\u00fancia"},"content":{"rendered":"\t\t<div data-elementor-type=\"wp-page\" data-elementor-id=\"3470\" class=\"elementor elementor-3470\">\n\t\t\t\t\t\t<section class=\"elementor-section elementor-top-section elementor-element elementor-element-1ea5be8 elementor-section-boxed elementor-section-height-default elementor-section-height-default\" data-id=\"1ea5be8\" data-element_type=\"section\" data-e-type=\"section\">\n\t\t\t\t\t\t<div class=\"elementor-container elementor-column-gap-default\">\n\t\t\t\t\t<div class=\"elementor-column elementor-col-100 elementor-top-column elementor-element elementor-element-b7e9e2d\" data-id=\"b7e9e2d\" data-element_type=\"column\" data-e-type=\"column\">\n\t\t\t<div class=\"elementor-widget-wrap elementor-element-populated\">\n\t\t\t\t\t\t<div class=\"elementor-element elementor-element-e46abde elementor-widget elementor-widget-text-editor\" data-id=\"e46abde\" data-element_type=\"widget\" data-e-type=\"widget\" data-widget_type=\"text-editor.default\">\n\t\t\t\t<div class=\"elementor-widget-container\">\n\t\t\t\t\t\t\t\t\t<p style=\"text-align: center;\"><strong><span class=\"NormalTextRun SCXW132789974 BCX0\" data-ccp-charstyle=\"Emphasis\">O livro da vida<\/span><\/strong><\/p><p><span class=\"TextRun SCXW141168354 BCX0\" lang=\"PT-BR\" xml:lang=\"PT-BR\" data-contrast=\"auto\"><span class=\"NormalTextRun SCXW141168354 BCX0\" data-ccp-parastyle=\"Normal (Web)\">Talvez voc\u00ea nunca tenha experimentado aquele estado de mente em que h\u00e1 total ren\u00fancia de todas as coisas, um completo deixar. E voc\u00ea n\u00e3o pode renunciar a tudo sem profunda paix\u00e3o, pode? Voc\u00ea n\u00e3o pode renunciar a tudo intelectualmente ou emocionalmente. Existe ren\u00fancia total, certamente, apenas quando existe intensa paix\u00e3o. N\u00e3o fique alarmado com essa palavra porque um homem que n\u00e3o \u00e9 apaixonado, que n\u00e3o \u00e9 intenso, nunca pode compreender ou sentir a qualidade da beleza. A mente que guarda alguma coisa de reserva, a mente que tem um interesse investido, a mente que se prende \u00e0 posi\u00e7\u00e3o, poder, prest\u00edgio, a mente que \u00e9 respeit\u00e1vel, o que \u00e9 um horror; tal mente nunca pode renunciar a si mesma.<\/span><\/span><span class=\"EOP SCXW141168354 BCX0\" data-ccp-props=\"{&quot;134233117&quot;:true,&quot;134233118&quot;:true,&quot;201341983&quot;:0,&quot;335551550&quot;:6,&quot;335551620&quot;:6,&quot;335559740&quot;:240}\">\u00a0<\/span><\/p>\t\t\t\t\t\t\t\t<\/div>\n\t\t\t\t<\/div>\n\t\t\t\t\t<\/div>\n\t\t<\/div>\n\t\t\t\t\t<\/div>\n\t\t<\/section>\n\t\t\t\t<\/div>\n\t\t","protected":false},"excerpt":{"rendered":"<p>O livro da vida Talvez voc\u00ea nunca tenha experimentado aquele estado de mente em que h\u00e1 total ren\u00fancia de todas as coisas, um completo deixar. E voc\u00ea n\u00e3o pode renunciar a tudo sem profunda paix\u00e3o, pode? Voc\u00ea n\u00e3o pode renunciar a tudo intelectualmente ou emocionalmente. Existe ren\u00fancia total, certamente, apenas quando existe intensa paix\u00e3o. N\u00e3o [&hellip;]<\/p>\n","protected":false},"author":1,"featured_media":0,"parent":0,"menu_order":0,"comment_status":"closed","ping_status":"closed","template":"","meta":{"footnotes":""},"class_list":["post-3470","page","type-page","status-publish","hentry","entry"],"_links":{"self":[{"href":"https:\/\/krishnamurtitextos.com.br\/index.php?rest_route=\/wp\/v2\/pages\/3470","targetHints":{"allow":["GET"]}}],"collection":[{"href":"https:\/\/krishnamurtitextos.com.br\/index.php?rest_route=\/wp\/v2\/pages"}],"about":[{"href":"https:\/\/krishnamurtitextos.com.br\/index.php?rest_route=\/wp\/v2\/types\/page"}],"author":[{"embeddable":true,"href":"https:\/\/krishnamurtitextos.com.br\/index.php?rest_route=\/wp\/v2\/users\/1"}],"replies":[{"embeddable":true,"href":"https:\/\/krishnamurtitextos.com.br\/index.php?rest_route=%2Fwp%2Fv2%2Fcomments&post=3470"}],"version-history":[{"count":4,"href":"https:\/\/krishnamurtitextos.com.br\/index.php?rest_route=\/wp\/v2\/pages\/3470\/revisions"}],"predecessor-version":[{"id":3477,"href":"https:\/\/krishnamurtitextos.com.br\/index.php?rest_route=\/wp\/v2\/pages\/3470\/revisions\/3477"}],"wp:attachment":[{"href":"https:\/\/krishnamurtitextos.com.br\/index.php?rest_route=%2Fwp%2Fv2%2Fmedia&parent=3470"}],"curies":[{"name":"wp","href":"https:\/\/api.w.org\/{rel}","templated":true}]}}