{"id":3459,"date":"2023-05-07T19:00:46","date_gmt":"2023-05-07T19:00:46","guid":{"rendered":"https:\/\/krishnamurtitextos.com.br\/?page_id=3459"},"modified":"2023-05-07T19:03:58","modified_gmt":"2023-05-07T19:03:58","slug":"vida-religiosa","status":"publish","type":"page","link":"https:\/\/krishnamurtitextos.com.br\/?page_id=3459","title":{"rendered":"Vida religiosa"},"content":{"rendered":"\t\t<div data-elementor-type=\"wp-page\" data-elementor-id=\"3459\" class=\"elementor elementor-3459\">\n\t\t\t\t\t\t<section class=\"elementor-section elementor-top-section elementor-element elementor-element-6cc7194 elementor-section-boxed elementor-section-height-default elementor-section-height-default\" data-id=\"6cc7194\" data-element_type=\"section\" data-e-type=\"section\">\n\t\t\t\t\t\t<div class=\"elementor-container elementor-column-gap-default\">\n\t\t\t\t\t<div class=\"elementor-column elementor-col-100 elementor-top-column elementor-element elementor-element-b1d9c29\" data-id=\"b1d9c29\" data-element_type=\"column\" data-e-type=\"column\">\n\t\t\t<div class=\"elementor-widget-wrap elementor-element-populated\">\n\t\t\t\t\t\t<div class=\"elementor-element elementor-element-59cba2a elementor-widget elementor-widget-text-editor\" data-id=\"59cba2a\" data-element_type=\"widget\" data-e-type=\"widget\" data-widget_type=\"text-editor.default\">\n\t\t\t\t<div class=\"elementor-widget-container\">\n\t\t\t\t\t\t\t\t\t<p style=\"text-align: center;\"><strong><span class=\"TextRun SCXW6691098 BCX0\" lang=\"PT-BR\" xml:lang=\"PT-BR\" data-contrast=\"auto\"><span class=\"NormalTextRun SCXW6691098 BCX0\" data-ccp-charstyle=\"Strong\">Krishnamurti <\/span><span class=\"NormalTextRun SCXW6691098 BCX0\" data-ccp-charstyle=\"Strong\">em<\/span> <span class=\"NormalTextRun SpellingErrorV2Themed SCXW6691098 BCX0\" data-ccp-charstyle=\"Strong\">Rajghat<\/span><\/span><span class=\"EOP SCXW6691098 BCX0\" data-ccp-props=\"{&quot;134233117&quot;:true,&quot;134233118&quot;:true,&quot;201341983&quot;:0,&quot;335559685&quot;:-851,&quot;335559740&quot;:240}\">\u00a0<\/span><\/strong><\/p><p><span class=\"TextRun SCXW134647028 BCX0\" lang=\"PT-BR\" xml:lang=\"PT-BR\" data-contrast=\"auto\"><span class=\"NormalTextRun SCXW134647028 BCX0\" data-ccp-parastyle=\"Normal (Web)\">Ent\u00e3o, qual \u00e9 a causa b\u00e1sica desta corrup\u00e7\u00e3o, esta degenera\u00e7\u00e3o, esta hipocrisia, a vida n\u00e3o-religiosa? Todas as suas coisas, todas as guirlandas e tudo o que colocam \u00e0 sua volta n\u00e3o \u00e9 vida religiosa. Certo? Voc\u00ea est\u00e1 seguindo algu\u00e9m. Desculpem-me, porque est\u00e3o todos sentados \u00e0 minha frente, n\u00e3o posso fazer nada. N\u00e3o ria senhor, \u00e9 demasiado s\u00e9rio. Esta n\u00e3o \u00e9 uma vida religiosa. Uma vida religiosa implica uma vida em que h\u00e1 harmonia completa nas suas a\u00e7\u00f5es quotidianas, na sua vida quotidiana. Vamos aprofundar isto se tivermos tempo mais adiante. Mas todos os tempos, todos os gurus, todo o circo que acontece em nome da religi\u00e3o, n\u00e3o tem verdadeiramente qualquer significado. Se quiserem discutir isto vamos faz\u00ea-lo. Mas ap\u00f3s a discuss\u00e3o, est\u00e3o dispostos a colocar tudo isso de lado? Ou voc\u00ea diz que essa \u00e9 a sua opini\u00e3o, a minha opini\u00e3o \u00e9 diferente \u2013 n\u00e3o estamos discutindo opini\u00f5es. Queremos descobrir a verdade da mat\u00e9ria e para descobrir a verdade da mat\u00e9ria, temos que ter um espelho que n\u00e3o distorce as suas rea\u00e7\u00f5es, um espelho que lhe diz a verdade do que voc\u00ea \u00e9 e que assim n\u00e3o lhe deixa escapar, isto \u00e9, enfrentar exatamente o que voc\u00ea \u00e9, e a partir da\u00ed mover-se, mudar, causar radicalmente uma transforma\u00e7\u00e3o. Mas se passamos o tempo a evitar, evitar, evitar, ent\u00e3o nunca nos enfrentamos a n\u00f3s pr\u00f3prios.<\/span><\/span><span class=\"EOP SCXW134647028 BCX0\" data-ccp-props=\"{&quot;134233117&quot;:true,&quot;134233118&quot;:true,&quot;201341983&quot;:0,&quot;335551550&quot;:6,&quot;335551620&quot;:6,&quot;335559685&quot;:-851,&quot;335559740&quot;:240}\">\u00a0<\/span><\/p><hr \/><p style=\"text-align: center;\"><strong><span class=\"NormalTextRun SCXW73031747 BCX0\" data-ccp-charstyle=\"Strong\">J. Krishnamurti \u2013 Nossa luz interior<\/span><\/strong><\/p><p><span data-contrast=\"none\">Compartilhamos isso juntos? Porque \u00e9 sua vida, n\u00e3o a minha vida. \u00c9 sua vida de dor, de trag\u00e9dia, de confus\u00e3o, culpa, recompensa, puni\u00e7\u00e3o. Tudo isso \u00e9 sua vida. Se voc\u00eas s\u00e3o s\u00e9rios tentaram desemaranhar tudo isso. Leram algum livro, ou seguiram um professor, ou escutaram algu\u00e9m, mas o problema permanece. Estes problemas existir\u00e3o enquanto a mente humana se mover dentro do campo da atividade do eu; essa atividade do eu tem de criar cada vez mais e mais problemas. Quando voc\u00ea observar, quando voc\u00ea se tornar extraordinariamente consciente desta atividade do eu, ent\u00e3o a mente se torna extraordinariamente tranquila, sensata, saud\u00e1vel, sagrada. E a partir deste sil\u00eancio nossa vida na atividade di\u00e1ria \u00e9 transformada.<\/span><span data-ccp-props=\"{&quot;134233117&quot;:false,&quot;134233118&quot;:false,&quot;201341983&quot;:2,&quot;335551550&quot;:6,&quot;335551620&quot;:6,&quot;335559738&quot;:0,&quot;335559739&quot;:240,&quot;335559740&quot;:360}\">\u00a0<\/span><\/p><p><span data-contrast=\"none\">Religi\u00e3o \u00e9 a cessa\u00e7\u00e3o do &#8220;eu&#8221; e a a\u00e7\u00e3o nascida desse sil\u00eancio. Essa vida \u00e9 uma vida sagrada cheia de significado.<\/span><span data-ccp-props=\"{&quot;134233117&quot;:false,&quot;134233118&quot;:false,&quot;201341983&quot;:2,&quot;335551550&quot;:6,&quot;335551620&quot;:6,&quot;335559738&quot;:0,&quot;335559739&quot;:240,&quot;335559740&quot;:360}\">\u00a0<\/span><\/p>\t\t\t\t\t\t\t\t<\/div>\n\t\t\t\t<\/div>\n\t\t\t\t\t<\/div>\n\t\t<\/div>\n\t\t\t\t\t<\/div>\n\t\t<\/section>\n\t\t\t\t<\/div>\n\t\t","protected":false},"excerpt":{"rendered":"<p>Krishnamurti em Rajghat\u00a0 Ent\u00e3o, qual \u00e9 a causa b\u00e1sica desta corrup\u00e7\u00e3o, esta degenera\u00e7\u00e3o, esta hipocrisia, a vida n\u00e3o-religiosa? Todas as suas coisas, todas as guirlandas e tudo o que colocam \u00e0 sua volta n\u00e3o \u00e9 vida religiosa. Certo? Voc\u00ea est\u00e1 seguindo algu\u00e9m. Desculpem-me, porque est\u00e3o todos sentados \u00e0 minha frente, n\u00e3o posso fazer nada. N\u00e3o [&hellip;]<\/p>\n","protected":false},"author":1,"featured_media":0,"parent":0,"menu_order":0,"comment_status":"closed","ping_status":"closed","template":"","meta":{"footnotes":""},"class_list":["post-3459","page","type-page","status-publish","hentry","entry"],"_links":{"self":[{"href":"https:\/\/krishnamurtitextos.com.br\/index.php?rest_route=\/wp\/v2\/pages\/3459","targetHints":{"allow":["GET"]}}],"collection":[{"href":"https:\/\/krishnamurtitextos.com.br\/index.php?rest_route=\/wp\/v2\/pages"}],"about":[{"href":"https:\/\/krishnamurtitextos.com.br\/index.php?rest_route=\/wp\/v2\/types\/page"}],"author":[{"embeddable":true,"href":"https:\/\/krishnamurtitextos.com.br\/index.php?rest_route=\/wp\/v2\/users\/1"}],"replies":[{"embeddable":true,"href":"https:\/\/krishnamurtitextos.com.br\/index.php?rest_route=%2Fwp%2Fv2%2Fcomments&post=3459"}],"version-history":[{"count":7,"href":"https:\/\/krishnamurtitextos.com.br\/index.php?rest_route=\/wp\/v2\/pages\/3459\/revisions"}],"predecessor-version":[{"id":3469,"href":"https:\/\/krishnamurtitextos.com.br\/index.php?rest_route=\/wp\/v2\/pages\/3459\/revisions\/3469"}],"wp:attachment":[{"href":"https:\/\/krishnamurtitextos.com.br\/index.php?rest_route=%2Fwp%2Fv2%2Fmedia&parent=3459"}],"curies":[{"name":"wp","href":"https:\/\/api.w.org\/{rel}","templated":true}]}}