{"id":3451,"date":"2023-05-07T17:57:25","date_gmt":"2023-05-07T17:57:25","guid":{"rendered":"https:\/\/krishnamurtitextos.com.br\/?page_id=3451"},"modified":"2023-05-07T18:00:45","modified_gmt":"2023-05-07T18:00:45","slug":"paz","status":"publish","type":"page","link":"https:\/\/krishnamurtitextos.com.br\/?page_id=3451","title":{"rendered":"Paz"},"content":{"rendered":"\t\t<div data-elementor-type=\"wp-page\" data-elementor-id=\"3451\" class=\"elementor elementor-3451\">\n\t\t\t\t\t\t<section class=\"elementor-section elementor-top-section elementor-element elementor-element-6675316 elementor-section-boxed elementor-section-height-default elementor-section-height-default\" data-id=\"6675316\" data-element_type=\"section\" data-e-type=\"section\">\n\t\t\t\t\t\t<div class=\"elementor-container elementor-column-gap-default\">\n\t\t\t\t\t<div class=\"elementor-column elementor-col-50 elementor-top-column elementor-element elementor-element-0090f96\" data-id=\"0090f96\" data-element_type=\"column\" data-e-type=\"column\">\n\t\t\t<div class=\"elementor-widget-wrap elementor-element-populated\">\n\t\t\t\t\t\t<div class=\"elementor-element elementor-element-dc37e6e elementor-widget elementor-widget-text-editor\" data-id=\"dc37e6e\" data-element_type=\"widget\" data-e-type=\"widget\" data-widget_type=\"text-editor.default\">\n\t\t\t\t<div class=\"elementor-widget-container\">\n\t\t\t\t\t\t\t\t\t<p style=\"text-align: center;\"><strong><span class=\"NormalTextRun SCXW31806057 BCX0\">The <\/span><span class=\"NormalTextRun SpellingErrorV2Themed SCXW31806057 BCX0\">First<\/span> <span class=\"NormalTextRun SpellingErrorV2Themed SCXW31806057 BCX0\">and<\/span> <span class=\"NormalTextRun SpellingErrorV2Themed SCXW31806057 BCX0\">Last<\/span> <span class=\"NormalTextRun SpellingErrorV2Themed SCXW31806057 BCX0\">Freedom<\/span><span class=\"NormalTextRun SCXW31806057 BCX0\">, pgs 184\/185<\/span><\/strong><\/p><p><span data-contrast=\"none\">Estamos dispostos a conversar sobre a paz, planejar legisla\u00e7\u00e3o, criar novas ligas, as Na\u00e7\u00f5es Unidas, etc, mas n\u00e3o estamos dispostos a ganhar a paz, porque n\u00e3o queremos deixar de lado a nossa posi\u00e7\u00e3o, nosso dinheiro, nossa propriedade, nossas vidas est\u00fapidas. Contar com os outros \u00e9 inteiramente f\u00fatil; eles n\u00e3o podem trazer-nos a paz.<\/span><span data-ccp-props=\"{&quot;201341983&quot;:1,&quot;335559739&quot;:160,&quot;335559740&quot;:300}\">\u00a0<\/span><\/p><p><span data-contrast=\"none\">Nenhum l\u00edder ir\u00e1 dar-nos a paz, nenhum governo, nenhum ex\u00e9rcito, nenhum pa\u00eds. O que trar\u00e1 a paz \u00e9 a transforma\u00e7\u00e3o interior, que levar\u00e1 \u00e0 a\u00e7\u00e3o exterior. S\u00f3 pode haver a\u00e7\u00e3o correta quando h\u00e1 pensar correto, quando h\u00e1 autoconhecimento. Se voc\u00ea n\u00e3o conhece a si mesmo, n\u00e3o h\u00e1 paz.<\/span><span data-ccp-props=\"{&quot;201341983&quot;:1,&quot;335559739&quot;:160,&quot;335559740&quot;:300}\">\u00a0<\/span><\/p><p><span data-contrast=\"none\">Se voc\u00ea compreender o sofrimento, se reconhecer a necessidade de a\u00e7\u00e3o imediata, inadi\u00e1vel, ent\u00e3o voc\u00ea ir\u00e1 se transformar. A paz s\u00f3 vir\u00e1 quando voc\u00ea for pac\u00edfico, quando voc\u00ea viver em paz com o seu pr\u00f3ximo.<\/span><span data-ccp-props=\"{&quot;201341983&quot;:1,&quot;335559739&quot;:160,&quot;335559740&quot;:300}\">\u00a0<\/span><\/p>\t\t\t\t\t\t\t\t<\/div>\n\t\t\t\t<\/div>\n\t\t\t\t\t<\/div>\n\t\t<\/div>\n\t\t\t\t<div class=\"elementor-column elementor-col-50 elementor-top-column elementor-element elementor-element-57e1ea4\" data-id=\"57e1ea4\" data-element_type=\"column\" data-e-type=\"column\">\n\t\t\t<div class=\"elementor-widget-wrap elementor-element-populated\">\n\t\t\t\t\t\t<div class=\"elementor-element elementor-element-47fc93d elementor-widget elementor-widget-text-editor\" data-id=\"47fc93d\" data-element_type=\"widget\" data-e-type=\"widget\" data-widget_type=\"text-editor.default\">\n\t\t\t\t<div class=\"elementor-widget-container\">\n\t\t\t\t\t\t\t\t\t<p style=\"text-align: center;\"><strong><span class=\"TextRun SCXW77436466 BCX0\" lang=\"PT-BR\" xml:lang=\"PT-BR\" data-contrast=\"none\"><span class=\"NormalTextRun SCXW77436466 BCX0\">Como Viver neste Mundo<\/span><\/span><\/strong><\/p><p><span data-contrast=\"none\">A maioria de n\u00f3s se acha em conflito, nos diferentes n\u00edveis da consci\u00eancia. N\u00e3o h\u00e1 um s\u00f3 ponto sem conflito, n\u00e3o h\u00e1 nenhum lugar que n\u00e3o seja um campo de batalha. Em todas as nossas rela\u00e7\u00f5es, seja com a pessoa mais \u00edntima, seja com o nosso pr\u00f3ximo, com a sociedade, encontramos o conflito \u2013 um estado de contradi\u00e7\u00e3o, de divis\u00e3o, separa\u00e7\u00e3o, dualidade, os opostos; tudo isso contribui para o conflito.<\/span><span data-ccp-props=\"{&quot;201341983&quot;:1,&quot;335559739&quot;:160,&quot;335559740&quot;:300}\">\u00a0<\/span><\/p><p><span data-contrast=\"none\">O fato real \u00e9 que existe, profundamente em todos n\u00f3s, a ess\u00eancia do conflito, expressando-se de tantas maneiras diferentes \u2013 pelo antagonismo, o \u00f3dio, o desejo de dominar, de possuir, de dirigir a vida dos outros. Existe alguma possibilidade de nos libertarmos totalmente dessa ess\u00eancia do conflito?<\/span><span data-ccp-props=\"{&quot;201341983&quot;:1,&quot;335559739&quot;:160,&quot;335559740&quot;:300}\">\u00a0<\/span><\/p><p><span data-contrast=\"none\">Ao investigar esta quest\u00e3o devemos, em primeiro lugar, ver se alguma organiza\u00e7\u00e3o externa pode nos ajudar a promover a paz exterior.<\/span><span data-ccp-props=\"{&quot;201341983&quot;:1,&quot;335559739&quot;:160,&quot;335559740&quot;:300}\">\u00a0<\/span><\/p><p><span data-contrast=\"none\">O conflito vai cessar se, externamente, somos obrigados a viver em paz com n\u00f3s mesmos e o pr\u00f3ximo? Se formos compelidos por uma \u201clavagem cerebral\u201d, se formos for\u00e7ados; ou se, interiormente, tentamos viver de acordo com princ\u00edpios e ideologias ditadas pela autoridade; se nos esfor\u00e7amos, lutamos e tentamos constantemente nos ajustarmos? Tudo o homem tem tentado \u2013 obedi\u00eancia, revolta, ajustamento, observ\u00e2ncia de certas diretrizes \u2013 para viver em paz, interiormente, livre de todo conflito.<\/span><span data-ccp-props=\"{&quot;201341983&quot;:1,&quot;335559739&quot;:160,&quot;335559740&quot;:300}\">\u00a0<\/span><\/p>\t\t\t\t\t\t\t\t<\/div>\n\t\t\t\t<\/div>\n\t\t\t\t\t<\/div>\n\t\t<\/div>\n\t\t\t\t\t<\/div>\n\t\t<\/section>\n\t\t\t\t<\/div>\n\t\t","protected":false},"excerpt":{"rendered":"<p>The First and Last Freedom, pgs 184\/185 Estamos dispostos a conversar sobre a paz, planejar legisla\u00e7\u00e3o, criar novas ligas, as Na\u00e7\u00f5es Unidas, etc, mas n\u00e3o estamos dispostos a ganhar a paz, porque n\u00e3o queremos deixar de lado a nossa posi\u00e7\u00e3o, nosso dinheiro, nossa propriedade, nossas vidas est\u00fapidas. Contar com os outros \u00e9 inteiramente f\u00fatil; eles [&hellip;]<\/p>\n","protected":false},"author":1,"featured_media":0,"parent":0,"menu_order":0,"comment_status":"closed","ping_status":"closed","template":"","meta":{"footnotes":""},"class_list":["post-3451","page","type-page","status-publish","hentry","entry"],"_links":{"self":[{"href":"https:\/\/krishnamurtitextos.com.br\/index.php?rest_route=\/wp\/v2\/pages\/3451","targetHints":{"allow":["GET"]}}],"collection":[{"href":"https:\/\/krishnamurtitextos.com.br\/index.php?rest_route=\/wp\/v2\/pages"}],"about":[{"href":"https:\/\/krishnamurtitextos.com.br\/index.php?rest_route=\/wp\/v2\/types\/page"}],"author":[{"embeddable":true,"href":"https:\/\/krishnamurtitextos.com.br\/index.php?rest_route=\/wp\/v2\/users\/1"}],"replies":[{"embeddable":true,"href":"https:\/\/krishnamurtitextos.com.br\/index.php?rest_route=%2Fwp%2Fv2%2Fcomments&post=3451"}],"version-history":[{"count":4,"href":"https:\/\/krishnamurtitextos.com.br\/index.php?rest_route=\/wp\/v2\/pages\/3451\/revisions"}],"predecessor-version":[{"id":3458,"href":"https:\/\/krishnamurtitextos.com.br\/index.php?rest_route=\/wp\/v2\/pages\/3451\/revisions\/3458"}],"wp:attachment":[{"href":"https:\/\/krishnamurtitextos.com.br\/index.php?rest_route=%2Fwp%2Fv2%2Fmedia&parent=3451"}],"curies":[{"name":"wp","href":"https:\/\/api.w.org\/{rel}","templated":true}]}}