{"id":3017,"date":"2022-12-28T17:35:43","date_gmt":"2022-12-28T17:35:43","guid":{"rendered":"https:\/\/krishnamurtitextos.com.br\/?page_id=3017"},"modified":"2022-12-28T17:38:14","modified_gmt":"2022-12-28T17:38:14","slug":"identificacao","status":"publish","type":"page","link":"https:\/\/krishnamurtitextos.com.br\/?page_id=3017","title":{"rendered":"Identifica\u00e7\u00e3o"},"content":{"rendered":"\t\t<div data-elementor-type=\"wp-page\" data-elementor-id=\"3017\" class=\"elementor elementor-3017\">\n\t\t\t\t\t\t<section class=\"elementor-section elementor-top-section elementor-element elementor-element-700b123 elementor-section-boxed elementor-section-height-default elementor-section-height-default\" data-id=\"700b123\" data-element_type=\"section\" data-e-type=\"section\">\n\t\t\t\t\t\t<div class=\"elementor-container elementor-column-gap-default\">\n\t\t\t\t\t<div class=\"elementor-column elementor-col-100 elementor-top-column elementor-element elementor-element-b01ceeb\" data-id=\"b01ceeb\" data-element_type=\"column\" data-e-type=\"column\">\n\t\t\t<div class=\"elementor-widget-wrap elementor-element-populated\">\n\t\t\t\t\t\t<div class=\"elementor-element elementor-element-285769c elementor-widget elementor-widget-text-editor\" data-id=\"285769c\" data-element_type=\"widget\" data-e-type=\"widget\" data-widget_type=\"text-editor.default\">\n\t\t\t\t<div class=\"elementor-widget-container\">\n\t\t\t\t\t\t\t\t\t<p style=\"text-align: center;\"><i><span data-contrast=\"none\">trechos do livro \u201cPalestras com Estudantes Americanos\u201d<\/span><\/i><span data-ccp-props=\"{&quot;201341983&quot;:0,&quot;335551550&quot;:6,&quot;335551620&quot;:6,&quot;335559739&quot;:160,&quot;335559740&quot;:259}\">\u00a0<\/span><\/p><p><span data-contrast=\"none\">Eu me pergunto o que queremos dizer com essa palavra identificar? Identificar-se com algo; isto \u00e9, identificar-me com a \u00cdndia, com as coisas que acontecem na \u00cdndia, a pobreza, a corrup\u00e7\u00e3o e o desgoverno, o estado terr\u00edvel desse pa\u00eds pobre, identificar-me com isso, como voc\u00ea se identifica com este pa\u00eds ou com o cristianismo ou com o que for. Por que queremos, antes de tudo, nos identificar com alguma coisa? \u00c9 muito importante discutir isso. Por que queremos nos identificar com \u2018minha mulher\u2019, \u2018minha casa\u2019, \u2018meu pa\u00eds\u2019, \u2018meu Deus\u2019, com qualquer coisa? Por qu\u00ea?<\/span><span data-ccp-props=\"{&quot;201341983&quot;:0,&quot;335551550&quot;:6,&quot;335551620&quot;:6,&quot;335559739&quot;:160,&quot;335559740&quot;:259}\">\u00a0<\/span><\/p><p><span data-contrast=\"none\">Em primeiro lugar, por que eu quero me identificar com alguma coisa? Se eu n\u00e3o me identifico com meu pa\u00eds, o que acontece? Estou meio perdido, n\u00e3o estou? Sinto-me s\u00f3, sinto-me um estranho, tenho muito medo, fico de fora, posso perder o meu emprego. Por isso identifico-me com o meu pa\u00eds, que me d\u00e1 certa vitalidade, certas formas de resist\u00eancia e sinto que perten\u00e7o ao rebanho. Estar sozinho \u00e9 muito dif\u00edcil porque traz muitos problemas. Agora, esse \u00e9 o processo de identifica\u00e7\u00e3o com algo externo, que \u00e9 realmente a a\u00e7\u00e3o interna de se identificar com algo para estar seguro. Essa seguran\u00e7a lhe d\u00e1 certa satisfa\u00e7\u00e3o.<\/span><span data-ccp-props=\"{&quot;201341983&quot;:0,&quot;335551550&quot;:6,&quot;335551620&quot;:6,&quot;335559739&quot;:160,&quot;335559740&quot;:259}\">\u00a0<\/span><\/p><p><span data-contrast=\"none\">Agora, quando observo aquela \u00e1rvore, \u00e9 uma identifica\u00e7\u00e3o com aquela \u00e1rvore? Eu n\u00e3o sou aquela \u00e1rvore, obviamente, isso seria muito est\u00fapido. Eu n\u00e3o sou aquele porco que est\u00e1 passando. Observo, olho, e o espa\u00e7o entre o observador e a coisa observada desaparece e vejo a coisa muito mais intimamente, vejo-a mais, com maior energia, vitalidade e intensidade. Isso n\u00e3o significa que eu me identifico com ela.<\/span><span data-ccp-props=\"{&quot;201341983&quot;:0,&quot;335551550&quot;:6,&quot;335551620&quot;:6,&quot;335559739&quot;:160,&quot;335559740&quot;:259}\">\u00a0<\/span><\/p><p><span data-contrast=\"none\">Considere isso por si mesmo por um minuto, voc\u00ea ver\u00e1. Entre nisso por si mesmo. Quando digo a mim mesmo: \u2018Esta \u00e9 a minha casa\u2019, eu me identifiquei com aquela casa. \u00c9 minha casa; legalmente eu o possuo. Mas por que lhe dou essa insist\u00eancia identificadora? Essa \u00e9 a minha casa. Quando digo que \u00e9 a minha casa, a casa \u00e9 mais importante do que eu. Os m\u00f3veis da casa s\u00e3o meus m\u00f3veis. A mob\u00edlia \u00e9 muito mais importante do que eu. Assim, todas as posses s\u00e3o muito mais importantes do que o possuidor. E isto \u00e9 o que n\u00f3s somos. \u00c9 meu cavalo e o homem que o monta \u00e9 menor que o pr\u00f3prio cavalo, tanto em estatura quanto em dignidade. N\u00e3o sei se voc\u00ea observou tudo isso \u2014 voc\u00ea deve ter observado.<\/span><span data-ccp-props=\"{&quot;201341983&quot;:0,&quot;335551550&quot;:6,&quot;335551620&quot;:6,&quot;335559739&quot;:160,&quot;335559740&quot;:259}\">\u00a0<\/span><\/p><p><span data-contrast=\"none\">N\u00e3o, n\u00e3o. Olhe um pouco mais. Acabei de dizer, quando voc\u00ea possui algo, que \u00e9 uma forma de identifica\u00e7\u00e3o, a coisa que voc\u00ea possui se torna muito mais importante. N\u00e3o? Ent\u00e3o me diga, por favor. Posso estar errado, senhora. Quando nos identificamos com a bondade, que ele pode ter ou ela pode ter, essa identifica\u00e7\u00e3o \u00e9 o reconhecimento da minha falta dela e eu a quero. \u00c9 isso? Ent\u00e3o por que n\u00e3o me identifico com ela quando ela me incomoda? Voc\u00ea se identifica com algo que chama de bom e n\u00e3o se identifica com o que chama de ruim.<\/span><span data-ccp-props=\"{&quot;201341983&quot;:0,&quot;335551550&quot;:6,&quot;335551620&quot;:6,&quot;335559739&quot;:160,&quot;335559740&quot;:259}\">\u00a0<\/span><\/p><p><span data-contrast=\"none\">Senhor, olhe, tudo isso implica falta de liberdade, n\u00e3o \u00e9? \u2018Minha fam\u00edlia\u2019, \u2018minha casa\u2019, \u2018meu pa\u00eds\u2019, \u2018meu Deus\u2019, \u2018minha cren\u00e7a\u2019 \u2013 obviamente me identificar com algo \u00e9 a condi\u00e7\u00e3o de prisioneiro, n\u00e3o te d\u00e1 liberdade para olhar. Quando o russo se identifica com seu governo, ele n\u00e3o pode olhar para o que esse governo est\u00e1 fazendo na Tchecoslov\u00e1quia. Se me identifico com minha esposa n\u00e3o posso ver o que ela \u00e9. O que significa que n\u00e3o sou livre. N\u00e3o se trata de n\u00e3o estar livre dela, mas de n\u00e3o haver em mim nenhum estado de liberdade.<\/span><span data-ccp-props=\"{&quot;201341983&quot;:0,&quot;335551550&quot;:6,&quot;335551620&quot;:6,&quot;335559739&quot;:160,&quot;335559740&quot;:259}\">\u00a0<\/span><\/p>\t\t\t\t\t\t\t\t<\/div>\n\t\t\t\t<\/div>\n\t\t\t\t\t<\/div>\n\t\t<\/div>\n\t\t\t\t\t<\/div>\n\t\t<\/section>\n\t\t\t\t<\/div>\n\t\t","protected":false},"excerpt":{"rendered":"<p>trechos do livro \u201cPalestras com Estudantes Americanos\u201d\u00a0 Eu me pergunto o que queremos dizer com essa palavra identificar? Identificar-se com algo; isto \u00e9, identificar-me com a \u00cdndia, com as coisas que acontecem na \u00cdndia, a pobreza, a corrup\u00e7\u00e3o e o desgoverno, o estado terr\u00edvel desse pa\u00eds pobre, identificar-me com isso, como voc\u00ea se identifica com [&hellip;]<\/p>\n","protected":false},"author":1,"featured_media":0,"parent":0,"menu_order":0,"comment_status":"closed","ping_status":"closed","template":"elementor_canvas","meta":{"footnotes":""},"class_list":["post-3017","page","type-page","status-publish","hentry","entry"],"_links":{"self":[{"href":"https:\/\/krishnamurtitextos.com.br\/index.php?rest_route=\/wp\/v2\/pages\/3017","targetHints":{"allow":["GET"]}}],"collection":[{"href":"https:\/\/krishnamurtitextos.com.br\/index.php?rest_route=\/wp\/v2\/pages"}],"about":[{"href":"https:\/\/krishnamurtitextos.com.br\/index.php?rest_route=\/wp\/v2\/types\/page"}],"author":[{"embeddable":true,"href":"https:\/\/krishnamurtitextos.com.br\/index.php?rest_route=\/wp\/v2\/users\/1"}],"replies":[{"embeddable":true,"href":"https:\/\/krishnamurtitextos.com.br\/index.php?rest_route=%2Fwp%2Fv2%2Fcomments&post=3017"}],"version-history":[{"count":4,"href":"https:\/\/krishnamurtitextos.com.br\/index.php?rest_route=\/wp\/v2\/pages\/3017\/revisions"}],"predecessor-version":[{"id":3025,"href":"https:\/\/krishnamurtitextos.com.br\/index.php?rest_route=\/wp\/v2\/pages\/3017\/revisions\/3025"}],"wp:attachment":[{"href":"https:\/\/krishnamurtitextos.com.br\/index.php?rest_route=%2Fwp%2Fv2%2Fmedia&parent=3017"}],"curies":[{"name":"wp","href":"https:\/\/api.w.org\/{rel}","templated":true}]}}