{"id":2566,"date":"2022-12-20T16:12:04","date_gmt":"2022-12-20T16:12:04","guid":{"rendered":"https:\/\/krishnamurtitextos.com.br\/?page_id=2566"},"modified":"2022-12-30T20:02:03","modified_gmt":"2022-12-30T20:02:03","slug":"a-mudanca-na-sociedade","status":"publish","type":"page","link":"https:\/\/krishnamurtitextos.com.br\/?page_id=2566","title":{"rendered":"A mudan\u00e7a na sociedade"},"content":{"rendered":"\t\t<div data-elementor-type=\"wp-page\" data-elementor-id=\"2566\" class=\"elementor elementor-2566\">\n\t\t\t\t\t\t<section class=\"elementor-section elementor-top-section elementor-element elementor-element-233260f elementor-section-boxed elementor-section-height-default elementor-section-height-default\" data-id=\"233260f\" data-element_type=\"section\" data-e-type=\"section\">\n\t\t\t\t\t\t<div class=\"elementor-container elementor-column-gap-default\">\n\t\t\t\t\t<div class=\"elementor-column elementor-col-100 elementor-top-column elementor-element elementor-element-82638e5\" data-id=\"82638e5\" data-element_type=\"column\" data-e-type=\"column\">\n\t\t\t<div class=\"elementor-widget-wrap elementor-element-populated\">\n\t\t\t\t\t\t<div class=\"elementor-element elementor-element-8e361ee elementor-widget elementor-widget-heading\" data-id=\"8e361ee\" data-element_type=\"widget\" data-e-type=\"widget\" data-widget_type=\"heading.default\">\n\t\t\t\t<div class=\"elementor-widget-container\">\n\t\t\t\t\t<h2 class=\"elementor-heading-title elementor-size-default\">A mudan\u00e7a na sociedade<\/h2>\t\t\t\t<\/div>\n\t\t\t\t<\/div>\n\t\t\t\t\t<\/div>\n\t\t<\/div>\n\t\t\t\t\t<\/div>\n\t\t<\/section>\n\t\t\t\t<section class=\"elementor-section elementor-top-section elementor-element elementor-element-f135f94 elementor-section-boxed elementor-section-height-default elementor-section-height-default\" data-id=\"f135f94\" data-element_type=\"section\" data-e-type=\"section\">\n\t\t\t\t\t\t<div class=\"elementor-container elementor-column-gap-default\">\n\t\t\t\t\t<div class=\"elementor-column elementor-col-50 elementor-top-column elementor-element elementor-element-d79903a\" data-id=\"d79903a\" data-element_type=\"column\" data-e-type=\"column\">\n\t\t\t<div class=\"elementor-widget-wrap elementor-element-populated\">\n\t\t\t\t\t\t<div class=\"elementor-element elementor-element-f6edfc7 elementor-widget elementor-widget-text-editor\" data-id=\"f6edfc7\" data-element_type=\"widget\" data-e-type=\"widget\" data-widget_type=\"text-editor.default\">\n\t\t\t\t<div class=\"elementor-widget-container\">\n\t\t\t\t\t\t\t\t\t<p style=\"text-align: center;\"><strong>Do livro &#8220;Palestras com estudantes americanos&#8221;<\/strong><\/p><p><span class=\"TextRun SCXW107590760 BCX0\" lang=\"PT-BR\" xml:lang=\"PT-BR\" data-contrast=\"auto\"><span class=\"NormalTextRun SCXW107590760 BCX0\">H\u00e1 apenas um problema, politicamente, que \u00e9 a unidade da humanidade. A unidade da humanidade n\u00e3o \u00e9 realizada por pol\u00edticos, eles querem manter as coisas como est\u00e3o &#8211; separadas &#8211; para alcan\u00e7ar suas pr\u00f3prias pequenas ambi\u00e7\u00f5es desprez\u00edveis. A unidade da humanidade acontecer\u00e1, provavelmente, com uma mudan\u00e7a no cora\u00e7\u00e3o de cada ser humano \u2013 o governo do mundo ser\u00e1 ent\u00e3o conduzido pelos computadores. N\u00e3o ria, essa \u00e9 a \u00fanica sa\u00edda.<\/span><\/span><span class=\"EOP SCXW107590760 BCX0\" data-ccp-props=\"{&quot;201341983&quot;:0,&quot;335551550&quot;:6,&quot;335551620&quot;:6,&quot;335559731&quot;:284,&quot;335559739&quot;:160,&quot;335559740&quot;:259}\">\u00a0<\/span><\/p>\t\t\t\t\t\t\t\t<\/div>\n\t\t\t\t<\/div>\n\t\t\t\t<div class=\"elementor-element elementor-element-53727b7 elementor-widget-divider--view-line elementor-widget elementor-widget-divider\" data-id=\"53727b7\" data-element_type=\"widget\" data-e-type=\"widget\" data-widget_type=\"divider.default\">\n\t\t\t\t<div class=\"elementor-widget-container\">\n\t\t\t\t\t\t\t<div class=\"elementor-divider\">\n\t\t\t<span class=\"elementor-divider-separator\">\n\t\t\t\t\t\t<\/span>\n\t\t<\/div>\n\t\t\t\t\t\t<\/div>\n\t\t\t\t<\/div>\n\t\t\t\t<div class=\"elementor-element elementor-element-fea7a06 elementor-widget elementor-widget-text-editor\" data-id=\"fea7a06\" data-element_type=\"widget\" data-e-type=\"widget\" data-widget_type=\"text-editor.default\">\n\t\t\t\t<div class=\"elementor-widget-container\">\n\t\t\t\t\t\t\t\t\t<p><span class=\"TextRun SCXW264078297 BCX0\" lang=\"PT-BR\" xml:lang=\"PT-BR\" data-contrast=\"none\"><span class=\"NormalTextRun SCXW264078297 BCX0\">A mudan\u00e7a na sociedade s\u00f3 pode ser provocada pela mudan\u00e7a interna \u2014 a mera reforma externa, por mais revolucion\u00e1ria que seja, \u00e9 sempre superada pelas atitudes, pensamentos e sentimentos internos; voc\u00ea viu isso na R\u00fassia e em outras revolu\u00e7\u00f5es.<\/span><\/span><span class=\"EOP SCXW264078297 BCX0\" data-ccp-props=\"{&quot;201341983&quot;:0,&quot;335551550&quot;:6,&quot;335551620&quot;:6,&quot;335559739&quot;:160,&quot;335559740&quot;:259}\">\u00a0<\/span><\/p>\t\t\t\t\t\t\t\t<\/div>\n\t\t\t\t<\/div>\n\t\t\t\t\t<\/div>\n\t\t<\/div>\n\t\t\t\t<div class=\"elementor-column elementor-col-50 elementor-top-column elementor-element elementor-element-5a4f653\" data-id=\"5a4f653\" data-element_type=\"column\" data-e-type=\"column\">\n\t\t\t<div class=\"elementor-widget-wrap elementor-element-populated\">\n\t\t\t\t\t\t<div class=\"elementor-element elementor-element-9766499 elementor-widget elementor-widget-text-editor\" data-id=\"9766499\" data-element_type=\"widget\" data-e-type=\"widget\" data-widget_type=\"text-editor.default\">\n\t\t\t\t<div class=\"elementor-widget-container\">\n\t\t\t\t\t\t\t\t\t<p style=\"text-align: center;\"><strong><span class=\"TextRun SCXW52870598 BCX0\" lang=\"PT-BR\" xml:lang=\"PT-BR\" data-contrast=\"none\"><span class=\"NormalTextRun SCXW52870598 BCX0\">1\u00aa Palestra em Bombay &#8211; 18\/01\/1948<\/span><\/span><span class=\"EOP SCXW52870598 BCX0\" data-ccp-props=\"{&quot;201341983&quot;:0,&quot;335559739&quot;:160,&quot;335559740&quot;:259}\">\u00a0<\/span><\/strong><\/p><p><span class=\"TextRun SCXW140852237 BCX0\" lang=\"PT-BR\" xml:lang=\"PT-BR\" data-contrast=\"none\"><span class=\"NormalTextRun SCXW140852237 BCX0\">Geralmente o que \u00e9 chamado revolu\u00e7\u00e3o \u00e9, simplesmente, a modifica\u00e7\u00e3o ou a continua\u00e7\u00e3o da direita segundo as ideias da esquerda. A esquerda, afinal, \u00e9 a continua\u00e7\u00e3o da direita de forma modificada. Se a direita se baseia em valores sensoriais, a esquerda n\u00e3o \u00e9 mais do que a continua\u00e7\u00e3o dos mesmos valores sensoriais, diferente apenas em grau e express\u00e3o. Assim, a verdadeira revolu\u00e7\u00e3o s\u00f3 pode acontecer quando voc\u00ea, o indiv\u00edduo, se tornar consciente em sua rela\u00e7\u00e3o com o outro. Certamente, o que voc\u00ea \u00e9 em sua rela\u00e7\u00e3o com o outro, com sua esposa, seu filho, seu chefe, seu vizinho, a sociedade \u00e9. A sociedade por si s\u00f3 n\u00e3o existe. A sociedade \u00e9 o que voc\u00ea e eu, em nossa rela\u00e7\u00e3o, criamos; ela \u00e9 a proje\u00e7\u00e3o exterior de nossos pr\u00f3prios estados psicol\u00f3gicos interiores. Assim, se voc\u00ea e eu n\u00e3o compreendemos a n\u00f3s mesmos, simplesmente transformar o exterior, que \u00e9 a proje\u00e7\u00e3o do interior, n\u00e3o tem qualquer significa\u00e7\u00e3o; ou seja, n\u00e3o pode haver altera\u00e7\u00e3o ou modifica\u00e7\u00e3o significativa na sociedade enquanto eu n\u00e3o compreender a mim mesmo na rela\u00e7\u00e3o com voc\u00ea. Estando confuso em minha rela\u00e7\u00e3o, eu crio uma sociedade que \u00e9 a r\u00e9plica, a express\u00e3o exterior do que eu sou.<\/span><\/span><span class=\"EOP SCXW140852237 BCX0\" data-ccp-props=\"{&quot;201341983&quot;:0,&quot;335559739&quot;:160,&quot;335559740&quot;:259}\">\u00a0<\/span><\/p>\t\t\t\t\t\t\t\t<\/div>\n\t\t\t\t<\/div>\n\t\t\t\t\t<\/div>\n\t\t<\/div>\n\t\t\t\t\t<\/div>\n\t\t<\/section>\n\t\t\t\t<section class=\"elementor-section elementor-top-section elementor-element elementor-element-c28cd06 elementor-section-boxed elementor-section-height-default elementor-section-height-default\" data-id=\"c28cd06\" data-element_type=\"section\" data-e-type=\"section\">\n\t\t\t\t\t\t<div class=\"elementor-container elementor-column-gap-default\">\n\t\t\t\t\t<div class=\"elementor-column elementor-col-100 elementor-top-column elementor-element elementor-element-6c4af35\" data-id=\"6c4af35\" data-element_type=\"column\" data-e-type=\"column\">\n\t\t\t<div class=\"elementor-widget-wrap elementor-element-populated\">\n\t\t\t\t\t\t<div class=\"elementor-element elementor-element-d756e92 elementor-widget-divider--view-line elementor-widget elementor-widget-divider\" data-id=\"d756e92\" data-element_type=\"widget\" data-e-type=\"widget\" data-widget_type=\"divider.default\">\n\t\t\t\t<div class=\"elementor-widget-container\">\n\t\t\t\t\t\t\t<div class=\"elementor-divider\">\n\t\t\t<span class=\"elementor-divider-separator\">\n\t\t\t\t\t\t<\/span>\n\t\t<\/div>\n\t\t\t\t\t\t<\/div>\n\t\t\t\t<\/div>\n\t\t\t\t\t<\/div>\n\t\t<\/div>\n\t\t\t\t\t<\/div>\n\t\t<\/section>\n\t\t\t\t<section class=\"elementor-section elementor-top-section elementor-element elementor-element-0510b1d elementor-section-boxed elementor-section-height-default elementor-section-height-default\" data-id=\"0510b1d\" data-element_type=\"section\" data-e-type=\"section\">\n\t\t\t\t\t\t<div class=\"elementor-container elementor-column-gap-default\">\n\t\t\t\t\t<div class=\"elementor-column elementor-col-50 elementor-top-column elementor-element elementor-element-dbfd6ac\" data-id=\"dbfd6ac\" data-element_type=\"column\" data-e-type=\"column\">\n\t\t\t<div class=\"elementor-widget-wrap elementor-element-populated\">\n\t\t\t\t\t\t<div class=\"elementor-element elementor-element-94ffb34 elementor-widget elementor-widget-text-editor\" data-id=\"94ffb34\" data-element_type=\"widget\" data-e-type=\"widget\" data-widget_type=\"text-editor.default\">\n\t\t\t\t<div class=\"elementor-widget-container\">\n\t\t\t\t\t\t\t\t\t<p style=\"text-align: center;\"><strong><span class=\"TextRun SCXW86474 BCX0\" lang=\"PT-BR\" xml:lang=\"PT-BR\" data-contrast=\"none\"><span class=\"NormalTextRun SCXW86474 BCX0\">2\u00aa palestra em Bombay &#8211; 25\/01\/1948<\/span><\/span><\/strong><span class=\"EOP SCXW86474 BCX0\" data-ccp-props=\"{&quot;201341983&quot;:0,&quot;335559739&quot;:160,&quot;335559740&quot;:259}\">\u00a0<\/span><\/p><p><span data-contrast=\"none\">Ent\u00e3o, nosso problema \u00e9 se pode haver uma sociedade que \u00e9 est\u00e1tica, e ao mesmo tempo, um indiv\u00edduo em quem est\u00e1 constante revolu\u00e7\u00e3o psicol\u00f3gica est\u00e1 acontecendo. Ou seja, a revolu\u00e7\u00e3o na sociedade deve come\u00e7ar com a transforma\u00e7\u00e3o interior, psicol\u00f3gica do indiv\u00edduo. A maior parte de n\u00f3s quer ver uma transforma\u00e7\u00e3o radical na estrutura social. Essa \u00e9 toda a batalha que vem acontecendo no mundo \u2013 provocar uma revolu\u00e7\u00e3o social pelo comunismo ou por qualquer outro meio. Agora, se houver uma revolu\u00e7\u00e3o social, isto \u00e9, uma a\u00e7\u00e3o em rela\u00e7\u00e3o \u00e0 estrutura exterior do homem, por mais radical que essa revolu\u00e7\u00e3o possa ser, sua pr\u00f3pria natureza ser\u00e1 est\u00e1tica, se n\u00e3o houver revolu\u00e7\u00e3o interior, uma transforma\u00e7\u00e3o psicol\u00f3gica do indiv\u00edduo. Assim, para produzir uma sociedade que n\u00e3o seja repetitiva, est\u00e1tica, desintegradora, que esteja constantemente viva, \u00e9 imperativo que haja uma revolu\u00e7\u00e3o na estrutura psicol\u00f3gica do indiv\u00edduo; pois sem essa revolu\u00e7\u00e3o interior, psicol\u00f3gica, a simples transforma\u00e7\u00e3o do exterior tem pouca significa\u00e7\u00e3o. Isto \u00e9, a sociedade est\u00e1 sempre se tornando cristalizada, est\u00e1tica e, consequentemente, sempre se desintegrando. Por mais sabiamente que seja a legisla\u00e7\u00e3o promulgada, a sociedade est\u00e1 sempre em processo de decad\u00eancia, porque a revolu\u00e7\u00e3o tem que acontecer dentro, n\u00e3o simplesmente exteriormente.<\/span><span data-ccp-props=\"{&quot;201341983&quot;:0,&quot;335551550&quot;:6,&quot;335551620&quot;:6,&quot;335559739&quot;:160,&quot;335559740&quot;:259}\">\u00a0<\/span><\/p><p><span data-contrast=\"none\">Considero que \u00e9 importante compreender isso, e n\u00e3o passar por cima. A a\u00e7\u00e3o externa, quando efetuada, est\u00e1 encerrada, est\u00e1 est\u00e1tica; e se a rela\u00e7\u00e3o entre indiv\u00edduos, que \u00e9 a sociedade, n\u00e3o for resultado da revolu\u00e7\u00e3o interior, ent\u00e3o a estrutura social, sendo est\u00e1tica, absorve o indiv\u00edduo, e o torna igualmente est\u00e1tico, repetitivo. Percebendo isso, percebendo a extraordin\u00e1ria significa\u00e7\u00e3o do que eu disse, que \u00e9 um fato, n\u00e3o pode haver a quest\u00e3o de concordar ou discordar. \u00c9 um fato que a sociedade est\u00e1 sempre se cristalizando e absorvendo o indiv\u00edduo; e esta revolu\u00e7\u00e3o constante, criativa s\u00f3 pode acontecer no indiv\u00edduo, n\u00e3o na sociedade, n\u00e3o no exterior. Ou seja, a revolu\u00e7\u00e3o criativa s\u00f3 pode ocorrer na rela\u00e7\u00e3o individual, que \u00e9 a sociedade. Vemos como a estrutura da presente sociedade na \u00cdndia, na Europa, na Am\u00e9rica, em toda parte do mundo, est\u00e1 se desintegrando rapidamente; e sabemos disso em nossas pr\u00f3prias vidas. Podemos observar isso quando andamos nas ruas. N\u00e3o precisamos de grandes historiadores para nos falarem sobre o fato que nossa sociedade est\u00e1 desmoronando; e deve haver novos arquitetos, novos construtores, para criar uma nova sociedade. A estrutura deve ser constru\u00edda sobre uma nova funda\u00e7\u00e3o, sobre fatos e valores novamente descobertos. Esses arquitetos ainda n\u00e3o existem. N\u00e3o h\u00e1 construtores, ningu\u00e9m que observando, se tornando consciente do fato que a estrutura est\u00e1 em colapso, esteja se transformando em arquiteto. Ent\u00e3o, esse \u00e9 nosso problema. Vemos a sociedade desmoronando, se desintegrando; e somos n\u00f3s, voc\u00ea e eu, que temos que ser os arquitetos. Voc\u00ea e eu temos que redescobrir os valores e construir sobre uma funda\u00e7\u00e3o mais fundamental, duradoura; porque se procurarmos os arquitetos profissionais, os construtores pol\u00edticos e religiosos, estaremos exatamente na mesma posi\u00e7\u00e3o que antes.<\/span><span data-ccp-props=\"{&quot;201341983&quot;:0,&quot;335551550&quot;:6,&quot;335551620&quot;:6,&quot;335559739&quot;:160,&quot;335559740&quot;:259}\">\u00a0<\/span><\/p><p><span data-ccp-props=\"{&quot;201341983&quot;:0,&quot;335559739&quot;:160,&quot;335559740&quot;:259}\">\u00a0<\/span><\/p>\t\t\t\t\t\t\t\t<\/div>\n\t\t\t\t<\/div>\n\t\t\t\t\t<\/div>\n\t\t<\/div>\n\t\t\t\t<div class=\"elementor-column elementor-col-50 elementor-top-column elementor-element elementor-element-c980272\" data-id=\"c980272\" data-element_type=\"column\" data-e-type=\"column\">\n\t\t\t<div class=\"elementor-widget-wrap elementor-element-populated\">\n\t\t\t\t\t\t<div class=\"elementor-element elementor-element-385c52a elementor-widget elementor-widget-text-editor\" data-id=\"385c52a\" data-element_type=\"widget\" data-e-type=\"widget\" data-widget_type=\"text-editor.default\">\n\t\t\t\t<div class=\"elementor-widget-container\">\n\t\t\t\t\t\t\t\t\t<p style=\"text-align: center;\"><strong><span class=\"TextRun SCXW75583486 BCX0\" lang=\"PT-BR\" xml:lang=\"PT-BR\" data-contrast=\"auto\"><span class=\"NormalTextRun SCXW75583486 BCX0\">3<\/span><span class=\"NormalTextRun ContextualSpellingAndGrammarErrorV2Themed SCXW75583486 BCX0\">\u00aa palestra<\/span><span class=\"NormalTextRun SCXW75583486 BCX0\"> em Bombay 01\/02\/1948<\/span><\/span><span class=\"EOP SCXW75583486 BCX0\" data-ccp-props=\"{&quot;201341983&quot;:0,&quot;335559739&quot;:160,&quot;335559740&quot;:259}\">\u00a0<\/span><\/strong><\/p><p><span class=\"TextRun SCXW248935783 BCX0\" lang=\"PT-BR\" xml:lang=\"PT-BR\" data-contrast=\"none\"><span class=\"NormalTextRun SCXW248935783 BCX0\">Uma senhora americana veio me ver alguns anos atr\u00e1s, durante a guerra. Ela disse que havia perdido seu filho na It\u00e1lia, e que tinha outro filho que queria salvar; ent\u00e3o discutimos e falamos sobre isso. Sugeri a ela que, para salvar seu filho, ela tinha que deixar de ser americana; tinha que deixar de ser gananciosa, deixar de acumular riqueza, buscar poder, domina\u00e7\u00e3o, e ser moralmente simples \u2013 n\u00e3o meramente simples nas roupas, nas coisas exteriores, mas simples em seus pensamentos e sentimentos, em suas rela\u00e7\u00f5es. Ela <\/span><span class=\"NormalTextRun ContextualSpellingAndGrammarErrorV2Themed SCXW248935783 BCX0\">disse\u201d Isso<\/span><span class=\"NormalTextRun SCXW248935783 BCX0\"> \u00e9 demais. Voc\u00ea est\u00e1 pedindo muito: n\u00e3o posso fazer isso, pois, as circunst\u00e2ncias s\u00e3o muito poderosas para eu alter\u00e1-las\u201d. Portanto, ela era respons\u00e1vel pela destrui\u00e7\u00e3o de seu filho. As circunst\u00e2ncias podem ser controladas por n\u00f3s, porque criamos as circunst\u00e2ncias. A sociedade \u00e9 o produto da rela\u00e7\u00e3o, da sua e da <\/span><span class=\"NormalTextRun SCXW248935783 BCX0\">minha juntas<\/span><span class=\"NormalTextRun SCXW248935783 BCX0\">. Se mudarmos em nossa rela\u00e7\u00e3o, a sociedade muda; mas simplesmente confiar na legisla\u00e7\u00e3o, na compuls\u00e3o, para a transforma\u00e7\u00e3o da sociedade exterior enquanto permanecemos interiormente corruptos, enquanto continuamos internamente buscando poder, posi\u00e7\u00e3o, domina\u00e7\u00e3o, \u00e9 destruir o exterior, por mais cuidadoso e cientificamente constru\u00eddo. <\/span><\/span><span class=\"TextRun SCXW248935783 BCX0\" lang=\"EN-US\" xml:lang=\"EN-US\" data-contrast=\"none\"><span class=\"NormalTextRun SCXW248935783 BCX0\">Aquilo que <\/span><span class=\"NormalTextRun SpellingErrorV2Themed SCXW248935783 BCX0\">est\u00e1<\/span> <span class=\"NormalTextRun SpellingErrorV2Themed SCXW248935783 BCX0\">dentro<\/span><span class=\"NormalTextRun SCXW248935783 BCX0\"> sempre <\/span><span class=\"NormalTextRun SpellingErrorV2Themed SCXW248935783 BCX0\">domina<\/span><span class=\"NormalTextRun SCXW248935783 BCX0\"> o exterior.<\/span><\/span><span class=\"EOP SCXW248935783 BCX0\" data-ccp-props=\"{&quot;201341983&quot;:0,&quot;335551550&quot;:6,&quot;335551620&quot;:6,&quot;335559739&quot;:160,&quot;335559740&quot;:259}\">\u00a0<\/span><\/p>\t\t\t\t\t\t\t\t<\/div>\n\t\t\t\t<\/div>\n\t\t\t\t\t<\/div>\n\t\t<\/div>\n\t\t\t\t\t<\/div>\n\t\t<\/section>\n\t\t\t\t<\/div>\n\t\t","protected":false},"excerpt":{"rendered":"<p>A mudan\u00e7a na sociedade Do livro &#8220;Palestras com estudantes americanos&#8221; H\u00e1 apenas um problema, politicamente, que \u00e9 a unidade da humanidade. A unidade da humanidade n\u00e3o \u00e9 realizada por pol\u00edticos, eles querem manter as coisas como est\u00e3o &#8211; separadas &#8211; para alcan\u00e7ar suas pr\u00f3prias pequenas ambi\u00e7\u00f5es desprez\u00edveis. A unidade da humanidade acontecer\u00e1, provavelmente, com uma [&hellip;]<\/p>\n","protected":false},"author":1,"featured_media":0,"parent":0,"menu_order":0,"comment_status":"closed","ping_status":"closed","template":"elementor_canvas","meta":{"footnotes":""},"class_list":["post-2566","page","type-page","status-publish","hentry","entry"],"_links":{"self":[{"href":"https:\/\/krishnamurtitextos.com.br\/index.php?rest_route=\/wp\/v2\/pages\/2566","targetHints":{"allow":["GET"]}}],"collection":[{"href":"https:\/\/krishnamurtitextos.com.br\/index.php?rest_route=\/wp\/v2\/pages"}],"about":[{"href":"https:\/\/krishnamurtitextos.com.br\/index.php?rest_route=\/wp\/v2\/types\/page"}],"author":[{"embeddable":true,"href":"https:\/\/krishnamurtitextos.com.br\/index.php?rest_route=\/wp\/v2\/users\/1"}],"replies":[{"embeddable":true,"href":"https:\/\/krishnamurtitextos.com.br\/index.php?rest_route=%2Fwp%2Fv2%2Fcomments&post=2566"}],"version-history":[{"count":22,"href":"https:\/\/krishnamurtitextos.com.br\/index.php?rest_route=\/wp\/v2\/pages\/2566\/revisions"}],"predecessor-version":[{"id":3052,"href":"https:\/\/krishnamurtitextos.com.br\/index.php?rest_route=\/wp\/v2\/pages\/2566\/revisions\/3052"}],"wp:attachment":[{"href":"https:\/\/krishnamurtitextos.com.br\/index.php?rest_route=%2Fwp%2Fv2%2Fmedia&parent=2566"}],"curies":[{"name":"wp","href":"https:\/\/api.w.org\/{rel}","templated":true}]}}