{"id":2549,"date":"2022-12-20T15:49:32","date_gmt":"2022-12-20T15:49:32","guid":{"rendered":"https:\/\/krishnamurtitextos.com.br\/?page_id=2549"},"modified":"2023-05-07T17:54:57","modified_gmt":"2023-05-07T17:54:57","slug":"a-mente-religiosa","status":"publish","type":"page","link":"https:\/\/krishnamurtitextos.com.br\/?page_id=2549","title":{"rendered":"A mente religiosa"},"content":{"rendered":"\t\t<div data-elementor-type=\"wp-page\" data-elementor-id=\"2549\" class=\"elementor elementor-2549\">\n\t\t\t\t\t\t<section class=\"elementor-section elementor-top-section elementor-element elementor-element-e9027a0 elementor-section-boxed elementor-section-height-default elementor-section-height-default\" data-id=\"e9027a0\" data-element_type=\"section\" data-e-type=\"section\">\n\t\t\t\t\t\t<div class=\"elementor-container elementor-column-gap-default\">\n\t\t\t\t\t<div class=\"elementor-column elementor-col-100 elementor-top-column elementor-element elementor-element-d88b4f7\" data-id=\"d88b4f7\" data-element_type=\"column\" data-e-type=\"column\">\n\t\t\t<div class=\"elementor-widget-wrap elementor-element-populated\">\n\t\t\t\t\t\t<div class=\"elementor-element elementor-element-bc554e3 elementor-widget elementor-widget-text-editor\" data-id=\"bc554e3\" data-element_type=\"widget\" data-e-type=\"widget\" data-widget_type=\"text-editor.default\">\n\t\t\t\t<div class=\"elementor-widget-container\">\n\t\t\t\t\t\t\t\t\t<p style=\"text-align: center;\"><strong>Do livro &#8220;Palestras com estudantes americanos&#8221;<\/strong><\/p><p><span class=\"TextRun SCXW252176173 BCX0\" lang=\"PT-BR\" xml:lang=\"PT-BR\" data-contrast=\"none\"><span class=\"NormalTextRun SCXW252176173 BCX0\">Voc\u00ea j\u00e1 esteve sozinho? \u2014 sozinho na floresta, sozinho em seu quarto \u2014 ou voc\u00ea est\u00e1 sempre sobrecarregado por uma horda de indiv\u00edduos, por seus companheiros, esposa ou marido, por pensamentos apinhados, por problemas profissionais? \u2014 tudo isso indica que voc\u00ea nunca est\u00e1 sozinho; e ent\u00e3o, quando est\u00e1 sozinho, voc\u00ea fica com medo. Mas agora voc\u00ea est\u00e1 sozinho com esse imenso problema. N\u00e3o h\u00e1 ningu\u00e9m que vai lhe dar a resposta. Voc\u00ea \u00e9 confrontado com este imenso problema e, portanto, sozinho; dessa solid\u00e3o vem a compreens\u00e3o e tudo o que voc\u00ea fizer ser\u00e1 certo porque essa solid\u00e3o \u00e9 amor. Esse estado de esp\u00edrito, que est\u00e1 enfrentando esse imenso problema sem nenhuma escapat\u00f3ria, enfrentando todos os fatos cotidianos da vida, <\/span><span class=\"NormalTextRun SCXW252176173 BCX0\">a feiura cotidiana, a brutalidade cotidiana, as palavras di\u00e1rias de aborrecimento, de irrita\u00e7\u00e3o, est\u00e1<\/span><span class=\"NormalTextRun SCXW252176173 BCX0\"> sozinho; voc\u00ea come\u00e7a a ver o fato real, a ver realmente \u201co que \u00e9\u201d. S\u00f3 ent\u00e3o \u00e9 poss\u00edvel ir al\u00e9m; ent\u00e3o voc\u00ea \u00e9 uma luz para si mesmo. Essa mente \u00e9 a mente religiosa \u2014 n\u00e3o a mente que vai \u00e0 igreja, acredita em deuses, que \u00e9 supersticiosa, amedrontada; tal mente n\u00e3o \u00e9 uma mente religiosa. A mente religiosa \u00e9 aquele estado em que h\u00e1 liberdade e grande amor inalter\u00e1vel. E ent\u00e3o voc\u00ea pode ir al\u00e9m, a mente pode ir para uma dimens\u00e3o diferente e existe a verdade.<\/span><\/span><span class=\"EOP SCXW252176173 BCX0\" data-ccp-props=\"{&quot;201341983&quot;:0,&quot;335551550&quot;:6,&quot;335551620&quot;:6,&quot;335559739&quot;:160,&quot;335559740&quot;:259}\">\u00a0<\/span><\/p>\t\t\t\t\t\t\t\t<\/div>\n\t\t\t\t<\/div>\n\t\t\t\t\t<\/div>\n\t\t<\/div>\n\t\t\t\t\t<\/div>\n\t\t<\/section>\n\t\t\t\t<\/div>\n\t\t","protected":false},"excerpt":{"rendered":"<p>Do livro &#8220;Palestras com estudantes americanos&#8221; Voc\u00ea j\u00e1 esteve sozinho? \u2014 sozinho na floresta, sozinho em seu quarto \u2014 ou voc\u00ea est\u00e1 sempre sobrecarregado por uma horda de indiv\u00edduos, por seus companheiros, esposa ou marido, por pensamentos apinhados, por problemas profissionais? \u2014 tudo isso indica que voc\u00ea nunca est\u00e1 sozinho; e ent\u00e3o, quando est\u00e1 sozinho, [&hellip;]<\/p>\n","protected":false},"author":1,"featured_media":0,"parent":0,"menu_order":0,"comment_status":"closed","ping_status":"closed","template":"elementor_canvas","meta":{"footnotes":""},"class_list":["post-2549","page","type-page","status-publish","hentry","entry"],"_links":{"self":[{"href":"https:\/\/krishnamurtitextos.com.br\/index.php?rest_route=\/wp\/v2\/pages\/2549","targetHints":{"allow":["GET"]}}],"collection":[{"href":"https:\/\/krishnamurtitextos.com.br\/index.php?rest_route=\/wp\/v2\/pages"}],"about":[{"href":"https:\/\/krishnamurtitextos.com.br\/index.php?rest_route=\/wp\/v2\/types\/page"}],"author":[{"embeddable":true,"href":"https:\/\/krishnamurtitextos.com.br\/index.php?rest_route=\/wp\/v2\/users\/1"}],"replies":[{"embeddable":true,"href":"https:\/\/krishnamurtitextos.com.br\/index.php?rest_route=%2Fwp%2Fv2%2Fcomments&post=2549"}],"version-history":[{"count":13,"href":"https:\/\/krishnamurtitextos.com.br\/index.php?rest_route=\/wp\/v2\/pages\/2549\/revisions"}],"predecessor-version":[{"id":3450,"href":"https:\/\/krishnamurtitextos.com.br\/index.php?rest_route=\/wp\/v2\/pages\/2549\/revisions\/3450"}],"wp:attachment":[{"href":"https:\/\/krishnamurtitextos.com.br\/index.php?rest_route=%2Fwp%2Fv2%2Fmedia&parent=2549"}],"curies":[{"name":"wp","href":"https:\/\/api.w.org\/{rel}","templated":true}]}}