{"id":2389,"date":"2022-12-18T21:18:44","date_gmt":"2022-12-18T21:18:44","guid":{"rendered":"https:\/\/krishnamurtitextos.com.br\/?page_id=2389"},"modified":"2022-12-18T21:19:08","modified_gmt":"2022-12-18T21:19:08","slug":"shigatoshi-takahashi","status":"publish","type":"page","link":"https:\/\/krishnamurtitextos.com.br\/?page_id=2389","title":{"rendered":"Shigatoshi Takahashi"},"content":{"rendered":"\t\t<div data-elementor-type=\"wp-page\" data-elementor-id=\"2389\" class=\"elementor elementor-2389\">\n\t\t\t\t\t\t<section class=\"elementor-section elementor-top-section elementor-element elementor-element-6047e4e3 elementor-section-boxed elementor-section-height-default elementor-section-height-default\" data-id=\"6047e4e3\" data-element_type=\"section\" data-e-type=\"section\">\n\t\t\t\t\t\t<div class=\"elementor-container elementor-column-gap-default\">\n\t\t\t\t\t<div class=\"elementor-column elementor-col-100 elementor-top-column elementor-element elementor-element-6646687f\" data-id=\"6646687f\" data-element_type=\"column\" data-e-type=\"column\">\n\t\t\t<div class=\"elementor-widget-wrap elementor-element-populated\">\n\t\t\t\t\t\t<div class=\"elementor-element elementor-element-503106d5 elementor-widget elementor-widget-text-editor\" data-id=\"503106d5\" data-element_type=\"widget\" data-e-type=\"widget\" data-widget_type=\"text-editor.default\">\n\t\t\t\t<div class=\"elementor-widget-container\">\n\t\t\t\t\t\t\t\t\t<p style=\"text-align: center;\"><strong>Shigatoshi Takahashi<\/strong><\/p><p style=\"text-align: center;\">EMPRES\u00c1RIO, T\u00d3QUIO, JAP\u00c3O<\/p><p>\u00a0<\/p><p>EB: O que Krishnamurti te ensinou sobre como administrar seus neg\u00f3cios?<\/p><p>ST: Antes de deparar-me com os ensinamentos de Krishnamurti, meu trabalho era me esfor\u00e7ar, competir com os outros, comparar-me com os outros, ter um objetivo, ter vontade de realizar alguma coisa, fazer algum tipo de plano, mas ap\u00f3s entender o ensinamento de Krishnamurti achei todas essas coisas desnecess\u00e1rias, porque todas s\u00e3o baseadas em atividades egoc\u00eantricas, em uma consci\u00eancia egoc\u00eantrica, o que causa confus\u00e3o ao lidarmos com neg\u00f3cios. Se pudermos nos libertar inteiramente disso, ent\u00e3o poderemos nos envolver no neg\u00f3cio com o resultado mais satisfat\u00f3rio poss\u00edvel. \u00c9 assim que opero meus neg\u00f3cios atualmente. Agora estou gostando muito mais do que antes.<\/p><p>EB: Se voc\u00ea n\u00e3o for competitivo e agressivo, n\u00e3o se aproveitar\u00e3o de voc\u00ea?<\/p><p>ST: Eu pensava assim no in\u00edcio e me sentia muito desconfort\u00e1vel com o poss\u00edvel resultado. No entanto, uma vez que esquecemos nossas atividades egoc\u00eantricas e trabalhamos livres disso, o resultado se apresenta completamente diferente.<\/p><p>EB: As pessoas respondiam a voc\u00ea de maneira diferente?<\/p><p>ST: Naturalmente. Eu mudei, por que eles n\u00e3o podem mudar? Assim, quando eu mudei, descobri que eles tamb\u00e9m haviam mudado, e o resultado foi totalmente o contr\u00e1rio do que eu havia temido.<\/p><p>EB: Quais disciplinas religiosas voc\u00ea estudou e como Krishnamurti se difere delas?<\/p><p>ST: No meu caso, eu havia estudado o budismo, e nele nos pedem v\u00e1rias coisas. Por exemplo, meditar, que \u00e9 o Zen, fazer jejum e em alguns casos pedem que fa\u00e7amos uma c\u00f3pia inteira de um longo sutra. No meu caso, copiei todas as palavras de um grande sutra de nome Hokekyo com uma caneta de pincel japonesa. Levei aproximadamente um ano e meio escrevendo pelo menos por uma hora toda manh\u00e3. Eles tamb\u00e9m nos pedem para recitar algum tipo de sutra pela manh\u00e3, ou visitar um total de 88 templos. Por\u00e9m, Krishnamurti n\u00e3o pedia que fiz\u00e9ssemos nada al\u00e9m de observar as coisas como elas s\u00e3o, perceber as coisas como elas s\u00e3o e aplic\u00e1-las em nosso cotidiano.<\/p><p>EB: H\u00e1 uma grande tradi\u00e7\u00e3o de medita\u00e7\u00e3o no Jap\u00e3o. Como isso difere do que Krishnamurti diz?<\/p><p>ST: Entende-se no budismo que durante a medita\u00e7\u00e3o nos sentamos em um canto em sil\u00eancio por horas de manh\u00e3 ou \u00e0 noite, ou at\u00e9 mesmo \u00e0 meia noite. Durante a medita\u00e7\u00e3o, \u00e9 preciso concentrar toda sua mente em algo, em algum objeto. Mas no caso de Krishnamurti, ele n\u00e3o nos pede nada assim. Pelo contr\u00e1rio, ele diz que podemos meditar por 24 horas ininterruptamente e podemos aplicar nossa medita\u00e7\u00e3o em tudo em nosso dia a dia, em nossas a\u00e7\u00f5es di\u00e1rias atrav\u00e9s das quais podemos ver as coisas como elas realmente s\u00e3o. Essa \u00e9 sua medita\u00e7\u00e3o. Esse \u00e9 o modo como eu entendo sua medita\u00e7\u00e3o, o significado dela.<\/p><p>EB: Voc\u00ea ouviu K, leu seus livros. Isso mudou sua vida?<\/p><p>ST: Seus ensinamentos causaram muita mudan\u00e7a em mim. Anteriormente, eu era um homem de temperamento forte, era um homem presun\u00e7oso, era um homem muito ego\u00edsta. Por\u00e9m, ap\u00f3s me deparar com seus ensinamentos e estud\u00e1-los, tornei-me um homem n\u00e3o t\u00e3o arrogante, t\u00e3o autocentrado. Agora posso ser compassivo com quem quer que se relacione comigo.<\/p><p>EB: Voc\u00ea pode descrever o momento em que conheceu Krishnamurti pessoalmente e que impacto esse momento teve na sua compreens\u00e3o de seus ensinamentos?<\/p><p>ST: Quando conheci Krishnamurti pessoalmente quis perguntar isso e aquilo, e esperava sua resposta para isso e aquilo respectivamente. Por\u00e9m, quando o vi de verdade, instantaneamente descobri o qu\u00e3o desnecess\u00e1rios esses questionamentos e respostas eram, porque de repente percebi que eu estava coberto, cercado e envolto por uma forte onda de seu amor. Essa onda de amor, quando caiu sobre mim, fez com que eu desejasse nada al\u00e9m do que apertar sua m\u00e3o, o que me fez sentir o calor de sua compaix\u00e3o inigual\u00e1vel.<\/p><p>\u00a0<\/p>\t\t\t\t\t\t\t\t<\/div>\n\t\t\t\t<\/div>\n\t\t\t\t\t<\/div>\n\t\t<\/div>\n\t\t\t\t\t<\/div>\n\t\t<\/section>\n\t\t\t\t<\/div>\n\t\t","protected":false},"excerpt":{"rendered":"<p>Shigatoshi Takahashi EMPRES\u00c1RIO, T\u00d3QUIO, JAP\u00c3O \u00a0 EB: O que Krishnamurti te ensinou sobre como administrar seus neg\u00f3cios? ST: Antes de deparar-me com os ensinamentos de Krishnamurti, meu trabalho era me esfor\u00e7ar, competir com os outros, comparar-me com os outros, ter um objetivo, ter vontade de realizar alguma coisa, fazer algum tipo de plano, mas ap\u00f3s [&hellip;]<\/p>\n","protected":false},"author":1,"featured_media":0,"parent":0,"menu_order":0,"comment_status":"closed","ping_status":"closed","template":"elementor_canvas","meta":{"footnotes":""},"class_list":["post-2389","page","type-page","status-publish","hentry","entry"],"_links":{"self":[{"href":"https:\/\/krishnamurtitextos.com.br\/index.php?rest_route=\/wp\/v2\/pages\/2389","targetHints":{"allow":["GET"]}}],"collection":[{"href":"https:\/\/krishnamurtitextos.com.br\/index.php?rest_route=\/wp\/v2\/pages"}],"about":[{"href":"https:\/\/krishnamurtitextos.com.br\/index.php?rest_route=\/wp\/v2\/types\/page"}],"author":[{"embeddable":true,"href":"https:\/\/krishnamurtitextos.com.br\/index.php?rest_route=\/wp\/v2\/users\/1"}],"replies":[{"embeddable":true,"href":"https:\/\/krishnamurtitextos.com.br\/index.php?rest_route=%2Fwp%2Fv2%2Fcomments&post=2389"}],"version-history":[{"count":4,"href":"https:\/\/krishnamurtitextos.com.br\/index.php?rest_route=\/wp\/v2\/pages\/2389\/revisions"}],"predecessor-version":[{"id":2396,"href":"https:\/\/krishnamurtitextos.com.br\/index.php?rest_route=\/wp\/v2\/pages\/2389\/revisions\/2396"}],"wp:attachment":[{"href":"https:\/\/krishnamurtitextos.com.br\/index.php?rest_route=%2Fwp%2Fv2%2Fmedia&parent=2389"}],"curies":[{"name":"wp","href":"https:\/\/api.w.org\/{rel}","templated":true}]}}